{"id":17930,"date":"2023-05-03T13:12:57","date_gmt":"2023-05-03T13:12:57","guid":{"rendered":"https:\/\/visualjournalism.de\/?page_id=17930"},"modified":"2025-12-11T11:35:19","modified_gmt":"2025-12-11T09:35:19","slug":"marcel-zeumer","status":"publish","type":"page","link":"https:\/\/visualjournalism.de\/en\/marcel-zeumer\/","title":{"rendered":"Marcel Zeumer"},"content":{"rendered":"\n \n\n    <div id=\"lead-in-block_698b986f7a00514497b884bef4f891f7\" class=\"block-lead-in typo--default font-size--xl has-spacing--none width--default\">\n        <h1>Marcel Zeumer<\/h1>\n    <\/div>\n\n\n\n\n<div class=\"wp-block-group has-spacing--default\">\n<div class=\"pinned-block has-spacing--none\">\n\t\n\n<div class=\"pinned-block__column--left\">\n    \n    <figure class=\"block-photo post__image--full has-spacing--m with-title\">\n\n        <div class=\"post__image__container\">\n            <img loading=\"lazy\" decoding=\"async\" \n                src=\"https:\/\/visualjournalism.de\/wp-content\/uploads\/Marcel-Zeumer-1400x1866.jpg\"\n                srcset=\"https:\/\/visualjournalism.de\/wp-content\/uploads\/Marcel-Zeumer-1400x1866.jpg 1400w, https:\/\/visualjournalism.de\/wp-content\/uploads\/Marcel-Zeumer-225x300.jpg 225w, https:\/\/visualjournalism.de\/wp-content\/uploads\/Marcel-Zeumer-768x1024.jpg 768w, https:\/\/visualjournalism.de\/wp-content\/uploads\/Marcel-Zeumer-1152x1536.jpg 1152w, https:\/\/visualjournalism.de\/wp-content\/uploads\/Marcel-Zeumer-1536x2048.jpg 1536w, https:\/\/visualjournalism.de\/wp-content\/uploads\/Marcel-Zeumer-1050x1400.jpg 1050w, https:\/\/visualjournalism.de\/wp-content\/uploads\/Marcel-Zeumer-670x893.jpg 670w, https:\/\/visualjournalism.de\/wp-content\/uploads\/Marcel-Zeumer-420x560.jpg 420w, https:\/\/visualjournalism.de\/wp-content\/uploads\/Marcel-Zeumer-350x467.jpg 350w, https:\/\/visualjournalism.de\/wp-content\/uploads\/Marcel-Zeumer-300x400.jpg 300w, https:\/\/visualjournalism.de\/wp-content\/uploads\/Marcel-Zeumer-640x853.jpg 640w, https:\/\/visualjournalism.de\/wp-content\/uploads\/Marcel-Zeumer-150x200.jpg 150w, https:\/\/visualjournalism.de\/wp-content\/uploads\/Marcel-Zeumer.jpg 1600w\"\n                width=\"1400\" \n                height=\"1866\"\n                alt=\"Portait\" \n            \/>\n            \n                            <span class=\"post__image__title\">Foto: Christian Platz<\/span>\n                    <\/div><!-- post__image__container -->\n\n        \n    <\/figure><!-- post__image -->\n\n\n\n<\/div>\n\n\n<div class=\"pinned-block__column--right\">\n    \n\n<p class=\"post__paragraph is-style-typo--soehne has-spacing--default\"><strong>Marcel Zeumer<\/strong>, geboren 1996, arbeitet als Fotograf und Mediendienstleister. Er lebt und wohnt in der nieders\u00e4chsischen Landeshauptstadt Hannover. Sein fotografischer Werdegang begann 2015 als selbstst\u00e4ndiger Fotograf, mit einem Schwerpunkt auf die Eventfotografie und Messefotografie. Daraufhin arbeitete er in Anstellung bei der ISO K Medien GmbH, um fotografisch und unternehmerisch weitere Erfahrungen zu sammeln. Der darauffolgende Schritt war der Beginn des Fotojournalismus Studiums an der Hochschule Hannover.<\/p>\n\n\n\n<p class=\"post__paragraph is-style-typo--soehne has-spacing--default\">Fotografisch besch\u00e4ftigt er sich mit den Themen: Sport, psychische Gesundheit sowie Soziales.<\/p>\n\n\n\n<p class=\"post__paragraph is-style-typo--soehne has-spacing--default\"><strong>Kontakt<\/strong><br><a href=\"mailto:marcel@zeumer.media\">marcel@zeumer.media<\/a><br>Telefon +49 (0) 511 76120435<\/p>\n\n\n\n<p class=\"post__paragraph is-style-typo--soehne has-spacing--default\"><a href=\"https:\/\/zeumer.media\" target=\"_blank\" rel=\"noreferrer noopener\">zeumer.media<\/a><br><a href=\"https:\/\/zeumer.media\/eventfotografie-norddeutschland\/\" target=\"_blank\" rel=\"noreferrer noopener\">Eventfotografie<\/a><br>Instagram\u00a0<a href=\"https:\/\/www.instagram.com\/mar.zeu\/\">mar.zeu<\/a><\/p>\n\n\n<\/div>\n<\/div>\n\n\n<div class=\"wp-block-group has-spacing--default has-spacing--default\">\n<div class=\"devider has-spacing--none\">\n    <hr>\n<\/div>\n\n\n \n\n    <div id=\"lead-in-block_42ee00c4c849e307a61def5caeb7b6d2\" class=\"block-lead-in typo--default font-size--xl has-spacing--s width--default\">\n        <p><strong>Empfehlungen der Redaktion:<\/strong><\/p>\n    <\/div>\n\n\n\n\r\n\r\n\r\n\n\n\r\n\r\n\r\n\r\n        <div class=\"teaser-grid grid-layout--3col has-spacing--s width--inline\">\r\n\r\n            \r\n                <article class=\"post-teaser\">\r\n\r\n                    <a href=\"https:\/\/visualjournalism.de\/en\/magazine\/ratgeber\/360-grad-videoproduktion\/\" rel=\"permalink\">\r\n\r\n                        <div class=\"post-teaser__content\">\r\n\r\n                            <span class=\"entry-categories\">Ratgeber<\/span>\r\n                            <h3 class=\"post-teaser__headline\">\r\n                                So funktionieren 360-Grad-Videos im Journalismus                            <\/h3>\r\n\r\n                            <div class=\"post-teaser__excerpt\">\r\n                                <p>360-Grad-Videos stellen das Publikum mitten ins Geschehen: Statt zuzuschauen, erlebt es die Story aus allen Blickwinkeln. <\/p>\r\n                            <\/div>\r\n\r\n                        <\/div><!-- .post-teaser__content -->\r\n\r\n\r\n                        \r\n                            <figure class=\"post-teaser__image\">\r\n                                <img loading=\"lazy\" decoding=\"async\"  \r\n                                    src=\"https:\/\/visualjournalism.de\/wp-content\/uploads\/hochschule_hannover_FH_Hannover_08-768x512.jpg\" \r\n                                    srcset=\"https:\/\/visualjournalism.de\/wp-content\/uploads\/hochschule_hannover_FH_Hannover_08-768x512.jpg 768w, https:\/\/visualjournalism.de\/wp-content\/uploads\/hochschule_hannover_FH_Hannover_08-300x200.jpg 300w, https:\/\/visualjournalism.de\/wp-content\/uploads\/hochschule_hannover_FH_Hannover_08-1024x683.jpg 1024w, https:\/\/visualjournalism.de\/wp-content\/uploads\/hochschule_hannover_FH_Hannover_08-1536x1024.jpg 1536w, https:\/\/visualjournalism.de\/wp-content\/uploads\/hochschule_hannover_FH_Hannover_08-1400x933.jpg 1400w, https:\/\/visualjournalism.de\/wp-content\/uploads\/hochschule_hannover_FH_Hannover_08-1050x700.jpg 1050w, https:\/\/visualjournalism.de\/wp-content\/uploads\/hochschule_hannover_FH_Hannover_08-670x447.jpg 670w, https:\/\/visualjournalism.de\/wp-content\/uploads\/hochschule_hannover_FH_Hannover_08-420x280.jpg 420w, https:\/\/visualjournalism.de\/wp-content\/uploads\/hochschule_hannover_FH_Hannover_08-350x233.jpg 350w, https:\/\/visualjournalism.de\/wp-content\/uploads\/hochschule_hannover_FH_Hannover_08.jpg 1599w\" \r\n                                    width=\"768\"  \r\n                                    height=\"512\" \r\n                                    alt=\"\"\r\n                                \/>\r\n                            <\/figure>\r\n\r\n                        \r\n                    \r\n                    <\/a>\r\n\r\n                <\/article><!--- .post-teaser-->\r\n\r\n            \r\n                <article class=\"post-teaser\">\r\n\r\n                    <a href=\"https:\/\/visualjournalism.de\/en\/magazine\/ratgeber\/was-eine-gute-fotoreportage-auszeichnet\/\" rel=\"permalink\">\r\n\r\n                        <div class=\"post-teaser__content\">\r\n\r\n                            <span class=\"entry-categories\">Ratgeber<\/span>\r\n                            <h3 class=\"post-teaser__headline\">\r\n                                Was eine gute Fotoreportage auszeichnet.                            <\/h3>\r\n\r\n                            <div class=\"post-teaser__excerpt\">\r\n                                <p>Ein klarer Fokus auf deine Protagonistinnen, ausdrucksstarke Bilder und starkes Storytelling. So machst du eine Fotoreportage, die fesselt und in Erinnerung bleibt.<\/p>\r\n                            <\/div>\r\n\r\n                        <\/div><!-- .post-teaser__content -->\r\n\r\n\r\n                        \r\n                            <figure class=\"post-teaser__image\">\r\n                                <img loading=\"lazy\" decoding=\"async\"  \r\n                                    src=\"https:\/\/visualjournalism.de\/wp-content\/uploads\/Ratgeber-Fotoreportage-1-Fabian-Niebauer-_DSC5629-lowRes-768x512.jpg\" \r\n                                    srcset=\"https:\/\/visualjournalism.de\/wp-content\/uploads\/Ratgeber-Fotoreportage-1-Fabian-Niebauer-_DSC5629-lowRes-768x512.jpg 768w, https:\/\/visualjournalism.de\/wp-content\/uploads\/Ratgeber-Fotoreportage-1-Fabian-Niebauer-_DSC5629-lowRes-300x200.jpg 300w, https:\/\/visualjournalism.de\/wp-content\/uploads\/Ratgeber-Fotoreportage-1-Fabian-Niebauer-_DSC5629-lowRes-1024x683.jpg 1024w, https:\/\/visualjournalism.de\/wp-content\/uploads\/Ratgeber-Fotoreportage-1-Fabian-Niebauer-_DSC5629-lowRes-1536x1024.jpg 1536w, https:\/\/visualjournalism.de\/wp-content\/uploads\/Ratgeber-Fotoreportage-1-Fabian-Niebauer-_DSC5629-lowRes-2048x1365.jpg 2048w, https:\/\/visualjournalism.de\/wp-content\/uploads\/Ratgeber-Fotoreportage-1-Fabian-Niebauer-_DSC5629-lowRes-1920x1280.jpg 1920w, https:\/\/visualjournalism.de\/wp-content\/uploads\/Ratgeber-Fotoreportage-1-Fabian-Niebauer-_DSC5629-lowRes-1400x933.jpg 1400w, https:\/\/visualjournalism.de\/wp-content\/uploads\/Ratgeber-Fotoreportage-1-Fabian-Niebauer-_DSC5629-lowRes-1050x700.jpg 1050w, https:\/\/visualjournalism.de\/wp-content\/uploads\/Ratgeber-Fotoreportage-1-Fabian-Niebauer-_DSC5629-lowRes-670x447.jpg 670w, https:\/\/visualjournalism.de\/wp-content\/uploads\/Ratgeber-Fotoreportage-1-Fabian-Niebauer-_DSC5629-lowRes-420x280.jpg 420w, https:\/\/visualjournalism.de\/wp-content\/uploads\/Ratgeber-Fotoreportage-1-Fabian-Niebauer-_DSC5629-lowRes-350x233.jpg 350w, https:\/\/visualjournalism.de\/wp-content\/uploads\/Ratgeber-Fotoreportage-1-Fabian-Niebauer-_DSC5629-lowRes-150x100.jpg 150w\" \r\n                                    width=\"768\"  \r\n                                    height=\"512\" \r\n                                    alt=\"Eine Frau h\u00e4lt sich zwei Kameras vor die Augen.\"\r\n                                \/>\r\n                            <\/figure>\r\n\r\n                        \r\n                    \r\n                    <\/a>\r\n\r\n                <\/article><!--- .post-teaser-->\r\n\r\n            \r\n                <article class=\"post-teaser\">\r\n\r\n                    <a href=\"https:\/\/visualjournalism.de\/en\/magazine\/ratgeber\/politikerinnen-souveraen-interviewen\/\" rel=\"permalink\">\r\n\r\n                        <div class=\"post-teaser__content\">\r\n\r\n                            <span class=\"entry-categories\">Ratgeber<\/span>\r\n                            <h3 class=\"post-teaser__headline\">\r\n                                Politiker*innen souver\u00e4n interviewen \u2013 Die besten Tipps f\u00fcr ein sicheres Auftreten                            <\/h3>\r\n\r\n                            <div class=\"post-teaser__excerpt\">\r\n                                <p>Ein Gespr\u00e4ch mit Politiker*innen kann schnell zum Machtkampf werden. Wie du selbst gegen Profis die Oberhand beh\u00e4ltst und typische Interviewfallen umgehst.<\/p>\r\n                            <\/div>\r\n\r\n                        <\/div><!-- .post-teaser__content -->\r\n\r\n\r\n                        \r\n                            <figure class=\"post-teaser__image\">\r\n                                <img loading=\"lazy\" decoding=\"async\"  \r\n                                    src=\"https:\/\/visualjournalism.de\/wp-content\/uploads\/DSC4729-merz-politikerinterviews-768x1024.jpg\" \r\n                                    srcset=\"https:\/\/visualjournalism.de\/wp-content\/uploads\/DSC4729-merz-politikerinterviews-768x1024.jpg 768w, https:\/\/visualjournalism.de\/wp-content\/uploads\/DSC4729-merz-politikerinterviews-225x300.jpg 225w, https:\/\/visualjournalism.de\/wp-content\/uploads\/DSC4729-merz-politikerinterviews-1152x1536.jpg 1152w, https:\/\/visualjournalism.de\/wp-content\/uploads\/DSC4729-merz-politikerinterviews-1536x2048.jpg 1536w, https:\/\/visualjournalism.de\/wp-content\/uploads\/DSC4729-merz-politikerinterviews-scaled.jpg 1920w, https:\/\/visualjournalism.de\/wp-content\/uploads\/DSC4729-merz-politikerinterviews-1400x1867.jpg 1400w, https:\/\/visualjournalism.de\/wp-content\/uploads\/DSC4729-merz-politikerinterviews-1050x1400.jpg 1050w, https:\/\/visualjournalism.de\/wp-content\/uploads\/DSC4729-merz-politikerinterviews-670x893.jpg 670w, https:\/\/visualjournalism.de\/wp-content\/uploads\/DSC4729-merz-politikerinterviews-420x560.jpg 420w, https:\/\/visualjournalism.de\/wp-content\/uploads\/DSC4729-merz-politikerinterviews-350x467.jpg 350w, https:\/\/visualjournalism.de\/wp-content\/uploads\/DSC4729-merz-politikerinterviews-300x400.jpg 300w, https:\/\/visualjournalism.de\/wp-content\/uploads\/DSC4729-merz-politikerinterviews-640x853.jpg 640w, https:\/\/visualjournalism.de\/wp-content\/uploads\/DSC4729-merz-politikerinterviews-150x200.jpg 150w\" \r\n                                    width=\"768\"  \r\n                                    height=\"1024\" \r\n                                    alt=\"CDU-Vorsitzender Friedrich Merz mit Mikrofon in der Hand, im Gespr\u00e4ch mit dem ehemaligen ZDF-Moderator Klaus Kleber auf einer B\u00fchne. Im Vordergrund sind zwei M\u00e4nner angeblitzt von hinten zu sehen.\"\r\n                                \/>\r\n                            <\/figure>\r\n\r\n                        \r\n                    \r\n                    <\/a>\r\n\r\n                <\/article><!--- .post-teaser-->\r\n\r\n            \r\n        <\/div><!-- .teaser-grid -->\r\n\r\n\n\n\r\n\r\n\r\n\n\n\n    <div class=\"btn-wrapper has-spacing--m\">\n        <a class=\"btn\" href=\"https:\/\/visualjournalism.de\/magazin\/\" target=\"_blank\">ZUR MAGAZIN-STARTSEITE<\/a>\n    <\/div>\n<\/div>\n<\/div>\n\n\n\n<p class=\"post__paragraph has-spacing--default\"><\/p>\n","protected":false},"excerpt":{"rendered":"","protected":false},"author":35,"featured_media":0,"parent":0,"menu_order":0,"comment_status":"closed","ping_status":"closed","template":"","meta":{"_acf_changed":false,"footnotes":""},"class_list":["post-17930","page","type-page","status-publish","hentry"],"acf":[],"yoast_head":"<!-- This site is optimized with the Yoast SEO Premium plugin v27.3 (Yoast SEO v27.3) - https:\/\/yoast.com\/product\/yoast-seo-premium-wordpress\/ -->\n<title>Marcel Zeumer \u2013 zeumer.media &#8211; Visual Journalism and Documentary Photography % %<\/title>\n<meta name=\"description\" content=\"Marcel Zeumer ist Alumni des Studiengangs und selbstst\u00e4ndig mit dem Unternehmen zeumer.media. Er arbeitet als Fotograf und Mediendienstleister.\" \/>\n<meta name=\"robots\" content=\"index, follow, max-snippet:-1, max-image-preview:large, max-video-preview:-1\" \/>\n<link rel=\"canonical\" href=\"https:\/\/visualjournalism.de\/en\/marcel-zeumer\/\" \/>\n<meta property=\"og:locale\" content=\"en_US\" \/>\n<meta property=\"og:type\" content=\"article\" \/>\n<meta property=\"og:title\" content=\"Marcel Zeumer\" \/>\n<meta property=\"og:description\" content=\"Marcel Zeumer ist Alumni des Studiengangs und selbstst\u00e4ndig mit dem Unternehmen zeumer.media. Er arbeitet als Fotograf und Mediendienstleister.\" \/>\n<meta property=\"og:url\" content=\"https:\/\/visualjournalism.de\/en\/marcel-zeumer\/\" \/>\n<meta property=\"og:site_name\" content=\"Visual Journalism and Documentary Photography\" \/>\n<meta property=\"article:publisher\" content=\"https:\/\/www.facebook.com\/people\/wwwfotostudentende\/100065173703897\/\" \/>\n<meta property=\"article:modified_time\" content=\"2025-12-11T09:35:19+00:00\" \/>\n<meta name=\"twitter:card\" content=\"summary_large_image\" \/>\n<meta name=\"twitter:site\" content=\"@HsHannover\" \/>\n<meta name=\"twitter:label1\" content=\"Est. reading time\" \/>\n\t<meta name=\"twitter:data1\" content=\"1 minute\" \/>\n<script type=\"application\/ld+json\" class=\"yoast-schema-graph\">{\"@context\":\"https:\\\/\\\/schema.org\",\"@graph\":[{\"@type\":\"WebPage\",\"@id\":\"https:\\\/\\\/visualjournalism.de\\\/en\\\/marcel-zeumer\\\/\",\"url\":\"https:\\\/\\\/visualjournalism.de\\\/en\\\/marcel-zeumer\\\/\",\"name\":\"Marcel Zeumer \u2013 zeumer.media &#8211; Visual Journalism and Documentary Photography % %\",\"isPartOf\":{\"@id\":\"https:\\\/\\\/visualjournalism.de\\\/en\\\/#website\"},\"datePublished\":\"2023-05-03T13:12:57+00:00\",\"dateModified\":\"2025-12-11T09:35:19+00:00\",\"description\":\"Marcel Zeumer ist Alumni des Studiengangs und selbstst\u00e4ndig mit dem Unternehmen zeumer.media. Er arbeitet als Fotograf und Mediendienstleister.\",\"breadcrumb\":{\"@id\":\"https:\\\/\\\/visualjournalism.de\\\/en\\\/marcel-zeumer\\\/#breadcrumb\"},\"inLanguage\":\"en-US\",\"potentialAction\":[{\"@type\":\"ReadAction\",\"target\":[\"https:\\\/\\\/visualjournalism.de\\\/en\\\/marcel-zeumer\\\/\"]}]},{\"@type\":\"BreadcrumbList\",\"@id\":\"https:\\\/\\\/visualjournalism.de\\\/en\\\/marcel-zeumer\\\/#breadcrumb\",\"itemListElement\":[{\"@type\":\"ListItem\",\"position\":1,\"name\":\"Home\",\"item\":\"https:\\\/\\\/visualjournalism.de\\\/en\\\/\"},{\"@type\":\"ListItem\",\"position\":2,\"name\":\"Marcel Zeumer\"}]},{\"@type\":\"WebSite\",\"@id\":\"https:\\\/\\\/visualjournalism.de\\\/en\\\/#website\",\"url\":\"https:\\\/\\\/visualjournalism.de\\\/en\\\/\",\"name\":\"Visual Journalism and Documentary Photography\",\"description\":\"All about the bilingual bachelor&#039;s program at Hannover University of Applied Sciences and Arts.\",\"publisher\":{\"@id\":\"https:\\\/\\\/visualjournalism.de\\\/en\\\/#organization\"},\"alternateName\":\"visualjournalism.de\",\"potentialAction\":[{\"@type\":\"SearchAction\",\"target\":{\"@type\":\"EntryPoint\",\"urlTemplate\":\"https:\\\/\\\/visualjournalism.de\\\/en\\\/?s={search_term_string}\"},\"query-input\":{\"@type\":\"PropertyValueSpecification\",\"valueRequired\":true,\"valueName\":\"search_term_string\"}}],\"inLanguage\":\"en-US\"},{\"@type\":\"Organization\",\"@id\":\"https:\\\/\\\/visualjournalism.de\\\/en\\\/#organization\",\"name\":\"Hochschule Hannover \u2013 University of Applied Sciences and Arts\",\"alternateName\":\"HsH\",\"url\":\"https:\\\/\\\/visualjournalism.de\\\/en\\\/\",\"logo\":{\"@type\":\"ImageObject\",\"inLanguage\":\"en-US\",\"@id\":\"https:\\\/\\\/visualjournalism.de\\\/en\\\/#\\\/schema\\\/logo\\\/image\\\/\",\"url\":\"https:\\\/\\\/visualjournalism.de\\\/wp-content\\\/uploads\\\/logo-hochschule-hannover.png\",\"contentUrl\":\"https:\\\/\\\/visualjournalism.de\\\/wp-content\\\/uploads\\\/logo-hochschule-hannover.png\",\"width\":363,\"height\":270,\"caption\":\"Hochschule Hannover \u2013 University of Applied Sciences and Arts\"},\"image\":{\"@id\":\"https:\\\/\\\/visualjournalism.de\\\/en\\\/#\\\/schema\\\/logo\\\/image\\\/\"},\"sameAs\":[\"https:\\\/\\\/www.facebook.com\\\/people\\\/wwwfotostudentende\\\/100065173703897\\\/\",\"https:\\\/\\\/x.com\\\/HsHannover\",\"https:\\\/\\\/www.instagram.com\\\/visualjournalism.de\\\/\"]}]}<\/script>\n<!-- \/ Yoast SEO Premium plugin. -->","yoast_head_json":{"title":"Marcel Zeumer \u2013 zeumer.media &#8211; Visual Journalism and Documentary Photography % %","description":"Marcel Zeumer ist Alumni des Studiengangs und selbstst\u00e4ndig mit dem Unternehmen zeumer.media. Er arbeitet als Fotograf und Mediendienstleister.","robots":{"index":"index","follow":"follow","max-snippet":"max-snippet:-1","max-image-preview":"max-image-preview:large","max-video-preview":"max-video-preview:-1"},"canonical":"https:\/\/visualjournalism.de\/en\/marcel-zeumer\/","og_locale":"en_US","og_type":"article","og_title":"Marcel Zeumer","og_description":"Marcel Zeumer ist Alumni des Studiengangs und selbstst\u00e4ndig mit dem Unternehmen zeumer.media. Er arbeitet als Fotograf und Mediendienstleister.","og_url":"https:\/\/visualjournalism.de\/en\/marcel-zeumer\/","og_site_name":"Visual Journalism and Documentary Photography","article_publisher":"https:\/\/www.facebook.com\/people\/wwwfotostudentende\/100065173703897\/","article_modified_time":"2025-12-11T09:35:19+00:00","twitter_card":"summary_large_image","twitter_site":"@HsHannover","twitter_misc":{"Est. reading time":"1 minute"},"schema":{"@context":"https:\/\/schema.org","@graph":[{"@type":"WebPage","@id":"https:\/\/visualjournalism.de\/en\/marcel-zeumer\/","url":"https:\/\/visualjournalism.de\/en\/marcel-zeumer\/","name":"Marcel Zeumer \u2013 zeumer.media &#8211; Visual Journalism and Documentary Photography % %","isPartOf":{"@id":"https:\/\/visualjournalism.de\/en\/#website"},"datePublished":"2023-05-03T13:12:57+00:00","dateModified":"2025-12-11T09:35:19+00:00","description":"Marcel Zeumer ist Alumni des Studiengangs und selbstst\u00e4ndig mit dem Unternehmen zeumer.media. Er arbeitet als Fotograf und Mediendienstleister.","breadcrumb":{"@id":"https:\/\/visualjournalism.de\/en\/marcel-zeumer\/#breadcrumb"},"inLanguage":"en-US","potentialAction":[{"@type":"ReadAction","target":["https:\/\/visualjournalism.de\/en\/marcel-zeumer\/"]}]},{"@type":"BreadcrumbList","@id":"https:\/\/visualjournalism.de\/en\/marcel-zeumer\/#breadcrumb","itemListElement":[{"@type":"ListItem","position":1,"name":"Home","item":"https:\/\/visualjournalism.de\/en\/"},{"@type":"ListItem","position":2,"name":"Marcel Zeumer"}]},{"@type":"WebSite","@id":"https:\/\/visualjournalism.de\/en\/#website","url":"https:\/\/visualjournalism.de\/en\/","name":"Visual Journalism and Documentary Photography","description":"All about the bilingual bachelor&#039;s program at Hannover University of Applied Sciences and Arts.","publisher":{"@id":"https:\/\/visualjournalism.de\/en\/#organization"},"alternateName":"visualjournalism.de","potentialAction":[{"@type":"SearchAction","target":{"@type":"EntryPoint","urlTemplate":"https:\/\/visualjournalism.de\/en\/?s={search_term_string}"},"query-input":{"@type":"PropertyValueSpecification","valueRequired":true,"valueName":"search_term_string"}}],"inLanguage":"en-US"},{"@type":"Organization","@id":"https:\/\/visualjournalism.de\/en\/#organization","name":"Hochschule Hannover \u2013 University of Applied Sciences and Arts","alternateName":"HsH","url":"https:\/\/visualjournalism.de\/en\/","logo":{"@type":"ImageObject","inLanguage":"en-US","@id":"https:\/\/visualjournalism.de\/en\/#\/schema\/logo\/image\/","url":"https:\/\/visualjournalism.de\/wp-content\/uploads\/logo-hochschule-hannover.png","contentUrl":"https:\/\/visualjournalism.de\/wp-content\/uploads\/logo-hochschule-hannover.png","width":363,"height":270,"caption":"Hochschule Hannover \u2013 University of Applied Sciences and Arts"},"image":{"@id":"https:\/\/visualjournalism.de\/en\/#\/schema\/logo\/image\/"},"sameAs":["https:\/\/www.facebook.com\/people\/wwwfotostudentende\/100065173703897\/","https:\/\/x.com\/HsHannover","https:\/\/www.instagram.com\/visualjournalism.de\/"]}]}},"_links":{"self":[{"href":"https:\/\/visualjournalism.de\/en\/wp-json\/wp\/v2\/pages\/17930","targetHints":{"allow":["GET"]}}],"collection":[{"href":"https:\/\/visualjournalism.de\/en\/wp-json\/wp\/v2\/pages"}],"about":[{"href":"https:\/\/visualjournalism.de\/en\/wp-json\/wp\/v2\/types\/page"}],"author":[{"embeddable":true,"href":"https:\/\/visualjournalism.de\/en\/wp-json\/wp\/v2\/users\/35"}],"replies":[{"embeddable":true,"href":"https:\/\/visualjournalism.de\/en\/wp-json\/wp\/v2\/comments?post=17930"}],"version-history":[{"count":5,"href":"https:\/\/visualjournalism.de\/en\/wp-json\/wp\/v2\/pages\/17930\/revisions"}],"predecessor-version":[{"id":66595,"href":"https:\/\/visualjournalism.de\/en\/wp-json\/wp\/v2\/pages\/17930\/revisions\/66595"}],"wp:attachment":[{"href":"https:\/\/visualjournalism.de\/en\/wp-json\/wp\/v2\/media?parent=17930"}],"curies":[{"name":"wp","href":"https:\/\/api.w.org\/{rel}","templated":true}]}}