{"id":19407,"date":"2023-05-31T12:57:36","date_gmt":"2023-05-31T12:57:36","guid":{"rendered":"https:\/\/visualjournalism.de\/?page_id=19407"},"modified":"2026-01-06T16:40:27","modified_gmt":"2026-01-06T14:40:27","slug":"ludwig-nikulski","status":"publish","type":"page","link":"https:\/\/visualjournalism.de\/en\/ludwig-nikulski\/","title":{"rendered":"Ludwig Nikulski"},"content":{"rendered":"\n \n\n    <div id=\"lead-in-block_9dd1d1ed0b083e9581cc96ac4a128a71\" class=\"block-lead-in typo--soehne font-size--xl has-spacing--m width--default\">\n        <h1>Ludwig Nikulski<\/h1>\n    <\/div>\n\n\n\n\n<div class=\"pinned-block has-spacing--m\">\n\t\n\n<div class=\"pinned-block__column--left\">\n    \n    <figure class=\"block-photo post__image--full has-spacing--m no-title\">\n\n        <div class=\"post__image__container\">\n            <img loading=\"lazy\" decoding=\"async\" \n                src=\"https:\/\/visualjournalism.de\/wp-content\/uploads\/2026\/01\/Kroatien-Portraits-2025-08-1400x1727.jpg\"\n                srcset=\"https:\/\/visualjournalism.de\/wp-content\/uploads\/2026\/01\/Kroatien-Portraits-2025-08-1400x1727.jpg 1400w, https:\/\/visualjournalism.de\/wp-content\/uploads\/2026\/01\/Kroatien-Portraits-2025-08-243x300.jpg 243w, https:\/\/visualjournalism.de\/wp-content\/uploads\/2026\/01\/Kroatien-Portraits-2025-08-830x1024.jpg 830w, https:\/\/visualjournalism.de\/wp-content\/uploads\/2026\/01\/Kroatien-Portraits-2025-08-768x947.jpg 768w, https:\/\/visualjournalism.de\/wp-content\/uploads\/2026\/01\/Kroatien-Portraits-2025-08-1245x1536.jpg 1245w, https:\/\/visualjournalism.de\/wp-content\/uploads\/2026\/01\/Kroatien-Portraits-2025-08-1660x2048.jpg 1660w, https:\/\/visualjournalism.de\/wp-content\/uploads\/2026\/01\/Kroatien-Portraits-2025-08-1920x2368.jpg 1920w, https:\/\/visualjournalism.de\/wp-content\/uploads\/2026\/01\/Kroatien-Portraits-2025-08-1050x1295.jpg 1050w, https:\/\/visualjournalism.de\/wp-content\/uploads\/2026\/01\/Kroatien-Portraits-2025-08-670x826.jpg 670w, https:\/\/visualjournalism.de\/wp-content\/uploads\/2026\/01\/Kroatien-Portraits-2025-08-420x518.jpg 420w, https:\/\/visualjournalism.de\/wp-content\/uploads\/2026\/01\/Kroatien-Portraits-2025-08-350x432.jpg 350w, https:\/\/visualjournalism.de\/wp-content\/uploads\/2026\/01\/Kroatien-Portraits-2025-08-300x370.jpg 300w, https:\/\/visualjournalism.de\/wp-content\/uploads\/2026\/01\/Kroatien-Portraits-2025-08-150x185.jpg 150w\"\n                width=\"1400\" \n                height=\"1727\"\n                alt=\"\" \n            \/>\n            \n                    <\/div><!-- post__image__container -->\n\n        \n    <\/figure><!-- post__image -->\n\n\n\n<\/div>\n\n\n<div class=\"pinned-block__column--right\">\n    \n\n<p class=\"post__paragraph is-style-typo--soehne has-spacing--default\"><strong>Ludwig Nikulski ist 1989 in Greifswald geboren,<\/strong> wo er zun\u00e4chst Bildende Kunst und Philosophie studierte, bevor er sich am Lette-Verein in Berlin in Fotografie ausbilden lie\u00df. Seit 2021 studiert Ludwig Visual Journalism &amp; Documentary Photography an der Hochschule Hannover. In seinen Arbeiten kombiniert er Dokumentar-Fotografie mit einer k\u00fcnstlerischen und philosophischen Auseinandersetzung mit der Wirklichkeit. Der Fotograf wurde bereits zahlreich gef\u00f6rdert und mit Preisen ausgezeichnet und hat mehrere eigene Ausstellungen realisiert.<\/p>\n\n\n\n<p class=\"post__paragraph is-style-typo--soehne has-spacing--default\"><strong>Kontaktdaten:<\/strong><br>+49 177 3631119<br><a href=\"mailto:mail@ludwignikulski.de\">mail@ludwignikulski.de<\/a><br><a href=\"https:\/\/ludwignikulski.de\" target=\"_blank\" rel=\"noreferrer noopener\">www.ludwignikulski.de<\/a><\/p>\n\n\n<\/div>\n<\/div>\n\n\n<div class=\"devider has-spacing--none\">\n    <hr>\n<\/div>\n\n\n \n\n    <div id=\"lead-in-block_898ce27411854679004a896040a28036\" class=\"block-lead-in typo--default font-size--default has-spacing--xs width--default\">\n        <h2>Ludwigs Beitr\u00e4ge:<\/h2>\n    <\/div>\n\n\n\n\n<div class=\"two-columns-teaser has-spacing--m\">\n\n    \r\n<article class=\"post-teaser post-19755 magazin type-magazin status-publish has-post-thumbnail hentry magazinkategorie-randgebiet\">\r\n\t<header class=\"entry-header\">\r\n\r\n\t\t<div class=\"entry-categories\">\n\t<a class=\"post__tag\" href=\"https:\/\/visualjournalism.de\/magazin-kategorie\/randgebiet\/\" rel=\"category tag\">Randgebiet<\/a><\/div>\r\n\t\t<a href=\"https:\/\/visualjournalism.de\/en\/magazine\/randgebiet\/im-schatten-des-krieges\/\" rel=\"bookmark\">\r\n\t\t\t<h2 class=\"entry-title\">Im Schatten des Krieges.<\/h2>\r\n\t\t\t<p class=\"entry-excerpt\">In den ukrainischen Nachbarl\u00e4ndern Polen und Moldau ist der russische Angriffskrieg eigentlich ganz nah. Und bleibt doch unsichtbar. Eine fotografische Erkundung<\/p>\r\n\t\t<\/a>\r\n\r\n\t<\/header><!-- .entry-header -->\r\n\r\n\t<figure class=\"post__image\">\r\n\t\t<a href=\"https:\/\/visualjournalism.de\/en\/magazine\/randgebiet\/im-schatten-des-krieges\/\" rel=\"bookmark\">\r\n\t\t\t<img loading=\"lazy\" decoding=\"async\" width=\"670\" height=\"536\" src=\"https:\/\/visualjournalism.de\/wp-content\/uploads\/13_Nikulski_Ludwig-670x536.jpg\" class=\"attachment-post-image--two-column size-post-image--two-column\" alt=\"\" srcset=\"https:\/\/visualjournalism.de\/wp-content\/uploads\/13_Nikulski_Ludwig-670x536.jpg 670w, https:\/\/visualjournalism.de\/wp-content\/uploads\/13_Nikulski_Ludwig-300x240.jpg 300w, https:\/\/visualjournalism.de\/wp-content\/uploads\/13_Nikulski_Ludwig-1024x819.jpg 1024w, https:\/\/visualjournalism.de\/wp-content\/uploads\/13_Nikulski_Ludwig-768x614.jpg 768w, https:\/\/visualjournalism.de\/wp-content\/uploads\/13_Nikulski_Ludwig-1536x1229.jpg 1536w, https:\/\/visualjournalism.de\/wp-content\/uploads\/13_Nikulski_Ludwig-2048x1638.jpg 2048w, https:\/\/visualjournalism.de\/wp-content\/uploads\/13_Nikulski_Ludwig-1920x1536.jpg 1920w, https:\/\/visualjournalism.de\/wp-content\/uploads\/13_Nikulski_Ludwig-1400x1120.jpg 1400w, https:\/\/visualjournalism.de\/wp-content\/uploads\/13_Nikulski_Ludwig-1050x840.jpg 1050w, https:\/\/visualjournalism.de\/wp-content\/uploads\/13_Nikulski_Ludwig-420x336.jpg 420w, https:\/\/visualjournalism.de\/wp-content\/uploads\/13_Nikulski_Ludwig-350x280.jpg 350w, https:\/\/visualjournalism.de\/wp-content\/uploads\/13_Nikulski_Ludwig-150x120.jpg 150w\" sizes=\"auto, (max-width: 670px) 100vw, 670px\" \/>\t\t<\/a>\r\n\t<\/figure><!-- .post__image -->\r\n\r\n<\/article>\r\n\r\n<article class=\"post-teaser post-58298 magazin type-magazin status-publish has-post-thumbnail hentry magazinkategorie-was-uns-haelt\">\r\n\t<header class=\"entry-header\">\r\n\r\n\t\t<div class=\"entry-categories\">\n\t<a class=\"post__tag\" href=\"https:\/\/visualjournalism.de\/magazin-kategorie\/was-uns-haelt\/\" rel=\"category tag\">Was uns h\u00e4lt<\/a><\/div>\r\n\t\t<a href=\"https:\/\/visualjournalism.de\/en\/magazine\/was-uns-haelt\/protokoll-eines-verschwindens\/\" rel=\"bookmark\">\r\n\t\t\t<h2 class=\"entry-title\">Protokoll eines Verschwindens.<\/h2>\r\n\t\t\t<p class=\"entry-excerpt\">Der Fotograf Pasha Kritchko dokumentierte die Proteste in Belarus, wurde vom Regime verfolgt und ins Exil gezwungen. Seine Bilder erz\u00e4hlen von Gewalt und Hoffnung \u2013 und vom Versuch, Erinnerung und Identit\u00e4t im Exil zu bewahren.<\/p>\r\n\t\t<\/a>\r\n\r\n\t<\/header><!-- .entry-header -->\r\n\r\n\t<figure class=\"post__image\">\r\n\t\t<a href=\"https:\/\/visualjournalism.de\/en\/magazine\/was-uns-haelt\/protokoll-eines-verschwindens\/\" rel=\"bookmark\">\r\n\t\t\t<img loading=\"lazy\" decoding=\"async\" width=\"670\" height=\"447\" src=\"https:\/\/visualjournalism.de\/wp-content\/uploads\/0003_Kritchko_Pasha-1-670x447.jpg\" class=\"attachment-post-image--two-column size-post-image--two-column\" alt=\"\" srcset=\"https:\/\/visualjournalism.de\/wp-content\/uploads\/0003_Kritchko_Pasha-1-670x447.jpg 670w, https:\/\/visualjournalism.de\/wp-content\/uploads\/0003_Kritchko_Pasha-1-300x200.jpg 300w, https:\/\/visualjournalism.de\/wp-content\/uploads\/0003_Kritchko_Pasha-1-1024x684.jpg 1024w, https:\/\/visualjournalism.de\/wp-content\/uploads\/0003_Kritchko_Pasha-1-768x513.jpg 768w, https:\/\/visualjournalism.de\/wp-content\/uploads\/0003_Kritchko_Pasha-1-1536x1026.jpg 1536w, https:\/\/visualjournalism.de\/wp-content\/uploads\/0003_Kritchko_Pasha-1-2048x1367.jpg 2048w, https:\/\/visualjournalism.de\/wp-content\/uploads\/0003_Kritchko_Pasha-1-1920x1282.jpg 1920w, https:\/\/visualjournalism.de\/wp-content\/uploads\/0003_Kritchko_Pasha-1-1400x935.jpg 1400w, https:\/\/visualjournalism.de\/wp-content\/uploads\/0003_Kritchko_Pasha-1-1050x701.jpg 1050w, https:\/\/visualjournalism.de\/wp-content\/uploads\/0003_Kritchko_Pasha-1-420x280.jpg 420w, https:\/\/visualjournalism.de\/wp-content\/uploads\/0003_Kritchko_Pasha-1-350x234.jpg 350w, https:\/\/visualjournalism.de\/wp-content\/uploads\/0003_Kritchko_Pasha-1-150x100.jpg 150w\" sizes=\"auto, (max-width: 670px) 100vw, 670px\" \/>\t\t<\/a>\r\n\t<\/figure><!-- .post__image -->\r\n\r\n<\/article>\r\n\n<\/div><!-- .2-columns-teaser-->\n\n    \n\n\n<div class=\"wp-block-group has-spacing--default has-spacing--default\">\n<div class=\"devider has-spacing--none\">\n    <hr>\n<\/div>\n\n\n \n\n    <div id=\"lead-in-block_a2a8a6d1ad708479d1a1528595c21072\" class=\"block-lead-in typo--default font-size--xl has-spacing--s width--default\">\n        <p><strong>Empfehlungen der Redaktion:<\/strong><\/p>\n    <\/div>\n\n\n\n\r\n\r\n\r\n\n\n\r\n\r\n\r\n\r\n        <div class=\"teaser-grid grid-layout--3col has-spacing--s width--inline\">\r\n\r\n            \r\n                <article class=\"post-teaser\">\r\n\r\n                    <a href=\"https:\/\/visualjournalism.de\/en\/magazine\/sammeln\/playmobil-sammler-das-imperium-der-klick-figuren\/\" rel=\"permalink\">\r\n\r\n                        <div class=\"post-teaser__content\">\r\n\r\n                            <span class=\"entry-categories\">Sammeln<\/span>\r\n                            <h3 class=\"post-teaser__headline\">\r\n                                Das Imperium der Klick-Figuren                            <\/h3>\r\n\r\n                            <div class=\"post-teaser__excerpt\">\r\n                                <p>Alles begann im Kinderzimmer \u2013 heute besitzt Oliver Schaffer mit \u00fcber 400.000 Figuren die gr\u00f6\u00dfte Playmobil-Sammlung der Welt. Ein Besuch in seinem riesigen Hochregallager zeigt, warum er das Leben am liebsten aus der Miniatur-Perspektive sieht.<\/p>\r\n                            <\/div>\r\n\r\n                        <\/div><!-- .post-teaser__content -->\r\n\r\n\r\n                        \r\n                            <figure class=\"post-teaser__image\">\r\n                                <img loading=\"lazy\" decoding=\"async\"  \r\n                                    src=\"https:\/\/visualjournalism.de\/wp-content\/uploads\/20241212_FR87726-Playmobilbauer-\u00a9Felix-Kaspar-Rosic_4000px-768x614.jpg\" \r\n                                    srcset=\"https:\/\/visualjournalism.de\/wp-content\/uploads\/20241212_FR87726-Playmobilbauer-\u00a9Felix-Kaspar-Rosic_4000px-768x614.jpg 768w, https:\/\/visualjournalism.de\/wp-content\/uploads\/20241212_FR87726-Playmobilbauer-\u00a9Felix-Kaspar-Rosic_4000px-300x240.jpg 300w, https:\/\/visualjournalism.de\/wp-content\/uploads\/20241212_FR87726-Playmobilbauer-\u00a9Felix-Kaspar-Rosic_4000px-1024x819.jpg 1024w, https:\/\/visualjournalism.de\/wp-content\/uploads\/20241212_FR87726-Playmobilbauer-\u00a9Felix-Kaspar-Rosic_4000px-1536x1229.jpg 1536w, https:\/\/visualjournalism.de\/wp-content\/uploads\/20241212_FR87726-Playmobilbauer-\u00a9Felix-Kaspar-Rosic_4000px-1920x1536.jpg 1920w, https:\/\/visualjournalism.de\/wp-content\/uploads\/20241212_FR87726-Playmobilbauer-\u00a9Felix-Kaspar-Rosic_4000px-1400x1120.jpg 1400w, https:\/\/visualjournalism.de\/wp-content\/uploads\/20241212_FR87726-Playmobilbauer-\u00a9Felix-Kaspar-Rosic_4000px-1050x840.jpg 1050w, https:\/\/visualjournalism.de\/wp-content\/uploads\/20241212_FR87726-Playmobilbauer-\u00a9Felix-Kaspar-Rosic_4000px-670x536.jpg 670w, https:\/\/visualjournalism.de\/wp-content\/uploads\/20241212_FR87726-Playmobilbauer-\u00a9Felix-Kaspar-Rosic_4000px-420x336.jpg 420w, https:\/\/visualjournalism.de\/wp-content\/uploads\/20241212_FR87726-Playmobilbauer-\u00a9Felix-Kaspar-Rosic_4000px-350x280.jpg 350w, https:\/\/visualjournalism.de\/wp-content\/uploads\/20241212_FR87726-Playmobilbauer-\u00a9Felix-Kaspar-Rosic_4000px-150x120.jpg 150w, https:\/\/visualjournalism.de\/wp-content\/uploads\/20241212_FR87726-Playmobilbauer-\u00a9Felix-Kaspar-Rosic_4000px.jpg 2000w\" \r\n                                    width=\"768\"  \r\n                                    height=\"614\" \r\n                                    alt=\"\"\r\n                                \/>\r\n                            <\/figure>\r\n\r\n                        \r\n                    \r\n                    <\/a>\r\n\r\n                <\/article><!--- .post-teaser-->\r\n\r\n            \r\n                <article class=\"post-teaser\">\r\n\r\n                    <a href=\"https:\/\/visualjournalism.de\/en\/magazine\/sammeln\/kippenkult-und-krebsromantik\/\" rel=\"permalink\">\r\n\r\n                        <div class=\"post-teaser__content\">\r\n\r\n                            <span class=\"entry-categories\">Sammeln<\/span>\r\n                            <h3 class=\"post-teaser__headline\">\r\n                                Kippenkult und Krebsromantik                            <\/h3>\r\n\r\n                            <div class=\"post-teaser__excerpt\">\r\n                                <p>Ein Fotobuch \u00fcber Zigaretten, Sucht und Rauchbiografien: \u00abPleasure to Burn\u00bb verherrlicht das Rauchen \u2013 und meint es dabei nur halb so ernst.<\/p>\r\n                            <\/div>\r\n\r\n                        <\/div><!-- .post-teaser__content -->\r\n\r\n\r\n                        \r\n                            <figure class=\"post-teaser__image\">\r\n                                <img loading=\"lazy\" decoding=\"async\"  \r\n                                    src=\"https:\/\/visualjournalism.de\/wp-content\/uploads\/Max_Schlag_Kippenkult__Krebsromantik-768x580.png\" \r\n                                    srcset=\"https:\/\/visualjournalism.de\/wp-content\/uploads\/Max_Schlag_Kippenkult__Krebsromantik-768x580.png 768w, https:\/\/visualjournalism.de\/wp-content\/uploads\/Max_Schlag_Kippenkult__Krebsromantik-300x226.png 300w, https:\/\/visualjournalism.de\/wp-content\/uploads\/Max_Schlag_Kippenkult__Krebsromantik-1024x773.png 1024w, https:\/\/visualjournalism.de\/wp-content\/uploads\/Max_Schlag_Kippenkult__Krebsromantik-1050x792.png 1050w, https:\/\/visualjournalism.de\/wp-content\/uploads\/Max_Schlag_Kippenkult__Krebsromantik-670x506.png 670w, https:\/\/visualjournalism.de\/wp-content\/uploads\/Max_Schlag_Kippenkult__Krebsromantik-420x317.png 420w, https:\/\/visualjournalism.de\/wp-content\/uploads\/Max_Schlag_Kippenkult__Krebsromantik-350x264.png 350w, https:\/\/visualjournalism.de\/wp-content\/uploads\/Max_Schlag_Kippenkult__Krebsromantik-150x113.png 150w, https:\/\/visualjournalism.de\/wp-content\/uploads\/Max_Schlag_Kippenkult__Krebsromantik.png 1304w\" \r\n                                    width=\"768\"  \r\n                                    height=\"580\" \r\n                                    alt=\"Zwei H\u00e4nde teilen sich in antik anmutender \u00c4sthetik eine Zigarette, Blitz, Editorial, Fotografie, Rauchen, Sucht\"\r\n                                \/>\r\n                            <\/figure>\r\n\r\n                        \r\n                    \r\n                    <\/a>\r\n\r\n                <\/article><!--- .post-teaser-->\r\n\r\n            \r\n                <article class=\"post-teaser\">\r\n\r\n                    <a href=\"https:\/\/visualjournalism.de\/en\/magazine\/sammeln\/stress-im-alltag-atmen-trotz-allem\/\" rel=\"permalink\">\r\n\r\n                        <div class=\"post-teaser__content\">\r\n\r\n                            <span class=\"entry-categories\">Sammeln<\/span>\r\n                            <h3 class=\"post-teaser__headline\">\r\n                                Atmen trotz allem                            <\/h3>\r\n\r\n                            <div class=\"post-teaser__excerpt\">\r\n                                <p>Die Welt wird lauter, die Jugend ersch\u00f6pfter \u2013 und Selbstf\u00fcrsorge zum Privileg. Wo junge Menschen heute noch Kraft finden.<\/p>\r\n                            <\/div>\r\n\r\n                        <\/div><!-- .post-teaser__content -->\r\n\r\n\r\n                        \r\n                            <figure class=\"post-teaser__image\">\r\n                                <img loading=\"lazy\" decoding=\"async\"  \r\n                                    src=\"https:\/\/visualjournalism.de\/wp-content\/uploads\/Yael-Wagner00002-768x512.jpg\" \r\n                                    srcset=\"https:\/\/visualjournalism.de\/wp-content\/uploads\/Yael-Wagner00002-768x512.jpg 768w, https:\/\/visualjournalism.de\/wp-content\/uploads\/Yael-Wagner00002-300x200.jpg 300w, https:\/\/visualjournalism.de\/wp-content\/uploads\/Yael-Wagner00002-1024x683.jpg 1024w, https:\/\/visualjournalism.de\/wp-content\/uploads\/Yael-Wagner00002-1536x1024.jpg 1536w, https:\/\/visualjournalism.de\/wp-content\/uploads\/Yael-Wagner00002-2048x1365.jpg 2048w, https:\/\/visualjournalism.de\/wp-content\/uploads\/Yael-Wagner00002-1920x1280.jpg 1920w, https:\/\/visualjournalism.de\/wp-content\/uploads\/Yael-Wagner00002-1400x933.jpg 1400w, https:\/\/visualjournalism.de\/wp-content\/uploads\/Yael-Wagner00002-1050x700.jpg 1050w, https:\/\/visualjournalism.de\/wp-content\/uploads\/Yael-Wagner00002-670x447.jpg 670w, https:\/\/visualjournalism.de\/wp-content\/uploads\/Yael-Wagner00002-420x280.jpg 420w, https:\/\/visualjournalism.de\/wp-content\/uploads\/Yael-Wagner00002-350x233.jpg 350w, https:\/\/visualjournalism.de\/wp-content\/uploads\/Yael-Wagner00002-150x100.jpg 150w\" \r\n                                    width=\"768\"  \r\n                                    height=\"512\" \r\n                                    alt=\"\"\r\n                                \/>\r\n                            <\/figure>\r\n\r\n                        \r\n                    \r\n                    <\/a>\r\n\r\n                <\/article><!--- .post-teaser-->\r\n\r\n            \r\n        <\/div><!-- .teaser-grid -->\r\n\r\n\n\n\r\n\r\n\r\n\n\n\n    <div class=\"btn-wrapper has-spacing--m\">\n        <a class=\"btn\" href=\"https:\/\/visualjournalism.de\/magazin\/\" target=\"_blank\">ZUR MAGAZIN-STARTSEITE<\/a>\n    <\/div>\n<\/div>\n","protected":false},"excerpt":{"rendered":"","protected":false},"author":36,"featured_media":0,"parent":0,"menu_order":0,"comment_status":"closed","ping_status":"closed","template":"","meta":{"_acf_changed":false,"footnotes":""},"class_list":["post-19407","page","type-page","status-publish","hentry"],"acf":[],"yoast_head":"<!-- This site is optimized with the Yoast SEO Premium plugin v27.6 (Yoast SEO v27.6) - https:\/\/yoast.com\/product\/yoast-seo-premium-wordpress\/ -->\n<title>Ludwig Nikulski &#8211; Visual Journalism and Documentary Photography<\/title>\n<meta name=\"robots\" content=\"index, follow, max-snippet:-1, max-image-preview:large, max-video-preview:-1\" \/>\n<link rel=\"canonical\" href=\"https:\/\/visualjournalism.de\/en\/ludwig-nikulski\/\" \/>\n<meta property=\"og:locale\" content=\"en_US\" \/>\n<meta property=\"og:type\" content=\"article\" \/>\n<meta property=\"og:title\" content=\"Ludwig Nikulski\" \/>\n<meta property=\"og:url\" content=\"https:\/\/visualjournalism.de\/en\/ludwig-nikulski\/\" \/>\n<meta property=\"og:site_name\" content=\"Visual Journalism and Documentary Photography\" \/>\n<meta property=\"article:publisher\" content=\"https:\/\/www.facebook.com\/people\/wwwfotostudentende\/100065173703897\/\" \/>\n<meta property=\"article:modified_time\" content=\"2026-01-06T14:40:27+00:00\" \/>\n<meta name=\"twitter:card\" content=\"summary_large_image\" \/>\n<meta name=\"twitter:site\" content=\"@HsHannover\" \/>\n<meta name=\"twitter:label1\" content=\"Est. reading time\" \/>\n\t<meta name=\"twitter:data1\" content=\"1 minute\" \/>\n<script type=\"application\/ld+json\" class=\"yoast-schema-graph\">{\"@context\":\"https:\\\/\\\/schema.org\",\"@graph\":[{\"@type\":\"WebPage\",\"@id\":\"https:\\\/\\\/visualjournalism.de\\\/en\\\/ludwig-nikulski\\\/\",\"url\":\"https:\\\/\\\/visualjournalism.de\\\/en\\\/ludwig-nikulski\\\/\",\"name\":\"Ludwig Nikulski &#8211; Visual Journalism and Documentary Photography\",\"isPartOf\":{\"@id\":\"https:\\\/\\\/visualjournalism.de\\\/en\\\/#website\"},\"datePublished\":\"2023-05-31T12:57:36+00:00\",\"dateModified\":\"2026-01-06T14:40:27+00:00\",\"breadcrumb\":{\"@id\":\"https:\\\/\\\/visualjournalism.de\\\/en\\\/ludwig-nikulski\\\/#breadcrumb\"},\"inLanguage\":\"en-US\",\"potentialAction\":[{\"@type\":\"ReadAction\",\"target\":[\"https:\\\/\\\/visualjournalism.de\\\/en\\\/ludwig-nikulski\\\/\"]}]},{\"@type\":\"BreadcrumbList\",\"@id\":\"https:\\\/\\\/visualjournalism.de\\\/en\\\/ludwig-nikulski\\\/#breadcrumb\",\"itemListElement\":[{\"@type\":\"ListItem\",\"position\":1,\"name\":\"Home\",\"item\":\"https:\\\/\\\/visualjournalism.de\\\/en\\\/\"},{\"@type\":\"ListItem\",\"position\":2,\"name\":\"Ludwig Nikulski\"}]},{\"@type\":\"WebSite\",\"@id\":\"https:\\\/\\\/visualjournalism.de\\\/en\\\/#website\",\"url\":\"https:\\\/\\\/visualjournalism.de\\\/en\\\/\",\"name\":\"Visual Journalism and Documentary Photography\",\"description\":\"All about the bilingual bachelor&#039;s program at Hannover University of Applied Sciences and Arts.\",\"publisher\":{\"@id\":\"https:\\\/\\\/visualjournalism.de\\\/en\\\/#organization\"},\"alternateName\":\"visualjournalism.de\",\"potentialAction\":[{\"@type\":\"SearchAction\",\"target\":{\"@type\":\"EntryPoint\",\"urlTemplate\":\"https:\\\/\\\/visualjournalism.de\\\/en\\\/?s={search_term_string}\"},\"query-input\":{\"@type\":\"PropertyValueSpecification\",\"valueRequired\":true,\"valueName\":\"search_term_string\"}}],\"inLanguage\":\"en-US\"},{\"@type\":\"Organization\",\"@id\":\"https:\\\/\\\/visualjournalism.de\\\/en\\\/#organization\",\"name\":\"Hochschule Hannover \u2013 University of Applied Sciences and Arts\",\"alternateName\":\"HsH\",\"url\":\"https:\\\/\\\/visualjournalism.de\\\/en\\\/\",\"logo\":{\"@type\":\"ImageObject\",\"inLanguage\":\"en-US\",\"@id\":\"https:\\\/\\\/visualjournalism.de\\\/en\\\/#\\\/schema\\\/logo\\\/image\\\/\",\"url\":\"https:\\\/\\\/visualjournalism.de\\\/wp-content\\\/uploads\\\/logo-hochschule-hannover.png\",\"contentUrl\":\"https:\\\/\\\/visualjournalism.de\\\/wp-content\\\/uploads\\\/logo-hochschule-hannover.png\",\"width\":363,\"height\":270,\"caption\":\"Hochschule Hannover \u2013 University of Applied Sciences and Arts\"},\"image\":{\"@id\":\"https:\\\/\\\/visualjournalism.de\\\/en\\\/#\\\/schema\\\/logo\\\/image\\\/\"},\"sameAs\":[\"https:\\\/\\\/www.facebook.com\\\/people\\\/wwwfotostudentende\\\/100065173703897\\\/\",\"https:\\\/\\\/x.com\\\/HsHannover\",\"https:\\\/\\\/www.instagram.com\\\/visualjournalism.de\\\/\"]}]}<\/script>\n<!-- \/ Yoast SEO Premium plugin. -->","yoast_head_json":{"title":"Ludwig Nikulski &#8211; Visual Journalism and Documentary Photography","robots":{"index":"index","follow":"follow","max-snippet":"max-snippet:-1","max-image-preview":"max-image-preview:large","max-video-preview":"max-video-preview:-1"},"canonical":"https:\/\/visualjournalism.de\/en\/ludwig-nikulski\/","og_locale":"en_US","og_type":"article","og_title":"Ludwig Nikulski","og_url":"https:\/\/visualjournalism.de\/en\/ludwig-nikulski\/","og_site_name":"Visual Journalism and Documentary Photography","article_publisher":"https:\/\/www.facebook.com\/people\/wwwfotostudentende\/100065173703897\/","article_modified_time":"2026-01-06T14:40:27+00:00","twitter_card":"summary_large_image","twitter_site":"@HsHannover","twitter_misc":{"Est. reading time":"1 minute"},"schema":{"@context":"https:\/\/schema.org","@graph":[{"@type":"WebPage","@id":"https:\/\/visualjournalism.de\/en\/ludwig-nikulski\/","url":"https:\/\/visualjournalism.de\/en\/ludwig-nikulski\/","name":"Ludwig Nikulski &#8211; Visual Journalism and Documentary Photography","isPartOf":{"@id":"https:\/\/visualjournalism.de\/en\/#website"},"datePublished":"2023-05-31T12:57:36+00:00","dateModified":"2026-01-06T14:40:27+00:00","breadcrumb":{"@id":"https:\/\/visualjournalism.de\/en\/ludwig-nikulski\/#breadcrumb"},"inLanguage":"en-US","potentialAction":[{"@type":"ReadAction","target":["https:\/\/visualjournalism.de\/en\/ludwig-nikulski\/"]}]},{"@type":"BreadcrumbList","@id":"https:\/\/visualjournalism.de\/en\/ludwig-nikulski\/#breadcrumb","itemListElement":[{"@type":"ListItem","position":1,"name":"Home","item":"https:\/\/visualjournalism.de\/en\/"},{"@type":"ListItem","position":2,"name":"Ludwig Nikulski"}]},{"@type":"WebSite","@id":"https:\/\/visualjournalism.de\/en\/#website","url":"https:\/\/visualjournalism.de\/en\/","name":"Visual Journalism and Documentary Photography","description":"All about the bilingual bachelor&#039;s program at Hannover University of Applied Sciences and Arts.","publisher":{"@id":"https:\/\/visualjournalism.de\/en\/#organization"},"alternateName":"visualjournalism.de","potentialAction":[{"@type":"SearchAction","target":{"@type":"EntryPoint","urlTemplate":"https:\/\/visualjournalism.de\/en\/?s={search_term_string}"},"query-input":{"@type":"PropertyValueSpecification","valueRequired":true,"valueName":"search_term_string"}}],"inLanguage":"en-US"},{"@type":"Organization","@id":"https:\/\/visualjournalism.de\/en\/#organization","name":"Hochschule Hannover \u2013 University of Applied Sciences and Arts","alternateName":"HsH","url":"https:\/\/visualjournalism.de\/en\/","logo":{"@type":"ImageObject","inLanguage":"en-US","@id":"https:\/\/visualjournalism.de\/en\/#\/schema\/logo\/image\/","url":"https:\/\/visualjournalism.de\/wp-content\/uploads\/logo-hochschule-hannover.png","contentUrl":"https:\/\/visualjournalism.de\/wp-content\/uploads\/logo-hochschule-hannover.png","width":363,"height":270,"caption":"Hochschule Hannover \u2013 University of Applied Sciences and Arts"},"image":{"@id":"https:\/\/visualjournalism.de\/en\/#\/schema\/logo\/image\/"},"sameAs":["https:\/\/www.facebook.com\/people\/wwwfotostudentende\/100065173703897\/","https:\/\/x.com\/HsHannover","https:\/\/www.instagram.com\/visualjournalism.de\/"]}]}},"_links":{"self":[{"href":"https:\/\/visualjournalism.de\/en\/wp-json\/wp\/v2\/pages\/19407","targetHints":{"allow":["GET"]}}],"collection":[{"href":"https:\/\/visualjournalism.de\/en\/wp-json\/wp\/v2\/pages"}],"about":[{"href":"https:\/\/visualjournalism.de\/en\/wp-json\/wp\/v2\/types\/page"}],"author":[{"embeddable":true,"href":"https:\/\/visualjournalism.de\/en\/wp-json\/wp\/v2\/users\/36"}],"replies":[{"embeddable":true,"href":"https:\/\/visualjournalism.de\/en\/wp-json\/wp\/v2\/comments?post=19407"}],"version-history":[{"count":3,"href":"https:\/\/visualjournalism.de\/en\/wp-json\/wp\/v2\/pages\/19407\/revisions"}],"predecessor-version":[{"id":67732,"href":"https:\/\/visualjournalism.de\/en\/wp-json\/wp\/v2\/pages\/19407\/revisions\/67732"}],"wp:attachment":[{"href":"https:\/\/visualjournalism.de\/en\/wp-json\/wp\/v2\/media?parent=19407"}],"curies":[{"name":"wp","href":"https:\/\/api.w.org\/{rel}","templated":true}]}}