{"id":22301,"date":"2023-06-14T14:02:21","date_gmt":"2023-06-14T14:02:21","guid":{"rendered":"https:\/\/visualjournalism.de\/?page_id=22301"},"modified":"2023-06-28T11:54:25","modified_gmt":"2023-06-28T11:54:25","slug":"tania-piliavska","status":"publish","type":"page","link":"https:\/\/visualjournalism.de\/en\/tania-piliavska\/","title":{"rendered":"Tania Piliavska"},"content":{"rendered":"\n \n\n    <div id=\"lead-in-block_1161d9b7acf085bc8a1bd9f446f4ab84\" class=\"block-lead-in typo--default font-size--xl has-spacing--m width--default\">\n        <h1><strong>Tania Piliavska<\/strong><\/h1>\n    <\/div>\n\n\n\n\n<div class=\"pinned-block has-spacing--m\">\n\t\n\n<div class=\"pinned-block__column--left\">\n    \n    <figure class=\"block-photo post__image--full has-spacing--m with-title\">\n\n        <div class=\"post__image__container\">\n            <img loading=\"lazy\" decoding=\"async\" \n                src=\"https:\/\/visualjournalism.de\/wp-content\/uploads\/Tania-Piliavska.MM_.2-1400x931.jpg\"\n                srcset=\"https:\/\/visualjournalism.de\/wp-content\/uploads\/Tania-Piliavska.MM_.2-1400x931.jpg 1400w, https:\/\/visualjournalism.de\/wp-content\/uploads\/Tania-Piliavska.MM_.2-300x200.jpg 300w, https:\/\/visualjournalism.de\/wp-content\/uploads\/Tania-Piliavska.MM_.2-1024x681.jpg 1024w, https:\/\/visualjournalism.de\/wp-content\/uploads\/Tania-Piliavska.MM_.2-768x511.jpg 768w, https:\/\/visualjournalism.de\/wp-content\/uploads\/Tania-Piliavska.MM_.2-1536x1022.jpg 1536w, https:\/\/visualjournalism.de\/wp-content\/uploads\/Tania-Piliavska.MM_.2-2048x1363.jpg 2048w, https:\/\/visualjournalism.de\/wp-content\/uploads\/Tania-Piliavska.MM_.2-1920x1277.jpg 1920w, https:\/\/visualjournalism.de\/wp-content\/uploads\/Tania-Piliavska.MM_.2-1050x699.jpg 1050w, https:\/\/visualjournalism.de\/wp-content\/uploads\/Tania-Piliavska.MM_.2-670x446.jpg 670w, https:\/\/visualjournalism.de\/wp-content\/uploads\/Tania-Piliavska.MM_.2-420x279.jpg 420w, https:\/\/visualjournalism.de\/wp-content\/uploads\/Tania-Piliavska.MM_.2-350x233.jpg 350w, https:\/\/visualjournalism.de\/wp-content\/uploads\/Tania-Piliavska.MM_.2-150x100.jpg 150w\"\n                width=\"1400\" \n                height=\"931\"\n                alt=\"\" \n            \/>\n            \n                            <span class=\"post__image__title\">Tania (Tetyana) Piliavska: Bombed Ukrainians\u2019 ideals of life\rHow ideals of life change with the beginning of the war<\/span>\n                    <\/div><!-- post__image__container -->\n\n        \n    <\/figure><!-- post__image -->\n\n\n\n<\/div>\n\n\n<div class=\"pinned-block__column--right\">\n    \n\n<p class=\"post__paragraph is-style-typo--soehne has-spacing--default\"><strong>Tania Piliavska<\/strong> studiert Journalismus im 6. Semester an der Ukrainischen Universit\u00e4t in Kiew und lebt in Hannover, Deutschland. Aus bekanntem Anlass in ihrem Heimatland belegt sie ihre Vorlesungen online. Seit ihrer Schulzeit schreibt sie gerne, um Gedanken und Geschichten mit anderen zu teilen, insbesondere Geschichten \u00fcber Menschen.<br><br>Zurzeit setzt sie ihr Studium an der Hochschule Hannover fort. Sie lernt dort Editorial Design und Typografie und entwickelt ihre Erz\u00e4hlf\u00e4higkeit. Obwohl sie sich durch das Heimweh zu ihrer Familie belastet f\u00fchlt, die noch in Kiew lebt und dort nicht ausziehen kann, schafft sie es Deutsch zu lernen und f\u00fchlt sich vom Tag zu Tag integrierter in die Gesellschaft.<\/p>\n\n\n<\/div>\n<\/div>\n\n\n<div class=\"devider has-spacing--none\">\n    <hr>\n<\/div>\n\n\n \n\n    <div id=\"lead-in-block_e1e2c1b5a6c22b558cfc914176dd7f28\" class=\"block-lead-in typo--default font-size--default has-spacing--s width--default\">\n        <h2>Tanias Beitr\u00e4ge:<\/h2>\n    <\/div>\n\n\n\n\r\n<article class=\"post-teaser teaser-single--full has-spacing--m post-21102 magazin type-magazin status-publish has-post-thumbnail hentry magazinkategorie-ideale\">\r\n\t<header class=\"entry-header\">\r\n\r\n\t\t<div class=\"entry-categories\">\n\t<a class=\"post__tag\" href=\"https:\/\/visualjournalism.de\/magazin-kategorie\/ideale\/\" rel=\"category tag\">Ideale<\/a><\/div>\r\n\t\t<a href=\"https:\/\/visualjournalism.de\/en\/magazine\/ideale\/bomben-verandern-ideale\/\" rel=\"bookmark\">\r\n\t\t\t<h2 class=\"entry-title\">Wie Bomben Ideale ver\u00e4ndern.<\/h2>\r\n\t\t\t<p class=\"entry-excerpt\">Der Krieg in der Ukraine hat nicht nur Leben und Landschaften verw\u00fcstet, er hat auch die Wunschvorstellungen vieler Ukrainier*innen ver\u00e4ndert. Was sind ihre neuen Priorit\u00e4ten?<\/p>\r\n\t\t<\/a>\r\n\r\n\t<\/header><!-- .entry-header -->\r\n\r\n\t<figure class=\"post__image\">\r\n\t\t<a href=\"https:\/\/visualjournalism.de\/en\/magazine\/ideale\/bomben-verandern-ideale\/\" rel=\"bookmark\">\r\n\t\t\t<img loading=\"lazy\" decoding=\"async\" width=\"1400\" height=\"931\" src=\"https:\/\/visualjournalism.de\/wp-content\/uploads\/Tania-Piliavska.MM_.5-2-1400x931.jpg\" class=\"attachment-photo-block--full size-photo-block--full\" alt=\"Portr\u00e4tfoto der ukrainischen Autorin Tania Piliavska, Foto: Momen Mostafa\" srcset=\"https:\/\/visualjournalism.de\/wp-content\/uploads\/Tania-Piliavska.MM_.5-2-1400x931.jpg 1400w, https:\/\/visualjournalism.de\/wp-content\/uploads\/Tania-Piliavska.MM_.5-2-300x200.jpg 300w, https:\/\/visualjournalism.de\/wp-content\/uploads\/Tania-Piliavska.MM_.5-2-1024x681.jpg 1024w, https:\/\/visualjournalism.de\/wp-content\/uploads\/Tania-Piliavska.MM_.5-2-768x511.jpg 768w, https:\/\/visualjournalism.de\/wp-content\/uploads\/Tania-Piliavska.MM_.5-2-1536x1022.jpg 1536w, https:\/\/visualjournalism.de\/wp-content\/uploads\/Tania-Piliavska.MM_.5-2-2048x1363.jpg 2048w, https:\/\/visualjournalism.de\/wp-content\/uploads\/Tania-Piliavska.MM_.5-2-1920x1277.jpg 1920w, https:\/\/visualjournalism.de\/wp-content\/uploads\/Tania-Piliavska.MM_.5-2-1050x699.jpg 1050w, https:\/\/visualjournalism.de\/wp-content\/uploads\/Tania-Piliavska.MM_.5-2-670x446.jpg 670w, https:\/\/visualjournalism.de\/wp-content\/uploads\/Tania-Piliavska.MM_.5-2-420x279.jpg 420w, https:\/\/visualjournalism.de\/wp-content\/uploads\/Tania-Piliavska.MM_.5-2-350x233.jpg 350w, https:\/\/visualjournalism.de\/wp-content\/uploads\/Tania-Piliavska.MM_.5-2-150x100.jpg 150w\" sizes=\"auto, (max-width: 1400px) 100vw, 1400px\" \/>\t\t<\/a>\r\n\t<\/figure><!-- .post__image -->\r\n\r\n<\/article>\r\n","protected":false},"excerpt":{"rendered":"","protected":false},"author":4,"featured_media":0,"parent":0,"menu_order":0,"comment_status":"closed","ping_status":"closed","template":"","meta":{"_acf_changed":false,"footnotes":""},"class_list":["post-22301","page","type-page","status-publish","hentry"],"acf":[],"yoast_head":"<!-- This site is optimized with the Yoast SEO Premium plugin v27.3 (Yoast SEO v27.3) - https:\/\/yoast.com\/product\/yoast-seo-premium-wordpress\/ -->\n<title>Tania Piliavska &#8211; Visual Journalism and Documentary Photography<\/title>\n<meta name=\"robots\" content=\"index, follow, max-snippet:-1, max-image-preview:large, max-video-preview:-1\" \/>\n<link rel=\"canonical\" href=\"https:\/\/visualjournalism.de\/en\/tania-piliavska\/\" \/>\n<meta property=\"og:locale\" content=\"en_US\" \/>\n<meta property=\"og:type\" content=\"article\" \/>\n<meta property=\"og:title\" content=\"Tania Piliavska\" \/>\n<meta property=\"og:url\" content=\"https:\/\/visualjournalism.de\/en\/tania-piliavska\/\" \/>\n<meta property=\"og:site_name\" content=\"Visual Journalism and Documentary Photography\" \/>\n<meta property=\"article:publisher\" content=\"https:\/\/www.facebook.com\/people\/wwwfotostudentende\/100065173703897\/\" \/>\n<meta property=\"article:modified_time\" content=\"2023-06-28T11:54:25+00:00\" \/>\n<meta name=\"twitter:card\" content=\"summary_large_image\" \/>\n<meta name=\"twitter:site\" content=\"@HsHannover\" \/>\n<meta name=\"twitter:label1\" content=\"Est. reading time\" \/>\n\t<meta name=\"twitter:data1\" content=\"1 minute\" \/>\n<script type=\"application\/ld+json\" class=\"yoast-schema-graph\">{\"@context\":\"https:\\\/\\\/schema.org\",\"@graph\":[{\"@type\":\"WebPage\",\"@id\":\"https:\\\/\\\/visualjournalism.de\\\/en\\\/tania-piliavska\\\/\",\"url\":\"https:\\\/\\\/visualjournalism.de\\\/en\\\/tania-piliavska\\\/\",\"name\":\"Tania Piliavska &#8211; Visual Journalism and Documentary Photography\",\"isPartOf\":{\"@id\":\"https:\\\/\\\/visualjournalism.de\\\/en\\\/#website\"},\"datePublished\":\"2023-06-14T14:02:21+00:00\",\"dateModified\":\"2023-06-28T11:54:25+00:00\",\"breadcrumb\":{\"@id\":\"https:\\\/\\\/visualjournalism.de\\\/en\\\/tania-piliavska\\\/#breadcrumb\"},\"inLanguage\":\"en-US\",\"potentialAction\":[{\"@type\":\"ReadAction\",\"target\":[\"https:\\\/\\\/visualjournalism.de\\\/en\\\/tania-piliavska\\\/\"]}]},{\"@type\":\"BreadcrumbList\",\"@id\":\"https:\\\/\\\/visualjournalism.de\\\/en\\\/tania-piliavska\\\/#breadcrumb\",\"itemListElement\":[{\"@type\":\"ListItem\",\"position\":1,\"name\":\"Home\",\"item\":\"https:\\\/\\\/visualjournalism.de\\\/en\\\/\"},{\"@type\":\"ListItem\",\"position\":2,\"name\":\"Tania Piliavska\"}]},{\"@type\":\"WebSite\",\"@id\":\"https:\\\/\\\/visualjournalism.de\\\/en\\\/#website\",\"url\":\"https:\\\/\\\/visualjournalism.de\\\/en\\\/\",\"name\":\"Visual Journalism and Documentary Photography\",\"description\":\"All about the bilingual bachelor&#039;s program at Hannover University of Applied Sciences and Arts.\",\"publisher\":{\"@id\":\"https:\\\/\\\/visualjournalism.de\\\/en\\\/#organization\"},\"alternateName\":\"visualjournalism.de\",\"potentialAction\":[{\"@type\":\"SearchAction\",\"target\":{\"@type\":\"EntryPoint\",\"urlTemplate\":\"https:\\\/\\\/visualjournalism.de\\\/en\\\/?s={search_term_string}\"},\"query-input\":{\"@type\":\"PropertyValueSpecification\",\"valueRequired\":true,\"valueName\":\"search_term_string\"}}],\"inLanguage\":\"en-US\"},{\"@type\":\"Organization\",\"@id\":\"https:\\\/\\\/visualjournalism.de\\\/en\\\/#organization\",\"name\":\"Hochschule Hannover \u2013 University of Applied Sciences and Arts\",\"alternateName\":\"HsH\",\"url\":\"https:\\\/\\\/visualjournalism.de\\\/en\\\/\",\"logo\":{\"@type\":\"ImageObject\",\"inLanguage\":\"en-US\",\"@id\":\"https:\\\/\\\/visualjournalism.de\\\/en\\\/#\\\/schema\\\/logo\\\/image\\\/\",\"url\":\"https:\\\/\\\/visualjournalism.de\\\/wp-content\\\/uploads\\\/logo-hochschule-hannover.png\",\"contentUrl\":\"https:\\\/\\\/visualjournalism.de\\\/wp-content\\\/uploads\\\/logo-hochschule-hannover.png\",\"width\":363,\"height\":270,\"caption\":\"Hochschule Hannover \u2013 University of Applied Sciences and Arts\"},\"image\":{\"@id\":\"https:\\\/\\\/visualjournalism.de\\\/en\\\/#\\\/schema\\\/logo\\\/image\\\/\"},\"sameAs\":[\"https:\\\/\\\/www.facebook.com\\\/people\\\/wwwfotostudentende\\\/100065173703897\\\/\",\"https:\\\/\\\/x.com\\\/HsHannover\",\"https:\\\/\\\/www.instagram.com\\\/visualjournalism.de\\\/\"]}]}<\/script>\n<!-- \/ Yoast SEO Premium plugin. -->","yoast_head_json":{"title":"Tania Piliavska &#8211; Visual Journalism and Documentary Photography","robots":{"index":"index","follow":"follow","max-snippet":"max-snippet:-1","max-image-preview":"max-image-preview:large","max-video-preview":"max-video-preview:-1"},"canonical":"https:\/\/visualjournalism.de\/en\/tania-piliavska\/","og_locale":"en_US","og_type":"article","og_title":"Tania Piliavska","og_url":"https:\/\/visualjournalism.de\/en\/tania-piliavska\/","og_site_name":"Visual Journalism and Documentary Photography","article_publisher":"https:\/\/www.facebook.com\/people\/wwwfotostudentende\/100065173703897\/","article_modified_time":"2023-06-28T11:54:25+00:00","twitter_card":"summary_large_image","twitter_site":"@HsHannover","twitter_misc":{"Est. reading time":"1 minute"},"schema":{"@context":"https:\/\/schema.org","@graph":[{"@type":"WebPage","@id":"https:\/\/visualjournalism.de\/en\/tania-piliavska\/","url":"https:\/\/visualjournalism.de\/en\/tania-piliavska\/","name":"Tania Piliavska &#8211; Visual Journalism and Documentary Photography","isPartOf":{"@id":"https:\/\/visualjournalism.de\/en\/#website"},"datePublished":"2023-06-14T14:02:21+00:00","dateModified":"2023-06-28T11:54:25+00:00","breadcrumb":{"@id":"https:\/\/visualjournalism.de\/en\/tania-piliavska\/#breadcrumb"},"inLanguage":"en-US","potentialAction":[{"@type":"ReadAction","target":["https:\/\/visualjournalism.de\/en\/tania-piliavska\/"]}]},{"@type":"BreadcrumbList","@id":"https:\/\/visualjournalism.de\/en\/tania-piliavska\/#breadcrumb","itemListElement":[{"@type":"ListItem","position":1,"name":"Home","item":"https:\/\/visualjournalism.de\/en\/"},{"@type":"ListItem","position":2,"name":"Tania Piliavska"}]},{"@type":"WebSite","@id":"https:\/\/visualjournalism.de\/en\/#website","url":"https:\/\/visualjournalism.de\/en\/","name":"Visual Journalism and Documentary Photography","description":"All about the bilingual bachelor&#039;s program at Hannover University of Applied Sciences and Arts.","publisher":{"@id":"https:\/\/visualjournalism.de\/en\/#organization"},"alternateName":"visualjournalism.de","potentialAction":[{"@type":"SearchAction","target":{"@type":"EntryPoint","urlTemplate":"https:\/\/visualjournalism.de\/en\/?s={search_term_string}"},"query-input":{"@type":"PropertyValueSpecification","valueRequired":true,"valueName":"search_term_string"}}],"inLanguage":"en-US"},{"@type":"Organization","@id":"https:\/\/visualjournalism.de\/en\/#organization","name":"Hochschule Hannover \u2013 University of Applied Sciences and Arts","alternateName":"HsH","url":"https:\/\/visualjournalism.de\/en\/","logo":{"@type":"ImageObject","inLanguage":"en-US","@id":"https:\/\/visualjournalism.de\/en\/#\/schema\/logo\/image\/","url":"https:\/\/visualjournalism.de\/wp-content\/uploads\/logo-hochschule-hannover.png","contentUrl":"https:\/\/visualjournalism.de\/wp-content\/uploads\/logo-hochschule-hannover.png","width":363,"height":270,"caption":"Hochschule Hannover \u2013 University of Applied Sciences and Arts"},"image":{"@id":"https:\/\/visualjournalism.de\/en\/#\/schema\/logo\/image\/"},"sameAs":["https:\/\/www.facebook.com\/people\/wwwfotostudentende\/100065173703897\/","https:\/\/x.com\/HsHannover","https:\/\/www.instagram.com\/visualjournalism.de\/"]}]}},"_links":{"self":[{"href":"https:\/\/visualjournalism.de\/en\/wp-json\/wp\/v2\/pages\/22301","targetHints":{"allow":["GET"]}}],"collection":[{"href":"https:\/\/visualjournalism.de\/en\/wp-json\/wp\/v2\/pages"}],"about":[{"href":"https:\/\/visualjournalism.de\/en\/wp-json\/wp\/v2\/types\/page"}],"author":[{"embeddable":true,"href":"https:\/\/visualjournalism.de\/en\/wp-json\/wp\/v2\/users\/4"}],"replies":[{"embeddable":true,"href":"https:\/\/visualjournalism.de\/en\/wp-json\/wp\/v2\/comments?post=22301"}],"version-history":[{"count":0,"href":"https:\/\/visualjournalism.de\/en\/wp-json\/wp\/v2\/pages\/22301\/revisions"}],"wp:attachment":[{"href":"https:\/\/visualjournalism.de\/en\/wp-json\/wp\/v2\/media?parent=22301"}],"curies":[{"name":"wp","href":"https:\/\/api.w.org\/{rel}","templated":true}]}}