{"id":22934,"date":"2023-06-21T08:39:43","date_gmt":"2023-06-21T08:39:43","guid":{"rendered":"https:\/\/visualjournalism.de\/?page_id=22934"},"modified":"2023-10-20T17:55:08","modified_gmt":"2023-10-20T17:55:08","slug":"louisa-hertz","status":"publish","type":"page","link":"https:\/\/visualjournalism.de\/en\/louisa-hertz\/","title":{"rendered":"Louisa Hertz"},"content":{"rendered":"\n \n\n    <div id=\"lead-in-block_c5c5bf73fce26e8b4a1aa7dd4c2487bc\" class=\"block-lead-in typo--default font-size--xl has-spacing--m width--default\">\n        <h1>Louisa Hertz<\/h1>\n    <\/div>\n\n\n\n\n<div class=\"pinned-block has-spacing--none\">\n\t\n\n<div class=\"pinned-block__column--left\">\n    \n    <figure class=\"block-photo post__image--half-center has-spacing--m no-title\">\n\n        <div class=\"post__image__container\">\n            <img loading=\"lazy\" decoding=\"async\" \n                src=\"https:\/\/visualjournalism.de\/wp-content\/uploads\/MG_0169-Kopie-768x1024.jpg\"\n                srcset=\"https:\/\/visualjournalism.de\/wp-content\/uploads\/MG_0169-Kopie-768x1024.jpg 768w, https:\/\/visualjournalism.de\/wp-content\/uploads\/MG_0169-Kopie-225x300.jpg 225w, https:\/\/visualjournalism.de\/wp-content\/uploads\/MG_0169-Kopie-1152x1536.jpg 1152w, https:\/\/visualjournalism.de\/wp-content\/uploads\/MG_0169-Kopie-1050x1400.jpg 1050w, https:\/\/visualjournalism.de\/wp-content\/uploads\/MG_0169-Kopie-670x893.jpg 670w, https:\/\/visualjournalism.de\/wp-content\/uploads\/MG_0169-Kopie-420x560.jpg 420w, https:\/\/visualjournalism.de\/wp-content\/uploads\/MG_0169-Kopie-350x467.jpg 350w, https:\/\/visualjournalism.de\/wp-content\/uploads\/MG_0169-Kopie-300x400.jpg 300w, https:\/\/visualjournalism.de\/wp-content\/uploads\/MG_0169-Kopie-640x853.jpg 640w, https:\/\/visualjournalism.de\/wp-content\/uploads\/MG_0169-Kopie-150x200.jpg 150w, https:\/\/visualjournalism.de\/wp-content\/uploads\/MG_0169-Kopie.jpg 1200w\"\n                width=\"768\" \n                height=\"1024\"\n                alt=\"\" \n            \/>\n            \n                    <\/div><!-- post__image__container -->\n\n        \n    <\/figure><!-- post__image -->\n\n\n\n<\/div>\n\n\n<div class=\"pinned-block__column--right\">\n    \n\n<p class=\"post__paragraph is-style-typo--soehne has-spacing--default\"><strong>Louisa Hertz<\/strong> ist 22 Jahre alt und studiert an der HS Hannover Journalistik. Sie schreibt als freie Journalistin f\u00fcr das Jugendportal \u00abMads\u00bb der HAZ. Nach ihrem Studium m\u00f6chte sie im Sportjournalismus und im investigativen Journalismus arbeiten.\u00a0<\/p>\n\n\n\n<p class=\"post__paragraph is-style-typo--soehne has-spacing--default\"><strong>Kontakt<\/strong><br>louisa.hertz@t-online.de<br><br><\/p>\n\n\n<\/div>\n<\/div>\n\n\n<div class=\"devider has-spacing--none\">\n    <hr>\n<\/div>\n\n\n \n\n    <div id=\"lead-in-block_cf94d7995d3d869317a37db98b5d64f2\" class=\"block-lead-in typo--default font-size--default has-spacing--xs width--default\">\n        <h2>Louisas Beitr\u00e4ge:<\/h2>\n    <\/div>\n\n\n\n\r\n<article class=\"post-teaser teaser-single--full has-spacing--m post-18931 magazin type-magazin status-publish has-post-thumbnail hentry tag-randgebiet magazinkategorie-randgebiet\">\r\n\t<header class=\"entry-header\">\r\n\r\n\t\t<div class=\"entry-categories\">\n\t<a class=\"post__tag\" href=\"https:\/\/visualjournalism.de\/magazin-kategorie\/randgebiet\/\" rel=\"category tag\">Randgebiet<\/a><\/div>\r\n\t\t<a href=\"https:\/\/visualjournalism.de\/en\/magazine\/randgebiet\/nordhorn-range-tieffluege-bomben-und-buergerproteste\/\" rel=\"bookmark\">\r\n\t\t\t<h2 class=\"entry-title\">Nordhorn Range: Tieffl\u00fcge, Bomben und B\u00fcrgerproteste.<\/h2>\r\n\t\t\t<p class=\"entry-excerpt\">Nordhorn Range ist Deutschlands einziger \u00dcbungsplatz f\u00fcr Tieffl\u00fcge und Bombenabw\u00fcrfe. Anwohner*innen k\u00e4mpfen seit Jahren dagegen. \u00dcber ein Randgebiet im Konflikt.<\/p>\r\n\t\t<\/a>\r\n\r\n\t<\/header><!-- .entry-header -->\r\n\r\n\t<figure class=\"post__image\">\r\n\t\t<a href=\"https:\/\/visualjournalism.de\/en\/magazine\/randgebiet\/nordhorn-range-tieffluege-bomben-und-buergerproteste\/\" rel=\"bookmark\">\r\n\t\t\t<img loading=\"lazy\" decoding=\"async\" width=\"1400\" height=\"934\" src=\"https:\/\/visualjournalism.de\/wp-content\/uploads\/3_DSC9374-1400x934.jpg\" class=\"attachment-photo-block--full size-photo-block--full\" alt=\"Ein Soldat in Tarnuniform arbeitet im Kontrollraum der Nordhorn Range, einer milit\u00e4rischen Schie\u00dfanlage, vor einem Computer. Ein weiterer Soldat ist im Hintergrund an einem anderen Arbeitsplatz zu sehen, w\u00e4hrend der Kontrollraum durch gro\u00dfe Fenster den Blick auf die Anlage und die umliegende Landschaft bietet.\" srcset=\"https:\/\/visualjournalism.de\/wp-content\/uploads\/3_DSC9374-1400x934.jpg 1400w, https:\/\/visualjournalism.de\/wp-content\/uploads\/3_DSC9374-300x200.jpg 300w, https:\/\/visualjournalism.de\/wp-content\/uploads\/3_DSC9374-1024x683.jpg 1024w, https:\/\/visualjournalism.de\/wp-content\/uploads\/3_DSC9374-768x512.jpg 768w, https:\/\/visualjournalism.de\/wp-content\/uploads\/3_DSC9374-1536x1024.jpg 1536w, https:\/\/visualjournalism.de\/wp-content\/uploads\/3_DSC9374-1050x700.jpg 1050w, https:\/\/visualjournalism.de\/wp-content\/uploads\/3_DSC9374-670x447.jpg 670w, https:\/\/visualjournalism.de\/wp-content\/uploads\/3_DSC9374-420x280.jpg 420w, https:\/\/visualjournalism.de\/wp-content\/uploads\/3_DSC9374-350x233.jpg 350w, https:\/\/visualjournalism.de\/wp-content\/uploads\/3_DSC9374-150x100.jpg 150w, https:\/\/visualjournalism.de\/wp-content\/uploads\/3_DSC9374.jpg 1600w\" sizes=\"auto, (max-width: 1400px) 100vw, 1400px\" \/>\t\t<\/a>\r\n\t<\/figure><!-- .post__image -->\r\n\r\n<\/article>\r\n","protected":false},"excerpt":{"rendered":"","protected":false},"author":37,"featured_media":22932,"parent":0,"menu_order":0,"comment_status":"closed","ping_status":"closed","template":"","meta":{"_acf_changed":false,"footnotes":""},"class_list":["post-22934","page","type-page","status-publish","has-post-thumbnail","hentry"],"acf":[],"yoast_head":"<!-- This site is optimized with the Yoast SEO Premium plugin v27.3 (Yoast SEO v27.3) - https:\/\/yoast.com\/product\/yoast-seo-premium-wordpress\/ -->\n<title>Louisa Hertz &#8211; Visual Journalism and Documentary Photography<\/title>\n<meta name=\"robots\" content=\"index, follow, max-snippet:-1, max-image-preview:large, max-video-preview:-1\" \/>\n<link rel=\"canonical\" href=\"https:\/\/visualjournalism.de\/en\/louisa-hertz\/\" \/>\n<meta property=\"og:locale\" content=\"en_US\" \/>\n<meta property=\"og:type\" content=\"article\" \/>\n<meta property=\"og:title\" content=\"Louisa Hertz\" \/>\n<meta property=\"og:url\" content=\"https:\/\/visualjournalism.de\/en\/louisa-hertz\/\" \/>\n<meta property=\"og:site_name\" content=\"Visual Journalism and Documentary Photography\" \/>\n<meta property=\"article:publisher\" content=\"https:\/\/www.facebook.com\/people\/wwwfotostudentende\/100065173703897\/\" \/>\n<meta property=\"article:modified_time\" content=\"2023-10-20T17:55:08+00:00\" \/>\n<meta property=\"og:image\" content=\"https:\/\/visualjournalism.de\/wp-content\/uploads\/MG_0169-Kopie-2.jpg\" \/>\n\t<meta property=\"og:image:width\" content=\"1200\" \/>\n\t<meta property=\"og:image:height\" content=\"1600\" \/>\n\t<meta property=\"og:image:type\" content=\"image\/jpeg\" \/>\n<meta name=\"twitter:card\" content=\"summary_large_image\" \/>\n<meta name=\"twitter:site\" content=\"@HsHannover\" \/>\n<meta name=\"twitter:label1\" content=\"Est. reading time\" \/>\n\t<meta name=\"twitter:data1\" content=\"1 minute\" \/>\n<script type=\"application\/ld+json\" class=\"yoast-schema-graph\">{\"@context\":\"https:\\\/\\\/schema.org\",\"@graph\":[{\"@type\":\"WebPage\",\"@id\":\"https:\\\/\\\/visualjournalism.de\\\/en\\\/louisa-hertz\\\/\",\"url\":\"https:\\\/\\\/visualjournalism.de\\\/en\\\/louisa-hertz\\\/\",\"name\":\"Louisa Hertz &#8211; Visual Journalism and Documentary Photography\",\"isPartOf\":{\"@id\":\"https:\\\/\\\/visualjournalism.de\\\/en\\\/#website\"},\"primaryImageOfPage\":{\"@id\":\"https:\\\/\\\/visualjournalism.de\\\/en\\\/louisa-hertz\\\/#primaryimage\"},\"image\":{\"@id\":\"https:\\\/\\\/visualjournalism.de\\\/en\\\/louisa-hertz\\\/#primaryimage\"},\"thumbnailUrl\":\"https:\\\/\\\/visualjournalism.de\\\/wp-content\\\/uploads\\\/MG_0169-Kopie-2.jpg\",\"datePublished\":\"2023-06-21T08:39:43+00:00\",\"dateModified\":\"2023-10-20T17:55:08+00:00\",\"breadcrumb\":{\"@id\":\"https:\\\/\\\/visualjournalism.de\\\/en\\\/louisa-hertz\\\/#breadcrumb\"},\"inLanguage\":\"en-US\",\"potentialAction\":[{\"@type\":\"ReadAction\",\"target\":[\"https:\\\/\\\/visualjournalism.de\\\/en\\\/louisa-hertz\\\/\"]}]},{\"@type\":\"ImageObject\",\"inLanguage\":\"en-US\",\"@id\":\"https:\\\/\\\/visualjournalism.de\\\/en\\\/louisa-hertz\\\/#primaryimage\",\"url\":\"https:\\\/\\\/visualjournalism.de\\\/wp-content\\\/uploads\\\/MG_0169-Kopie-2.jpg\",\"contentUrl\":\"https:\\\/\\\/visualjournalism.de\\\/wp-content\\\/uploads\\\/MG_0169-Kopie-2.jpg\",\"width\":1200,\"height\":1600},{\"@type\":\"BreadcrumbList\",\"@id\":\"https:\\\/\\\/visualjournalism.de\\\/en\\\/louisa-hertz\\\/#breadcrumb\",\"itemListElement\":[{\"@type\":\"ListItem\",\"position\":1,\"name\":\"Home\",\"item\":\"https:\\\/\\\/visualjournalism.de\\\/en\\\/\"},{\"@type\":\"ListItem\",\"position\":2,\"name\":\"Louisa Hertz\"}]},{\"@type\":\"WebSite\",\"@id\":\"https:\\\/\\\/visualjournalism.de\\\/en\\\/#website\",\"url\":\"https:\\\/\\\/visualjournalism.de\\\/en\\\/\",\"name\":\"Visual Journalism and Documentary Photography\",\"description\":\"All about the bilingual bachelor&#039;s program at Hannover University of Applied Sciences and Arts.\",\"publisher\":{\"@id\":\"https:\\\/\\\/visualjournalism.de\\\/en\\\/#organization\"},\"alternateName\":\"visualjournalism.de\",\"potentialAction\":[{\"@type\":\"SearchAction\",\"target\":{\"@type\":\"EntryPoint\",\"urlTemplate\":\"https:\\\/\\\/visualjournalism.de\\\/en\\\/?s={search_term_string}\"},\"query-input\":{\"@type\":\"PropertyValueSpecification\",\"valueRequired\":true,\"valueName\":\"search_term_string\"}}],\"inLanguage\":\"en-US\"},{\"@type\":\"Organization\",\"@id\":\"https:\\\/\\\/visualjournalism.de\\\/en\\\/#organization\",\"name\":\"Hochschule Hannover \u2013 University of Applied Sciences and Arts\",\"alternateName\":\"HsH\",\"url\":\"https:\\\/\\\/visualjournalism.de\\\/en\\\/\",\"logo\":{\"@type\":\"ImageObject\",\"inLanguage\":\"en-US\",\"@id\":\"https:\\\/\\\/visualjournalism.de\\\/en\\\/#\\\/schema\\\/logo\\\/image\\\/\",\"url\":\"https:\\\/\\\/visualjournalism.de\\\/wp-content\\\/uploads\\\/logo-hochschule-hannover.png\",\"contentUrl\":\"https:\\\/\\\/visualjournalism.de\\\/wp-content\\\/uploads\\\/logo-hochschule-hannover.png\",\"width\":363,\"height\":270,\"caption\":\"Hochschule Hannover \u2013 University of Applied Sciences and Arts\"},\"image\":{\"@id\":\"https:\\\/\\\/visualjournalism.de\\\/en\\\/#\\\/schema\\\/logo\\\/image\\\/\"},\"sameAs\":[\"https:\\\/\\\/www.facebook.com\\\/people\\\/wwwfotostudentende\\\/100065173703897\\\/\",\"https:\\\/\\\/x.com\\\/HsHannover\",\"https:\\\/\\\/www.instagram.com\\\/visualjournalism.de\\\/\"]}]}<\/script>\n<!-- \/ Yoast SEO Premium plugin. -->","yoast_head_json":{"title":"Louisa Hertz &#8211; Visual Journalism and Documentary Photography","robots":{"index":"index","follow":"follow","max-snippet":"max-snippet:-1","max-image-preview":"max-image-preview:large","max-video-preview":"max-video-preview:-1"},"canonical":"https:\/\/visualjournalism.de\/en\/louisa-hertz\/","og_locale":"en_US","og_type":"article","og_title":"Louisa Hertz","og_url":"https:\/\/visualjournalism.de\/en\/louisa-hertz\/","og_site_name":"Visual Journalism and Documentary Photography","article_publisher":"https:\/\/www.facebook.com\/people\/wwwfotostudentende\/100065173703897\/","article_modified_time":"2023-10-20T17:55:08+00:00","og_image":[{"width":1200,"height":1600,"url":"https:\/\/visualjournalism.de\/wp-content\/uploads\/MG_0169-Kopie-2.jpg","type":"image\/jpeg"}],"twitter_card":"summary_large_image","twitter_site":"@HsHannover","twitter_misc":{"Est. reading time":"1 minute"},"schema":{"@context":"https:\/\/schema.org","@graph":[{"@type":"WebPage","@id":"https:\/\/visualjournalism.de\/en\/louisa-hertz\/","url":"https:\/\/visualjournalism.de\/en\/louisa-hertz\/","name":"Louisa Hertz &#8211; Visual Journalism and Documentary Photography","isPartOf":{"@id":"https:\/\/visualjournalism.de\/en\/#website"},"primaryImageOfPage":{"@id":"https:\/\/visualjournalism.de\/en\/louisa-hertz\/#primaryimage"},"image":{"@id":"https:\/\/visualjournalism.de\/en\/louisa-hertz\/#primaryimage"},"thumbnailUrl":"https:\/\/visualjournalism.de\/wp-content\/uploads\/MG_0169-Kopie-2.jpg","datePublished":"2023-06-21T08:39:43+00:00","dateModified":"2023-10-20T17:55:08+00:00","breadcrumb":{"@id":"https:\/\/visualjournalism.de\/en\/louisa-hertz\/#breadcrumb"},"inLanguage":"en-US","potentialAction":[{"@type":"ReadAction","target":["https:\/\/visualjournalism.de\/en\/louisa-hertz\/"]}]},{"@type":"ImageObject","inLanguage":"en-US","@id":"https:\/\/visualjournalism.de\/en\/louisa-hertz\/#primaryimage","url":"https:\/\/visualjournalism.de\/wp-content\/uploads\/MG_0169-Kopie-2.jpg","contentUrl":"https:\/\/visualjournalism.de\/wp-content\/uploads\/MG_0169-Kopie-2.jpg","width":1200,"height":1600},{"@type":"BreadcrumbList","@id":"https:\/\/visualjournalism.de\/en\/louisa-hertz\/#breadcrumb","itemListElement":[{"@type":"ListItem","position":1,"name":"Home","item":"https:\/\/visualjournalism.de\/en\/"},{"@type":"ListItem","position":2,"name":"Louisa Hertz"}]},{"@type":"WebSite","@id":"https:\/\/visualjournalism.de\/en\/#website","url":"https:\/\/visualjournalism.de\/en\/","name":"Visual Journalism and Documentary Photography","description":"All about the bilingual bachelor&#039;s program at Hannover University of Applied Sciences and Arts.","publisher":{"@id":"https:\/\/visualjournalism.de\/en\/#organization"},"alternateName":"visualjournalism.de","potentialAction":[{"@type":"SearchAction","target":{"@type":"EntryPoint","urlTemplate":"https:\/\/visualjournalism.de\/en\/?s={search_term_string}"},"query-input":{"@type":"PropertyValueSpecification","valueRequired":true,"valueName":"search_term_string"}}],"inLanguage":"en-US"},{"@type":"Organization","@id":"https:\/\/visualjournalism.de\/en\/#organization","name":"Hochschule Hannover \u2013 University of Applied Sciences and Arts","alternateName":"HsH","url":"https:\/\/visualjournalism.de\/en\/","logo":{"@type":"ImageObject","inLanguage":"en-US","@id":"https:\/\/visualjournalism.de\/en\/#\/schema\/logo\/image\/","url":"https:\/\/visualjournalism.de\/wp-content\/uploads\/logo-hochschule-hannover.png","contentUrl":"https:\/\/visualjournalism.de\/wp-content\/uploads\/logo-hochschule-hannover.png","width":363,"height":270,"caption":"Hochschule Hannover \u2013 University of Applied Sciences and Arts"},"image":{"@id":"https:\/\/visualjournalism.de\/en\/#\/schema\/logo\/image\/"},"sameAs":["https:\/\/www.facebook.com\/people\/wwwfotostudentende\/100065173703897\/","https:\/\/x.com\/HsHannover","https:\/\/www.instagram.com\/visualjournalism.de\/"]}]}},"_links":{"self":[{"href":"https:\/\/visualjournalism.de\/en\/wp-json\/wp\/v2\/pages\/22934","targetHints":{"allow":["GET"]}}],"collection":[{"href":"https:\/\/visualjournalism.de\/en\/wp-json\/wp\/v2\/pages"}],"about":[{"href":"https:\/\/visualjournalism.de\/en\/wp-json\/wp\/v2\/types\/page"}],"author":[{"embeddable":true,"href":"https:\/\/visualjournalism.de\/en\/wp-json\/wp\/v2\/users\/37"}],"replies":[{"embeddable":true,"href":"https:\/\/visualjournalism.de\/en\/wp-json\/wp\/v2\/comments?post=22934"}],"version-history":[{"count":0,"href":"https:\/\/visualjournalism.de\/en\/wp-json\/wp\/v2\/pages\/22934\/revisions"}],"wp:featuredmedia":[{"embeddable":true,"href":"https:\/\/visualjournalism.de\/en\/wp-json\/wp\/v2\/media\/22932"}],"wp:attachment":[{"href":"https:\/\/visualjournalism.de\/en\/wp-json\/wp\/v2\/media?parent=22934"}],"curies":[{"name":"wp","href":"https:\/\/api.w.org\/{rel}","templated":true}]}}