{"id":25985,"date":"2023-07-20T14:04:45","date_gmt":"2023-07-20T14:04:45","guid":{"rendered":"https:\/\/visualjournalism.de\/?page_id=25985"},"modified":"2023-10-10T15:29:45","modified_gmt":"2023-10-10T15:29:45","slug":"jana-mai","status":"publish","type":"page","link":"https:\/\/visualjournalism.de\/en\/jana-mai\/","title":{"rendered":"Jana Mai"},"content":{"rendered":"\n \n\n    <div id=\"lead-in-block_95b606523d93e60bda530af66db605a7\" class=\"block-lead-in typo--soehne font-size--xl has-spacing--s width--full\">\n        <h1><strong>Jana Mai<\/strong><\/h1>\n    <\/div>\n\n\n\n\n<div class=\"pinned-block has-spacing--m\">\n\t\n\n<div class=\"pinned-block__column--left\">\n    \n    <figure class=\"block-photo post__image--wide-left has-spacing--xs with-title\">\n\n        <div class=\"post__image__container\">\n            <img loading=\"lazy\" decoding=\"async\" \n                src=\"https:\/\/visualjournalism.de\/wp-content\/uploads\/Jana_Mai_Portrait_HighRes-1-1050x1050.jpg\"\n                srcset=\"https:\/\/visualjournalism.de\/wp-content\/uploads\/Jana_Mai_Portrait_HighRes-1-1050x1050.jpg 1050w, https:\/\/visualjournalism.de\/wp-content\/uploads\/Jana_Mai_Portrait_HighRes-1-300x300.jpg 300w, https:\/\/visualjournalism.de\/wp-content\/uploads\/Jana_Mai_Portrait_HighRes-1-1024x1024.jpg 1024w, https:\/\/visualjournalism.de\/wp-content\/uploads\/Jana_Mai_Portrait_HighRes-1-150x150.jpg 150w, https:\/\/visualjournalism.de\/wp-content\/uploads\/Jana_Mai_Portrait_HighRes-1-768x768.jpg 768w, https:\/\/visualjournalism.de\/wp-content\/uploads\/Jana_Mai_Portrait_HighRes-1-1536x1536.jpg 1536w, https:\/\/visualjournalism.de\/wp-content\/uploads\/Jana_Mai_Portrait_HighRes-1-1400x1400.jpg 1400w, https:\/\/visualjournalism.de\/wp-content\/uploads\/Jana_Mai_Portrait_HighRes-1-670x670.jpg 670w, https:\/\/visualjournalism.de\/wp-content\/uploads\/Jana_Mai_Portrait_HighRes-1-420x420.jpg 420w, https:\/\/visualjournalism.de\/wp-content\/uploads\/Jana_Mai_Portrait_HighRes-1-350x350.jpg 350w, https:\/\/visualjournalism.de\/wp-content\/uploads\/Jana_Mai_Portrait_HighRes-1-52x52.jpg 52w, https:\/\/visualjournalism.de\/wp-content\/uploads\/Jana_Mai_Portrait_HighRes-1-68x68.jpg 68w, https:\/\/visualjournalism.de\/wp-content\/uploads\/Jana_Mai_Portrait_HighRes-1-96x96.jpg 96w, https:\/\/visualjournalism.de\/wp-content\/uploads\/Jana_Mai_Portrait_HighRes-1.jpg 1736w\"\n                width=\"1050\" \n                height=\"1050\"\n                alt=\"\" \n            \/>\n            \n                            <span class=\"post__image__title\">Foto: <\/span>\n                    <\/div><!-- post__image__container -->\n\n        \n    <\/figure><!-- post__image -->\n\n\n\n<\/div>\n\n\n<div class=\"pinned-block__column--right\">\n    \n\n<p class=\"post__paragraph is-style-typo--soehne has-spacing--default\"><strong>Geboren 1989 <\/strong>in einer kleinen Siedlung in der N\u00e4he der ehemaligen kasachischen Hauptstadt Almaty und aufgewachsen in Deutschland. Fasziniert und ergriffen von den Lebensgeschichten der Menschen auf vielen ihrer Reisen in Europa, Afrika und Asien, besch\u00e4ftigt sich Jana Mai seither mit Fragen des kollektiven Ged\u00e4chtnisses sowie dem Gef\u00fchl von Heimat und Zugeh\u00f6rigkeit und der Beziehung zwischen traditioneller Kultur und Identit\u00e4t. <br><br>2021 wurde sie mit dem World Report Award in der Kategorie Student Award ausgezeichnet und erh\u00e4lt in diesem Jahr das <a href=\"https:\/\/visualjournalism.de\/news\/auszeichnungen\/stern-preis-fuer-nanna-heitmann\/\" target=\"_blank\" rel=\"noreferrer noopener\">STERN-Stipendium<\/a>. Jana Mai arbeitet als freie Portrait- und Dokumentarfotografin unter anderem f\u00fcr STERN, die Frankfurter Allgemeine Zeitung, DER SPIEGEL und DIE ZEIT.<br><br><strong>Kontakt:<\/strong><br><br>+49 160 969 741 89 <br>mail@janamai.com<br><br><a href=\"https:\/\/www.janamai.com\/\" target=\"_blank\" rel=\"noreferrer noopener\">www.janamai.com<\/a><\/p>\n\n\n<\/div>\n<\/div>\n\n\n<div class=\"devider has-spacing--none\">\n    <hr>\n<\/div>\n\n\n \n\n    <div id=\"lead-in-block_6f0f4ebbab7abf4154add9e69dcae490\" class=\"block-lead-in typo--soehne font-size--default has-spacing--s width--default\">\n        <h2><strong>Janas Beitr\u00e4ge:<\/strong><\/h2>\n    <\/div>\n\n\n\n\r\n<article class=\"post-teaser teaser-single--full has-spacing--m post-21719 magazin type-magazin status-publish has-post-thumbnail hentry magazinkategorie-final-projects\">\r\n\t<header class=\"entry-header\">\r\n\r\n\t\t<div class=\"entry-categories\">\n\t<a class=\"post__tag\" href=\"\" rel=\"category tag\"><\/a><\/div>\r\n\t\t<a href=\"https:\/\/visualjournalism.de\/en\/magazine\/final-projects\/jana-may-bachelor\/\" rel=\"bookmark\">\r\n\t\t\t<h2 class=\"entry-title\">Because I have always been James.<\/h2>\r\n\t\t\t<p class=\"entry-excerpt\">Jana Mai accompanied a young transman in her bachelor thesis.<\/p>\r\n\t\t<\/a>\r\n\r\n\t<\/header><!-- .entry-header -->\r\n\r\n\t<figure class=\"post__image\">\r\n\t\t<a href=\"https:\/\/visualjournalism.de\/en\/magazine\/final-projects\/jana-may-bachelor\/\" rel=\"bookmark\">\r\n\t\t\t<img loading=\"lazy\" decoding=\"async\" width=\"1400\" height=\"1000\" src=\"https:\/\/visualjournalism.de\/wp-content\/uploads\/Mai-Jana_Weil-ich-schon-immer-James-war_01-1400x1000.jpg\" class=\"attachment-photo-block--full size-photo-block--full\" alt=\"\" srcset=\"https:\/\/visualjournalism.de\/wp-content\/uploads\/Mai-Jana_Weil-ich-schon-immer-James-war_01-1400x1000.jpg 1400w, https:\/\/visualjournalism.de\/wp-content\/uploads\/Mai-Jana_Weil-ich-schon-immer-James-war_01-300x214.jpg 300w, https:\/\/visualjournalism.de\/wp-content\/uploads\/Mai-Jana_Weil-ich-schon-immer-James-war_01-1024x731.jpg 1024w, https:\/\/visualjournalism.de\/wp-content\/uploads\/Mai-Jana_Weil-ich-schon-immer-James-war_01-768x549.jpg 768w, https:\/\/visualjournalism.de\/wp-content\/uploads\/Mai-Jana_Weil-ich-schon-immer-James-war_01-1536x1097.jpg 1536w, https:\/\/visualjournalism.de\/wp-content\/uploads\/Mai-Jana_Weil-ich-schon-immer-James-war_01-2048x1463.jpg 2048w, https:\/\/visualjournalism.de\/wp-content\/uploads\/Mai-Jana_Weil-ich-schon-immer-James-war_01-1920x1371.jpg 1920w, https:\/\/visualjournalism.de\/wp-content\/uploads\/Mai-Jana_Weil-ich-schon-immer-James-war_01-1050x750.jpg 1050w, https:\/\/visualjournalism.de\/wp-content\/uploads\/Mai-Jana_Weil-ich-schon-immer-James-war_01-670x479.jpg 670w, https:\/\/visualjournalism.de\/wp-content\/uploads\/Mai-Jana_Weil-ich-schon-immer-James-war_01-420x300.jpg 420w, https:\/\/visualjournalism.de\/wp-content\/uploads\/Mai-Jana_Weil-ich-schon-immer-James-war_01-350x250.jpg 350w, https:\/\/visualjournalism.de\/wp-content\/uploads\/Mai-Jana_Weil-ich-schon-immer-James-war_01-150x107.jpg 150w\" sizes=\"auto, (max-width: 1400px) 100vw, 1400px\" \/>\t\t<\/a>\r\n\t<\/figure><!-- .post__image -->\r\n\r\n<\/article>\r\n","protected":false},"excerpt":{"rendered":"","protected":false},"author":3,"featured_media":25988,"parent":0,"menu_order":0,"comment_status":"closed","ping_status":"closed","template":"","meta":{"_acf_changed":false,"footnotes":""},"class_list":["post-25985","page","type-page","status-publish","has-post-thumbnail","hentry"],"acf":[],"yoast_head":"<!-- This site is optimized with the Yoast SEO Premium plugin v27.3 (Yoast SEO v27.3) - https:\/\/yoast.com\/product\/yoast-seo-premium-wordpress\/ -->\n<title>Jana Mai<\/title>\n<meta name=\"description\" content=\"Geboren 1989 in der N\u00e4he der ehemaligen kasachischen Hauptstadt Almaty besch\u00e4ftigt sich Jana Mai mit Fragen des kollektiven Ged\u00e4chtnisses.\" \/>\n<meta name=\"robots\" content=\"index, follow, max-snippet:-1, max-image-preview:large, max-video-preview:-1\" \/>\n<link rel=\"canonical\" href=\"https:\/\/visualjournalism.de\/en\/jana-mai\/\" \/>\n<meta property=\"og:locale\" content=\"en_US\" \/>\n<meta property=\"og:type\" content=\"article\" \/>\n<meta property=\"og:title\" content=\"Jana Mai\" \/>\n<meta property=\"og:description\" content=\"Geboren 1989 in der N\u00e4he der ehemaligen kasachischen Hauptstadt Almaty besch\u00e4ftigt sich Jana Mai mit Fragen des kollektiven Ged\u00e4chtnisses.\" \/>\n<meta property=\"og:url\" content=\"https:\/\/visualjournalism.de\/en\/jana-mai\/\" \/>\n<meta property=\"og:site_name\" content=\"Visual Journalism and Documentary Photography\" \/>\n<meta property=\"article:publisher\" content=\"https:\/\/www.facebook.com\/people\/wwwfotostudentende\/100065173703897\/\" \/>\n<meta property=\"article:modified_time\" content=\"2023-10-10T15:29:45+00:00\" \/>\n<meta property=\"og:image\" content=\"https:\/\/visualjournalism.de\/wp-content\/uploads\/Jana_Mai_Portrait_HighRes-1.jpg\" \/>\n\t<meta property=\"og:image:width\" content=\"1736\" \/>\n\t<meta property=\"og:image:height\" content=\"1736\" \/>\n\t<meta property=\"og:image:type\" content=\"image\/jpeg\" \/>\n<meta name=\"twitter:card\" content=\"summary_large_image\" \/>\n<meta name=\"twitter:site\" content=\"@HsHannover\" \/>\n<meta name=\"twitter:label1\" content=\"Est. reading time\" \/>\n\t<meta name=\"twitter:data1\" content=\"1 minute\" \/>\n<script type=\"application\/ld+json\" class=\"yoast-schema-graph\">{\"@context\":\"https:\\\/\\\/schema.org\",\"@graph\":[{\"@type\":\"WebPage\",\"@id\":\"https:\\\/\\\/visualjournalism.de\\\/en\\\/jana-mai\\\/\",\"url\":\"https:\\\/\\\/visualjournalism.de\\\/en\\\/jana-mai\\\/\",\"name\":\"Jana Mai\",\"isPartOf\":{\"@id\":\"https:\\\/\\\/visualjournalism.de\\\/en\\\/#website\"},\"primaryImageOfPage\":{\"@id\":\"https:\\\/\\\/visualjournalism.de\\\/en\\\/jana-mai\\\/#primaryimage\"},\"image\":{\"@id\":\"https:\\\/\\\/visualjournalism.de\\\/en\\\/jana-mai\\\/#primaryimage\"},\"thumbnailUrl\":\"https:\\\/\\\/visualjournalism.de\\\/wp-content\\\/uploads\\\/Jana_Mai_Portrait_HighRes-1.jpg\",\"datePublished\":\"2023-07-20T14:04:45+00:00\",\"dateModified\":\"2023-10-10T15:29:45+00:00\",\"description\":\"Geboren 1989 in der N\u00e4he der ehemaligen kasachischen Hauptstadt Almaty besch\u00e4ftigt sich Jana Mai mit Fragen des kollektiven Ged\u00e4chtnisses.\",\"breadcrumb\":{\"@id\":\"https:\\\/\\\/visualjournalism.de\\\/en\\\/jana-mai\\\/#breadcrumb\"},\"inLanguage\":\"en-US\",\"potentialAction\":[{\"@type\":\"ReadAction\",\"target\":[\"https:\\\/\\\/visualjournalism.de\\\/en\\\/jana-mai\\\/\"]}]},{\"@type\":\"ImageObject\",\"inLanguage\":\"en-US\",\"@id\":\"https:\\\/\\\/visualjournalism.de\\\/en\\\/jana-mai\\\/#primaryimage\",\"url\":\"https:\\\/\\\/visualjournalism.de\\\/wp-content\\\/uploads\\\/Jana_Mai_Portrait_HighRes-1.jpg\",\"contentUrl\":\"https:\\\/\\\/visualjournalism.de\\\/wp-content\\\/uploads\\\/Jana_Mai_Portrait_HighRes-1.jpg\",\"width\":1736,\"height\":1736,\"caption\":\"Foto:\"},{\"@type\":\"BreadcrumbList\",\"@id\":\"https:\\\/\\\/visualjournalism.de\\\/en\\\/jana-mai\\\/#breadcrumb\",\"itemListElement\":[{\"@type\":\"ListItem\",\"position\":1,\"name\":\"Home\",\"item\":\"https:\\\/\\\/visualjournalism.de\\\/en\\\/\"},{\"@type\":\"ListItem\",\"position\":2,\"name\":\"Jana Mai\"}]},{\"@type\":\"WebSite\",\"@id\":\"https:\\\/\\\/visualjournalism.de\\\/en\\\/#website\",\"url\":\"https:\\\/\\\/visualjournalism.de\\\/en\\\/\",\"name\":\"Visual Journalism and Documentary Photography\",\"description\":\"All about the bilingual bachelor&#039;s program at Hannover University of Applied Sciences and Arts.\",\"publisher\":{\"@id\":\"https:\\\/\\\/visualjournalism.de\\\/en\\\/#organization\"},\"alternateName\":\"visualjournalism.de\",\"potentialAction\":[{\"@type\":\"SearchAction\",\"target\":{\"@type\":\"EntryPoint\",\"urlTemplate\":\"https:\\\/\\\/visualjournalism.de\\\/en\\\/?s={search_term_string}\"},\"query-input\":{\"@type\":\"PropertyValueSpecification\",\"valueRequired\":true,\"valueName\":\"search_term_string\"}}],\"inLanguage\":\"en-US\"},{\"@type\":\"Organization\",\"@id\":\"https:\\\/\\\/visualjournalism.de\\\/en\\\/#organization\",\"name\":\"Hochschule Hannover \u2013 University of Applied Sciences and Arts\",\"alternateName\":\"HsH\",\"url\":\"https:\\\/\\\/visualjournalism.de\\\/en\\\/\",\"logo\":{\"@type\":\"ImageObject\",\"inLanguage\":\"en-US\",\"@id\":\"https:\\\/\\\/visualjournalism.de\\\/en\\\/#\\\/schema\\\/logo\\\/image\\\/\",\"url\":\"https:\\\/\\\/visualjournalism.de\\\/wp-content\\\/uploads\\\/logo-hochschule-hannover.png\",\"contentUrl\":\"https:\\\/\\\/visualjournalism.de\\\/wp-content\\\/uploads\\\/logo-hochschule-hannover.png\",\"width\":363,\"height\":270,\"caption\":\"Hochschule Hannover \u2013 University of Applied Sciences and Arts\"},\"image\":{\"@id\":\"https:\\\/\\\/visualjournalism.de\\\/en\\\/#\\\/schema\\\/logo\\\/image\\\/\"},\"sameAs\":[\"https:\\\/\\\/www.facebook.com\\\/people\\\/wwwfotostudentende\\\/100065173703897\\\/\",\"https:\\\/\\\/x.com\\\/HsHannover\",\"https:\\\/\\\/www.instagram.com\\\/visualjournalism.de\\\/\"]}]}<\/script>\n<!-- \/ Yoast SEO Premium plugin. -->","yoast_head_json":{"title":"Jana Mai","description":"Geboren 1989 in der N\u00e4he der ehemaligen kasachischen Hauptstadt Almaty besch\u00e4ftigt sich Jana Mai mit Fragen des kollektiven Ged\u00e4chtnisses.","robots":{"index":"index","follow":"follow","max-snippet":"max-snippet:-1","max-image-preview":"max-image-preview:large","max-video-preview":"max-video-preview:-1"},"canonical":"https:\/\/visualjournalism.de\/en\/jana-mai\/","og_locale":"en_US","og_type":"article","og_title":"Jana Mai","og_description":"Geboren 1989 in der N\u00e4he der ehemaligen kasachischen Hauptstadt Almaty besch\u00e4ftigt sich Jana Mai mit Fragen des kollektiven Ged\u00e4chtnisses.","og_url":"https:\/\/visualjournalism.de\/en\/jana-mai\/","og_site_name":"Visual Journalism and Documentary Photography","article_publisher":"https:\/\/www.facebook.com\/people\/wwwfotostudentende\/100065173703897\/","article_modified_time":"2023-10-10T15:29:45+00:00","og_image":[{"width":1736,"height":1736,"url":"https:\/\/visualjournalism.de\/wp-content\/uploads\/Jana_Mai_Portrait_HighRes-1.jpg","type":"image\/jpeg"}],"twitter_card":"summary_large_image","twitter_site":"@HsHannover","twitter_misc":{"Est. reading time":"1 minute"},"schema":{"@context":"https:\/\/schema.org","@graph":[{"@type":"WebPage","@id":"https:\/\/visualjournalism.de\/en\/jana-mai\/","url":"https:\/\/visualjournalism.de\/en\/jana-mai\/","name":"Jana Mai","isPartOf":{"@id":"https:\/\/visualjournalism.de\/en\/#website"},"primaryImageOfPage":{"@id":"https:\/\/visualjournalism.de\/en\/jana-mai\/#primaryimage"},"image":{"@id":"https:\/\/visualjournalism.de\/en\/jana-mai\/#primaryimage"},"thumbnailUrl":"https:\/\/visualjournalism.de\/wp-content\/uploads\/Jana_Mai_Portrait_HighRes-1.jpg","datePublished":"2023-07-20T14:04:45+00:00","dateModified":"2023-10-10T15:29:45+00:00","description":"Geboren 1989 in der N\u00e4he der ehemaligen kasachischen Hauptstadt Almaty besch\u00e4ftigt sich Jana Mai mit Fragen des kollektiven Ged\u00e4chtnisses.","breadcrumb":{"@id":"https:\/\/visualjournalism.de\/en\/jana-mai\/#breadcrumb"},"inLanguage":"en-US","potentialAction":[{"@type":"ReadAction","target":["https:\/\/visualjournalism.de\/en\/jana-mai\/"]}]},{"@type":"ImageObject","inLanguage":"en-US","@id":"https:\/\/visualjournalism.de\/en\/jana-mai\/#primaryimage","url":"https:\/\/visualjournalism.de\/wp-content\/uploads\/Jana_Mai_Portrait_HighRes-1.jpg","contentUrl":"https:\/\/visualjournalism.de\/wp-content\/uploads\/Jana_Mai_Portrait_HighRes-1.jpg","width":1736,"height":1736,"caption":"Foto:"},{"@type":"BreadcrumbList","@id":"https:\/\/visualjournalism.de\/en\/jana-mai\/#breadcrumb","itemListElement":[{"@type":"ListItem","position":1,"name":"Home","item":"https:\/\/visualjournalism.de\/en\/"},{"@type":"ListItem","position":2,"name":"Jana Mai"}]},{"@type":"WebSite","@id":"https:\/\/visualjournalism.de\/en\/#website","url":"https:\/\/visualjournalism.de\/en\/","name":"Visual Journalism and Documentary Photography","description":"All about the bilingual bachelor&#039;s program at Hannover University of Applied Sciences and Arts.","publisher":{"@id":"https:\/\/visualjournalism.de\/en\/#organization"},"alternateName":"visualjournalism.de","potentialAction":[{"@type":"SearchAction","target":{"@type":"EntryPoint","urlTemplate":"https:\/\/visualjournalism.de\/en\/?s={search_term_string}"},"query-input":{"@type":"PropertyValueSpecification","valueRequired":true,"valueName":"search_term_string"}}],"inLanguage":"en-US"},{"@type":"Organization","@id":"https:\/\/visualjournalism.de\/en\/#organization","name":"Hochschule Hannover \u2013 University of Applied Sciences and Arts","alternateName":"HsH","url":"https:\/\/visualjournalism.de\/en\/","logo":{"@type":"ImageObject","inLanguage":"en-US","@id":"https:\/\/visualjournalism.de\/en\/#\/schema\/logo\/image\/","url":"https:\/\/visualjournalism.de\/wp-content\/uploads\/logo-hochschule-hannover.png","contentUrl":"https:\/\/visualjournalism.de\/wp-content\/uploads\/logo-hochschule-hannover.png","width":363,"height":270,"caption":"Hochschule Hannover \u2013 University of Applied Sciences and Arts"},"image":{"@id":"https:\/\/visualjournalism.de\/en\/#\/schema\/logo\/image\/"},"sameAs":["https:\/\/www.facebook.com\/people\/wwwfotostudentende\/100065173703897\/","https:\/\/x.com\/HsHannover","https:\/\/www.instagram.com\/visualjournalism.de\/"]}]}},"_links":{"self":[{"href":"https:\/\/visualjournalism.de\/en\/wp-json\/wp\/v2\/pages\/25985","targetHints":{"allow":["GET"]}}],"collection":[{"href":"https:\/\/visualjournalism.de\/en\/wp-json\/wp\/v2\/pages"}],"about":[{"href":"https:\/\/visualjournalism.de\/en\/wp-json\/wp\/v2\/types\/page"}],"author":[{"embeddable":true,"href":"https:\/\/visualjournalism.de\/en\/wp-json\/wp\/v2\/users\/3"}],"replies":[{"embeddable":true,"href":"https:\/\/visualjournalism.de\/en\/wp-json\/wp\/v2\/comments?post=25985"}],"version-history":[{"count":0,"href":"https:\/\/visualjournalism.de\/en\/wp-json\/wp\/v2\/pages\/25985\/revisions"}],"wp:featuredmedia":[{"embeddable":true,"href":"https:\/\/visualjournalism.de\/en\/wp-json\/wp\/v2\/media\/25988"}],"wp:attachment":[{"href":"https:\/\/visualjournalism.de\/en\/wp-json\/wp\/v2\/media?parent=25985"}],"curies":[{"name":"wp","href":"https:\/\/api.w.org\/{rel}","templated":true}]}}