{"id":27831,"date":"2023-09-25T11:12:33","date_gmt":"2023-09-25T11:12:33","guid":{"rendered":"https:\/\/visualjournalism.de\/?page_id=27831"},"modified":"2024-01-19T21:07:21","modified_gmt":"2024-01-19T21:07:21","slug":"test-soeren","status":"publish","type":"page","link":"https:\/\/visualjournalism.de\/en\/test-soeren\/","title":{"rendered":"S\u00f6ren Pinsdorf"},"content":{"rendered":"\n \n\n    <div id=\"lead-in-block_eaaa9f4a78804409e8822249e0ebae22\" class=\"block-lead-in typo--soehne font-size--xl has-spacing--m width--full\">\n        <p><strong>S\u00f6ren Pinsdorf<\/strong><\/p>\n    <\/div>\n\n\n\n\n<div class=\"tableau has-spacing--none\">\n\t\n\n<div class=\"tableau__column--left\">\n    \n    <figure class=\"block-photo post__image--wide-right has-spacing--xs no-title\">\n\n        <div class=\"post__image__container\">\n            <img loading=\"lazy\" decoding=\"async\" \n                src=\"https:\/\/visualjournalism.de\/wp-content\/uploads\/Soeren_02-1050x1050.jpg\"\n                srcset=\"https:\/\/visualjournalism.de\/wp-content\/uploads\/Soeren_02-1050x1050.jpg 1050w, https:\/\/visualjournalism.de\/wp-content\/uploads\/Soeren_02-300x300.jpg 300w, https:\/\/visualjournalism.de\/wp-content\/uploads\/Soeren_02-1024x1024.jpg 1024w, https:\/\/visualjournalism.de\/wp-content\/uploads\/Soeren_02-150x150.jpg 150w, https:\/\/visualjournalism.de\/wp-content\/uploads\/Soeren_02-768x768.jpg 768w, https:\/\/visualjournalism.de\/wp-content\/uploads\/Soeren_02-670x670.jpg 670w, https:\/\/visualjournalism.de\/wp-content\/uploads\/Soeren_02-420x420.jpg 420w, https:\/\/visualjournalism.de\/wp-content\/uploads\/Soeren_02-350x350.jpg 350w, https:\/\/visualjournalism.de\/wp-content\/uploads\/Soeren_02-52x52.jpg 52w, https:\/\/visualjournalism.de\/wp-content\/uploads\/Soeren_02-68x68.jpg 68w, https:\/\/visualjournalism.de\/wp-content\/uploads\/Soeren_02-96x96.jpg 96w, https:\/\/visualjournalism.de\/wp-content\/uploads\/Soeren_02.jpg 1333w\"\n                width=\"1050\" \n                height=\"1050\"\n                alt=\"\" \n            \/>\n            \n                    <\/div><!-- post__image__container -->\n\n        \n    <\/figure><!-- post__image -->\n\n\n\n<\/div>\n\n\n<div class=\"tableau__column--right\">\n    \n\n<p class=\"post__paragraph is-style-typo--soehne has-spacing--default\"><strong>S\u00f6ren Pinsdorf<\/strong> ist gelernter Fotograf aus M\u00fcnster in Nordrhein-Westfalen. Zurzeit studiert er Visual Journalism and Documentary Photography an der Hochschule Hannover. <\/p>\n\n\n\n<p class=\"post__paragraph is-style-typo--soehne has-spacing--default\">Neben dem Studium arbeitet S\u00f6ren freiberuflich als Event- und Hochzeitsfotograf und ist an der Leibniz Universit\u00e4t Hannover als studentische Hilfskraft f\u00fcr Fotografie im Referat f\u00fcr Marketing und Kommunikation t\u00e4tig.<\/p>\n\n\n\n<p class=\"post__paragraph is-style-typo--soehne has-spacing--default\"><br><strong>Kontakt<\/strong><br>+49 1573 612 6512<br><a href=\"mailto:hi@soerenpinsdorf.de\">hi@soerenpinsdorf.de<\/a><br><a href=\"http:\/\/www.soerenpinsdorf.de\">www.soerenpinsdorf.de<\/a><\/p>\n\n\n<\/div>\n<\/div>\n\n\n<div class=\"wp-block-group has-spacing--default has-spacing--default\">\n<div class=\"devider has-spacing--none\">\n    <hr>\n<\/div>\n\n\n \n\n    <div id=\"lead-in-block_7a750b34a13212b7c7bd64ffca0d7721\" class=\"block-lead-in typo--default font-size--xl has-spacing--s width--default\">\n        <p><strong>Empfehlungen der Redaktion:<\/strong><\/p>\n    <\/div>\n\n\n\n\r\n\r\n\r\n\n\n\r\n\r\n\r\n\r\n        <div class=\"teaser-grid grid-layout--3col has-spacing--s width--inline\">\r\n\r\n            \r\n                <article class=\"post-teaser\">\r\n\r\n                    <a href=\"https:\/\/visualjournalism.de\/en\/magazine\/sammeln\/kippenkult-und-krebsromantik\/\" rel=\"permalink\">\r\n\r\n                        <div class=\"post-teaser__content\">\r\n\r\n                            <span class=\"entry-categories\">Sammeln<\/span>\r\n                            <h3 class=\"post-teaser__headline\">\r\n                                Kippenkult und Krebsromantik                            <\/h3>\r\n\r\n                            <div class=\"post-teaser__excerpt\">\r\n                                <p>Ein Fotobuch \u00fcber Zigaretten, Sucht und Rauchbiografien: \u00abPleasure to Burn\u00bb verherrlicht das Rauchen \u2013 und meint es dabei nur halb so ernst.<\/p>\r\n                            <\/div>\r\n\r\n                        <\/div><!-- .post-teaser__content -->\r\n\r\n\r\n                        \r\n                            <figure class=\"post-teaser__image\">\r\n                                <img loading=\"lazy\" decoding=\"async\"  \r\n                                    src=\"https:\/\/visualjournalism.de\/wp-content\/uploads\/Max_Schlag_Kippenkult__Krebsromantik-768x580.png\" \r\n                                    srcset=\"https:\/\/visualjournalism.de\/wp-content\/uploads\/Max_Schlag_Kippenkult__Krebsromantik-768x580.png 768w, https:\/\/visualjournalism.de\/wp-content\/uploads\/Max_Schlag_Kippenkult__Krebsromantik-300x226.png 300w, https:\/\/visualjournalism.de\/wp-content\/uploads\/Max_Schlag_Kippenkult__Krebsromantik-1024x773.png 1024w, https:\/\/visualjournalism.de\/wp-content\/uploads\/Max_Schlag_Kippenkult__Krebsromantik-1050x792.png 1050w, https:\/\/visualjournalism.de\/wp-content\/uploads\/Max_Schlag_Kippenkult__Krebsromantik-670x506.png 670w, https:\/\/visualjournalism.de\/wp-content\/uploads\/Max_Schlag_Kippenkult__Krebsromantik-420x317.png 420w, https:\/\/visualjournalism.de\/wp-content\/uploads\/Max_Schlag_Kippenkult__Krebsromantik-350x264.png 350w, https:\/\/visualjournalism.de\/wp-content\/uploads\/Max_Schlag_Kippenkult__Krebsromantik-150x113.png 150w, https:\/\/visualjournalism.de\/wp-content\/uploads\/Max_Schlag_Kippenkult__Krebsromantik.png 1304w\" \r\n                                    width=\"768\"  \r\n                                    height=\"580\" \r\n                                    alt=\"Zwei H\u00e4nde teilen sich in antik anmutender \u00c4sthetik eine Zigarette, Blitz, Editorial, Fotografie, Rauchen, Sucht\"\r\n                                \/>\r\n                            <\/figure>\r\n\r\n                        \r\n                    \r\n                    <\/a>\r\n\r\n                <\/article><!--- .post-teaser-->\r\n\r\n            \r\n                <article class=\"post-teaser\">\r\n\r\n                    <a href=\"https:\/\/visualjournalism.de\/en\/magazine\/guide\/study-photography-how-to-find-the-right-university\/\" rel=\"permalink\">\r\n\r\n                        <div class=\"post-teaser__content\">\r\n\r\n                            <span class=\"entry-categories\">Guide<\/span>\r\n                            <h3 class=\"post-teaser__headline\">\r\n                                Studying photography: How to find the right university.                            <\/h3>\r\n\r\n                            <div class=\"post-teaser__excerpt\">\r\n                                <p>An overview of the best-known programmes. <\/p>\r\n                            <\/div>\r\n\r\n                        <\/div><!-- .post-teaser__content -->\r\n\r\n\r\n                        \r\n                            <figure class=\"post-teaser__image\">\r\n                                <img loading=\"lazy\" decoding=\"async\"  \r\n                                    src=\"https:\/\/visualjournalism.de\/wp-content\/uploads\/2024-DM-Werkschau_Short-Edit_Kristina-Kaysen-10-768x511.jpg\" \r\n                                    srcset=\"https:\/\/visualjournalism.de\/wp-content\/uploads\/2024-DM-Werkschau_Short-Edit_Kristina-Kaysen-10-768x511.jpg 768w, https:\/\/visualjournalism.de\/wp-content\/uploads\/2024-DM-Werkschau_Short-Edit_Kristina-Kaysen-10-300x200.jpg 300w, https:\/\/visualjournalism.de\/wp-content\/uploads\/2024-DM-Werkschau_Short-Edit_Kristina-Kaysen-10-1024x681.jpg 1024w, https:\/\/visualjournalism.de\/wp-content\/uploads\/2024-DM-Werkschau_Short-Edit_Kristina-Kaysen-10-1536x1021.jpg 1536w, https:\/\/visualjournalism.de\/wp-content\/uploads\/2024-DM-Werkschau_Short-Edit_Kristina-Kaysen-10-1400x931.jpg 1400w, https:\/\/visualjournalism.de\/wp-content\/uploads\/2024-DM-Werkschau_Short-Edit_Kristina-Kaysen-10-1050x698.jpg 1050w, https:\/\/visualjournalism.de\/wp-content\/uploads\/2024-DM-Werkschau_Short-Edit_Kristina-Kaysen-10-670x446.jpg 670w, https:\/\/visualjournalism.de\/wp-content\/uploads\/2024-DM-Werkschau_Short-Edit_Kristina-Kaysen-10-420x279.jpg 420w, https:\/\/visualjournalism.de\/wp-content\/uploads\/2024-DM-Werkschau_Short-Edit_Kristina-Kaysen-10-350x233.jpg 350w, https:\/\/visualjournalism.de\/wp-content\/uploads\/2024-DM-Werkschau_Short-Edit_Kristina-Kaysen-10-150x100.jpg 150w, https:\/\/visualjournalism.de\/wp-content\/uploads\/2024-DM-Werkschau_Short-Edit_Kristina-Kaysen-10.jpg 1600w\" \r\n                                    width=\"768\"  \r\n                                    height=\"511\" \r\n                                    alt=\"Fotografie-Studierende w\u00e4hrend einer Fotosession in einem Studio mit Beleuchtungsausr\u00fcstung und Hintergrund. Ein Schild auf dem Boden zeigt \u201aFOTOSHOOTING\u2018 und weist auf den Eingang zum Studio hin. Von hinten sind die Umrisse eines jungen Mannes zu sehen, der Fotografie studiert. \"\r\n                                \/>\r\n                            <\/figure>\r\n\r\n                        \r\n                    \r\n                    <\/a>\r\n\r\n                <\/article><!--- .post-teaser-->\r\n\r\n            \r\n                <article class=\"post-teaser\">\r\n\r\n                    <a href=\"https:\/\/visualjournalism.de\/en\/magazine\/sammeln\/hannovers-verborgene-rohstoffquelle\/\" rel=\"permalink\">\r\n\r\n                        <div class=\"post-teaser__content\">\r\n\r\n                            <span class=\"entry-categories\">Sammeln<\/span>\r\n                            <h3 class=\"post-teaser__headline\">\r\n                                Hannovers verborgene Rohstoffquelle                            <\/h3>\r\n\r\n                            <div class=\"post-teaser__excerpt\">\r\n                                <p>Unsichere Handelsbeziehungen, Kriege und neue Vorschriften fordern die Recyclingbranche heraus. Auf dem TSR-Gel\u00e4nde im hannoverschen Nordhafen sp\u00fcrt man die Bewegung eines ganzen Wirtschaftszweigs \u2013 ein Blick hinter die Kulissen. <\/p>\r\n                            <\/div>\r\n\r\n                        <\/div><!-- .post-teaser__content -->\r\n\r\n\r\n                        \r\n                            <figure class=\"post-teaser__image\">\r\n                                <img loading=\"lazy\" decoding=\"async\"  \r\n                                    src=\"https:\/\/visualjournalism.de\/wp-content\/uploads\/Moritz-Heck_Schrottplatz_26_dunkel-768x512.jpg\" \r\n                                    srcset=\"https:\/\/visualjournalism.de\/wp-content\/uploads\/Moritz-Heck_Schrottplatz_26_dunkel-768x512.jpg 768w, https:\/\/visualjournalism.de\/wp-content\/uploads\/Moritz-Heck_Schrottplatz_26_dunkel-300x200.jpg 300w, https:\/\/visualjournalism.de\/wp-content\/uploads\/Moritz-Heck_Schrottplatz_26_dunkel-1024x683.jpg 1024w, https:\/\/visualjournalism.de\/wp-content\/uploads\/Moritz-Heck_Schrottplatz_26_dunkel-1536x1024.jpg 1536w, https:\/\/visualjournalism.de\/wp-content\/uploads\/Moritz-Heck_Schrottplatz_26_dunkel-2048x1365.jpg 2048w, https:\/\/visualjournalism.de\/wp-content\/uploads\/Moritz-Heck_Schrottplatz_26_dunkel-1920x1280.jpg 1920w, https:\/\/visualjournalism.de\/wp-content\/uploads\/Moritz-Heck_Schrottplatz_26_dunkel-1400x933.jpg 1400w, https:\/\/visualjournalism.de\/wp-content\/uploads\/Moritz-Heck_Schrottplatz_26_dunkel-1050x700.jpg 1050w, https:\/\/visualjournalism.de\/wp-content\/uploads\/Moritz-Heck_Schrottplatz_26_dunkel-670x447.jpg 670w, https:\/\/visualjournalism.de\/wp-content\/uploads\/Moritz-Heck_Schrottplatz_26_dunkel-420x280.jpg 420w, https:\/\/visualjournalism.de\/wp-content\/uploads\/Moritz-Heck_Schrottplatz_26_dunkel-350x233.jpg 350w, https:\/\/visualjournalism.de\/wp-content\/uploads\/Moritz-Heck_Schrottplatz_26_dunkel-150x100.jpg 150w\" \r\n                                    width=\"768\"  \r\n                                    height=\"512\" \r\n                                    alt=\"\"\r\n                                \/>\r\n                            <\/figure>\r\n\r\n                        \r\n                    \r\n                    <\/a>\r\n\r\n                <\/article><!--- .post-teaser-->\r\n\r\n            \r\n        <\/div><!-- .teaser-grid -->\r\n\r\n\n\n\r\n\r\n\r\n\n\n\n    <div class=\"btn-wrapper has-spacing--m\">\n        <a class=\"btn\" href=\"https:\/\/visualjournalism.de\/magazin\/\" target=\"_blank\">ZUR MAGAZIN-STARTSEITE<\/a>\n    <\/div>\n<\/div>\n","protected":false},"excerpt":{"rendered":"","protected":false},"author":50,"featured_media":0,"parent":0,"menu_order":0,"comment_status":"closed","ping_status":"closed","template":"","meta":{"_acf_changed":false,"footnotes":""},"class_list":["post-27831","page","type-page","status-publish","hentry"],"acf":[],"yoast_head":"<!-- This site is optimized with the Yoast SEO Premium plugin v27.3 (Yoast SEO v27.3) - https:\/\/yoast.com\/product\/yoast-seo-premium-wordpress\/ -->\n<title>S\u00f6ren Pinsdorf &#8211; Visual Journalism and Documentary Photography<\/title>\n<meta name=\"robots\" content=\"index, follow, max-snippet:-1, max-image-preview:large, max-video-preview:-1\" \/>\n<link rel=\"canonical\" href=\"https:\/\/visualjournalism.de\/en\/test-soeren\/\" \/>\n<meta property=\"og:locale\" content=\"en_US\" \/>\n<meta property=\"og:type\" content=\"article\" \/>\n<meta property=\"og:title\" content=\"S\u00f6ren Pinsdorf\" \/>\n<meta property=\"og:url\" content=\"https:\/\/visualjournalism.de\/en\/test-soeren\/\" \/>\n<meta property=\"og:site_name\" content=\"Visual Journalism and Documentary Photography\" \/>\n<meta property=\"article:publisher\" content=\"https:\/\/www.facebook.com\/people\/wwwfotostudentende\/100065173703897\/\" \/>\n<meta property=\"article:modified_time\" content=\"2024-01-19T21:07:21+00:00\" \/>\n<meta name=\"twitter:card\" content=\"summary_large_image\" \/>\n<meta name=\"twitter:site\" content=\"@HsHannover\" \/>\n<meta name=\"twitter:label1\" content=\"Est. reading time\" \/>\n\t<meta name=\"twitter:data1\" content=\"1 minute\" \/>\n<script type=\"application\/ld+json\" class=\"yoast-schema-graph\">{\"@context\":\"https:\\\/\\\/schema.org\",\"@graph\":[{\"@type\":\"WebPage\",\"@id\":\"https:\\\/\\\/visualjournalism.de\\\/en\\\/test-soeren\\\/\",\"url\":\"https:\\\/\\\/visualjournalism.de\\\/en\\\/test-soeren\\\/\",\"name\":\"S\u00f6ren Pinsdorf &#8211; Visual Journalism and Documentary Photography\",\"isPartOf\":{\"@id\":\"https:\\\/\\\/visualjournalism.de\\\/en\\\/#website\"},\"datePublished\":\"2023-09-25T11:12:33+00:00\",\"dateModified\":\"2024-01-19T21:07:21+00:00\",\"breadcrumb\":{\"@id\":\"https:\\\/\\\/visualjournalism.de\\\/en\\\/test-soeren\\\/#breadcrumb\"},\"inLanguage\":\"en-US\",\"potentialAction\":[{\"@type\":\"ReadAction\",\"target\":[\"https:\\\/\\\/visualjournalism.de\\\/en\\\/test-soeren\\\/\"]}]},{\"@type\":\"BreadcrumbList\",\"@id\":\"https:\\\/\\\/visualjournalism.de\\\/en\\\/test-soeren\\\/#breadcrumb\",\"itemListElement\":[{\"@type\":\"ListItem\",\"position\":1,\"name\":\"Home\",\"item\":\"https:\\\/\\\/visualjournalism.de\\\/en\\\/\"},{\"@type\":\"ListItem\",\"position\":2,\"name\":\"S\u00f6ren Pinsdorf\"}]},{\"@type\":\"WebSite\",\"@id\":\"https:\\\/\\\/visualjournalism.de\\\/en\\\/#website\",\"url\":\"https:\\\/\\\/visualjournalism.de\\\/en\\\/\",\"name\":\"Visual Journalism and Documentary Photography\",\"description\":\"All about the bilingual bachelor&#039;s program at Hannover University of Applied Sciences and Arts.\",\"publisher\":{\"@id\":\"https:\\\/\\\/visualjournalism.de\\\/en\\\/#organization\"},\"alternateName\":\"visualjournalism.de\",\"potentialAction\":[{\"@type\":\"SearchAction\",\"target\":{\"@type\":\"EntryPoint\",\"urlTemplate\":\"https:\\\/\\\/visualjournalism.de\\\/en\\\/?s={search_term_string}\"},\"query-input\":{\"@type\":\"PropertyValueSpecification\",\"valueRequired\":true,\"valueName\":\"search_term_string\"}}],\"inLanguage\":\"en-US\"},{\"@type\":\"Organization\",\"@id\":\"https:\\\/\\\/visualjournalism.de\\\/en\\\/#organization\",\"name\":\"Hochschule Hannover \u2013 University of Applied Sciences and Arts\",\"alternateName\":\"HsH\",\"url\":\"https:\\\/\\\/visualjournalism.de\\\/en\\\/\",\"logo\":{\"@type\":\"ImageObject\",\"inLanguage\":\"en-US\",\"@id\":\"https:\\\/\\\/visualjournalism.de\\\/en\\\/#\\\/schema\\\/logo\\\/image\\\/\",\"url\":\"https:\\\/\\\/visualjournalism.de\\\/wp-content\\\/uploads\\\/logo-hochschule-hannover.png\",\"contentUrl\":\"https:\\\/\\\/visualjournalism.de\\\/wp-content\\\/uploads\\\/logo-hochschule-hannover.png\",\"width\":363,\"height\":270,\"caption\":\"Hochschule Hannover \u2013 University of Applied Sciences and Arts\"},\"image\":{\"@id\":\"https:\\\/\\\/visualjournalism.de\\\/en\\\/#\\\/schema\\\/logo\\\/image\\\/\"},\"sameAs\":[\"https:\\\/\\\/www.facebook.com\\\/people\\\/wwwfotostudentende\\\/100065173703897\\\/\",\"https:\\\/\\\/x.com\\\/HsHannover\",\"https:\\\/\\\/www.instagram.com\\\/visualjournalism.de\\\/\"]}]}<\/script>\n<!-- \/ Yoast SEO Premium plugin. -->","yoast_head_json":{"title":"S\u00f6ren Pinsdorf &#8211; Visual Journalism and Documentary Photography","robots":{"index":"index","follow":"follow","max-snippet":"max-snippet:-1","max-image-preview":"max-image-preview:large","max-video-preview":"max-video-preview:-1"},"canonical":"https:\/\/visualjournalism.de\/en\/test-soeren\/","og_locale":"en_US","og_type":"article","og_title":"S\u00f6ren Pinsdorf","og_url":"https:\/\/visualjournalism.de\/en\/test-soeren\/","og_site_name":"Visual Journalism and Documentary Photography","article_publisher":"https:\/\/www.facebook.com\/people\/wwwfotostudentende\/100065173703897\/","article_modified_time":"2024-01-19T21:07:21+00:00","twitter_card":"summary_large_image","twitter_site":"@HsHannover","twitter_misc":{"Est. reading time":"1 minute"},"schema":{"@context":"https:\/\/schema.org","@graph":[{"@type":"WebPage","@id":"https:\/\/visualjournalism.de\/en\/test-soeren\/","url":"https:\/\/visualjournalism.de\/en\/test-soeren\/","name":"S\u00f6ren Pinsdorf &#8211; Visual Journalism and Documentary Photography","isPartOf":{"@id":"https:\/\/visualjournalism.de\/en\/#website"},"datePublished":"2023-09-25T11:12:33+00:00","dateModified":"2024-01-19T21:07:21+00:00","breadcrumb":{"@id":"https:\/\/visualjournalism.de\/en\/test-soeren\/#breadcrumb"},"inLanguage":"en-US","potentialAction":[{"@type":"ReadAction","target":["https:\/\/visualjournalism.de\/en\/test-soeren\/"]}]},{"@type":"BreadcrumbList","@id":"https:\/\/visualjournalism.de\/en\/test-soeren\/#breadcrumb","itemListElement":[{"@type":"ListItem","position":1,"name":"Home","item":"https:\/\/visualjournalism.de\/en\/"},{"@type":"ListItem","position":2,"name":"S\u00f6ren Pinsdorf"}]},{"@type":"WebSite","@id":"https:\/\/visualjournalism.de\/en\/#website","url":"https:\/\/visualjournalism.de\/en\/","name":"Visual Journalism and Documentary Photography","description":"All about the bilingual bachelor&#039;s program at Hannover University of Applied Sciences and Arts.","publisher":{"@id":"https:\/\/visualjournalism.de\/en\/#organization"},"alternateName":"visualjournalism.de","potentialAction":[{"@type":"SearchAction","target":{"@type":"EntryPoint","urlTemplate":"https:\/\/visualjournalism.de\/en\/?s={search_term_string}"},"query-input":{"@type":"PropertyValueSpecification","valueRequired":true,"valueName":"search_term_string"}}],"inLanguage":"en-US"},{"@type":"Organization","@id":"https:\/\/visualjournalism.de\/en\/#organization","name":"Hochschule Hannover \u2013 University of Applied Sciences and Arts","alternateName":"HsH","url":"https:\/\/visualjournalism.de\/en\/","logo":{"@type":"ImageObject","inLanguage":"en-US","@id":"https:\/\/visualjournalism.de\/en\/#\/schema\/logo\/image\/","url":"https:\/\/visualjournalism.de\/wp-content\/uploads\/logo-hochschule-hannover.png","contentUrl":"https:\/\/visualjournalism.de\/wp-content\/uploads\/logo-hochschule-hannover.png","width":363,"height":270,"caption":"Hochschule Hannover \u2013 University of Applied Sciences and Arts"},"image":{"@id":"https:\/\/visualjournalism.de\/en\/#\/schema\/logo\/image\/"},"sameAs":["https:\/\/www.facebook.com\/people\/wwwfotostudentende\/100065173703897\/","https:\/\/x.com\/HsHannover","https:\/\/www.instagram.com\/visualjournalism.de\/"]}]}},"_links":{"self":[{"href":"https:\/\/visualjournalism.de\/en\/wp-json\/wp\/v2\/pages\/27831","targetHints":{"allow":["GET"]}}],"collection":[{"href":"https:\/\/visualjournalism.de\/en\/wp-json\/wp\/v2\/pages"}],"about":[{"href":"https:\/\/visualjournalism.de\/en\/wp-json\/wp\/v2\/types\/page"}],"author":[{"embeddable":true,"href":"https:\/\/visualjournalism.de\/en\/wp-json\/wp\/v2\/users\/50"}],"replies":[{"embeddable":true,"href":"https:\/\/visualjournalism.de\/en\/wp-json\/wp\/v2\/comments?post=27831"}],"version-history":[{"count":0,"href":"https:\/\/visualjournalism.de\/en\/wp-json\/wp\/v2\/pages\/27831\/revisions"}],"wp:attachment":[{"href":"https:\/\/visualjournalism.de\/en\/wp-json\/wp\/v2\/media?parent=27831"}],"curies":[{"name":"wp","href":"https:\/\/api.w.org\/{rel}","templated":true}]}}