{"id":31977,"date":"2023-12-04T15:13:00","date_gmt":"2023-12-04T15:13:00","guid":{"rendered":"https:\/\/visualjournalism.de\/?page_id=31977"},"modified":"2025-04-09T06:33:33","modified_gmt":"2025-04-09T06:33:33","slug":"kai-weise","status":"publish","type":"page","link":"https:\/\/visualjournalism.de\/en\/kai-weise\/","title":{"rendered":"Kai Weise"},"content":{"rendered":"\n \n\n    <div id=\"lead-in-block_e900817df6b8097c7df8d198541a65e9\" class=\"block-lead-in typo--default font-size--xl has-spacing--m width--default\">\n        <p><strong>Kai Weise<\/strong><\/p>\n    <\/div>\n\n\n\n\n<div class=\"pinned-block has-spacing--m\">\n\t\n\n<div class=\"pinned-block__column--left\">\n    \n    <figure class=\"block-photo post__image--full has-spacing--m no-title\">\n\n        <div class=\"post__image__container\">\n            <img loading=\"lazy\" decoding=\"async\" \n                src=\"https:\/\/visualjournalism.de\/wp-content\/uploads\/KaiWeise_Portrait-1-1400x2100.jpg\"\n                srcset=\"https:\/\/visualjournalism.de\/wp-content\/uploads\/KaiWeise_Portrait-1-1400x2100.jpg 1400w, https:\/\/visualjournalism.de\/wp-content\/uploads\/KaiWeise_Portrait-1-200x300.jpg 200w, https:\/\/visualjournalism.de\/wp-content\/uploads\/KaiWeise_Portrait-1-683x1024.jpg 683w, https:\/\/visualjournalism.de\/wp-content\/uploads\/KaiWeise_Portrait-1-768x1152.jpg 768w, https:\/\/visualjournalism.de\/wp-content\/uploads\/KaiWeise_Portrait-1-1024x1536.jpg 1024w, https:\/\/visualjournalism.de\/wp-content\/uploads\/KaiWeise_Portrait-1-1365x2048.jpg 1365w, https:\/\/visualjournalism.de\/wp-content\/uploads\/KaiWeise_Portrait-1-1920x2880.jpg 1920w, https:\/\/visualjournalism.de\/wp-content\/uploads\/KaiWeise_Portrait-1-1050x1575.jpg 1050w, https:\/\/visualjournalism.de\/wp-content\/uploads\/KaiWeise_Portrait-1-670x1005.jpg 670w, https:\/\/visualjournalism.de\/wp-content\/uploads\/KaiWeise_Portrait-1-420x630.jpg 420w, https:\/\/visualjournalism.de\/wp-content\/uploads\/KaiWeise_Portrait-1-350x525.jpg 350w, https:\/\/visualjournalism.de\/wp-content\/uploads\/KaiWeise_Portrait-1-300x450.jpg 300w, https:\/\/visualjournalism.de\/wp-content\/uploads\/KaiWeise_Portrait-1-150x225.jpg 150w, https:\/\/visualjournalism.de\/wp-content\/uploads\/KaiWeise_Portrait-1-scaled.jpg 1706w\"\n                width=\"1400\" \n                height=\"2100\"\n                alt=\"\" \n            \/>\n            \n                    <\/div><!-- post__image__container -->\n\n        \n    <\/figure><!-- post__image -->\n\n\n\n<\/div>\n\n\n<div class=\"pinned-block__column--right\">\n    \n\n<p class=\"post__paragraph is-style-typo--soehne has-spacing--default\"><strong>Kai Weise<\/strong> ist ein Portrait- und Dokumentarfotograf aus Hannover. Er ist deutschlandweit t\u00e4tig. Nach mehrj\u00e4hrigen freien Arbeiten und Assistenzen bei anderen Fotografen, hat er sich 2019 hauptberuflich der Fotografie verschrieben. Aktuell studiert er \u201eVisual Journalism and Documentary Photography\u201cin Hannover. Neben Auftragsarbeiten im PR und Portraitbereich arbeitet er an pers\u00f6nlichen Langzeitprojekten. Schwerpunkt dieser k\u00fcnstlerisch-journalistischen Arbeiten sind Themen, die sich mit den Machtstrukturen in Menschengemachten Gesellschaftsformen und Konstrukten.<\/p>\n\n\n\n<p class=\"post__paragraph is-style-typo--soehne has-spacing--default\">Kontakt:<br>info@weise-foto.de<br>+4917686343637<br><a href=\"https:\/\/www.kaiweisefoto.de\" target=\"_blank\" rel=\"noreferrer noopener\">www.kaiweisefoto.de<\/a><\/p>\n\n\n<\/div>\n<\/div>\n\n\n<div class=\"devider has-spacing--none\">\n    <hr>\n<\/div>\n\n\n \n\n    <div id=\"lead-in-block_32ff407332240e94579e043ba25952e6\" class=\"block-lead-in typo--default font-size--xl has-spacing--xs width--default\">\n        <h1>Kais Beitr\u00e4ge:<\/h1>\n    <\/div>\n\n\n\n\r\n<article class=\"post-teaser teaser-single--full has-spacing--m post-49724 magazin type-magazin status-publish has-post-thumbnail hentry magazinkategorie-arbeit\">\r\n\t<header class=\"entry-header\">\r\n\r\n\t\t<div class=\"entry-categories\">\n\t<a class=\"post__tag\" href=\"https:\/\/visualjournalism.de\/magazin-kategorie\/arbeit\/\" rel=\"category tag\">Arbeit<\/a><\/div>\r\n\t\t<a href=\"https:\/\/visualjournalism.de\/en\/magazine\/arbeit\/die-choreografie-des-durchhaltens\/\" rel=\"bookmark\">\r\n\t\t\t<h2 class=\"entry-title\">Choreografie des Durchhaltens.<\/h2>\r\n\t\t\t<p class=\"entry-excerpt\">Bis zu sechseinhalb Stunden Training t\u00e4glich \u2013 Profit\u00e4nzer Robert Robinson treibt seinen K\u00f6rper ans Limit. Ein einziger Fehltritt kann alles beenden.<\/p>\r\n\t\t<\/a>\r\n\r\n\t<\/header><!-- .entry-header -->\r\n\r\n\t<figure class=\"post__image\">\r\n\t\t<a href=\"https:\/\/visualjournalism.de\/en\/magazine\/arbeit\/die-choreografie-des-durchhaltens\/\" rel=\"bookmark\">\r\n\t\t\t<img loading=\"lazy\" decoding=\"async\" width=\"1400\" height=\"933\" src=\"https:\/\/visualjournalism.de\/wp-content\/uploads\/Kai-Weise-UNI-Onlinemagazin-Robert-Robinson-Nobody-Knows-524620240912-1400x933.jpg\" class=\"attachment-photo-block--full size-photo-block--full\" alt=\"Schwarz-Wei\u00df-Foto von zwei M\u00e4nnern, die in einem schwach beleuchteten Raum ein konzentriertes Gespr\u00e4ch f\u00fchren. Ein Mann, der einen Rollkragenpullover tr\u00e4gt, hat die Hand auf den Kopf gelegt und h\u00f6rt aufmerksam zu, w\u00e4hrend der andere, der ein lockeres Hemd tr\u00e4gt, in ausdrucksvoller Haltung spricht. St\u00fchle und ein schattiger Hintergrund deuten auf eine Probe oder Auff\u00fchrung hin.\" srcset=\"https:\/\/visualjournalism.de\/wp-content\/uploads\/Kai-Weise-UNI-Onlinemagazin-Robert-Robinson-Nobody-Knows-524620240912-1400x933.jpg 1400w, https:\/\/visualjournalism.de\/wp-content\/uploads\/Kai-Weise-UNI-Onlinemagazin-Robert-Robinson-Nobody-Knows-524620240912-300x200.jpg 300w, https:\/\/visualjournalism.de\/wp-content\/uploads\/Kai-Weise-UNI-Onlinemagazin-Robert-Robinson-Nobody-Knows-524620240912-1024x683.jpg 1024w, https:\/\/visualjournalism.de\/wp-content\/uploads\/Kai-Weise-UNI-Onlinemagazin-Robert-Robinson-Nobody-Knows-524620240912-768x512.jpg 768w, https:\/\/visualjournalism.de\/wp-content\/uploads\/Kai-Weise-UNI-Onlinemagazin-Robert-Robinson-Nobody-Knows-524620240912-1536x1024.jpg 1536w, https:\/\/visualjournalism.de\/wp-content\/uploads\/Kai-Weise-UNI-Onlinemagazin-Robert-Robinson-Nobody-Knows-524620240912-2048x1365.jpg 2048w, https:\/\/visualjournalism.de\/wp-content\/uploads\/Kai-Weise-UNI-Onlinemagazin-Robert-Robinson-Nobody-Knows-524620240912-1920x1280.jpg 1920w, https:\/\/visualjournalism.de\/wp-content\/uploads\/Kai-Weise-UNI-Onlinemagazin-Robert-Robinson-Nobody-Knows-524620240912-1050x700.jpg 1050w, https:\/\/visualjournalism.de\/wp-content\/uploads\/Kai-Weise-UNI-Onlinemagazin-Robert-Robinson-Nobody-Knows-524620240912-670x447.jpg 670w, https:\/\/visualjournalism.de\/wp-content\/uploads\/Kai-Weise-UNI-Onlinemagazin-Robert-Robinson-Nobody-Knows-524620240912-420x280.jpg 420w, https:\/\/visualjournalism.de\/wp-content\/uploads\/Kai-Weise-UNI-Onlinemagazin-Robert-Robinson-Nobody-Knows-524620240912-350x233.jpg 350w, https:\/\/visualjournalism.de\/wp-content\/uploads\/Kai-Weise-UNI-Onlinemagazin-Robert-Robinson-Nobody-Knows-524620240912-150x100.jpg 150w\" sizes=\"auto, (max-width: 1400px) 100vw, 1400px\" \/>\t\t<\/a>\r\n\t<\/figure><!-- .post__image -->\r\n\r\n<\/article>\r\n\n\n\n<div class=\"wp-block-group has-spacing--default has-spacing--default\">\n<div class=\"devider has-spacing--none\">\n    <hr>\n<\/div>\n\n\n \n\n    <div id=\"lead-in-block_9e0772893c2830161b3304a523112641\" class=\"block-lead-in typo--default font-size--xl has-spacing--s width--default\">\n        <p><strong>Empfehlungen der Redaktion:<\/strong><\/p>\n    <\/div>\n\n\n\n\r\n\r\n\r\n\n\n\r\n\r\n\r\n\r\n        <div class=\"teaser-grid grid-layout--3col has-spacing--s width--inline\">\r\n\r\n            \r\n                <article class=\"post-teaser\">\r\n\r\n                    <a href=\"https:\/\/visualjournalism.de\/en\/magazine\/sammeln\/inszenierte-endlichkeit\/\" rel=\"permalink\">\r\n\r\n                        <div class=\"post-teaser__content\">\r\n\r\n                            <span class=\"entry-categories\">Sammeln<\/span>\r\n                            <h3 class=\"post-teaser__headline\">\r\n                                Inszenierte Endlichkeit                            <\/h3>\r\n\r\n                            <div class=\"post-teaser__excerpt\">\r\n                                <p>Zwei Fotografinnen legen sich in einen Sarg und fotografieren sich gegenseitig. Was nach Tabubruch klingt, ist eine Auseinandersetzung mit Kommerz, Ritualen und der Frage: Darf man das?<\/p>\r\n                            <\/div>\r\n\r\n                        <\/div><!-- .post-teaser__content -->\r\n\r\n\r\n                        \r\n                            <figure class=\"post-teaser__image\">\r\n                                <img loading=\"lazy\" decoding=\"async\"  \r\n                                    src=\"https:\/\/visualjournalism.de\/wp-content\/uploads\/Clara-Schoettke_Antonia-Teichert_Sammeln_10-768x768.jpg\" \r\n                                    srcset=\"https:\/\/visualjournalism.de\/wp-content\/uploads\/Clara-Schoettke_Antonia-Teichert_Sammeln_10-768x768.jpg 768w, https:\/\/visualjournalism.de\/wp-content\/uploads\/Clara-Schoettke_Antonia-Teichert_Sammeln_10-300x300.jpg 300w, https:\/\/visualjournalism.de\/wp-content\/uploads\/Clara-Schoettke_Antonia-Teichert_Sammeln_10-1024x1024.jpg 1024w, https:\/\/visualjournalism.de\/wp-content\/uploads\/Clara-Schoettke_Antonia-Teichert_Sammeln_10-150x150.jpg 150w, https:\/\/visualjournalism.de\/wp-content\/uploads\/Clara-Schoettke_Antonia-Teichert_Sammeln_10-1536x1536.jpg 1536w, https:\/\/visualjournalism.de\/wp-content\/uploads\/Clara-Schoettke_Antonia-Teichert_Sammeln_10-2048x2048.jpg 2048w, https:\/\/visualjournalism.de\/wp-content\/uploads\/Clara-Schoettke_Antonia-Teichert_Sammeln_10-1920x1920.jpg 1920w, https:\/\/visualjournalism.de\/wp-content\/uploads\/Clara-Schoettke_Antonia-Teichert_Sammeln_10-1400x1400.jpg 1400w, https:\/\/visualjournalism.de\/wp-content\/uploads\/Clara-Schoettke_Antonia-Teichert_Sammeln_10-1050x1050.jpg 1050w, https:\/\/visualjournalism.de\/wp-content\/uploads\/Clara-Schoettke_Antonia-Teichert_Sammeln_10-670x670.jpg 670w, https:\/\/visualjournalism.de\/wp-content\/uploads\/Clara-Schoettke_Antonia-Teichert_Sammeln_10-420x420.jpg 420w, https:\/\/visualjournalism.de\/wp-content\/uploads\/Clara-Schoettke_Antonia-Teichert_Sammeln_10-350x350.jpg 350w, https:\/\/visualjournalism.de\/wp-content\/uploads\/Clara-Schoettke_Antonia-Teichert_Sammeln_10-52x52.jpg 52w, https:\/\/visualjournalism.de\/wp-content\/uploads\/Clara-Schoettke_Antonia-Teichert_Sammeln_10-68x68.jpg 68w, https:\/\/visualjournalism.de\/wp-content\/uploads\/Clara-Schoettke_Antonia-Teichert_Sammeln_10-96x96.jpg 96w\" \r\n                                    width=\"768\"  \r\n                                    height=\"768\" \r\n                                    alt=\"\"\r\n                                \/>\r\n                            <\/figure>\r\n\r\n                        \r\n                    \r\n                    <\/a>\r\n\r\n                <\/article><!--- .post-teaser-->\r\n\r\n            \r\n                <article class=\"post-teaser\">\r\n\r\n                    <a href=\"https:\/\/visualjournalism.de\/en\/magazine\/ratgeber\/wie-du-eine-unterwegs-blitzt\/\" rel=\"permalink\">\r\n\r\n                        <div class=\"post-teaser__content\">\r\n\r\n                            <span class=\"entry-categories\">Ratgeber<\/span>\r\n                            <h3 class=\"post-teaser__headline\">\r\n                                Kunstlicht to-go: wie du unterwegs blitzt.                            <\/h3>\r\n\r\n                            <div class=\"post-teaser__excerpt\">\r\n                                <p>K\u00fcnstliches Licht er\u00f6ffnet viele neue Gestaltungsm\u00f6glichkeiten, stellt Anf\u00e4nger aber auch vor technische und gestalterische Herausforderungen. Hier erf\u00e4hrst du wie es geht!<\/p>\r\n                            <\/div>\r\n\r\n                        <\/div><!-- .post-teaser__content -->\r\n\r\n\r\n                        \r\n                            <figure class=\"post-teaser__image\">\r\n                                <img loading=\"lazy\" decoding=\"async\"  \r\n                                    src=\"https:\/\/visualjournalism.de\/wp-content\/uploads\/Simon-Deppe_1945-2025-768x513.jpg\" \r\n                                    srcset=\"https:\/\/visualjournalism.de\/wp-content\/uploads\/Simon-Deppe_1945-2025-768x513.jpg 768w, https:\/\/visualjournalism.de\/wp-content\/uploads\/Simon-Deppe_1945-2025-300x200.jpg 300w, https:\/\/visualjournalism.de\/wp-content\/uploads\/Simon-Deppe_1945-2025-1024x683.jpg 1024w, https:\/\/visualjournalism.de\/wp-content\/uploads\/Simon-Deppe_1945-2025-1536x1025.jpg 1536w, https:\/\/visualjournalism.de\/wp-content\/uploads\/Simon-Deppe_1945-2025-2048x1367.jpg 2048w, https:\/\/visualjournalism.de\/wp-content\/uploads\/Simon-Deppe_1945-2025-1920x1281.jpg 1920w, https:\/\/visualjournalism.de\/wp-content\/uploads\/Simon-Deppe_1945-2025-1400x934.jpg 1400w, https:\/\/visualjournalism.de\/wp-content\/uploads\/Simon-Deppe_1945-2025-1050x701.jpg 1050w, https:\/\/visualjournalism.de\/wp-content\/uploads\/Simon-Deppe_1945-2025-670x447.jpg 670w, https:\/\/visualjournalism.de\/wp-content\/uploads\/Simon-Deppe_1945-2025-420x280.jpg 420w, https:\/\/visualjournalism.de\/wp-content\/uploads\/Simon-Deppe_1945-2025-350x234.jpg 350w, https:\/\/visualjournalism.de\/wp-content\/uploads\/Simon-Deppe_1945-2025-150x100.jpg 150w\" \r\n                                    width=\"768\"  \r\n                                    height=\"513\" \r\n                                    alt=\"\"\r\n                                \/>\r\n                            <\/figure>\r\n\r\n                        \r\n                    \r\n                    <\/a>\r\n\r\n                <\/article><!--- .post-teaser-->\r\n\r\n            \r\n                <article class=\"post-teaser\">\r\n\r\n                    <a href=\"https:\/\/visualjournalism.de\/en\/magazine\/ratgeber\/professionelle-kamera-fuer-fotografen-warum-nicht-die-marke-zaehlt\/\" rel=\"permalink\">\r\n\r\n                        <div class=\"post-teaser__content\">\r\n\r\n                            <span class=\"entry-categories\">Ratgeber<\/span>\r\n                            <h3 class=\"post-teaser__headline\">\r\n                                Professionelle Kameras f\u00fcr Fotograf*innen: Warum nicht die Marke z\u00e4hlt                            <\/h3>\r\n\r\n                            <div class=\"post-teaser__excerpt\">\r\n                                <p>Analog oder digital, Vollformat oder APSC, Spiegelreflex oder spiegellos: Die Magnum-Fotografin Nanna Heitmann und Lehrende der Hochschule Hannover zeigen, warum am Ende nicht die Technik, sondern die Person entscheidend ist.<\/p>\r\n                            <\/div>\r\n\r\n                        <\/div><!-- .post-teaser__content -->\r\n\r\n\r\n                        \r\n                            <figure class=\"post-teaser__image\">\r\n                                <img loading=\"lazy\" decoding=\"async\"  \r\n                                    src=\"https:\/\/visualjournalism.de\/wp-content\/uploads\/13_20221214-R0001254-scaled-1-e1755767975431-768x513.jpg\" \r\n                                    srcset=\"https:\/\/visualjournalism.de\/wp-content\/uploads\/13_20221214-R0001254-scaled-1-e1755767975431-768x513.jpg 768w, https:\/\/visualjournalism.de\/wp-content\/uploads\/13_20221214-R0001254-scaled-1-e1755767975431-300x200.jpg 300w, https:\/\/visualjournalism.de\/wp-content\/uploads\/13_20221214-R0001254-scaled-1-e1755767975431-1024x683.jpg 1024w, https:\/\/visualjournalism.de\/wp-content\/uploads\/13_20221214-R0001254-scaled-1-e1755767975431-1536x1025.jpg 1536w, https:\/\/visualjournalism.de\/wp-content\/uploads\/13_20221214-R0001254-scaled-1-e1755767975431-2048x1367.jpg 2048w, https:\/\/visualjournalism.de\/wp-content\/uploads\/13_20221214-R0001254-scaled-1-e1755767975431-1920x1282.jpg 1920w, https:\/\/visualjournalism.de\/wp-content\/uploads\/13_20221214-R0001254-scaled-1-e1755767975431-1400x934.jpg 1400w, https:\/\/visualjournalism.de\/wp-content\/uploads\/13_20221214-R0001254-scaled-1-e1755767975431-1050x701.jpg 1050w, https:\/\/visualjournalism.de\/wp-content\/uploads\/13_20221214-R0001254-scaled-1-e1755767975431-670x447.jpg 670w, https:\/\/visualjournalism.de\/wp-content\/uploads\/13_20221214-R0001254-scaled-1-e1755767975431-420x280.jpg 420w, https:\/\/visualjournalism.de\/wp-content\/uploads\/13_20221214-R0001254-scaled-1-e1755767975431-350x234.jpg 350w, https:\/\/visualjournalism.de\/wp-content\/uploads\/13_20221214-R0001254-scaled-1-e1755767975431-150x100.jpg 150w\" \r\n                                    width=\"768\"  \r\n                                    height=\"513\" \r\n                                    alt=\"In einem Workshop an der Hochschule Hannover geben Studierenden (hier Michael Matthey, mittig im Bild) ihre Erfahrungen mit Gro\u00dfformatfotografie an Mitstudierende weiter.\"\r\n                                \/>\r\n                            <\/figure>\r\n\r\n                        \r\n                    \r\n                    <\/a>\r\n\r\n                <\/article><!--- .post-teaser-->\r\n\r\n            \r\n        <\/div><!-- .teaser-grid -->\r\n\r\n\n\n\r\n\r\n\r\n\n\n\n    <div class=\"btn-wrapper has-spacing--m\">\n        <a class=\"btn\" href=\"https:\/\/visualjournalism.de\/magazin\/\" target=\"_blank\">ZUR MAGAZIN-STARTSEITE<\/a>\n    <\/div>\n<\/div>\n","protected":false},"excerpt":{"rendered":"","protected":false},"author":8,"featured_media":0,"parent":0,"menu_order":0,"comment_status":"closed","ping_status":"closed","template":"","meta":{"_acf_changed":false,"footnotes":""},"class_list":["post-31977","page","type-page","status-publish","hentry"],"acf":[],"yoast_head":"<!-- This site is optimized with the Yoast SEO Premium plugin v27.3 (Yoast SEO v27.3) - https:\/\/yoast.com\/product\/yoast-seo-premium-wordpress\/ -->\n<title>Kai Weise &#8211; Visual Journalism and Documentary Photography<\/title>\n<meta name=\"robots\" content=\"index, follow, max-snippet:-1, max-image-preview:large, max-video-preview:-1\" \/>\n<link rel=\"canonical\" href=\"https:\/\/visualjournalism.de\/en\/kai-weise\/\" \/>\n<meta property=\"og:locale\" content=\"en_US\" \/>\n<meta property=\"og:type\" content=\"article\" \/>\n<meta property=\"og:title\" content=\"Kai Weise\" \/>\n<meta property=\"og:url\" content=\"https:\/\/visualjournalism.de\/en\/kai-weise\/\" \/>\n<meta property=\"og:site_name\" content=\"Visual Journalism and Documentary Photography\" \/>\n<meta property=\"article:publisher\" content=\"https:\/\/www.facebook.com\/people\/wwwfotostudentende\/100065173703897\/\" \/>\n<meta property=\"article:modified_time\" content=\"2025-04-09T06:33:33+00:00\" \/>\n<meta name=\"twitter:card\" content=\"summary_large_image\" \/>\n<meta name=\"twitter:site\" content=\"@HsHannover\" \/>\n<meta name=\"twitter:label1\" content=\"Est. reading time\" \/>\n\t<meta name=\"twitter:data1\" content=\"1 minute\" \/>\n<script type=\"application\/ld+json\" class=\"yoast-schema-graph\">{\"@context\":\"https:\\\/\\\/schema.org\",\"@graph\":[{\"@type\":\"WebPage\",\"@id\":\"https:\\\/\\\/visualjournalism.de\\\/en\\\/kai-weise\\\/\",\"url\":\"https:\\\/\\\/visualjournalism.de\\\/en\\\/kai-weise\\\/\",\"name\":\"Kai Weise &#8211; Visual Journalism and Documentary Photography\",\"isPartOf\":{\"@id\":\"https:\\\/\\\/visualjournalism.de\\\/en\\\/#website\"},\"datePublished\":\"2023-12-04T15:13:00+00:00\",\"dateModified\":\"2025-04-09T06:33:33+00:00\",\"breadcrumb\":{\"@id\":\"https:\\\/\\\/visualjournalism.de\\\/en\\\/kai-weise\\\/#breadcrumb\"},\"inLanguage\":\"en-US\",\"potentialAction\":[{\"@type\":\"ReadAction\",\"target\":[\"https:\\\/\\\/visualjournalism.de\\\/en\\\/kai-weise\\\/\"]}]},{\"@type\":\"BreadcrumbList\",\"@id\":\"https:\\\/\\\/visualjournalism.de\\\/en\\\/kai-weise\\\/#breadcrumb\",\"itemListElement\":[{\"@type\":\"ListItem\",\"position\":1,\"name\":\"Home\",\"item\":\"https:\\\/\\\/visualjournalism.de\\\/en\\\/\"},{\"@type\":\"ListItem\",\"position\":2,\"name\":\"Kai Weise\"}]},{\"@type\":\"WebSite\",\"@id\":\"https:\\\/\\\/visualjournalism.de\\\/en\\\/#website\",\"url\":\"https:\\\/\\\/visualjournalism.de\\\/en\\\/\",\"name\":\"Visual Journalism and Documentary Photography\",\"description\":\"All about the bilingual bachelor&#039;s program at Hannover University of Applied Sciences and Arts.\",\"publisher\":{\"@id\":\"https:\\\/\\\/visualjournalism.de\\\/en\\\/#organization\"},\"alternateName\":\"visualjournalism.de\",\"potentialAction\":[{\"@type\":\"SearchAction\",\"target\":{\"@type\":\"EntryPoint\",\"urlTemplate\":\"https:\\\/\\\/visualjournalism.de\\\/en\\\/?s={search_term_string}\"},\"query-input\":{\"@type\":\"PropertyValueSpecification\",\"valueRequired\":true,\"valueName\":\"search_term_string\"}}],\"inLanguage\":\"en-US\"},{\"@type\":\"Organization\",\"@id\":\"https:\\\/\\\/visualjournalism.de\\\/en\\\/#organization\",\"name\":\"Hochschule Hannover \u2013 University of Applied Sciences and Arts\",\"alternateName\":\"HsH\",\"url\":\"https:\\\/\\\/visualjournalism.de\\\/en\\\/\",\"logo\":{\"@type\":\"ImageObject\",\"inLanguage\":\"en-US\",\"@id\":\"https:\\\/\\\/visualjournalism.de\\\/en\\\/#\\\/schema\\\/logo\\\/image\\\/\",\"url\":\"https:\\\/\\\/visualjournalism.de\\\/wp-content\\\/uploads\\\/logo-hochschule-hannover.png\",\"contentUrl\":\"https:\\\/\\\/visualjournalism.de\\\/wp-content\\\/uploads\\\/logo-hochschule-hannover.png\",\"width\":363,\"height\":270,\"caption\":\"Hochschule Hannover \u2013 University of Applied Sciences and Arts\"},\"image\":{\"@id\":\"https:\\\/\\\/visualjournalism.de\\\/en\\\/#\\\/schema\\\/logo\\\/image\\\/\"},\"sameAs\":[\"https:\\\/\\\/www.facebook.com\\\/people\\\/wwwfotostudentende\\\/100065173703897\\\/\",\"https:\\\/\\\/x.com\\\/HsHannover\",\"https:\\\/\\\/www.instagram.com\\\/visualjournalism.de\\\/\"]}]}<\/script>\n<!-- \/ Yoast SEO Premium plugin. -->","yoast_head_json":{"title":"Kai Weise &#8211; Visual Journalism and Documentary Photography","robots":{"index":"index","follow":"follow","max-snippet":"max-snippet:-1","max-image-preview":"max-image-preview:large","max-video-preview":"max-video-preview:-1"},"canonical":"https:\/\/visualjournalism.de\/en\/kai-weise\/","og_locale":"en_US","og_type":"article","og_title":"Kai Weise","og_url":"https:\/\/visualjournalism.de\/en\/kai-weise\/","og_site_name":"Visual Journalism and Documentary Photography","article_publisher":"https:\/\/www.facebook.com\/people\/wwwfotostudentende\/100065173703897\/","article_modified_time":"2025-04-09T06:33:33+00:00","twitter_card":"summary_large_image","twitter_site":"@HsHannover","twitter_misc":{"Est. reading time":"1 minute"},"schema":{"@context":"https:\/\/schema.org","@graph":[{"@type":"WebPage","@id":"https:\/\/visualjournalism.de\/en\/kai-weise\/","url":"https:\/\/visualjournalism.de\/en\/kai-weise\/","name":"Kai Weise &#8211; Visual Journalism and Documentary Photography","isPartOf":{"@id":"https:\/\/visualjournalism.de\/en\/#website"},"datePublished":"2023-12-04T15:13:00+00:00","dateModified":"2025-04-09T06:33:33+00:00","breadcrumb":{"@id":"https:\/\/visualjournalism.de\/en\/kai-weise\/#breadcrumb"},"inLanguage":"en-US","potentialAction":[{"@type":"ReadAction","target":["https:\/\/visualjournalism.de\/en\/kai-weise\/"]}]},{"@type":"BreadcrumbList","@id":"https:\/\/visualjournalism.de\/en\/kai-weise\/#breadcrumb","itemListElement":[{"@type":"ListItem","position":1,"name":"Home","item":"https:\/\/visualjournalism.de\/en\/"},{"@type":"ListItem","position":2,"name":"Kai Weise"}]},{"@type":"WebSite","@id":"https:\/\/visualjournalism.de\/en\/#website","url":"https:\/\/visualjournalism.de\/en\/","name":"Visual Journalism and Documentary Photography","description":"All about the bilingual bachelor&#039;s program at Hannover University of Applied Sciences and Arts.","publisher":{"@id":"https:\/\/visualjournalism.de\/en\/#organization"},"alternateName":"visualjournalism.de","potentialAction":[{"@type":"SearchAction","target":{"@type":"EntryPoint","urlTemplate":"https:\/\/visualjournalism.de\/en\/?s={search_term_string}"},"query-input":{"@type":"PropertyValueSpecification","valueRequired":true,"valueName":"search_term_string"}}],"inLanguage":"en-US"},{"@type":"Organization","@id":"https:\/\/visualjournalism.de\/en\/#organization","name":"Hochschule Hannover \u2013 University of Applied Sciences and Arts","alternateName":"HsH","url":"https:\/\/visualjournalism.de\/en\/","logo":{"@type":"ImageObject","inLanguage":"en-US","@id":"https:\/\/visualjournalism.de\/en\/#\/schema\/logo\/image\/","url":"https:\/\/visualjournalism.de\/wp-content\/uploads\/logo-hochschule-hannover.png","contentUrl":"https:\/\/visualjournalism.de\/wp-content\/uploads\/logo-hochschule-hannover.png","width":363,"height":270,"caption":"Hochschule Hannover \u2013 University of Applied Sciences and Arts"},"image":{"@id":"https:\/\/visualjournalism.de\/en\/#\/schema\/logo\/image\/"},"sameAs":["https:\/\/www.facebook.com\/people\/wwwfotostudentende\/100065173703897\/","https:\/\/x.com\/HsHannover","https:\/\/www.instagram.com\/visualjournalism.de\/"]}]}},"_links":{"self":[{"href":"https:\/\/visualjournalism.de\/en\/wp-json\/wp\/v2\/pages\/31977","targetHints":{"allow":["GET"]}}],"collection":[{"href":"https:\/\/visualjournalism.de\/en\/wp-json\/wp\/v2\/pages"}],"about":[{"href":"https:\/\/visualjournalism.de\/en\/wp-json\/wp\/v2\/types\/page"}],"author":[{"embeddable":true,"href":"https:\/\/visualjournalism.de\/en\/wp-json\/wp\/v2\/users\/8"}],"replies":[{"embeddable":true,"href":"https:\/\/visualjournalism.de\/en\/wp-json\/wp\/v2\/comments?post=31977"}],"version-history":[{"count":0,"href":"https:\/\/visualjournalism.de\/en\/wp-json\/wp\/v2\/pages\/31977\/revisions"}],"wp:attachment":[{"href":"https:\/\/visualjournalism.de\/en\/wp-json\/wp\/v2\/media?parent=31977"}],"curies":[{"name":"wp","href":"https:\/\/api.w.org\/{rel}","templated":true}]}}