{"id":33588,"date":"2024-01-15T16:28:34","date_gmt":"2024-01-15T16:28:34","guid":{"rendered":"https:\/\/visualjournalism.de\/?page_id=33588"},"modified":"2024-01-19T20:56:33","modified_gmt":"2024-01-19T20:56:33","slug":"riccardo-prevete","status":"publish","type":"page","link":"https:\/\/visualjournalism.de\/en\/riccardo-prevete\/","title":{"rendered":"Riccardo Prevete"},"content":{"rendered":"\n \n\n    <div id=\"lead-in-block_33bda1f0cc258e20283f12aae8552ee0\" class=\"block-lead-in typo--default font-size--xl has-spacing--m width--default\">\n        <h1>Riccardo Prevete<\/h1>\n    <\/div>\n\n\n\n\n<div class=\"pinned-block has-spacing--m\">\n\t\n\n<div class=\"pinned-block__column--left\">\n    \n    <figure class=\"block-photo post__image--full has-spacing--m no-title\">\n\n        <div class=\"post__image__container\">\n            <img loading=\"lazy\" decoding=\"async\" \n                src=\"https:\/\/visualjournalism.de\/wp-content\/uploads\/Portraet-Riccardo-Prevete-1400x1777.jpg\"\n                srcset=\"https:\/\/visualjournalism.de\/wp-content\/uploads\/Portraet-Riccardo-Prevete-1400x1777.jpg 1400w, https:\/\/visualjournalism.de\/wp-content\/uploads\/Portraet-Riccardo-Prevete-236x300.jpg 236w, https:\/\/visualjournalism.de\/wp-content\/uploads\/Portraet-Riccardo-Prevete-807x1024.jpg 807w, https:\/\/visualjournalism.de\/wp-content\/uploads\/Portraet-Riccardo-Prevete-768x975.jpg 768w, https:\/\/visualjournalism.de\/wp-content\/uploads\/Portraet-Riccardo-Prevete-1210x1536.jpg 1210w, https:\/\/visualjournalism.de\/wp-content\/uploads\/Portraet-Riccardo-Prevete-1050x1332.jpg 1050w, https:\/\/visualjournalism.de\/wp-content\/uploads\/Portraet-Riccardo-Prevete-670x850.jpg 670w, https:\/\/visualjournalism.de\/wp-content\/uploads\/Portraet-Riccardo-Prevete-420x533.jpg 420w, https:\/\/visualjournalism.de\/wp-content\/uploads\/Portraet-Riccardo-Prevete-350x444.jpg 350w, https:\/\/visualjournalism.de\/wp-content\/uploads\/Portraet-Riccardo-Prevete-300x381.jpg 300w, https:\/\/visualjournalism.de\/wp-content\/uploads\/Portraet-Riccardo-Prevete-150x190.jpg 150w, https:\/\/visualjournalism.de\/wp-content\/uploads\/Portraet-Riccardo-Prevete.jpg 1576w\"\n                width=\"1400\" \n                height=\"1777\"\n                alt=\"\" \n            \/>\n            \n                    <\/div><!-- post__image__container -->\n\n        \n    <\/figure><!-- post__image -->\n\n\n\n<\/div>\n\n\n<div class=\"pinned-block__column--right\">\n    \n\n<p class=\"post__paragraph is-style-typo--soehne has-spacing--none\"><strong>Riccardo Prevete<\/strong>, geboren 1994 in Schwetzingen, verbrachte Kindheit und Jugend in Mannheim. Zum Geschichten erz\u00e4hlen inspirierte ihn seine Schwester Nicoletta, die als Journalistin f\u00fcr Funk und Fernsehen beim SWR t\u00e4tig ist.<br><br>W\u00e4hrend der Ausbildung zum Kfz-Mechatroniker entdeckte er seine Leidenschaft f\u00fcr die Fotografie. Zeitgleich engagierte er sich in der IG-Metal und der Arbeitnehmerinnen-Vertretung von BMW. Als Kind einer Gastarbeiter-Familie, war er fr\u00fch Konfrontiert mit den Themen, die sp\u00e4ter zentral f\u00fcr sein fotografisches Schaffen werden sollten: soziale Ungleichheit und die Repr\u00e4sentation gesellschaftlicher Randgruppen.<br><br>Nach der Ausbildung zum Mechatroniker, begann er 2018 eine Lehre zum Fotograf am Karlsruher Institut f\u00fcr Technologie, lernte dort die Videografie und die analoge Fotografie lieben. Seither ist er als freischaffender Fotograf und Videograf t\u00e4tig. Vor allem in den Bereichen Mode und Musik. 2021 begann Riccardo sein Studium Fotojournalismus und Dokumentarfotografie, an der Hochschule Hannover.<br><br><br><strong>Kontakt:<\/strong><br>Email: <a href=\"mailto:prevete@gmx.de\" target=\"_blank\" rel=\"noreferrer noopener\">prevete@gmx.de<\/a><br>Instagram: @riccardo.prevete<\/p>\n\n\n<\/div>\n<\/div>","protected":false},"excerpt":{"rendered":"","protected":false},"author":7,"featured_media":37152,"parent":0,"menu_order":0,"comment_status":"closed","ping_status":"closed","template":"","meta":{"_acf_changed":false,"footnotes":""},"class_list":["post-33588","page","type-page","status-publish","has-post-thumbnail","hentry"],"acf":[],"yoast_head":"<!-- This site is optimized with the Yoast SEO Premium plugin v27.3 (Yoast SEO v27.3) - https:\/\/yoast.com\/product\/yoast-seo-premium-wordpress\/ -->\n<title>Riccardo Prevete &#8211; Visual Journalism and Documentary Photography<\/title>\n<meta name=\"robots\" content=\"index, follow, max-snippet:-1, max-image-preview:large, max-video-preview:-1\" \/>\n<link rel=\"canonical\" href=\"https:\/\/visualjournalism.de\/en\/riccardo-prevete\/\" \/>\n<meta property=\"og:locale\" content=\"en_US\" \/>\n<meta property=\"og:type\" content=\"article\" \/>\n<meta property=\"og:title\" content=\"Riccardo Prevete\" \/>\n<meta property=\"og:url\" content=\"https:\/\/visualjournalism.de\/en\/riccardo-prevete\/\" \/>\n<meta property=\"og:site_name\" content=\"Visual Journalism and Documentary Photography\" \/>\n<meta property=\"article:publisher\" content=\"https:\/\/www.facebook.com\/people\/wwwfotostudentende\/100065173703897\/\" \/>\n<meta property=\"article:modified_time\" content=\"2024-01-19T20:56:33+00:00\" \/>\n<meta property=\"og:image\" content=\"https:\/\/visualjournalism.de\/wp-content\/uploads\/Beleuchtungsuebungen-071608131088342-scaled.jpg\" \/>\n\t<meta property=\"og:image:width\" content=\"2018\" \/>\n\t<meta property=\"og:image:height\" content=\"2560\" \/>\n\t<meta property=\"og:image:type\" content=\"image\/jpeg\" \/>\n<meta name=\"twitter:card\" content=\"summary_large_image\" \/>\n<meta name=\"twitter:site\" content=\"@HsHannover\" \/>\n<meta name=\"twitter:label1\" content=\"Est. reading time\" \/>\n\t<meta name=\"twitter:data1\" content=\"1 minute\" \/>\n<script type=\"application\/ld+json\" class=\"yoast-schema-graph\">{\"@context\":\"https:\\\/\\\/schema.org\",\"@graph\":[{\"@type\":\"WebPage\",\"@id\":\"https:\\\/\\\/visualjournalism.de\\\/en\\\/riccardo-prevete\\\/\",\"url\":\"https:\\\/\\\/visualjournalism.de\\\/en\\\/riccardo-prevete\\\/\",\"name\":\"Riccardo Prevete &#8211; Visual Journalism and Documentary Photography\",\"isPartOf\":{\"@id\":\"https:\\\/\\\/visualjournalism.de\\\/en\\\/#website\"},\"primaryImageOfPage\":{\"@id\":\"https:\\\/\\\/visualjournalism.de\\\/en\\\/riccardo-prevete\\\/#primaryimage\"},\"image\":{\"@id\":\"https:\\\/\\\/visualjournalism.de\\\/en\\\/riccardo-prevete\\\/#primaryimage\"},\"thumbnailUrl\":\"https:\\\/\\\/visualjournalism.de\\\/wp-content\\\/uploads\\\/Beleuchtungsuebungen-071608131088342-scaled.jpg\",\"datePublished\":\"2024-01-15T16:28:34+00:00\",\"dateModified\":\"2024-01-19T20:56:33+00:00\",\"breadcrumb\":{\"@id\":\"https:\\\/\\\/visualjournalism.de\\\/en\\\/riccardo-prevete\\\/#breadcrumb\"},\"inLanguage\":\"en-US\",\"potentialAction\":[{\"@type\":\"ReadAction\",\"target\":[\"https:\\\/\\\/visualjournalism.de\\\/en\\\/riccardo-prevete\\\/\"]}]},{\"@type\":\"ImageObject\",\"inLanguage\":\"en-US\",\"@id\":\"https:\\\/\\\/visualjournalism.de\\\/en\\\/riccardo-prevete\\\/#primaryimage\",\"url\":\"https:\\\/\\\/visualjournalism.de\\\/wp-content\\\/uploads\\\/Beleuchtungsuebungen-071608131088342-scaled.jpg\",\"contentUrl\":\"https:\\\/\\\/visualjournalism.de\\\/wp-content\\\/uploads\\\/Beleuchtungsuebungen-071608131088342-scaled.jpg\",\"width\":2018,\"height\":2560},{\"@type\":\"BreadcrumbList\",\"@id\":\"https:\\\/\\\/visualjournalism.de\\\/en\\\/riccardo-prevete\\\/#breadcrumb\",\"itemListElement\":[{\"@type\":\"ListItem\",\"position\":1,\"name\":\"Home\",\"item\":\"https:\\\/\\\/visualjournalism.de\\\/en\\\/\"},{\"@type\":\"ListItem\",\"position\":2,\"name\":\"Riccardo Prevete\"}]},{\"@type\":\"WebSite\",\"@id\":\"https:\\\/\\\/visualjournalism.de\\\/en\\\/#website\",\"url\":\"https:\\\/\\\/visualjournalism.de\\\/en\\\/\",\"name\":\"Visual Journalism and Documentary Photography\",\"description\":\"All about the bilingual bachelor&#039;s program at Hannover University of Applied Sciences and Arts.\",\"publisher\":{\"@id\":\"https:\\\/\\\/visualjournalism.de\\\/en\\\/#organization\"},\"alternateName\":\"visualjournalism.de\",\"potentialAction\":[{\"@type\":\"SearchAction\",\"target\":{\"@type\":\"EntryPoint\",\"urlTemplate\":\"https:\\\/\\\/visualjournalism.de\\\/en\\\/?s={search_term_string}\"},\"query-input\":{\"@type\":\"PropertyValueSpecification\",\"valueRequired\":true,\"valueName\":\"search_term_string\"}}],\"inLanguage\":\"en-US\"},{\"@type\":\"Organization\",\"@id\":\"https:\\\/\\\/visualjournalism.de\\\/en\\\/#organization\",\"name\":\"Hochschule Hannover \u2013 University of Applied Sciences and Arts\",\"alternateName\":\"HsH\",\"url\":\"https:\\\/\\\/visualjournalism.de\\\/en\\\/\",\"logo\":{\"@type\":\"ImageObject\",\"inLanguage\":\"en-US\",\"@id\":\"https:\\\/\\\/visualjournalism.de\\\/en\\\/#\\\/schema\\\/logo\\\/image\\\/\",\"url\":\"https:\\\/\\\/visualjournalism.de\\\/wp-content\\\/uploads\\\/logo-hochschule-hannover.png\",\"contentUrl\":\"https:\\\/\\\/visualjournalism.de\\\/wp-content\\\/uploads\\\/logo-hochschule-hannover.png\",\"width\":363,\"height\":270,\"caption\":\"Hochschule Hannover \u2013 University of Applied Sciences and Arts\"},\"image\":{\"@id\":\"https:\\\/\\\/visualjournalism.de\\\/en\\\/#\\\/schema\\\/logo\\\/image\\\/\"},\"sameAs\":[\"https:\\\/\\\/www.facebook.com\\\/people\\\/wwwfotostudentende\\\/100065173703897\\\/\",\"https:\\\/\\\/x.com\\\/HsHannover\",\"https:\\\/\\\/www.instagram.com\\\/visualjournalism.de\\\/\"]}]}<\/script>\n<!-- \/ Yoast SEO Premium plugin. -->","yoast_head_json":{"title":"Riccardo Prevete &#8211; Visual Journalism and Documentary Photography","robots":{"index":"index","follow":"follow","max-snippet":"max-snippet:-1","max-image-preview":"max-image-preview:large","max-video-preview":"max-video-preview:-1"},"canonical":"https:\/\/visualjournalism.de\/en\/riccardo-prevete\/","og_locale":"en_US","og_type":"article","og_title":"Riccardo Prevete","og_url":"https:\/\/visualjournalism.de\/en\/riccardo-prevete\/","og_site_name":"Visual Journalism and Documentary Photography","article_publisher":"https:\/\/www.facebook.com\/people\/wwwfotostudentende\/100065173703897\/","article_modified_time":"2024-01-19T20:56:33+00:00","og_image":[{"width":2018,"height":2560,"url":"https:\/\/visualjournalism.de\/wp-content\/uploads\/Beleuchtungsuebungen-071608131088342-scaled.jpg","type":"image\/jpeg"}],"twitter_card":"summary_large_image","twitter_site":"@HsHannover","twitter_misc":{"Est. reading time":"1 minute"},"schema":{"@context":"https:\/\/schema.org","@graph":[{"@type":"WebPage","@id":"https:\/\/visualjournalism.de\/en\/riccardo-prevete\/","url":"https:\/\/visualjournalism.de\/en\/riccardo-prevete\/","name":"Riccardo Prevete &#8211; Visual Journalism and Documentary Photography","isPartOf":{"@id":"https:\/\/visualjournalism.de\/en\/#website"},"primaryImageOfPage":{"@id":"https:\/\/visualjournalism.de\/en\/riccardo-prevete\/#primaryimage"},"image":{"@id":"https:\/\/visualjournalism.de\/en\/riccardo-prevete\/#primaryimage"},"thumbnailUrl":"https:\/\/visualjournalism.de\/wp-content\/uploads\/Beleuchtungsuebungen-071608131088342-scaled.jpg","datePublished":"2024-01-15T16:28:34+00:00","dateModified":"2024-01-19T20:56:33+00:00","breadcrumb":{"@id":"https:\/\/visualjournalism.de\/en\/riccardo-prevete\/#breadcrumb"},"inLanguage":"en-US","potentialAction":[{"@type":"ReadAction","target":["https:\/\/visualjournalism.de\/en\/riccardo-prevete\/"]}]},{"@type":"ImageObject","inLanguage":"en-US","@id":"https:\/\/visualjournalism.de\/en\/riccardo-prevete\/#primaryimage","url":"https:\/\/visualjournalism.de\/wp-content\/uploads\/Beleuchtungsuebungen-071608131088342-scaled.jpg","contentUrl":"https:\/\/visualjournalism.de\/wp-content\/uploads\/Beleuchtungsuebungen-071608131088342-scaled.jpg","width":2018,"height":2560},{"@type":"BreadcrumbList","@id":"https:\/\/visualjournalism.de\/en\/riccardo-prevete\/#breadcrumb","itemListElement":[{"@type":"ListItem","position":1,"name":"Home","item":"https:\/\/visualjournalism.de\/en\/"},{"@type":"ListItem","position":2,"name":"Riccardo Prevete"}]},{"@type":"WebSite","@id":"https:\/\/visualjournalism.de\/en\/#website","url":"https:\/\/visualjournalism.de\/en\/","name":"Visual Journalism and Documentary Photography","description":"All about the bilingual bachelor&#039;s program at Hannover University of Applied Sciences and Arts.","publisher":{"@id":"https:\/\/visualjournalism.de\/en\/#organization"},"alternateName":"visualjournalism.de","potentialAction":[{"@type":"SearchAction","target":{"@type":"EntryPoint","urlTemplate":"https:\/\/visualjournalism.de\/en\/?s={search_term_string}"},"query-input":{"@type":"PropertyValueSpecification","valueRequired":true,"valueName":"search_term_string"}}],"inLanguage":"en-US"},{"@type":"Organization","@id":"https:\/\/visualjournalism.de\/en\/#organization","name":"Hochschule Hannover \u2013 University of Applied Sciences and Arts","alternateName":"HsH","url":"https:\/\/visualjournalism.de\/en\/","logo":{"@type":"ImageObject","inLanguage":"en-US","@id":"https:\/\/visualjournalism.de\/en\/#\/schema\/logo\/image\/","url":"https:\/\/visualjournalism.de\/wp-content\/uploads\/logo-hochschule-hannover.png","contentUrl":"https:\/\/visualjournalism.de\/wp-content\/uploads\/logo-hochschule-hannover.png","width":363,"height":270,"caption":"Hochschule Hannover \u2013 University of Applied Sciences and Arts"},"image":{"@id":"https:\/\/visualjournalism.de\/en\/#\/schema\/logo\/image\/"},"sameAs":["https:\/\/www.facebook.com\/people\/wwwfotostudentende\/100065173703897\/","https:\/\/x.com\/HsHannover","https:\/\/www.instagram.com\/visualjournalism.de\/"]}]}},"_links":{"self":[{"href":"https:\/\/visualjournalism.de\/en\/wp-json\/wp\/v2\/pages\/33588","targetHints":{"allow":["GET"]}}],"collection":[{"href":"https:\/\/visualjournalism.de\/en\/wp-json\/wp\/v2\/pages"}],"about":[{"href":"https:\/\/visualjournalism.de\/en\/wp-json\/wp\/v2\/types\/page"}],"author":[{"embeddable":true,"href":"https:\/\/visualjournalism.de\/en\/wp-json\/wp\/v2\/users\/7"}],"replies":[{"embeddable":true,"href":"https:\/\/visualjournalism.de\/en\/wp-json\/wp\/v2\/comments?post=33588"}],"version-history":[{"count":0,"href":"https:\/\/visualjournalism.de\/en\/wp-json\/wp\/v2\/pages\/33588\/revisions"}],"wp:featuredmedia":[{"embeddable":true,"href":"https:\/\/visualjournalism.de\/en\/wp-json\/wp\/v2\/media\/37152"}],"wp:attachment":[{"href":"https:\/\/visualjournalism.de\/en\/wp-json\/wp\/v2\/media?parent=33588"}],"curies":[{"name":"wp","href":"https:\/\/api.w.org\/{rel}","templated":true}]}}