{"id":35365,"date":"2024-01-12T11:42:59","date_gmt":"2024-01-12T11:42:59","guid":{"rendered":"https:\/\/visualjournalism.de\/?page_id=35365"},"modified":"2024-10-06T10:49:03","modified_gmt":"2024-10-06T10:49:03","slug":"florian-sturm","status":"publish","type":"page","link":"https:\/\/visualjournalism.de\/en\/florian-sturm\/","title":{"rendered":"Florian Sturm"},"content":{"rendered":"\n \n\n    <div id=\"lead-in-block_65a86ce9ab10141587382e4bf034938b\" class=\"block-lead-in typo--soehne font-size--xl has-spacing--s width--full\">\n        <h1><b>Florian Sturm<\/b><\/h1>\n    <\/div>\n\n\n\n\n<div class=\"pinned-block has-spacing--m\">\n\t\n\n<div class=\"pinned-block__column--left\">\n    \n    <figure class=\"block-photo post__image--full has-spacing--m with-title\">\n\n        <div class=\"post__image__container\">\n            <img loading=\"lazy\" decoding=\"async\" \n                src=\"https:\/\/visualjournalism.de\/wp-content\/uploads\/florian-sturm.jpg\"\n                srcset=\"https:\/\/visualjournalism.de\/wp-content\/uploads\/florian-sturm.jpg 1329w, https:\/\/visualjournalism.de\/wp-content\/uploads\/florian-sturm-249x300.jpg 249w, https:\/\/visualjournalism.de\/wp-content\/uploads\/florian-sturm-851x1024.jpg 851w, https:\/\/visualjournalism.de\/wp-content\/uploads\/florian-sturm-768x925.jpg 768w, https:\/\/visualjournalism.de\/wp-content\/uploads\/florian-sturm-1276x1536.jpg 1276w, https:\/\/visualjournalism.de\/wp-content\/uploads\/florian-sturm-1050x1264.jpg 1050w, https:\/\/visualjournalism.de\/wp-content\/uploads\/florian-sturm-670x807.jpg 670w, https:\/\/visualjournalism.de\/wp-content\/uploads\/florian-sturm-420x506.jpg 420w, https:\/\/visualjournalism.de\/wp-content\/uploads\/florian-sturm-350x421.jpg 350w, https:\/\/visualjournalism.de\/wp-content\/uploads\/florian-sturm-300x361.jpg 300w, https:\/\/visualjournalism.de\/wp-content\/uploads\/florian-sturm-150x181.jpg 150w\"\n                width=\"1329\" \n                height=\"1600\"\n                alt=\"\" \n            \/>\n            \n                            <span class=\"post__image__title\">Foto: Dominic Kamp<\/span>\n                    <\/div><!-- post__image__container -->\n\n        \n    <\/figure><!-- post__image -->\n\n\n\n<\/div>\n\n\n<div class=\"pinned-block__column--right\">\n    \n\n<p class=\"post__paragraph is-style-typo--soehne has-spacing--default\"><strong>Florian Sturm<\/strong> studierte Anglistik\/Amerikanistik, Kommunikations- und Politikwissenschaft in Jena und Bangor (Wales). Im Anschluss absolvierte er ein Volontariat in Hamburg und arbeitet seitdem als Journalist. Einer seiner Schwerpunktbereiche ist die Fotografie. Dar\u00fcber hinaus f\u00fchrt er Interviews und schreibt Portr\u00e4ts sowie Reportagen im In- und Ausland. Zu seinen Auftraggebern geh\u00f6ren unter anderem die S\u00fcddeutsche Zeitung, Spiegel Online, Neue Z\u00fcrcher Zeitung, Stern Crime, P.M. Magazin, Spektrum der Wissenschaft, Das Magazin und \u00dcbermedien. Er ist Mitglied der Freischreiber.<\/p>\n\n\n\n<p class=\"post__paragraph is-style-typo--soehne has-spacing--default\"><strong>Info<\/strong><br>Journalist<br><br><strong>Homepage<\/strong><br><a href=\"https:\/\/florian-sturm.com\/\" target=\"_blank\" rel=\"noreferrer noopener\">https:\/\/florian-sturm.com\/<\/a><\/p>\n\n\n\n<p class=\"post__paragraph is-style-typo--soehne has-spacing--default\"><a href=\"https:\/\/visualjournalism.de\/imagematters\/\"><strong>[IMAGE MATTERS]<br><\/strong><\/a>Autor<\/p>\n\n\n<\/div>\n<\/div>","protected":false},"excerpt":{"rendered":"","protected":false},"author":6,"featured_media":35218,"parent":0,"menu_order":0,"comment_status":"closed","ping_status":"closed","template":"","meta":{"_acf_changed":false,"footnotes":""},"class_list":["post-35365","page","type-page","status-publish","has-post-thumbnail","hentry"],"acf":[],"yoast_head":"<!-- This site is optimized with the Yoast SEO Premium plugin v27.2 (Yoast SEO v27.2) - https:\/\/yoast.com\/product\/yoast-seo-premium-wordpress\/ -->\n<title>Florian Sturm &#8211; Visual Journalism and Documentary Photography<\/title>\n<meta name=\"robots\" content=\"index, follow, max-snippet:-1, max-image-preview:large, max-video-preview:-1\" \/>\n<link rel=\"canonical\" href=\"https:\/\/visualjournalism.de\/en\/florian-sturm\/\" \/>\n<meta property=\"og:locale\" content=\"en_US\" \/>\n<meta property=\"og:type\" content=\"article\" \/>\n<meta property=\"og:title\" content=\"Florian Sturm\" \/>\n<meta property=\"og:url\" content=\"https:\/\/visualjournalism.de\/en\/florian-sturm\/\" \/>\n<meta property=\"og:site_name\" content=\"Visual Journalism and Documentary Photography\" \/>\n<meta property=\"article:publisher\" content=\"https:\/\/www.facebook.com\/people\/wwwfotostudentende\/100065173703897\/\" \/>\n<meta property=\"article:modified_time\" content=\"2024-10-06T10:49:03+00:00\" \/>\n<meta property=\"og:image\" content=\"https:\/\/visualjournalism.de\/wp-content\/uploads\/florian-sturm.jpg\" \/>\n\t<meta property=\"og:image:width\" content=\"1329\" \/>\n\t<meta property=\"og:image:height\" content=\"1600\" \/>\n\t<meta property=\"og:image:type\" content=\"image\/jpeg\" \/>\n<meta name=\"twitter:card\" content=\"summary_large_image\" \/>\n<meta name=\"twitter:site\" content=\"@HsHannover\" \/>\n<meta name=\"twitter:label1\" content=\"Est. reading time\" \/>\n\t<meta name=\"twitter:data1\" content=\"1 minute\" \/>\n<script type=\"application\/ld+json\" class=\"yoast-schema-graph\">{\"@context\":\"https:\/\/schema.org\",\"@graph\":[{\"@type\":\"WebPage\",\"@id\":\"https:\/\/visualjournalism.de\/en\/florian-sturm\/\",\"url\":\"https:\/\/visualjournalism.de\/en\/florian-sturm\/\",\"name\":\"Florian Sturm &#8211; Visual Journalism and Documentary Photography\",\"isPartOf\":{\"@id\":\"https:\/\/visualjournalism.de\/en\/#website\"},\"primaryImageOfPage\":{\"@id\":\"https:\/\/visualjournalism.de\/en\/florian-sturm\/#primaryimage\"},\"image\":{\"@id\":\"https:\/\/visualjournalism.de\/en\/florian-sturm\/#primaryimage\"},\"thumbnailUrl\":\"https:\/\/visualjournalism.de\/wp-content\/uploads\/florian-sturm.jpg\",\"datePublished\":\"2024-01-12T11:42:59+00:00\",\"dateModified\":\"2024-10-06T10:49:03+00:00\",\"breadcrumb\":{\"@id\":\"https:\/\/visualjournalism.de\/en\/florian-sturm\/#breadcrumb\"},\"inLanguage\":\"en-US\",\"potentialAction\":[{\"@type\":\"ReadAction\",\"target\":[\"https:\/\/visualjournalism.de\/en\/florian-sturm\/\"]}]},{\"@type\":\"ImageObject\",\"inLanguage\":\"en-US\",\"@id\":\"https:\/\/visualjournalism.de\/en\/florian-sturm\/#primaryimage\",\"url\":\"https:\/\/visualjournalism.de\/wp-content\/uploads\/florian-sturm.jpg\",\"contentUrl\":\"https:\/\/visualjournalism.de\/wp-content\/uploads\/florian-sturm.jpg\",\"width\":1329,\"height\":1600,\"caption\":\"Foto: Dominic Kamp\"},{\"@type\":\"BreadcrumbList\",\"@id\":\"https:\/\/visualjournalism.de\/en\/florian-sturm\/#breadcrumb\",\"itemListElement\":[{\"@type\":\"ListItem\",\"position\":1,\"name\":\"Home\",\"item\":\"https:\/\/visualjournalism.de\/en\/\"},{\"@type\":\"ListItem\",\"position\":2,\"name\":\"Florian Sturm\"}]},{\"@type\":\"WebSite\",\"@id\":\"https:\/\/visualjournalism.de\/en\/#website\",\"url\":\"https:\/\/visualjournalism.de\/en\/\",\"name\":\"Visual Journalism and Documentary Photography\",\"description\":\"All about the bilingual bachelor&#039;s program at Hannover University of Applied Sciences and Arts.\",\"publisher\":{\"@id\":\"https:\/\/visualjournalism.de\/en\/#organization\"},\"alternateName\":\"visualjournalism.de\",\"potentialAction\":[{\"@type\":\"SearchAction\",\"target\":{\"@type\":\"EntryPoint\",\"urlTemplate\":\"https:\/\/visualjournalism.de\/en\/?s={search_term_string}\"},\"query-input\":{\"@type\":\"PropertyValueSpecification\",\"valueRequired\":true,\"valueName\":\"search_term_string\"}}],\"inLanguage\":\"en-US\"},{\"@type\":\"Organization\",\"@id\":\"https:\/\/visualjournalism.de\/en\/#organization\",\"name\":\"Hochschule Hannover \u2013 University of Applied Sciences and Arts\",\"alternateName\":\"HsH\",\"url\":\"https:\/\/visualjournalism.de\/en\/\",\"logo\":{\"@type\":\"ImageObject\",\"inLanguage\":\"en-US\",\"@id\":\"https:\/\/visualjournalism.de\/en\/#\/schema\/logo\/image\/\",\"url\":\"https:\/\/visualjournalism.de\/wp-content\/uploads\/logo-hochschule-hannover.png\",\"contentUrl\":\"https:\/\/visualjournalism.de\/wp-content\/uploads\/logo-hochschule-hannover.png\",\"width\":363,\"height\":270,\"caption\":\"Hochschule Hannover \u2013 University of Applied Sciences and Arts\"},\"image\":{\"@id\":\"https:\/\/visualjournalism.de\/en\/#\/schema\/logo\/image\/\"},\"sameAs\":[\"https:\/\/www.facebook.com\/people\/wwwfotostudentende\/100065173703897\/\",\"https:\/\/x.com\/HsHannover\",\"https:\/\/www.instagram.com\/visualjournalism.de\/\"]}]}<\/script>\n<!-- \/ Yoast SEO Premium plugin. -->","yoast_head_json":{"title":"Florian Sturm &#8211; Visual Journalism and Documentary Photography","robots":{"index":"index","follow":"follow","max-snippet":"max-snippet:-1","max-image-preview":"max-image-preview:large","max-video-preview":"max-video-preview:-1"},"canonical":"https:\/\/visualjournalism.de\/en\/florian-sturm\/","og_locale":"en_US","og_type":"article","og_title":"Florian Sturm","og_url":"https:\/\/visualjournalism.de\/en\/florian-sturm\/","og_site_name":"Visual Journalism and Documentary Photography","article_publisher":"https:\/\/www.facebook.com\/people\/wwwfotostudentende\/100065173703897\/","article_modified_time":"2024-10-06T10:49:03+00:00","og_image":[{"width":1329,"height":1600,"url":"https:\/\/visualjournalism.de\/wp-content\/uploads\/florian-sturm.jpg","type":"image\/jpeg"}],"twitter_card":"summary_large_image","twitter_site":"@HsHannover","twitter_misc":{"Est. reading time":"1 minute"},"schema":{"@context":"https:\/\/schema.org","@graph":[{"@type":"WebPage","@id":"https:\/\/visualjournalism.de\/en\/florian-sturm\/","url":"https:\/\/visualjournalism.de\/en\/florian-sturm\/","name":"Florian Sturm &#8211; Visual Journalism and Documentary Photography","isPartOf":{"@id":"https:\/\/visualjournalism.de\/en\/#website"},"primaryImageOfPage":{"@id":"https:\/\/visualjournalism.de\/en\/florian-sturm\/#primaryimage"},"image":{"@id":"https:\/\/visualjournalism.de\/en\/florian-sturm\/#primaryimage"},"thumbnailUrl":"https:\/\/visualjournalism.de\/wp-content\/uploads\/florian-sturm.jpg","datePublished":"2024-01-12T11:42:59+00:00","dateModified":"2024-10-06T10:49:03+00:00","breadcrumb":{"@id":"https:\/\/visualjournalism.de\/en\/florian-sturm\/#breadcrumb"},"inLanguage":"en-US","potentialAction":[{"@type":"ReadAction","target":["https:\/\/visualjournalism.de\/en\/florian-sturm\/"]}]},{"@type":"ImageObject","inLanguage":"en-US","@id":"https:\/\/visualjournalism.de\/en\/florian-sturm\/#primaryimage","url":"https:\/\/visualjournalism.de\/wp-content\/uploads\/florian-sturm.jpg","contentUrl":"https:\/\/visualjournalism.de\/wp-content\/uploads\/florian-sturm.jpg","width":1329,"height":1600,"caption":"Foto: Dominic Kamp"},{"@type":"BreadcrumbList","@id":"https:\/\/visualjournalism.de\/en\/florian-sturm\/#breadcrumb","itemListElement":[{"@type":"ListItem","position":1,"name":"Home","item":"https:\/\/visualjournalism.de\/en\/"},{"@type":"ListItem","position":2,"name":"Florian Sturm"}]},{"@type":"WebSite","@id":"https:\/\/visualjournalism.de\/en\/#website","url":"https:\/\/visualjournalism.de\/en\/","name":"Visual Journalism and Documentary Photography","description":"All about the bilingual bachelor&#039;s program at Hannover University of Applied Sciences and Arts.","publisher":{"@id":"https:\/\/visualjournalism.de\/en\/#organization"},"alternateName":"visualjournalism.de","potentialAction":[{"@type":"SearchAction","target":{"@type":"EntryPoint","urlTemplate":"https:\/\/visualjournalism.de\/en\/?s={search_term_string}"},"query-input":{"@type":"PropertyValueSpecification","valueRequired":true,"valueName":"search_term_string"}}],"inLanguage":"en-US"},{"@type":"Organization","@id":"https:\/\/visualjournalism.de\/en\/#organization","name":"Hochschule Hannover \u2013 University of Applied Sciences and Arts","alternateName":"HsH","url":"https:\/\/visualjournalism.de\/en\/","logo":{"@type":"ImageObject","inLanguage":"en-US","@id":"https:\/\/visualjournalism.de\/en\/#\/schema\/logo\/image\/","url":"https:\/\/visualjournalism.de\/wp-content\/uploads\/logo-hochschule-hannover.png","contentUrl":"https:\/\/visualjournalism.de\/wp-content\/uploads\/logo-hochschule-hannover.png","width":363,"height":270,"caption":"Hochschule Hannover \u2013 University of Applied Sciences and Arts"},"image":{"@id":"https:\/\/visualjournalism.de\/en\/#\/schema\/logo\/image\/"},"sameAs":["https:\/\/www.facebook.com\/people\/wwwfotostudentende\/100065173703897\/","https:\/\/x.com\/HsHannover","https:\/\/www.instagram.com\/visualjournalism.de\/"]}]}},"_links":{"self":[{"href":"https:\/\/visualjournalism.de\/en\/wp-json\/wp\/v2\/pages\/35365","targetHints":{"allow":["GET"]}}],"collection":[{"href":"https:\/\/visualjournalism.de\/en\/wp-json\/wp\/v2\/pages"}],"about":[{"href":"https:\/\/visualjournalism.de\/en\/wp-json\/wp\/v2\/types\/page"}],"author":[{"embeddable":true,"href":"https:\/\/visualjournalism.de\/en\/wp-json\/wp\/v2\/users\/6"}],"replies":[{"embeddable":true,"href":"https:\/\/visualjournalism.de\/en\/wp-json\/wp\/v2\/comments?post=35365"}],"version-history":[{"count":0,"href":"https:\/\/visualjournalism.de\/en\/wp-json\/wp\/v2\/pages\/35365\/revisions"}],"wp:featuredmedia":[{"embeddable":true,"href":"https:\/\/visualjournalism.de\/en\/wp-json\/wp\/v2\/media\/35218"}],"wp:attachment":[{"href":"https:\/\/visualjournalism.de\/en\/wp-json\/wp\/v2\/media?parent=35365"}],"curies":[{"name":"wp","href":"https:\/\/api.w.org\/{rel}","templated":true}]}}