{"id":35371,"date":"2024-01-12T11:43:51","date_gmt":"2024-01-12T11:43:51","guid":{"rendered":"https:\/\/visualjournalism.de\/?page_id=35371"},"modified":"2024-10-06T10:50:03","modified_gmt":"2024-10-06T10:50:03","slug":"geert-van-kesteren","status":"publish","type":"page","link":"https:\/\/visualjournalism.de\/en\/geert-van-kesteren\/","title":{"rendered":"Geert van Kesteren"},"content":{"rendered":"\n \n\n    <div id=\"lead-in-block_76ee0d57a2713c0a88462dd4fc7075f6\" class=\"block-lead-in typo--default font-size--xl has-spacing--s width--full\">\n        <h1>Geert van Kesteren<\/h1>\n    <\/div>\n\n\n\n\n<div class=\"pinned-block has-spacing--m\">\n\t\n\n<div class=\"pinned-block__column--left\">\n    \n    <figure class=\"block-photo post__image--full has-spacing--m no-title\">\n\n        <div class=\"post__image__container\">\n            <img loading=\"lazy\" decoding=\"async\" \n                src=\"https:\/\/visualjournalism.de\/wp-content\/uploads\/geert_van_kesteren-1400x929.jpg\"\n                srcset=\"https:\/\/visualjournalism.de\/wp-content\/uploads\/geert_van_kesteren-1400x929.jpg 1400w, https:\/\/visualjournalism.de\/wp-content\/uploads\/geert_van_kesteren-300x199.jpg 300w, https:\/\/visualjournalism.de\/wp-content\/uploads\/geert_van_kesteren-1024x680.jpg 1024w, https:\/\/visualjournalism.de\/wp-content\/uploads\/geert_van_kesteren-768x510.jpg 768w, https:\/\/visualjournalism.de\/wp-content\/uploads\/geert_van_kesteren-1536x1020.jpg 1536w, https:\/\/visualjournalism.de\/wp-content\/uploads\/geert_van_kesteren-1050x697.jpg 1050w, https:\/\/visualjournalism.de\/wp-content\/uploads\/geert_van_kesteren-670x445.jpg 670w, https:\/\/visualjournalism.de\/wp-content\/uploads\/geert_van_kesteren-420x279.jpg 420w, https:\/\/visualjournalism.de\/wp-content\/uploads\/geert_van_kesteren-350x232.jpg 350w, https:\/\/visualjournalism.de\/wp-content\/uploads\/geert_van_kesteren-150x100.jpg 150w, https:\/\/visualjournalism.de\/wp-content\/uploads\/geert_van_kesteren.jpg 1600w\"\n                width=\"1400\" \n                height=\"929\"\n                alt=\"\" \n            \/>\n            \n                    <\/div><!-- post__image__container -->\n\n        \n    <\/figure><!-- post__image -->\n\n\n\n<\/div>\n\n\n<div class=\"pinned-block__column--right\">\n    \n\n<p class=\"post__paragraph is-style-typo--soehne has-spacing--default\"><strong>Geert van Kesteren<\/strong>, geboren 1966, ist ein niederl\u00e4ndischer Fotograf, Autor und Filmemacher, der seit mehr als 25 Jahren \u00fcber Konflikte und humanit\u00e4re Krisen in der ganzen Welt berichtet. Am bekanntesten sind \u201eWhy Mister, Why?\u201c (2004) und \u201eBaghdad Calling\u201c (2008) \u00fcber die Auswirkungen der US-Invasion im Irak. Die Kombination von professionellen Fotos und Amateur-Schnappsch\u00fcssen mit Handykameras in \u201eBaghdad Calling\u201c und seine Zusammenarbeit mit den renommierten niederl\u00e4ndischen Grafikdesignern Mevis und Van Deursen f\u00fchrte zu Pr\u00e4sentationen, die \u201efrischen Wind in den Fotojournalismus brachten\u201c. Er bekam verschiedene internationale Preise wie den ICP Infinity Award und Ausstellungen wie in der Barbican Art Gallery. Seine Arbeiten sind auch in Dauerausstellungen zu sehen, unter anderem im Rijksmuseum.<\/p>\n\n\n\n<p class=\"post__paragraph is-style-typo--soehne has-spacing--default\"><strong>Info<\/strong><br>Fotograf<\/p>\n\n\n\n<p class=\"post__paragraph is-style-typo--soehne has-spacing--default\"><a href=\"https:\/\/visualjournalism.de\/imagematters\/\"><strong>[IMAGE MATTERS]<br><\/strong><\/a>Vortragender, Bildautor<\/p>\n\n\n<\/div>\n<\/div>\n\n\n<div id=\"abstract\" class=\"wp-block-group has-color-12-background-color has-background has-spacing--default\">\n<div class=\"pinned-block has-spacing--m\">\n\t\n\n<div class=\"pinned-block__column--left\">\n    \n\n \n\n    <div id=\"lead-in-block_d1f44ef53fd432c056b472ec18d15d09\" class=\"block-lead-in typo--default font-size--default has-spacing--s width--default\">\n        <h1>ABSTRACT<\/h1>\n    <\/div>\n\n\n\n\n<p class=\"post__paragraph is-style-typo--soehne has-spacing--default\"><strong>Aus dem Panel<\/strong>\/Vortrag<br><a href=\"http:\/\/visualjournalism.de\/image-matters\/images-in-conflict\/images-in-conflict\/\">Images in Conflict<\/a> \u2013 Agents and Perspectives<\/p>\n\n\n<\/div>\n\n\n<div class=\"pinned-block__column--right\">\n    \n\n    <div class=\"headline-block has-spacing--s\">\n\n        <h2 class=\"post__headline\">\u201aWhy Mister, Why?\u2018 &amp; \u201aBaghdad Calling\u2018. Kunst &amp; Terror in Zeiten von X (ehem. Twitter)<\/h2>\n\n        \n    <\/div>\n\n    \n\n\n\n\n<p class=\"post__paragraph is-style-typo--soehne has-spacing--m\"><strong>Radikale Gruppierungen<\/strong> verlassen sich heutzutage stark auf Informationstechnologien. Sie schaffen eine virtuelle Gemeinschaft von Jihadisten und Sympathisanten und gleichzeitig eine globale Gemeinschaft, die virtuell Zeuge des Terrors wird, eine Gruppe, welcher die meisten von uns angeh\u00f6ren. Aber wie und wann hat dieses Ph\u00e4nomen begonnen und was muss mit diesem \u201cOzean von zivilen Bildern\u201d aus der Sicht von Journalisten und K\u00fcnstlern geschehen? Dieser Vortrag untersucht die katastrophalen Konsequenzen des \u201cKrieges gegen der Terror\u201d, welcher vor 14 Jahren im Irak begann, und geht zugleich auf die Wurzeln des Terrors in Zeiten von Twitter ein.<\/p>\n\n\n\n    <div class=\"btn-wrapper has-spacing--m\">\n        <a class=\"btn\" href=\"https:\/\/visualjournalism.de\/imagematters\/\" target=\"_self\">[IMAGE MATTERS] Home<\/a>\n    <\/div>\n\n\n<\/div>\n<\/div>\n\n\n<div class=\"devider has-spacing--none\">\n    <hr>\n<\/div>\n\n\n    <nav id=\"section-navigation-block_b1dbe698c9bdafa93736f33ba3347a8c\" class=\"section-navigation has-spacing--s\">\n        <ul>\n\n                \n                    <li>Weitere Beitr\u00e4ge zu diesem Thema:<\/li>\n                \n            \n            \n                        \n                        \n\n            \n\n        <\/ul>\n        \n    <\/nav>\n\n\n\n<div class=\"four-columns-teaser has-spacing--m\">\n\n    \r\n<article class=\"post-teaser post-35560 image-matters type-image-matters status-publish has-post-thumbnail hentry image-matters-kategorie-images-in-conflict\">\r\n\t<header class=\"entry-header\">\r\n\r\n\t\t<div class=\"entry-categories\">\n\t<a class=\"post__tag\" href=\"https:\/\/visualjournalism.de\/image-matters-kategorie\/images-in-conflict\/\" rel=\"category tag\">IMAGES IN CONFLICT<\/a><\/div>\r\n\t\t<a href=\"https:\/\/visualjournalism.de\/en\/image-matters\/images-in-conflict\/conflicts-mediatisation\/\" rel=\"bookmark\">\r\n\t\t\t<h2 class=\"entry-title\">Images In Conflict.<\/h2>\r\n\t\t\t<p class=\"entry-excerpt\">Zur Ver\u00e4nderung der \u00c4sthetik und Gebrauchsweisen fotografischer und filmischer Bilder von Krisen- und Konfliktsituationen.<\/p>\r\n\t\t<\/a>\r\n\r\n\t<\/header><!-- .entry-header -->\r\n\r\n\t<figure class=\"post__image\">\r\n\t\t<a href=\"https:\/\/visualjournalism.de\/en\/image-matters\/images-in-conflict\/conflicts-mediatisation\/\" rel=\"bookmark\">\r\n\t\t\t<img loading=\"lazy\" decoding=\"async\" width=\"350\" height=\"233\" src=\"https:\/\/visualjournalism.de\/wp-content\/uploads\/02_t06bz_manhartsberger_austellungsansicht-gaf-2-350x233.jpg\" class=\"attachment-post-image--two-column--small size-post-image--two-column--small\" alt=\"\" srcset=\"https:\/\/visualjournalism.de\/wp-content\/uploads\/02_t06bz_manhartsberger_austellungsansicht-gaf-2-350x233.jpg 350w, https:\/\/visualjournalism.de\/wp-content\/uploads\/02_t06bz_manhartsberger_austellungsansicht-gaf-2-300x200.jpg 300w, https:\/\/visualjournalism.de\/wp-content\/uploads\/02_t06bz_manhartsberger_austellungsansicht-gaf-2-1024x682.jpg 1024w, https:\/\/visualjournalism.de\/wp-content\/uploads\/02_t06bz_manhartsberger_austellungsansicht-gaf-2-768x512.jpg 768w, https:\/\/visualjournalism.de\/wp-content\/uploads\/02_t06bz_manhartsberger_austellungsansicht-gaf-2-1536x1024.jpg 1536w, https:\/\/visualjournalism.de\/wp-content\/uploads\/02_t06bz_manhartsberger_austellungsansicht-gaf-2-1920x1280.jpg 1920w, https:\/\/visualjournalism.de\/wp-content\/uploads\/02_t06bz_manhartsberger_austellungsansicht-gaf-2-1400x933.jpg 1400w, https:\/\/visualjournalism.de\/wp-content\/uploads\/02_t06bz_manhartsberger_austellungsansicht-gaf-2-1050x700.jpg 1050w, https:\/\/visualjournalism.de\/wp-content\/uploads\/02_t06bz_manhartsberger_austellungsansicht-gaf-2-670x447.jpg 670w, https:\/\/visualjournalism.de\/wp-content\/uploads\/02_t06bz_manhartsberger_austellungsansicht-gaf-2-420x280.jpg 420w, https:\/\/visualjournalism.de\/wp-content\/uploads\/02_t06bz_manhartsberger_austellungsansicht-gaf-2-150x100.jpg 150w, https:\/\/visualjournalism.de\/wp-content\/uploads\/02_t06bz_manhartsberger_austellungsansicht-gaf-2.jpg 2000w\" sizes=\"auto, (max-width: 350px) 100vw, 350px\" \/>\t\t<\/a>\r\n\t<\/figure><!-- .post__image -->\r\n\r\n<\/article>\r\n\r\n<article class=\"post-teaser post-42521 image-matters type-image-matters status-publish has-post-thumbnail hentry image-matters-kategorie-images-in-conflict\">\r\n\t<header class=\"entry-header\">\r\n\r\n\t\t<div class=\"entry-categories\">\n\t<a class=\"post__tag\" href=\"https:\/\/visualjournalism.de\/image-matters-kategorie\/images-in-conflict\/\" rel=\"category tag\">IMAGES IN CONFLICT<\/a><\/div>\r\n\t\t<a href=\"https:\/\/visualjournalism.de\/en\/image-matters\/images-in-conflict\/bilder-im-konflikt\/\" rel=\"bookmark\">\r\n\t\t\t<h2 class=\"entry-title\">Editorial. Images in Conflict.<\/h2>\r\n\t\t\t<p class=\"entry-excerpt\">Karen Fromm \u00fcber Bilder im Konflikt<\/p>\r\n\t\t<\/a>\r\n\r\n\t<\/header><!-- .entry-header -->\r\n\r\n\t<figure class=\"post__image\">\r\n\t\t<a href=\"https:\/\/visualjournalism.de\/en\/image-matters\/images-in-conflict\/bilder-im-konflikt\/\" rel=\"bookmark\">\r\n\t\t\t<img loading=\"lazy\" decoding=\"async\" width=\"350\" height=\"197\" src=\"https:\/\/visualjournalism.de\/wp-content\/uploads\/IMG_2443-350x197.jpeg\" class=\"attachment-post-image--two-column--small size-post-image--two-column--small\" alt=\"\" srcset=\"https:\/\/visualjournalism.de\/wp-content\/uploads\/IMG_2443-350x197.jpeg 350w, https:\/\/visualjournalism.de\/wp-content\/uploads\/IMG_2443-300x169.jpeg 300w, https:\/\/visualjournalism.de\/wp-content\/uploads\/IMG_2443-1024x576.jpeg 1024w, https:\/\/visualjournalism.de\/wp-content\/uploads\/IMG_2443-768x432.jpeg 768w, https:\/\/visualjournalism.de\/wp-content\/uploads\/IMG_2443-1536x864.jpeg 1536w, https:\/\/visualjournalism.de\/wp-content\/uploads\/IMG_2443-2048x1152.jpeg 2048w, https:\/\/visualjournalism.de\/wp-content\/uploads\/IMG_2443-1920x1080.jpeg 1920w, https:\/\/visualjournalism.de\/wp-content\/uploads\/IMG_2443-1400x788.jpeg 1400w, https:\/\/visualjournalism.de\/wp-content\/uploads\/IMG_2443-1050x591.jpeg 1050w, https:\/\/visualjournalism.de\/wp-content\/uploads\/IMG_2443-670x377.jpeg 670w, https:\/\/visualjournalism.de\/wp-content\/uploads\/IMG_2443-420x236.jpeg 420w, https:\/\/visualjournalism.de\/wp-content\/uploads\/IMG_2443-150x84.jpeg 150w\" sizes=\"auto, (max-width: 350px) 100vw, 350px\" \/>\t\t<\/a>\r\n\t<\/figure><!-- .post__image -->\r\n\r\n<\/article>\r\n\r\n<article class=\"post-teaser post-42812 image-matters type-image-matters status-publish has-post-thumbnail hentry image-matters-kategorie-images-in-conflict\">\r\n\t<header class=\"entry-header\">\r\n\r\n\t\t<div class=\"entry-categories\">\n\t<a class=\"post__tag\" href=\"https:\/\/visualjournalism.de\/image-matters-kategorie\/images-in-conflict\/\" rel=\"category tag\">IMAGES IN CONFLICT<\/a><\/div>\r\n\t\t<a href=\"https:\/\/visualjournalism.de\/en\/image-matters\/images-in-conflict\/dont-start\/\" rel=\"bookmark\">\r\n\t\t\t<h2 class=\"entry-title\">Don\u2019t Start with the Good Old Things but the Bad New Ones.<\/h2>\r\n\t\t\t<p class=\"entry-excerpt\">Ann-Christin Bertrand\u00a0in conversation with\u00a0Adam Broomberg.<\/p>\r\n\t\t<\/a>\r\n\r\n\t<\/header><!-- .entry-header -->\r\n\r\n\t<figure class=\"post__image\">\r\n\t\t<a href=\"https:\/\/visualjournalism.de\/en\/image-matters\/images-in-conflict\/dont-start\/\" rel=\"bookmark\">\r\n\t\t\t<img loading=\"lazy\" decoding=\"async\" width=\"350\" height=\"197\" src=\"https:\/\/visualjournalism.de\/wp-content\/uploads\/im_iic_broomberg-350x197.jpg\" class=\"attachment-post-image--two-column--small size-post-image--two-column--small\" alt=\"\" srcset=\"https:\/\/visualjournalism.de\/wp-content\/uploads\/im_iic_broomberg-350x197.jpg 350w, https:\/\/visualjournalism.de\/wp-content\/uploads\/im_iic_broomberg-300x169.jpg 300w, https:\/\/visualjournalism.de\/wp-content\/uploads\/im_iic_broomberg-1024x577.jpg 1024w, https:\/\/visualjournalism.de\/wp-content\/uploads\/im_iic_broomberg-768x433.jpg 768w, https:\/\/visualjournalism.de\/wp-content\/uploads\/im_iic_broomberg-1400x789.jpg 1400w, https:\/\/visualjournalism.de\/wp-content\/uploads\/im_iic_broomberg-1050x592.jpg 1050w, https:\/\/visualjournalism.de\/wp-content\/uploads\/im_iic_broomberg-670x377.jpg 670w, https:\/\/visualjournalism.de\/wp-content\/uploads\/im_iic_broomberg-420x237.jpg 420w, https:\/\/visualjournalism.de\/wp-content\/uploads\/im_iic_broomberg-150x85.jpg 150w, https:\/\/visualjournalism.de\/wp-content\/uploads\/im_iic_broomberg.jpg 1500w\" sizes=\"auto, (max-width: 350px) 100vw, 350px\" \/>\t\t<\/a>\r\n\t<\/figure><!-- .post__image -->\r\n\r\n<\/article>\r\n\r\n<article class=\"post-teaser post-38627 image-matters type-image-matters status-publish has-post-thumbnail hentry image-matters-kategorie-images-in-conflict\">\r\n\t<header class=\"entry-header\">\r\n\r\n\t\t<div class=\"entry-categories\">\n\t<a class=\"post__tag\" href=\"https:\/\/visualjournalism.de\/image-matters-kategorie\/images-in-conflict\/\" rel=\"category tag\">IMAGES IN CONFLICT<\/a><\/div>\r\n\t\t<a href=\"https:\/\/visualjournalism.de\/en\/image-matters\/images-in-conflict\/flipvideo-bilder-im-konflikt\/\" rel=\"bookmark\">\r\n\t\t\t<h2 class=\"entry-title\">Flipvideo Bilder im Konflikt.<\/h2>\r\n\t\t\t<p class=\"entry-excerpt\">Aufw\u00e4ndig gestaltet mit zahlreichen farbigen Abbildungen bringt das Buch Bilder im Konflikt Praxis und Theorie in einen produktiven Austausch.<\/p>\r\n\t\t<\/a>\r\n\r\n\t<\/header><!-- .entry-header -->\r\n\r\n\t<figure class=\"post__image\">\r\n\t\t<a href=\"https:\/\/visualjournalism.de\/en\/image-matters\/images-in-conflict\/flipvideo-bilder-im-konflikt\/\" rel=\"bookmark\">\r\n\t\t\t<img loading=\"lazy\" decoding=\"async\" width=\"350\" height=\"374\" src=\"https:\/\/visualjournalism.de\/wp-content\/uploads\/images-in-conflict-350x374.jpeg\" class=\"attachment-post-image--two-column--small size-post-image--two-column--small\" alt=\"\" srcset=\"https:\/\/visualjournalism.de\/wp-content\/uploads\/images-in-conflict-350x374.jpeg 350w, https:\/\/visualjournalism.de\/wp-content\/uploads\/images-in-conflict-281x300.jpeg 281w, https:\/\/visualjournalism.de\/wp-content\/uploads\/images-in-conflict-768x821.jpeg 768w, https:\/\/visualjournalism.de\/wp-content\/uploads\/images-in-conflict-670x716.jpeg 670w, https:\/\/visualjournalism.de\/wp-content\/uploads\/images-in-conflict-420x449.jpeg 420w, https:\/\/visualjournalism.de\/wp-content\/uploads\/images-in-conflict-300x321.jpeg 300w, https:\/\/visualjournalism.de\/wp-content\/uploads\/images-in-conflict.jpeg 871w\" sizes=\"auto, (max-width: 350px) 100vw, 350px\" \/>\t\t<\/a>\r\n\t<\/figure><!-- .post__image -->\r\n\r\n<\/article>\r\n\n<\/div><!-- .2-columns-teaser-->\n\n    <\/div>\n","protected":false},"excerpt":{"rendered":"","protected":false},"author":6,"featured_media":35230,"parent":0,"menu_order":0,"comment_status":"closed","ping_status":"closed","template":"","meta":{"_acf_changed":false,"footnotes":""},"class_list":["post-35371","page","type-page","status-publish","has-post-thumbnail","hentry"],"acf":[],"yoast_head":"<!-- This site is optimized with the Yoast SEO Premium plugin v27.2 (Yoast SEO v27.2) - https:\/\/yoast.com\/product\/yoast-seo-premium-wordpress\/ -->\n<title>Geert van Kesteren &#8211; Visual Journalism and Documentary Photography<\/title>\n<meta name=\"robots\" content=\"index, follow, max-snippet:-1, max-image-preview:large, max-video-preview:-1\" \/>\n<link rel=\"canonical\" href=\"https:\/\/visualjournalism.de\/en\/geert-van-kesteren\/\" \/>\n<meta property=\"og:locale\" content=\"en_US\" \/>\n<meta property=\"og:type\" content=\"article\" \/>\n<meta property=\"og:title\" content=\"Geert van Kesteren\" \/>\n<meta property=\"og:url\" content=\"https:\/\/visualjournalism.de\/en\/geert-van-kesteren\/\" \/>\n<meta property=\"og:site_name\" content=\"Visual Journalism and Documentary Photography\" \/>\n<meta property=\"article:publisher\" content=\"https:\/\/www.facebook.com\/people\/wwwfotostudentende\/100065173703897\/\" \/>\n<meta property=\"article:modified_time\" content=\"2024-10-06T10:50:03+00:00\" \/>\n<meta property=\"og:image\" content=\"https:\/\/visualjournalism.de\/wp-content\/uploads\/geert_van_kesteren.jpg\" \/>\n\t<meta property=\"og:image:width\" content=\"1600\" \/>\n\t<meta property=\"og:image:height\" content=\"1062\" \/>\n\t<meta property=\"og:image:type\" content=\"image\/jpeg\" \/>\n<meta name=\"twitter:card\" content=\"summary_large_image\" \/>\n<meta name=\"twitter:site\" content=\"@HsHannover\" \/>\n<meta name=\"twitter:label1\" content=\"Est. reading time\" \/>\n\t<meta name=\"twitter:data1\" content=\"2 minutes\" \/>\n<script type=\"application\/ld+json\" class=\"yoast-schema-graph\">{\"@context\":\"https:\/\/schema.org\",\"@graph\":[{\"@type\":\"WebPage\",\"@id\":\"https:\/\/visualjournalism.de\/en\/geert-van-kesteren\/\",\"url\":\"https:\/\/visualjournalism.de\/en\/geert-van-kesteren\/\",\"name\":\"Geert van Kesteren &#8211; Visual Journalism and Documentary Photography\",\"isPartOf\":{\"@id\":\"https:\/\/visualjournalism.de\/en\/#website\"},\"primaryImageOfPage\":{\"@id\":\"https:\/\/visualjournalism.de\/en\/geert-van-kesteren\/#primaryimage\"},\"image\":{\"@id\":\"https:\/\/visualjournalism.de\/en\/geert-van-kesteren\/#primaryimage\"},\"thumbnailUrl\":\"https:\/\/visualjournalism.de\/wp-content\/uploads\/geert_van_kesteren.jpg\",\"datePublished\":\"2024-01-12T11:43:51+00:00\",\"dateModified\":\"2024-10-06T10:50:03+00:00\",\"breadcrumb\":{\"@id\":\"https:\/\/visualjournalism.de\/en\/geert-van-kesteren\/#breadcrumb\"},\"inLanguage\":\"en-US\",\"potentialAction\":[{\"@type\":\"ReadAction\",\"target\":[\"https:\/\/visualjournalism.de\/en\/geert-van-kesteren\/\"]}]},{\"@type\":\"ImageObject\",\"inLanguage\":\"en-US\",\"@id\":\"https:\/\/visualjournalism.de\/en\/geert-van-kesteren\/#primaryimage\",\"url\":\"https:\/\/visualjournalism.de\/wp-content\/uploads\/geert_van_kesteren.jpg\",\"contentUrl\":\"https:\/\/visualjournalism.de\/wp-content\/uploads\/geert_van_kesteren.jpg\",\"width\":1600,\"height\":1062},{\"@type\":\"BreadcrumbList\",\"@id\":\"https:\/\/visualjournalism.de\/en\/geert-van-kesteren\/#breadcrumb\",\"itemListElement\":[{\"@type\":\"ListItem\",\"position\":1,\"name\":\"Home\",\"item\":\"https:\/\/visualjournalism.de\/en\/\"},{\"@type\":\"ListItem\",\"position\":2,\"name\":\"Geert van Kesteren\"}]},{\"@type\":\"WebSite\",\"@id\":\"https:\/\/visualjournalism.de\/en\/#website\",\"url\":\"https:\/\/visualjournalism.de\/en\/\",\"name\":\"Visual Journalism and Documentary Photography\",\"description\":\"All about the bilingual bachelor&#039;s program at Hannover University of Applied Sciences and Arts.\",\"publisher\":{\"@id\":\"https:\/\/visualjournalism.de\/en\/#organization\"},\"alternateName\":\"visualjournalism.de\",\"potentialAction\":[{\"@type\":\"SearchAction\",\"target\":{\"@type\":\"EntryPoint\",\"urlTemplate\":\"https:\/\/visualjournalism.de\/en\/?s={search_term_string}\"},\"query-input\":{\"@type\":\"PropertyValueSpecification\",\"valueRequired\":true,\"valueName\":\"search_term_string\"}}],\"inLanguage\":\"en-US\"},{\"@type\":\"Organization\",\"@id\":\"https:\/\/visualjournalism.de\/en\/#organization\",\"name\":\"Hochschule Hannover \u2013 University of Applied Sciences and Arts\",\"alternateName\":\"HsH\",\"url\":\"https:\/\/visualjournalism.de\/en\/\",\"logo\":{\"@type\":\"ImageObject\",\"inLanguage\":\"en-US\",\"@id\":\"https:\/\/visualjournalism.de\/en\/#\/schema\/logo\/image\/\",\"url\":\"https:\/\/visualjournalism.de\/wp-content\/uploads\/logo-hochschule-hannover.png\",\"contentUrl\":\"https:\/\/visualjournalism.de\/wp-content\/uploads\/logo-hochschule-hannover.png\",\"width\":363,\"height\":270,\"caption\":\"Hochschule Hannover \u2013 University of Applied Sciences and Arts\"},\"image\":{\"@id\":\"https:\/\/visualjournalism.de\/en\/#\/schema\/logo\/image\/\"},\"sameAs\":[\"https:\/\/www.facebook.com\/people\/wwwfotostudentende\/100065173703897\/\",\"https:\/\/x.com\/HsHannover\",\"https:\/\/www.instagram.com\/visualjournalism.de\/\"]}]}<\/script>\n<!-- \/ Yoast SEO Premium plugin. -->","yoast_head_json":{"title":"Geert van Kesteren &#8211; Visual Journalism and Documentary Photography","robots":{"index":"index","follow":"follow","max-snippet":"max-snippet:-1","max-image-preview":"max-image-preview:large","max-video-preview":"max-video-preview:-1"},"canonical":"https:\/\/visualjournalism.de\/en\/geert-van-kesteren\/","og_locale":"en_US","og_type":"article","og_title":"Geert van Kesteren","og_url":"https:\/\/visualjournalism.de\/en\/geert-van-kesteren\/","og_site_name":"Visual Journalism and Documentary Photography","article_publisher":"https:\/\/www.facebook.com\/people\/wwwfotostudentende\/100065173703897\/","article_modified_time":"2024-10-06T10:50:03+00:00","og_image":[{"width":1600,"height":1062,"url":"https:\/\/visualjournalism.de\/wp-content\/uploads\/geert_van_kesteren.jpg","type":"image\/jpeg"}],"twitter_card":"summary_large_image","twitter_site":"@HsHannover","twitter_misc":{"Est. reading time":"2 minutes"},"schema":{"@context":"https:\/\/schema.org","@graph":[{"@type":"WebPage","@id":"https:\/\/visualjournalism.de\/en\/geert-van-kesteren\/","url":"https:\/\/visualjournalism.de\/en\/geert-van-kesteren\/","name":"Geert van Kesteren &#8211; Visual Journalism and Documentary Photography","isPartOf":{"@id":"https:\/\/visualjournalism.de\/en\/#website"},"primaryImageOfPage":{"@id":"https:\/\/visualjournalism.de\/en\/geert-van-kesteren\/#primaryimage"},"image":{"@id":"https:\/\/visualjournalism.de\/en\/geert-van-kesteren\/#primaryimage"},"thumbnailUrl":"https:\/\/visualjournalism.de\/wp-content\/uploads\/geert_van_kesteren.jpg","datePublished":"2024-01-12T11:43:51+00:00","dateModified":"2024-10-06T10:50:03+00:00","breadcrumb":{"@id":"https:\/\/visualjournalism.de\/en\/geert-van-kesteren\/#breadcrumb"},"inLanguage":"en-US","potentialAction":[{"@type":"ReadAction","target":["https:\/\/visualjournalism.de\/en\/geert-van-kesteren\/"]}]},{"@type":"ImageObject","inLanguage":"en-US","@id":"https:\/\/visualjournalism.de\/en\/geert-van-kesteren\/#primaryimage","url":"https:\/\/visualjournalism.de\/wp-content\/uploads\/geert_van_kesteren.jpg","contentUrl":"https:\/\/visualjournalism.de\/wp-content\/uploads\/geert_van_kesteren.jpg","width":1600,"height":1062},{"@type":"BreadcrumbList","@id":"https:\/\/visualjournalism.de\/en\/geert-van-kesteren\/#breadcrumb","itemListElement":[{"@type":"ListItem","position":1,"name":"Home","item":"https:\/\/visualjournalism.de\/en\/"},{"@type":"ListItem","position":2,"name":"Geert van Kesteren"}]},{"@type":"WebSite","@id":"https:\/\/visualjournalism.de\/en\/#website","url":"https:\/\/visualjournalism.de\/en\/","name":"Visual Journalism and Documentary Photography","description":"All about the bilingual bachelor&#039;s program at Hannover University of Applied Sciences and Arts.","publisher":{"@id":"https:\/\/visualjournalism.de\/en\/#organization"},"alternateName":"visualjournalism.de","potentialAction":[{"@type":"SearchAction","target":{"@type":"EntryPoint","urlTemplate":"https:\/\/visualjournalism.de\/en\/?s={search_term_string}"},"query-input":{"@type":"PropertyValueSpecification","valueRequired":true,"valueName":"search_term_string"}}],"inLanguage":"en-US"},{"@type":"Organization","@id":"https:\/\/visualjournalism.de\/en\/#organization","name":"Hochschule Hannover \u2013 University of Applied Sciences and Arts","alternateName":"HsH","url":"https:\/\/visualjournalism.de\/en\/","logo":{"@type":"ImageObject","inLanguage":"en-US","@id":"https:\/\/visualjournalism.de\/en\/#\/schema\/logo\/image\/","url":"https:\/\/visualjournalism.de\/wp-content\/uploads\/logo-hochschule-hannover.png","contentUrl":"https:\/\/visualjournalism.de\/wp-content\/uploads\/logo-hochschule-hannover.png","width":363,"height":270,"caption":"Hochschule Hannover \u2013 University of Applied Sciences and Arts"},"image":{"@id":"https:\/\/visualjournalism.de\/en\/#\/schema\/logo\/image\/"},"sameAs":["https:\/\/www.facebook.com\/people\/wwwfotostudentende\/100065173703897\/","https:\/\/x.com\/HsHannover","https:\/\/www.instagram.com\/visualjournalism.de\/"]}]}},"_links":{"self":[{"href":"https:\/\/visualjournalism.de\/en\/wp-json\/wp\/v2\/pages\/35371","targetHints":{"allow":["GET"]}}],"collection":[{"href":"https:\/\/visualjournalism.de\/en\/wp-json\/wp\/v2\/pages"}],"about":[{"href":"https:\/\/visualjournalism.de\/en\/wp-json\/wp\/v2\/types\/page"}],"author":[{"embeddable":true,"href":"https:\/\/visualjournalism.de\/en\/wp-json\/wp\/v2\/users\/6"}],"replies":[{"embeddable":true,"href":"https:\/\/visualjournalism.de\/en\/wp-json\/wp\/v2\/comments?post=35371"}],"version-history":[{"count":0,"href":"https:\/\/visualjournalism.de\/en\/wp-json\/wp\/v2\/pages\/35371\/revisions"}],"wp:featuredmedia":[{"embeddable":true,"href":"https:\/\/visualjournalism.de\/en\/wp-json\/wp\/v2\/media\/35230"}],"wp:attachment":[{"href":"https:\/\/visualjournalism.de\/en\/wp-json\/wp\/v2\/media?parent=35371"}],"curies":[{"name":"wp","href":"https:\/\/api.w.org\/{rel}","templated":true}]}}