{"id":35388,"date":"2024-01-12T11:47:30","date_gmt":"2024-01-12T11:47:30","guid":{"rendered":"https:\/\/visualjournalism.de\/?page_id=35388"},"modified":"2024-10-06T10:56:09","modified_gmt":"2024-10-06T10:56:09","slug":"klaus-sachs-hombach","status":"publish","type":"page","link":"https:\/\/visualjournalism.de\/en\/klaus-sachs-hombach\/","title":{"rendered":"Klaus Sachs-Hombach"},"content":{"rendered":"\n \n\n    <div id=\"lead-in-block_a69ff7e2fdb0d196afabbda55b82d8cc\" class=\"block-lead-in typo--default font-size--xl has-spacing--s width--full\">\n        <h1>Klaus Sachs-Hombach<\/h1>\n    <\/div>\n\n\n\n\n<div class=\"pinned-block has-spacing--m\">\n\t\n\n<div class=\"pinned-block__column--left\">\n    \n    <figure class=\"block-photo post__image--full has-spacing--m no-title\">\n\n        <div class=\"post__image__container\">\n            <img loading=\"lazy\" decoding=\"async\" \n                src=\"https:\/\/visualjournalism.de\/wp-content\/uploads\/Klaus-Sachs-Hombach-1400x934.jpg\"\n                srcset=\"https:\/\/visualjournalism.de\/wp-content\/uploads\/Klaus-Sachs-Hombach-1400x934.jpg 1400w, https:\/\/visualjournalism.de\/wp-content\/uploads\/Klaus-Sachs-Hombach-300x200.jpg 300w, https:\/\/visualjournalism.de\/wp-content\/uploads\/Klaus-Sachs-Hombach-1024x683.jpg 1024w, https:\/\/visualjournalism.de\/wp-content\/uploads\/Klaus-Sachs-Hombach-768x512.jpg 768w, https:\/\/visualjournalism.de\/wp-content\/uploads\/Klaus-Sachs-Hombach-1536x1024.jpg 1536w, https:\/\/visualjournalism.de\/wp-content\/uploads\/Klaus-Sachs-Hombach-1050x700.jpg 1050w, https:\/\/visualjournalism.de\/wp-content\/uploads\/Klaus-Sachs-Hombach-670x447.jpg 670w, https:\/\/visualjournalism.de\/wp-content\/uploads\/Klaus-Sachs-Hombach-420x280.jpg 420w, https:\/\/visualjournalism.de\/wp-content\/uploads\/Klaus-Sachs-Hombach-350x233.jpg 350w, https:\/\/visualjournalism.de\/wp-content\/uploads\/Klaus-Sachs-Hombach-150x100.jpg 150w, https:\/\/visualjournalism.de\/wp-content\/uploads\/Klaus-Sachs-Hombach.jpg 1600w\"\n                width=\"1400\" \n                height=\"934\"\n                alt=\"\" \n            \/>\n            \n                    <\/div><!-- post__image__container -->\n\n        \n    <\/figure><!-- post__image -->\n\n\n\n<\/div>\n\n\n<div class=\"pinned-block__column--right\">\n    \n\n<p class=\"post__paragraph is-style-typo--soehne has-spacing--default\"><strong>Klaus Sachs-Hombach<\/strong> absolvierte ein Studium der Philosophie, Psychologie und Germanistik und Promotion 1990 an der Universit\u00e4t M\u00fcnster. 1993 und 1994 fanden Forschungsaufenthalte in Oxford und am MIT in Cambridge (MA) statt. Nach der Habilitation 2003 an der Universit\u00e4t Magdeburg erfolgte 2007 zun\u00e4chst die Ernennung zum Professor f\u00fcr Philosophie (Schwerpunkt Kognitionswissenschaften) an der TU Chemnitz und 2011 zum Professor f\u00fcr Medienwissenschaft (Schwerpunkt Medienwandel und Medieninnovation) an der Universit\u00e4t T\u00fcbingen. Forschungsschwerpunkte: Bild-, Zeichen-, Medientheorien und Theorien der (visuellen) Kommunikation. Einen guten Einblick in seine bildtheoretischen Arbeiten bietet&nbsp;<em>Das Bild als kommunikatives Medium<\/em>, Halem 2013.<\/p>\n\n\n\n<p class=\"post__paragraph is-style-typo--soehne has-spacing--default\"><strong>Info<\/strong><br>Professor f\u00fcr Medienwissenschaft<\/p>\n\n\n\n<p class=\"post__paragraph is-style-typo--soehne has-spacing--default\"><a href=\"https:\/\/visualjournalism.de\/imagematters\/\"><strong>[IMAGE MATTERS]<br><\/strong><\/a>Vortragender<\/p>\n\n\n<\/div>\n<\/div>\n\n\n<div id=\"abstract\" class=\"wp-block-group has-color-5-background-color has-background has-spacing--default\">\n<div class=\"pinned-block has-spacing--m\">\n\t\n\n<div class=\"pinned-block__column--left\">\n    \n\n \n\n    <div id=\"lead-in-block_fa5dd1129c62accc81b7ecb9e3f18714\" class=\"block-lead-in typo--default font-size--default has-spacing--s width--default\">\n        <h1>ABSTRACT<\/h1>\n    <\/div>\n\n\n\n\n<p class=\"post__paragraph is-style-typo--soehne has-spacing--default\"><strong>Aus dem Panel<br><\/strong><a href=\"http:\/\/visualjournalism.de\/image-matters\/image-con-text\/image-con-text\/\">image\/con\/text<\/a> \u2013 Layered Context<\/p>\n\n\n<\/div>\n\n\n<div class=\"pinned-block__column--right\">\n    \n\n    <div class=\"headline-block has-spacing--s\">\n\n        <h2 class=\"post__headline\">Bild und Kontext. Einige begriffliche Anmerkungen zur semantischen Anomalie der Bilder.<\/h2>\n\n        \n    <\/div>\n\n    \n\n\n\n\n<p class=\"post__paragraph is-style-typo--soehne has-spacing--m\"><strong>Auch Bilder pr\u00e4gen das menschliche Welt- und Selbstverh\u00e4ltnis. <\/strong>Sie tun dies vermutlich \u00e4hnlich fundamental wie Sprache. Jedoch sind die Mechanismen sehr unterschiedlich, auf die wir beim bildlichen Zeigen und beim sprachlichen Mitteilen zur\u00fcckgreifen. Die These, die ich hierzu im Vortrag er\u00f6rtern m\u00f6chte, lautet, dass die sachliche Basis dieser unterschiedlichen Mechanismen in einer semantischen Anomalie der Bilder liegt, die in eigent\u00fcmlicher Weise perzeptuelle Unmittelbarkeit mit kommunikativer Unbestimmtheit verbindet. Im Vergleich zur Sprache verleiht diese Anomalie Bildern eine erh\u00f6hte Wirksamkeit zum Preis einer verst\u00e4rkten Kontextabh\u00e4ngigkeit.<\/p>\n\n\n\n    <div class=\"btn-wrapper has-spacing--none\">\n        <a class=\"btn\" href=\"https:\/\/visualjournalism.de\/imagematters\/\" target=\"_self\">[IMAGE MATTERS] Home<\/a>\n    <\/div>\n\n\n<\/div>\n<\/div>\n\n\n<div class=\"devider has-spacing--none\">\n    <hr>\n<\/div>\n\n\n    <nav id=\"section-navigation-block_ce07e763a608bcbbb26c3342e3f5d304\" class=\"section-navigation has-spacing--s\">\n        <ul>\n\n                \n                    <li>Weitere Beitr\u00e4ge zu diesem Thema:<\/li>\n                \n            \n            \n                        \n                        \n\n            \n\n        <\/ul>\n        \n    <\/nav>\n\n\n\n<div class=\"four-columns-teaser has-spacing--m\">\n\n    \r\n<article class=\"post-teaser post-42819 image-matters type-image-matters status-publish has-post-thumbnail hentry image-matters-kategorie-image-con-text\">\r\n\t<header class=\"entry-header\">\r\n\r\n\t\t<div class=\"entry-categories\">\n\t<a class=\"post__tag\" href=\"https:\/\/visualjournalism.de\/image-matters-kategorie\/image-con-text\/\" rel=\"category tag\">image\/con\/text<\/a><\/div>\r\n\t\t<a href=\"https:\/\/visualjournalism.de\/en\/image-matters\/image-con-text\/bending-the-screen\/\" rel=\"bookmark\">\r\n\t\t\t<h2 class=\"entry-title\">Bending the Screen.<\/h2>\r\n\t\t\t<p class=\"entry-excerpt\">Edmund Clark in Conversation with Sophia Greiff<\/p>\r\n\t\t<\/a>\r\n\r\n\t<\/header><!-- .entry-header -->\r\n\r\n\t<figure class=\"post__image\">\r\n\t\t<a href=\"https:\/\/visualjournalism.de\/en\/image-matters\/image-con-text\/bending-the-screen\/\" rel=\"bookmark\">\r\n\t\t\t<img loading=\"lazy\" decoding=\"async\" width=\"350\" height=\"260\" src=\"https:\/\/visualjournalism.de\/wp-content\/uploads\/01_t05_greiff_interview_clark_bz01a_guantanamo_plate01-1-350x260.jpg\" class=\"attachment-post-image--two-column--small size-post-image--two-column--small\" alt=\"\" srcset=\"https:\/\/visualjournalism.de\/wp-content\/uploads\/01_t05_greiff_interview_clark_bz01a_guantanamo_plate01-1-350x260.jpg 350w, https:\/\/visualjournalism.de\/wp-content\/uploads\/01_t05_greiff_interview_clark_bz01a_guantanamo_plate01-1-300x223.jpg 300w, https:\/\/visualjournalism.de\/wp-content\/uploads\/01_t05_greiff_interview_clark_bz01a_guantanamo_plate01-1-1024x761.jpg 1024w, https:\/\/visualjournalism.de\/wp-content\/uploads\/01_t05_greiff_interview_clark_bz01a_guantanamo_plate01-1-768x571.jpg 768w, https:\/\/visualjournalism.de\/wp-content\/uploads\/01_t05_greiff_interview_clark_bz01a_guantanamo_plate01-1-1536x1141.jpg 1536w, https:\/\/visualjournalism.de\/wp-content\/uploads\/01_t05_greiff_interview_clark_bz01a_guantanamo_plate01-1-1400x1040.jpg 1400w, https:\/\/visualjournalism.de\/wp-content\/uploads\/01_t05_greiff_interview_clark_bz01a_guantanamo_plate01-1-1050x780.jpg 1050w, https:\/\/visualjournalism.de\/wp-content\/uploads\/01_t05_greiff_interview_clark_bz01a_guantanamo_plate01-1-670x498.jpg 670w, https:\/\/visualjournalism.de\/wp-content\/uploads\/01_t05_greiff_interview_clark_bz01a_guantanamo_plate01-1-420x312.jpg 420w, https:\/\/visualjournalism.de\/wp-content\/uploads\/01_t05_greiff_interview_clark_bz01a_guantanamo_plate01-1-150x111.jpg 150w, https:\/\/visualjournalism.de\/wp-content\/uploads\/01_t05_greiff_interview_clark_bz01a_guantanamo_plate01-1.jpg 1600w\" sizes=\"auto, (max-width: 350px) 100vw, 350px\" \/>\t\t<\/a>\r\n\t<\/figure><!-- .post__image -->\r\n\r\n<\/article>\r\n\r\n<article class=\"post-teaser post-35563 image-matters type-image-matters status-publish has-post-thumbnail hentry image-matters-kategorie-image-con-text\">\r\n\t<header class=\"entry-header\">\r\n\r\n\t\t<div class=\"entry-categories\">\n\t<a class=\"post__tag\" href=\"https:\/\/visualjournalism.de\/image-matters-kategorie\/image-con-text\/\" rel=\"category tag\">image\/con\/text<\/a><\/div>\r\n\t\t<a href=\"https:\/\/visualjournalism.de\/en\/image-matters\/image-con-text\/complementary-testimonies\/\" rel=\"bookmark\">\r\n\t\t\t<h2 class=\"entry-title\">Komplement\u00e4re Zeugnisse.<\/h2>\r\n\t\t\t<p class=\"entry-excerpt\">Dokumentarischer Diskurs zwischen Journalismus, Kunst und Aktivismus<\/p>\r\n\t\t<\/a>\r\n\r\n\t<\/header><!-- .entry-header -->\r\n\r\n\t<figure class=\"post__image\">\r\n\t\t<a href=\"https:\/\/visualjournalism.de\/en\/image-matters\/image-con-text\/complementary-testimonies\/\" rel=\"bookmark\">\r\n\t\t\t<img loading=\"lazy\" decoding=\"async\" width=\"350\" height=\"280\" src=\"https:\/\/visualjournalism.de\/wp-content\/uploads\/Buch-image-con-text-350x280.jpg\" class=\"attachment-post-image--two-column--small size-post-image--two-column--small\" alt=\"\" srcset=\"https:\/\/visualjournalism.de\/wp-content\/uploads\/Buch-image-con-text-350x280.jpg 350w, https:\/\/visualjournalism.de\/wp-content\/uploads\/Buch-image-con-text-300x240.jpg 300w, https:\/\/visualjournalism.de\/wp-content\/uploads\/Buch-image-con-text-768x614.jpg 768w, https:\/\/visualjournalism.de\/wp-content\/uploads\/Buch-image-con-text-670x536.jpg 670w, https:\/\/visualjournalism.de\/wp-content\/uploads\/Buch-image-con-text-420x336.jpg 420w, https:\/\/visualjournalism.de\/wp-content\/uploads\/Buch-image-con-text.jpg 1000w\" sizes=\"auto, (max-width: 350px) 100vw, 350px\" \/>\t\t<\/a>\r\n\t<\/figure><!-- .post__image -->\r\n\r\n<\/article>\r\n\r\n<article class=\"post-teaser post-42812 image-matters type-image-matters status-publish has-post-thumbnail hentry image-matters-kategorie-images-in-conflict\">\r\n\t<header class=\"entry-header\">\r\n\r\n\t\t<div class=\"entry-categories\">\n\t<a class=\"post__tag\" href=\"https:\/\/visualjournalism.de\/image-matters-kategorie\/images-in-conflict\/\" rel=\"category tag\">IMAGES IN CONFLICT<\/a><\/div>\r\n\t\t<a href=\"https:\/\/visualjournalism.de\/en\/image-matters\/images-in-conflict\/dont-start\/\" rel=\"bookmark\">\r\n\t\t\t<h2 class=\"entry-title\">Don\u2019t Start with the Good Old Things but the Bad New Ones.<\/h2>\r\n\t\t\t<p class=\"entry-excerpt\">Ann-Christin Bertrand\u00a0in conversation with\u00a0Adam Broomberg.<\/p>\r\n\t\t<\/a>\r\n\r\n\t<\/header><!-- .entry-header -->\r\n\r\n\t<figure class=\"post__image\">\r\n\t\t<a href=\"https:\/\/visualjournalism.de\/en\/image-matters\/images-in-conflict\/dont-start\/\" rel=\"bookmark\">\r\n\t\t\t<img loading=\"lazy\" decoding=\"async\" width=\"350\" height=\"197\" src=\"https:\/\/visualjournalism.de\/wp-content\/uploads\/im_iic_broomberg-350x197.jpg\" class=\"attachment-post-image--two-column--small size-post-image--two-column--small\" alt=\"\" srcset=\"https:\/\/visualjournalism.de\/wp-content\/uploads\/im_iic_broomberg-350x197.jpg 350w, https:\/\/visualjournalism.de\/wp-content\/uploads\/im_iic_broomberg-300x169.jpg 300w, https:\/\/visualjournalism.de\/wp-content\/uploads\/im_iic_broomberg-1024x577.jpg 1024w, https:\/\/visualjournalism.de\/wp-content\/uploads\/im_iic_broomberg-768x433.jpg 768w, https:\/\/visualjournalism.de\/wp-content\/uploads\/im_iic_broomberg-1400x789.jpg 1400w, https:\/\/visualjournalism.de\/wp-content\/uploads\/im_iic_broomberg-1050x592.jpg 1050w, https:\/\/visualjournalism.de\/wp-content\/uploads\/im_iic_broomberg-670x377.jpg 670w, https:\/\/visualjournalism.de\/wp-content\/uploads\/im_iic_broomberg-420x237.jpg 420w, https:\/\/visualjournalism.de\/wp-content\/uploads\/im_iic_broomberg-150x85.jpg 150w, https:\/\/visualjournalism.de\/wp-content\/uploads\/im_iic_broomberg.jpg 1500w\" sizes=\"auto, (max-width: 350px) 100vw, 350px\" \/>\t\t<\/a>\r\n\t<\/figure><!-- .post__image -->\r\n\r\n<\/article>\r\n\r\n<article class=\"post-teaser post-38627 image-matters type-image-matters status-publish has-post-thumbnail hentry image-matters-kategorie-images-in-conflict\">\r\n\t<header class=\"entry-header\">\r\n\r\n\t\t<div class=\"entry-categories\">\n\t<a class=\"post__tag\" href=\"https:\/\/visualjournalism.de\/image-matters-kategorie\/images-in-conflict\/\" rel=\"category tag\">IMAGES IN CONFLICT<\/a><\/div>\r\n\t\t<a href=\"https:\/\/visualjournalism.de\/en\/image-matters\/images-in-conflict\/flipvideo-bilder-im-konflikt\/\" rel=\"bookmark\">\r\n\t\t\t<h2 class=\"entry-title\">Flipvideo Bilder im Konflikt.<\/h2>\r\n\t\t\t<p class=\"entry-excerpt\">Aufw\u00e4ndig gestaltet mit zahlreichen farbigen Abbildungen bringt das Buch Bilder im Konflikt Praxis und Theorie in einen produktiven Austausch.<\/p>\r\n\t\t<\/a>\r\n\r\n\t<\/header><!-- .entry-header -->\r\n\r\n\t<figure class=\"post__image\">\r\n\t\t<a href=\"https:\/\/visualjournalism.de\/en\/image-matters\/images-in-conflict\/flipvideo-bilder-im-konflikt\/\" rel=\"bookmark\">\r\n\t\t\t<img loading=\"lazy\" decoding=\"async\" width=\"350\" height=\"374\" src=\"https:\/\/visualjournalism.de\/wp-content\/uploads\/images-in-conflict-350x374.jpeg\" class=\"attachment-post-image--two-column--small size-post-image--two-column--small\" alt=\"\" srcset=\"https:\/\/visualjournalism.de\/wp-content\/uploads\/images-in-conflict-350x374.jpeg 350w, https:\/\/visualjournalism.de\/wp-content\/uploads\/images-in-conflict-281x300.jpeg 281w, https:\/\/visualjournalism.de\/wp-content\/uploads\/images-in-conflict-768x821.jpeg 768w, https:\/\/visualjournalism.de\/wp-content\/uploads\/images-in-conflict-670x716.jpeg 670w, https:\/\/visualjournalism.de\/wp-content\/uploads\/images-in-conflict-420x449.jpeg 420w, https:\/\/visualjournalism.de\/wp-content\/uploads\/images-in-conflict-300x321.jpeg 300w, https:\/\/visualjournalism.de\/wp-content\/uploads\/images-in-conflict.jpeg 871w\" sizes=\"auto, (max-width: 350px) 100vw, 350px\" \/>\t\t<\/a>\r\n\t<\/figure><!-- .post__image -->\r\n\r\n<\/article>\r\n\n<\/div><!-- .2-columns-teaser-->\n\n    <\/div>\n","protected":false},"excerpt":{"rendered":"","protected":false},"author":6,"featured_media":35250,"parent":0,"menu_order":0,"comment_status":"closed","ping_status":"closed","template":"","meta":{"_acf_changed":false,"footnotes":""},"class_list":["post-35388","page","type-page","status-publish","has-post-thumbnail","hentry"],"acf":[],"yoast_head":"<!-- This site is optimized with the Yoast SEO Premium plugin v27.3 (Yoast SEO v27.3) - https:\/\/yoast.com\/product\/yoast-seo-premium-wordpress\/ -->\n<title>Klaus Sachs-Hombach &#8211; Visual Journalism and Documentary Photography<\/title>\n<meta name=\"robots\" content=\"index, follow, max-snippet:-1, max-image-preview:large, max-video-preview:-1\" \/>\n<link rel=\"canonical\" href=\"https:\/\/visualjournalism.de\/en\/klaus-sachs-hombach\/\" \/>\n<meta property=\"og:locale\" content=\"en_US\" \/>\n<meta property=\"og:type\" content=\"article\" \/>\n<meta property=\"og:title\" content=\"Klaus Sachs-Hombach\" \/>\n<meta property=\"og:url\" content=\"https:\/\/visualjournalism.de\/en\/klaus-sachs-hombach\/\" \/>\n<meta property=\"og:site_name\" content=\"Visual Journalism and Documentary Photography\" \/>\n<meta property=\"article:publisher\" content=\"https:\/\/www.facebook.com\/people\/wwwfotostudentende\/100065173703897\/\" \/>\n<meta property=\"article:modified_time\" content=\"2024-10-06T10:56:09+00:00\" \/>\n<meta property=\"og:image\" content=\"https:\/\/visualjournalism.de\/wp-content\/uploads\/Klaus-Sachs-Hombach.jpg\" \/>\n\t<meta property=\"og:image:width\" content=\"1600\" \/>\n\t<meta property=\"og:image:height\" content=\"1067\" \/>\n\t<meta property=\"og:image:type\" content=\"image\/jpeg\" \/>\n<meta name=\"twitter:card\" content=\"summary_large_image\" \/>\n<meta name=\"twitter:site\" content=\"@HsHannover\" \/>\n<meta name=\"twitter:label1\" content=\"Est. reading time\" \/>\n\t<meta name=\"twitter:data1\" content=\"2 minutes\" \/>\n<script type=\"application\/ld+json\" class=\"yoast-schema-graph\">{\"@context\":\"https:\\\/\\\/schema.org\",\"@graph\":[{\"@type\":\"WebPage\",\"@id\":\"https:\\\/\\\/visualjournalism.de\\\/en\\\/klaus-sachs-hombach\\\/\",\"url\":\"https:\\\/\\\/visualjournalism.de\\\/en\\\/klaus-sachs-hombach\\\/\",\"name\":\"Klaus Sachs-Hombach &#8211; Visual Journalism and Documentary Photography\",\"isPartOf\":{\"@id\":\"https:\\\/\\\/visualjournalism.de\\\/en\\\/#website\"},\"primaryImageOfPage\":{\"@id\":\"https:\\\/\\\/visualjournalism.de\\\/en\\\/klaus-sachs-hombach\\\/#primaryimage\"},\"image\":{\"@id\":\"https:\\\/\\\/visualjournalism.de\\\/en\\\/klaus-sachs-hombach\\\/#primaryimage\"},\"thumbnailUrl\":\"https:\\\/\\\/visualjournalism.de\\\/wp-content\\\/uploads\\\/Klaus-Sachs-Hombach.jpg\",\"datePublished\":\"2024-01-12T11:47:30+00:00\",\"dateModified\":\"2024-10-06T10:56:09+00:00\",\"breadcrumb\":{\"@id\":\"https:\\\/\\\/visualjournalism.de\\\/en\\\/klaus-sachs-hombach\\\/#breadcrumb\"},\"inLanguage\":\"en-US\",\"potentialAction\":[{\"@type\":\"ReadAction\",\"target\":[\"https:\\\/\\\/visualjournalism.de\\\/en\\\/klaus-sachs-hombach\\\/\"]}]},{\"@type\":\"ImageObject\",\"inLanguage\":\"en-US\",\"@id\":\"https:\\\/\\\/visualjournalism.de\\\/en\\\/klaus-sachs-hombach\\\/#primaryimage\",\"url\":\"https:\\\/\\\/visualjournalism.de\\\/wp-content\\\/uploads\\\/Klaus-Sachs-Hombach.jpg\",\"contentUrl\":\"https:\\\/\\\/visualjournalism.de\\\/wp-content\\\/uploads\\\/Klaus-Sachs-Hombach.jpg\",\"width\":1600,\"height\":1067},{\"@type\":\"BreadcrumbList\",\"@id\":\"https:\\\/\\\/visualjournalism.de\\\/en\\\/klaus-sachs-hombach\\\/#breadcrumb\",\"itemListElement\":[{\"@type\":\"ListItem\",\"position\":1,\"name\":\"Home\",\"item\":\"https:\\\/\\\/visualjournalism.de\\\/en\\\/\"},{\"@type\":\"ListItem\",\"position\":2,\"name\":\"Klaus Sachs-Hombach\"}]},{\"@type\":\"WebSite\",\"@id\":\"https:\\\/\\\/visualjournalism.de\\\/en\\\/#website\",\"url\":\"https:\\\/\\\/visualjournalism.de\\\/en\\\/\",\"name\":\"Visual Journalism and Documentary Photography\",\"description\":\"All about the bilingual bachelor&#039;s program at Hannover University of Applied Sciences and Arts.\",\"publisher\":{\"@id\":\"https:\\\/\\\/visualjournalism.de\\\/en\\\/#organization\"},\"alternateName\":\"visualjournalism.de\",\"potentialAction\":[{\"@type\":\"SearchAction\",\"target\":{\"@type\":\"EntryPoint\",\"urlTemplate\":\"https:\\\/\\\/visualjournalism.de\\\/en\\\/?s={search_term_string}\"},\"query-input\":{\"@type\":\"PropertyValueSpecification\",\"valueRequired\":true,\"valueName\":\"search_term_string\"}}],\"inLanguage\":\"en-US\"},{\"@type\":\"Organization\",\"@id\":\"https:\\\/\\\/visualjournalism.de\\\/en\\\/#organization\",\"name\":\"Hochschule Hannover \u2013 University of Applied Sciences and Arts\",\"alternateName\":\"HsH\",\"url\":\"https:\\\/\\\/visualjournalism.de\\\/en\\\/\",\"logo\":{\"@type\":\"ImageObject\",\"inLanguage\":\"en-US\",\"@id\":\"https:\\\/\\\/visualjournalism.de\\\/en\\\/#\\\/schema\\\/logo\\\/image\\\/\",\"url\":\"https:\\\/\\\/visualjournalism.de\\\/wp-content\\\/uploads\\\/logo-hochschule-hannover.png\",\"contentUrl\":\"https:\\\/\\\/visualjournalism.de\\\/wp-content\\\/uploads\\\/logo-hochschule-hannover.png\",\"width\":363,\"height\":270,\"caption\":\"Hochschule Hannover \u2013 University of Applied Sciences and Arts\"},\"image\":{\"@id\":\"https:\\\/\\\/visualjournalism.de\\\/en\\\/#\\\/schema\\\/logo\\\/image\\\/\"},\"sameAs\":[\"https:\\\/\\\/www.facebook.com\\\/people\\\/wwwfotostudentende\\\/100065173703897\\\/\",\"https:\\\/\\\/x.com\\\/HsHannover\",\"https:\\\/\\\/www.instagram.com\\\/visualjournalism.de\\\/\"]}]}<\/script>\n<!-- \/ Yoast SEO Premium plugin. -->","yoast_head_json":{"title":"Klaus Sachs-Hombach &#8211; Visual Journalism and Documentary Photography","robots":{"index":"index","follow":"follow","max-snippet":"max-snippet:-1","max-image-preview":"max-image-preview:large","max-video-preview":"max-video-preview:-1"},"canonical":"https:\/\/visualjournalism.de\/en\/klaus-sachs-hombach\/","og_locale":"en_US","og_type":"article","og_title":"Klaus Sachs-Hombach","og_url":"https:\/\/visualjournalism.de\/en\/klaus-sachs-hombach\/","og_site_name":"Visual Journalism and Documentary Photography","article_publisher":"https:\/\/www.facebook.com\/people\/wwwfotostudentende\/100065173703897\/","article_modified_time":"2024-10-06T10:56:09+00:00","og_image":[{"width":1600,"height":1067,"url":"https:\/\/visualjournalism.de\/wp-content\/uploads\/Klaus-Sachs-Hombach.jpg","type":"image\/jpeg"}],"twitter_card":"summary_large_image","twitter_site":"@HsHannover","twitter_misc":{"Est. reading time":"2 minutes"},"schema":{"@context":"https:\/\/schema.org","@graph":[{"@type":"WebPage","@id":"https:\/\/visualjournalism.de\/en\/klaus-sachs-hombach\/","url":"https:\/\/visualjournalism.de\/en\/klaus-sachs-hombach\/","name":"Klaus Sachs-Hombach &#8211; Visual Journalism and Documentary Photography","isPartOf":{"@id":"https:\/\/visualjournalism.de\/en\/#website"},"primaryImageOfPage":{"@id":"https:\/\/visualjournalism.de\/en\/klaus-sachs-hombach\/#primaryimage"},"image":{"@id":"https:\/\/visualjournalism.de\/en\/klaus-sachs-hombach\/#primaryimage"},"thumbnailUrl":"https:\/\/visualjournalism.de\/wp-content\/uploads\/Klaus-Sachs-Hombach.jpg","datePublished":"2024-01-12T11:47:30+00:00","dateModified":"2024-10-06T10:56:09+00:00","breadcrumb":{"@id":"https:\/\/visualjournalism.de\/en\/klaus-sachs-hombach\/#breadcrumb"},"inLanguage":"en-US","potentialAction":[{"@type":"ReadAction","target":["https:\/\/visualjournalism.de\/en\/klaus-sachs-hombach\/"]}]},{"@type":"ImageObject","inLanguage":"en-US","@id":"https:\/\/visualjournalism.de\/en\/klaus-sachs-hombach\/#primaryimage","url":"https:\/\/visualjournalism.de\/wp-content\/uploads\/Klaus-Sachs-Hombach.jpg","contentUrl":"https:\/\/visualjournalism.de\/wp-content\/uploads\/Klaus-Sachs-Hombach.jpg","width":1600,"height":1067},{"@type":"BreadcrumbList","@id":"https:\/\/visualjournalism.de\/en\/klaus-sachs-hombach\/#breadcrumb","itemListElement":[{"@type":"ListItem","position":1,"name":"Home","item":"https:\/\/visualjournalism.de\/en\/"},{"@type":"ListItem","position":2,"name":"Klaus Sachs-Hombach"}]},{"@type":"WebSite","@id":"https:\/\/visualjournalism.de\/en\/#website","url":"https:\/\/visualjournalism.de\/en\/","name":"Visual Journalism and Documentary Photography","description":"All about the bilingual bachelor&#039;s program at Hannover University of Applied Sciences and Arts.","publisher":{"@id":"https:\/\/visualjournalism.de\/en\/#organization"},"alternateName":"visualjournalism.de","potentialAction":[{"@type":"SearchAction","target":{"@type":"EntryPoint","urlTemplate":"https:\/\/visualjournalism.de\/en\/?s={search_term_string}"},"query-input":{"@type":"PropertyValueSpecification","valueRequired":true,"valueName":"search_term_string"}}],"inLanguage":"en-US"},{"@type":"Organization","@id":"https:\/\/visualjournalism.de\/en\/#organization","name":"Hochschule Hannover \u2013 University of Applied Sciences and Arts","alternateName":"HsH","url":"https:\/\/visualjournalism.de\/en\/","logo":{"@type":"ImageObject","inLanguage":"en-US","@id":"https:\/\/visualjournalism.de\/en\/#\/schema\/logo\/image\/","url":"https:\/\/visualjournalism.de\/wp-content\/uploads\/logo-hochschule-hannover.png","contentUrl":"https:\/\/visualjournalism.de\/wp-content\/uploads\/logo-hochschule-hannover.png","width":363,"height":270,"caption":"Hochschule Hannover \u2013 University of Applied Sciences and Arts"},"image":{"@id":"https:\/\/visualjournalism.de\/en\/#\/schema\/logo\/image\/"},"sameAs":["https:\/\/www.facebook.com\/people\/wwwfotostudentende\/100065173703897\/","https:\/\/x.com\/HsHannover","https:\/\/www.instagram.com\/visualjournalism.de\/"]}]}},"_links":{"self":[{"href":"https:\/\/visualjournalism.de\/en\/wp-json\/wp\/v2\/pages\/35388","targetHints":{"allow":["GET"]}}],"collection":[{"href":"https:\/\/visualjournalism.de\/en\/wp-json\/wp\/v2\/pages"}],"about":[{"href":"https:\/\/visualjournalism.de\/en\/wp-json\/wp\/v2\/types\/page"}],"author":[{"embeddable":true,"href":"https:\/\/visualjournalism.de\/en\/wp-json\/wp\/v2\/users\/6"}],"replies":[{"embeddable":true,"href":"https:\/\/visualjournalism.de\/en\/wp-json\/wp\/v2\/comments?post=35388"}],"version-history":[{"count":0,"href":"https:\/\/visualjournalism.de\/en\/wp-json\/wp\/v2\/pages\/35388\/revisions"}],"wp:featuredmedia":[{"embeddable":true,"href":"https:\/\/visualjournalism.de\/en\/wp-json\/wp\/v2\/media\/35250"}],"wp:attachment":[{"href":"https:\/\/visualjournalism.de\/en\/wp-json\/wp\/v2\/media?parent=35388"}],"curies":[{"name":"wp","href":"https:\/\/api.w.org\/{rel}","templated":true}]}}