{"id":35392,"date":"2024-01-12T11:48:18","date_gmt":"2024-01-12T11:48:18","guid":{"rendered":"https:\/\/visualjournalism.de\/?page_id=35392"},"modified":"2024-10-06T10:57:19","modified_gmt":"2024-10-06T10:57:19","slug":"laia-abril","status":"publish","type":"page","link":"https:\/\/visualjournalism.de\/en\/laia-abril\/","title":{"rendered":"Laia Abril"},"content":{"rendered":"\n \n\n    <div id=\"lead-in-block_ab2577d6f0ff52cb3a75e9f3a8749df7\" class=\"block-lead-in typo--soehne font-size--xl has-spacing--s width--full\">\n        <h1><b>Laia Abril<\/b><\/h1>\n    <\/div>\n\n\n\n\n<div class=\"pinned-block has-spacing--m\">\n\t\n\n<div class=\"pinned-block__column--left\">\n    \n    <figure class=\"block-photo post__image--full has-spacing--m with-title\">\n\n        <div class=\"post__image__container\">\n            <img loading=\"lazy\" decoding=\"async\" \n                src=\"https:\/\/visualjournalism.de\/wp-content\/uploads\/laia-abril.jpg\"\n                srcset=\"https:\/\/visualjournalism.de\/wp-content\/uploads\/laia-abril.jpg 1217w, https:\/\/visualjournalism.de\/wp-content\/uploads\/laia-abril-228x300.jpg 228w, https:\/\/visualjournalism.de\/wp-content\/uploads\/laia-abril-779x1024.jpg 779w, https:\/\/visualjournalism.de\/wp-content\/uploads\/laia-abril-768x1010.jpg 768w, https:\/\/visualjournalism.de\/wp-content\/uploads\/laia-abril-1168x1536.jpg 1168w, https:\/\/visualjournalism.de\/wp-content\/uploads\/laia-abril-1050x1380.jpg 1050w, https:\/\/visualjournalism.de\/wp-content\/uploads\/laia-abril-670x881.jpg 670w, https:\/\/visualjournalism.de\/wp-content\/uploads\/laia-abril-420x552.jpg 420w, https:\/\/visualjournalism.de\/wp-content\/uploads\/laia-abril-350x460.jpg 350w, https:\/\/visualjournalism.de\/wp-content\/uploads\/laia-abril-300x394.jpg 300w, https:\/\/visualjournalism.de\/wp-content\/uploads\/laia-abril-150x197.jpg 150w\"\n                width=\"1217\" \n                height=\"1600\"\n                alt=\"\" \n            \/>\n            \n                            <span class=\"post__image__title\">Foto: Mahala Nuuk<\/span>\n                    <\/div><!-- post__image__container -->\n\n        \n    <\/figure><!-- post__image -->\n\n\n\n<\/div>\n\n\n<div class=\"pinned-block__column--right\">\n    \n\n<p class=\"post__paragraph is-style-typo--soehne has-spacing--default\"><strong>Laia Abril<\/strong>&nbsp;ist eine multidisziplin\u00e4re K\u00fcnstlerin, die plattform\u00fcbergreifende Arbeiten wie Installationen, B\u00fccher, Webdokumentationen und Filme produziert. Nach ihrem Journalismusstudium in Barcelona besuchte sie Fotokurse am International Center of Photography in New York. Im Jahr 2009 hatte sie eine f\u00fcnfj\u00e4hrige K\u00fcnstlerresidenz in der Fabrica, dem Benetton Communication Research Centre in Treviso, Italien, inne, wo sie f\u00fcr die Zeitschrift Colors t\u00e4tig war. Zu Abrils Ver\u00f6ffentlichungen geh\u00f6ren unter anderem die B\u00fccher&nbsp;<em>The Epilogue<\/em>(Dewi Lewis, 2014) und&nbsp;<em>On Abortion<\/em>&nbsp;(Dewi Lewis, 2018). Sie erhielt 2018 den Paris Photo-Aperture PhotoBook of the Year Award sowie den Tim Hetherington Trust Visionary Award; 2019 erhielt sie den Magnum Founda- tion Grant und kam auf die Shortlist des Deutsche B\u00f6rse Photography Prize.<\/p>\n\n\n\n<p class=\"post__paragraph is-style-typo--soehne has-spacing--default\"><strong>Info<\/strong><br>K\u00fcnstlerin<\/p>\n\n\n\n<p class=\"post__paragraph is-style-typo--soehne has-spacing--default\"><a href=\"https:\/\/visualjournalism.de\/imagematters\/\"><strong>[IMAGE MATTERS]<br><\/strong><\/a>Autorin, Bildautorin<\/p>\n\n\n<\/div>\n<\/div>\n\n\n<div class=\"wp-block-group has-color-12-background-color has-background has-spacing--m\">\n<div class=\"devider has-spacing--none\">\n    <hr>\n<\/div>\n\n\n    <nav id=\"section-navigation-block_6f75e867854f06c54860fc4050a65afe\" class=\"section-navigation has-spacing--s\">\n        <ul>\n\n                \n                    <li>Weitere Beitr\u00e4ge zu diesem Thema:<\/li>\n                \n            \n            \n                        \n                        \n\n            \n\n        <\/ul>\n        \n    <\/nav>\n\n\n\n<div class=\"four-columns-teaser has-spacing--m\">\n\n    \r\n<article class=\"post-teaser post-42595 image-matters type-image-matters status-publish has-post-thumbnail hentry image-matters-kategorie-image-con-text\">\r\n\t<header class=\"entry-header\">\r\n\r\n\t\t<div class=\"entry-categories\">\n\t<a class=\"post__tag\" href=\"https:\/\/visualjournalism.de\/image-matters-kategorie\/image-con-text\/\" rel=\"category tag\">image\/con\/text<\/a><\/div>\r\n\t\t<a href=\"https:\/\/visualjournalism.de\/en\/image-matters\/image-con-text\/beneath-the-surface\/\" rel=\"bookmark\">\r\n\t\t\t<h2 class=\"entry-title\">Beneath the Surface.<\/h2>\r\n\t\t\t<p class=\"entry-excerpt\">Laia Abril in conversation with Sophia Greiff. <\/p>\r\n\t\t<\/a>\r\n\r\n\t<\/header><!-- .entry-header -->\r\n\r\n\t<figure class=\"post__image\">\r\n\t\t<a href=\"https:\/\/visualjournalism.de\/en\/image-matters\/image-con-text\/beneath-the-surface\/\" rel=\"bookmark\">\r\n\t\t\t<img loading=\"lazy\" decoding=\"async\" width=\"350\" height=\"197\" src=\"https:\/\/visualjournalism.de\/wp-content\/uploads\/01_t07_be04_abril_on-abortion_001-1000x563-2-350x197.jpg\" class=\"attachment-post-image--two-column--small size-post-image--two-column--small\" alt=\"\" srcset=\"https:\/\/visualjournalism.de\/wp-content\/uploads\/01_t07_be04_abril_on-abortion_001-1000x563-2-350x197.jpg 350w, https:\/\/visualjournalism.de\/wp-content\/uploads\/01_t07_be04_abril_on-abortion_001-1000x563-2-300x169.jpg 300w, https:\/\/visualjournalism.de\/wp-content\/uploads\/01_t07_be04_abril_on-abortion_001-1000x563-2-768x432.jpg 768w, https:\/\/visualjournalism.de\/wp-content\/uploads\/01_t07_be04_abril_on-abortion_001-1000x563-2-670x377.jpg 670w, https:\/\/visualjournalism.de\/wp-content\/uploads\/01_t07_be04_abril_on-abortion_001-1000x563-2-420x236.jpg 420w, https:\/\/visualjournalism.de\/wp-content\/uploads\/01_t07_be04_abril_on-abortion_001-1000x563-2-150x84.jpg 150w, https:\/\/visualjournalism.de\/wp-content\/uploads\/01_t07_be04_abril_on-abortion_001-1000x563-2.jpg 1000w\" sizes=\"auto, (max-width: 350px) 100vw, 350px\" \/>\t\t<\/a>\r\n\t<\/figure><!-- .post__image -->\r\n\r\n<\/article>\r\n\r\n<article class=\"post-teaser post-35560 image-matters type-image-matters status-publish has-post-thumbnail hentry image-matters-kategorie-images-in-conflict\">\r\n\t<header class=\"entry-header\">\r\n\r\n\t\t<div class=\"entry-categories\">\n\t<a class=\"post__tag\" href=\"https:\/\/visualjournalism.de\/image-matters-kategorie\/images-in-conflict\/\" rel=\"category tag\">IMAGES IN CONFLICT<\/a><\/div>\r\n\t\t<a href=\"https:\/\/visualjournalism.de\/en\/image-matters\/images-in-conflict\/conflicts-mediatisation\/\" rel=\"bookmark\">\r\n\t\t\t<h2 class=\"entry-title\">Images In Conflict.<\/h2>\r\n\t\t\t<p class=\"entry-excerpt\">Zur Ver\u00e4nderung der \u00c4sthetik und Gebrauchsweisen fotografischer und filmischer Bilder von Krisen- und Konfliktsituationen.<\/p>\r\n\t\t<\/a>\r\n\r\n\t<\/header><!-- .entry-header -->\r\n\r\n\t<figure class=\"post__image\">\r\n\t\t<a href=\"https:\/\/visualjournalism.de\/en\/image-matters\/images-in-conflict\/conflicts-mediatisation\/\" rel=\"bookmark\">\r\n\t\t\t<img loading=\"lazy\" decoding=\"async\" width=\"350\" height=\"233\" src=\"https:\/\/visualjournalism.de\/wp-content\/uploads\/02_t06bz_manhartsberger_austellungsansicht-gaf-2-350x233.jpg\" class=\"attachment-post-image--two-column--small size-post-image--two-column--small\" alt=\"\" srcset=\"https:\/\/visualjournalism.de\/wp-content\/uploads\/02_t06bz_manhartsberger_austellungsansicht-gaf-2-350x233.jpg 350w, https:\/\/visualjournalism.de\/wp-content\/uploads\/02_t06bz_manhartsberger_austellungsansicht-gaf-2-300x200.jpg 300w, https:\/\/visualjournalism.de\/wp-content\/uploads\/02_t06bz_manhartsberger_austellungsansicht-gaf-2-1024x682.jpg 1024w, https:\/\/visualjournalism.de\/wp-content\/uploads\/02_t06bz_manhartsberger_austellungsansicht-gaf-2-768x512.jpg 768w, https:\/\/visualjournalism.de\/wp-content\/uploads\/02_t06bz_manhartsberger_austellungsansicht-gaf-2-1536x1024.jpg 1536w, https:\/\/visualjournalism.de\/wp-content\/uploads\/02_t06bz_manhartsberger_austellungsansicht-gaf-2-1920x1280.jpg 1920w, https:\/\/visualjournalism.de\/wp-content\/uploads\/02_t06bz_manhartsberger_austellungsansicht-gaf-2-1400x933.jpg 1400w, https:\/\/visualjournalism.de\/wp-content\/uploads\/02_t06bz_manhartsberger_austellungsansicht-gaf-2-1050x700.jpg 1050w, https:\/\/visualjournalism.de\/wp-content\/uploads\/02_t06bz_manhartsberger_austellungsansicht-gaf-2-670x447.jpg 670w, https:\/\/visualjournalism.de\/wp-content\/uploads\/02_t06bz_manhartsberger_austellungsansicht-gaf-2-420x280.jpg 420w, https:\/\/visualjournalism.de\/wp-content\/uploads\/02_t06bz_manhartsberger_austellungsansicht-gaf-2-150x100.jpg 150w, https:\/\/visualjournalism.de\/wp-content\/uploads\/02_t06bz_manhartsberger_austellungsansicht-gaf-2.jpg 2000w\" sizes=\"auto, (max-width: 350px) 100vw, 350px\" \/>\t\t<\/a>\r\n\t<\/figure><!-- .post__image -->\r\n\r\n<\/article>\r\n\r\n<article class=\"post-teaser post-42521 image-matters type-image-matters status-publish has-post-thumbnail hentry image-matters-kategorie-images-in-conflict\">\r\n\t<header class=\"entry-header\">\r\n\r\n\t\t<div class=\"entry-categories\">\n\t<a class=\"post__tag\" href=\"https:\/\/visualjournalism.de\/image-matters-kategorie\/images-in-conflict\/\" rel=\"category tag\">IMAGES IN CONFLICT<\/a><\/div>\r\n\t\t<a href=\"https:\/\/visualjournalism.de\/en\/image-matters\/images-in-conflict\/bilder-im-konflikt\/\" rel=\"bookmark\">\r\n\t\t\t<h2 class=\"entry-title\">Editorial. Images in Conflict.<\/h2>\r\n\t\t\t<p class=\"entry-excerpt\">Karen Fromm \u00fcber Bilder im Konflikt<\/p>\r\n\t\t<\/a>\r\n\r\n\t<\/header><!-- .entry-header -->\r\n\r\n\t<figure class=\"post__image\">\r\n\t\t<a href=\"https:\/\/visualjournalism.de\/en\/image-matters\/images-in-conflict\/bilder-im-konflikt\/\" rel=\"bookmark\">\r\n\t\t\t<img loading=\"lazy\" decoding=\"async\" width=\"350\" height=\"197\" src=\"https:\/\/visualjournalism.de\/wp-content\/uploads\/IMG_2443-350x197.jpeg\" class=\"attachment-post-image--two-column--small size-post-image--two-column--small\" alt=\"\" srcset=\"https:\/\/visualjournalism.de\/wp-content\/uploads\/IMG_2443-350x197.jpeg 350w, https:\/\/visualjournalism.de\/wp-content\/uploads\/IMG_2443-300x169.jpeg 300w, https:\/\/visualjournalism.de\/wp-content\/uploads\/IMG_2443-1024x576.jpeg 1024w, https:\/\/visualjournalism.de\/wp-content\/uploads\/IMG_2443-768x432.jpeg 768w, https:\/\/visualjournalism.de\/wp-content\/uploads\/IMG_2443-1536x864.jpeg 1536w, https:\/\/visualjournalism.de\/wp-content\/uploads\/IMG_2443-2048x1152.jpeg 2048w, https:\/\/visualjournalism.de\/wp-content\/uploads\/IMG_2443-1920x1080.jpeg 1920w, https:\/\/visualjournalism.de\/wp-content\/uploads\/IMG_2443-1400x788.jpeg 1400w, https:\/\/visualjournalism.de\/wp-content\/uploads\/IMG_2443-1050x591.jpeg 1050w, https:\/\/visualjournalism.de\/wp-content\/uploads\/IMG_2443-670x377.jpeg 670w, https:\/\/visualjournalism.de\/wp-content\/uploads\/IMG_2443-420x236.jpeg 420w, https:\/\/visualjournalism.de\/wp-content\/uploads\/IMG_2443-150x84.jpeg 150w\" sizes=\"auto, (max-width: 350px) 100vw, 350px\" \/>\t\t<\/a>\r\n\t<\/figure><!-- .post__image -->\r\n\r\n<\/article>\r\n\n<\/div><!-- .2-columns-teaser-->\n\n    <\/div>\n","protected":false},"excerpt":{"rendered":"","protected":false},"author":6,"featured_media":35254,"parent":0,"menu_order":0,"comment_status":"closed","ping_status":"closed","template":"","meta":{"_acf_changed":false,"footnotes":""},"class_list":["post-35392","page","type-page","status-publish","has-post-thumbnail","hentry"],"acf":[],"yoast_head":"<!-- This site is optimized with the Yoast SEO Premium plugin v27.3 (Yoast SEO v27.3) - https:\/\/yoast.com\/product\/yoast-seo-premium-wordpress\/ -->\n<title>Laia Abril &#8211; Visual Journalism and Documentary Photography<\/title>\n<meta name=\"robots\" content=\"index, follow, max-snippet:-1, max-image-preview:large, max-video-preview:-1\" \/>\n<link rel=\"canonical\" href=\"https:\/\/visualjournalism.de\/en\/laia-abril\/\" \/>\n<meta property=\"og:locale\" content=\"en_US\" \/>\n<meta property=\"og:type\" content=\"article\" \/>\n<meta property=\"og:title\" content=\"Laia Abril\" \/>\n<meta property=\"og:url\" content=\"https:\/\/visualjournalism.de\/en\/laia-abril\/\" \/>\n<meta property=\"og:site_name\" content=\"Visual Journalism and Documentary Photography\" \/>\n<meta property=\"article:publisher\" content=\"https:\/\/www.facebook.com\/people\/wwwfotostudentende\/100065173703897\/\" \/>\n<meta property=\"article:modified_time\" content=\"2024-10-06T10:57:19+00:00\" \/>\n<meta property=\"og:image\" content=\"https:\/\/visualjournalism.de\/wp-content\/uploads\/laia-abril.jpg\" \/>\n\t<meta property=\"og:image:width\" content=\"1217\" \/>\n\t<meta property=\"og:image:height\" content=\"1600\" \/>\n\t<meta property=\"og:image:type\" content=\"image\/jpeg\" \/>\n<meta name=\"twitter:card\" content=\"summary_large_image\" \/>\n<meta name=\"twitter:site\" content=\"@HsHannover\" \/>\n<meta name=\"twitter:label1\" content=\"Est. reading time\" \/>\n\t<meta name=\"twitter:data1\" content=\"1 minute\" \/>\n<script type=\"application\/ld+json\" class=\"yoast-schema-graph\">{\"@context\":\"https:\\\/\\\/schema.org\",\"@graph\":[{\"@type\":\"WebPage\",\"@id\":\"https:\\\/\\\/visualjournalism.de\\\/en\\\/laia-abril\\\/\",\"url\":\"https:\\\/\\\/visualjournalism.de\\\/en\\\/laia-abril\\\/\",\"name\":\"Laia Abril &#8211; Visual Journalism and Documentary Photography\",\"isPartOf\":{\"@id\":\"https:\\\/\\\/visualjournalism.de\\\/en\\\/#website\"},\"primaryImageOfPage\":{\"@id\":\"https:\\\/\\\/visualjournalism.de\\\/en\\\/laia-abril\\\/#primaryimage\"},\"image\":{\"@id\":\"https:\\\/\\\/visualjournalism.de\\\/en\\\/laia-abril\\\/#primaryimage\"},\"thumbnailUrl\":\"https:\\\/\\\/visualjournalism.de\\\/wp-content\\\/uploads\\\/laia-abril.jpg\",\"datePublished\":\"2024-01-12T11:48:18+00:00\",\"dateModified\":\"2024-10-06T10:57:19+00:00\",\"breadcrumb\":{\"@id\":\"https:\\\/\\\/visualjournalism.de\\\/en\\\/laia-abril\\\/#breadcrumb\"},\"inLanguage\":\"en-US\",\"potentialAction\":[{\"@type\":\"ReadAction\",\"target\":[\"https:\\\/\\\/visualjournalism.de\\\/en\\\/laia-abril\\\/\"]}]},{\"@type\":\"ImageObject\",\"inLanguage\":\"en-US\",\"@id\":\"https:\\\/\\\/visualjournalism.de\\\/en\\\/laia-abril\\\/#primaryimage\",\"url\":\"https:\\\/\\\/visualjournalism.de\\\/wp-content\\\/uploads\\\/laia-abril.jpg\",\"contentUrl\":\"https:\\\/\\\/visualjournalism.de\\\/wp-content\\\/uploads\\\/laia-abril.jpg\",\"width\":1217,\"height\":1600,\"caption\":\"Foto: Mahala Nuuk\"},{\"@type\":\"BreadcrumbList\",\"@id\":\"https:\\\/\\\/visualjournalism.de\\\/en\\\/laia-abril\\\/#breadcrumb\",\"itemListElement\":[{\"@type\":\"ListItem\",\"position\":1,\"name\":\"Home\",\"item\":\"https:\\\/\\\/visualjournalism.de\\\/en\\\/\"},{\"@type\":\"ListItem\",\"position\":2,\"name\":\"Laia Abril\"}]},{\"@type\":\"WebSite\",\"@id\":\"https:\\\/\\\/visualjournalism.de\\\/en\\\/#website\",\"url\":\"https:\\\/\\\/visualjournalism.de\\\/en\\\/\",\"name\":\"Visual Journalism and Documentary Photography\",\"description\":\"All about the bilingual bachelor&#039;s program at Hannover University of Applied Sciences and Arts.\",\"publisher\":{\"@id\":\"https:\\\/\\\/visualjournalism.de\\\/en\\\/#organization\"},\"alternateName\":\"visualjournalism.de\",\"potentialAction\":[{\"@type\":\"SearchAction\",\"target\":{\"@type\":\"EntryPoint\",\"urlTemplate\":\"https:\\\/\\\/visualjournalism.de\\\/en\\\/?s={search_term_string}\"},\"query-input\":{\"@type\":\"PropertyValueSpecification\",\"valueRequired\":true,\"valueName\":\"search_term_string\"}}],\"inLanguage\":\"en-US\"},{\"@type\":\"Organization\",\"@id\":\"https:\\\/\\\/visualjournalism.de\\\/en\\\/#organization\",\"name\":\"Hochschule Hannover \u2013 University of Applied Sciences and Arts\",\"alternateName\":\"HsH\",\"url\":\"https:\\\/\\\/visualjournalism.de\\\/en\\\/\",\"logo\":{\"@type\":\"ImageObject\",\"inLanguage\":\"en-US\",\"@id\":\"https:\\\/\\\/visualjournalism.de\\\/en\\\/#\\\/schema\\\/logo\\\/image\\\/\",\"url\":\"https:\\\/\\\/visualjournalism.de\\\/wp-content\\\/uploads\\\/logo-hochschule-hannover.png\",\"contentUrl\":\"https:\\\/\\\/visualjournalism.de\\\/wp-content\\\/uploads\\\/logo-hochschule-hannover.png\",\"width\":363,\"height\":270,\"caption\":\"Hochschule Hannover \u2013 University of Applied Sciences and Arts\"},\"image\":{\"@id\":\"https:\\\/\\\/visualjournalism.de\\\/en\\\/#\\\/schema\\\/logo\\\/image\\\/\"},\"sameAs\":[\"https:\\\/\\\/www.facebook.com\\\/people\\\/wwwfotostudentende\\\/100065173703897\\\/\",\"https:\\\/\\\/x.com\\\/HsHannover\",\"https:\\\/\\\/www.instagram.com\\\/visualjournalism.de\\\/\"]}]}<\/script>\n<!-- \/ Yoast SEO Premium plugin. -->","yoast_head_json":{"title":"Laia Abril &#8211; Visual Journalism and Documentary Photography","robots":{"index":"index","follow":"follow","max-snippet":"max-snippet:-1","max-image-preview":"max-image-preview:large","max-video-preview":"max-video-preview:-1"},"canonical":"https:\/\/visualjournalism.de\/en\/laia-abril\/","og_locale":"en_US","og_type":"article","og_title":"Laia Abril","og_url":"https:\/\/visualjournalism.de\/en\/laia-abril\/","og_site_name":"Visual Journalism and Documentary Photography","article_publisher":"https:\/\/www.facebook.com\/people\/wwwfotostudentende\/100065173703897\/","article_modified_time":"2024-10-06T10:57:19+00:00","og_image":[{"width":1217,"height":1600,"url":"https:\/\/visualjournalism.de\/wp-content\/uploads\/laia-abril.jpg","type":"image\/jpeg"}],"twitter_card":"summary_large_image","twitter_site":"@HsHannover","twitter_misc":{"Est. reading time":"1 minute"},"schema":{"@context":"https:\/\/schema.org","@graph":[{"@type":"WebPage","@id":"https:\/\/visualjournalism.de\/en\/laia-abril\/","url":"https:\/\/visualjournalism.de\/en\/laia-abril\/","name":"Laia Abril &#8211; Visual Journalism and Documentary Photography","isPartOf":{"@id":"https:\/\/visualjournalism.de\/en\/#website"},"primaryImageOfPage":{"@id":"https:\/\/visualjournalism.de\/en\/laia-abril\/#primaryimage"},"image":{"@id":"https:\/\/visualjournalism.de\/en\/laia-abril\/#primaryimage"},"thumbnailUrl":"https:\/\/visualjournalism.de\/wp-content\/uploads\/laia-abril.jpg","datePublished":"2024-01-12T11:48:18+00:00","dateModified":"2024-10-06T10:57:19+00:00","breadcrumb":{"@id":"https:\/\/visualjournalism.de\/en\/laia-abril\/#breadcrumb"},"inLanguage":"en-US","potentialAction":[{"@type":"ReadAction","target":["https:\/\/visualjournalism.de\/en\/laia-abril\/"]}]},{"@type":"ImageObject","inLanguage":"en-US","@id":"https:\/\/visualjournalism.de\/en\/laia-abril\/#primaryimage","url":"https:\/\/visualjournalism.de\/wp-content\/uploads\/laia-abril.jpg","contentUrl":"https:\/\/visualjournalism.de\/wp-content\/uploads\/laia-abril.jpg","width":1217,"height":1600,"caption":"Foto: Mahala Nuuk"},{"@type":"BreadcrumbList","@id":"https:\/\/visualjournalism.de\/en\/laia-abril\/#breadcrumb","itemListElement":[{"@type":"ListItem","position":1,"name":"Home","item":"https:\/\/visualjournalism.de\/en\/"},{"@type":"ListItem","position":2,"name":"Laia Abril"}]},{"@type":"WebSite","@id":"https:\/\/visualjournalism.de\/en\/#website","url":"https:\/\/visualjournalism.de\/en\/","name":"Visual Journalism and Documentary Photography","description":"All about the bilingual bachelor&#039;s program at Hannover University of Applied Sciences and Arts.","publisher":{"@id":"https:\/\/visualjournalism.de\/en\/#organization"},"alternateName":"visualjournalism.de","potentialAction":[{"@type":"SearchAction","target":{"@type":"EntryPoint","urlTemplate":"https:\/\/visualjournalism.de\/en\/?s={search_term_string}"},"query-input":{"@type":"PropertyValueSpecification","valueRequired":true,"valueName":"search_term_string"}}],"inLanguage":"en-US"},{"@type":"Organization","@id":"https:\/\/visualjournalism.de\/en\/#organization","name":"Hochschule Hannover \u2013 University of Applied Sciences and Arts","alternateName":"HsH","url":"https:\/\/visualjournalism.de\/en\/","logo":{"@type":"ImageObject","inLanguage":"en-US","@id":"https:\/\/visualjournalism.de\/en\/#\/schema\/logo\/image\/","url":"https:\/\/visualjournalism.de\/wp-content\/uploads\/logo-hochschule-hannover.png","contentUrl":"https:\/\/visualjournalism.de\/wp-content\/uploads\/logo-hochschule-hannover.png","width":363,"height":270,"caption":"Hochschule Hannover \u2013 University of Applied Sciences and Arts"},"image":{"@id":"https:\/\/visualjournalism.de\/en\/#\/schema\/logo\/image\/"},"sameAs":["https:\/\/www.facebook.com\/people\/wwwfotostudentende\/100065173703897\/","https:\/\/x.com\/HsHannover","https:\/\/www.instagram.com\/visualjournalism.de\/"]}]}},"_links":{"self":[{"href":"https:\/\/visualjournalism.de\/en\/wp-json\/wp\/v2\/pages\/35392","targetHints":{"allow":["GET"]}}],"collection":[{"href":"https:\/\/visualjournalism.de\/en\/wp-json\/wp\/v2\/pages"}],"about":[{"href":"https:\/\/visualjournalism.de\/en\/wp-json\/wp\/v2\/types\/page"}],"author":[{"embeddable":true,"href":"https:\/\/visualjournalism.de\/en\/wp-json\/wp\/v2\/users\/6"}],"replies":[{"embeddable":true,"href":"https:\/\/visualjournalism.de\/en\/wp-json\/wp\/v2\/comments?post=35392"}],"version-history":[{"count":0,"href":"https:\/\/visualjournalism.de\/en\/wp-json\/wp\/v2\/pages\/35392\/revisions"}],"wp:featuredmedia":[{"embeddable":true,"href":"https:\/\/visualjournalism.de\/en\/wp-json\/wp\/v2\/media\/35254"}],"wp:attachment":[{"href":"https:\/\/visualjournalism.de\/en\/wp-json\/wp\/v2\/media?parent=35392"}],"curies":[{"name":"wp","href":"https:\/\/api.w.org\/{rel}","templated":true}]}}