{"id":35396,"date":"2024-01-12T11:49:21","date_gmt":"2024-01-12T11:49:21","guid":{"rendered":"https:\/\/visualjournalism.de\/?page_id=35396"},"modified":"2024-10-06T10:59:17","modified_gmt":"2024-10-06T10:59:17","slug":"max-pinckers","status":"publish","type":"page","link":"https:\/\/visualjournalism.de\/en\/max-pinckers\/","title":{"rendered":"Max Pinckers"},"content":{"rendered":"\n \n\n    <div id=\"lead-in-block_db4fc6eddf16da38f93457febb6c967f\" class=\"block-lead-in typo--default font-size--xl has-spacing--s width--full\">\n        <h1>Max Pinckers<\/h1>\n    <\/div>\n\n\n\n\n<div class=\"pinned-block has-spacing--m\">\n\t\n\n<div class=\"pinned-block__column--left\">\n    \n    <figure class=\"block-photo post__image--full has-spacing--m with-title\">\n\n        <div class=\"post__image__container\">\n            <img loading=\"lazy\" decoding=\"async\" \n                src=\"https:\/\/visualjournalism.de\/wp-content\/uploads\/max-pinckers-1400x1400.jpg\"\n                srcset=\"https:\/\/visualjournalism.de\/wp-content\/uploads\/max-pinckers-1400x1400.jpg 1400w, https:\/\/visualjournalism.de\/wp-content\/uploads\/max-pinckers-300x300.jpg 300w, https:\/\/visualjournalism.de\/wp-content\/uploads\/max-pinckers-1024x1024.jpg 1024w, https:\/\/visualjournalism.de\/wp-content\/uploads\/max-pinckers-150x150.jpg 150w, https:\/\/visualjournalism.de\/wp-content\/uploads\/max-pinckers-768x768.jpg 768w, https:\/\/visualjournalism.de\/wp-content\/uploads\/max-pinckers-1536x1536.jpg 1536w, https:\/\/visualjournalism.de\/wp-content\/uploads\/max-pinckers-1050x1050.jpg 1050w, https:\/\/visualjournalism.de\/wp-content\/uploads\/max-pinckers-670x670.jpg 670w, https:\/\/visualjournalism.de\/wp-content\/uploads\/max-pinckers-420x420.jpg 420w, https:\/\/visualjournalism.de\/wp-content\/uploads\/max-pinckers-350x350.jpg 350w, https:\/\/visualjournalism.de\/wp-content\/uploads\/max-pinckers-52x52.jpg 52w, https:\/\/visualjournalism.de\/wp-content\/uploads\/max-pinckers-68x68.jpg 68w, https:\/\/visualjournalism.de\/wp-content\/uploads\/max-pinckers-96x96.jpg 96w, https:\/\/visualjournalism.de\/wp-content\/uploads\/max-pinckers.jpg 1600w\"\n                width=\"1400\" \n                height=\"1400\"\n                alt=\"\" \n            \/>\n            \n                            <span class=\"post__image__title\">Foto: Youquine Lefevre<\/span>\n                    <\/div><!-- post__image__container -->\n\n        \n    <\/figure><!-- post__image -->\n\n\n\n<\/div>\n\n\n<div class=\"pinned-block__column--right\">\n    \n\n<p class=\"post__paragraph is-style-typo--soehne has-spacing--default\"><strong>Max Pinckers<\/strong>&nbsp;(geboren 1988 in Belgien) lebt und arbeitet in Br\u00fcssel, Belgien. In seinem Werk setzt er sich mit Strategien visuellen Erz\u00e4hlens in der Dokumentarfotografie auseinander. In Ablehnung der Idee einer absoluten Objektivit\u00e4t und Neutralit\u00e4t vertritt Pinckers einen klar subjektiven Ansatz. Er ver\u00f6ffentlicht seine Arbeiten in Form von selbstverlegten B\u00fcchern und Ausstellungsinstallationen wie&nbsp;<em>The Fourth Wall<\/em>(2012),&nbsp;<em>Will They Sing Like Raindrops or Leave Me Thirsty<\/em>&nbsp;(2014) oder auch&nbsp;<em>Margins of Excess<\/em>&nbsp;(2018). Derzeit promoviert und lehrt Pinckers im Fach Kunst an der Kunsthochschule\/KASK Gent. Er hat verschiedene internationale Preise gewonnen, darunter den Edward Steichen Award Luxembourg 2015 und den Leica Oskar Barnack Award 2018.<\/p>\n\n\n\n<p class=\"post__paragraph is-style-typo--soehne has-spacing--default\"><strong>Info<\/strong><br>K\u00fcnstler<br><br><strong>Homepage<\/strong><br><a href=\"https:\/\/www.maxpinckers.be\/\" target=\"_blank\" rel=\"noreferrer noopener\">https:\/\/www.maxpinckers.be<\/a><\/p>\n\n\n\n<p class=\"post__paragraph is-style-typo--soehne has-spacing--default\"><a href=\"https:\/\/visualjournalism.de\/imagematters\/\"><strong>[IMAGE MATTERS]<br><\/strong><\/a>Vortragender<\/p>\n\n\n<\/div>\n<\/div>\n\n\n<div id=\"abstract\" class=\"wp-block-group has-color-5-background-color has-background has-spacing--default\">\n<div class=\"pinned-block has-spacing--m\">\n\t\n\n<div class=\"pinned-block__column--left\">\n    \n\n \n\n    <div id=\"lead-in-block_cc7ca9e0c00eea6a58d7ecd8ab3eb772\" class=\"block-lead-in typo--default font-size--default has-spacing--s width--default\">\n        <h1>ABSTRACT<\/h1>\n    <\/div>\n\n\n\n\n<p class=\"post__paragraph is-style-typo--soehne has-spacing--default\"><strong>Aus dem Symposium<\/strong>\/<strong>Vortrag<\/strong><br><a href=\"http:\/\/visualjournalism.de\/image-matters\/image-con-text\/image-con-text\/\">image\/con\/text<\/a> <\/p>\n\n\n    <figure class=\"block-photo post__image--full has-spacing--m with-title\">\n\n        <div class=\"post__image__container\">\n            <img loading=\"lazy\" decoding=\"async\" \n                src=\"https:\/\/visualjournalism.de\/wp-content\/uploads\/bt_pinckers_pressebild_web-1.jpg\"\n                srcset=\"https:\/\/visualjournalism.de\/wp-content\/uploads\/bt_pinckers_pressebild_web-1.jpg 1200w, https:\/\/visualjournalism.de\/wp-content\/uploads\/bt_pinckers_pressebild_web-1-245x300.jpg 245w, https:\/\/visualjournalism.de\/wp-content\/uploads\/bt_pinckers_pressebild_web-1-835x1024.jpg 835w, https:\/\/visualjournalism.de\/wp-content\/uploads\/bt_pinckers_pressebild_web-1-768x941.jpg 768w, https:\/\/visualjournalism.de\/wp-content\/uploads\/bt_pinckers_pressebild_web-1-1050x1287.jpg 1050w, https:\/\/visualjournalism.de\/wp-content\/uploads\/bt_pinckers_pressebild_web-1-670x821.jpg 670w, https:\/\/visualjournalism.de\/wp-content\/uploads\/bt_pinckers_pressebild_web-1-420x515.jpg 420w, https:\/\/visualjournalism.de\/wp-content\/uploads\/bt_pinckers_pressebild_web-1-350x429.jpg 350w, https:\/\/visualjournalism.de\/wp-content\/uploads\/bt_pinckers_pressebild_web-1-300x368.jpg 300w, https:\/\/visualjournalism.de\/wp-content\/uploads\/bt_pinckers_pressebild_web-1-150x184.jpg 150w\"\n                width=\"1200\" \n                height=\"1471\"\n                alt=\"\" \n            \/>\n            \n                            <span class=\"post__image__title\">Max Pinckers, The Apple That Wasn\u2019t, aus der Arbeit Margins of Excess, 2018.<\/span>\n                    <\/div><!-- post__image__container -->\n\n        \n    <\/figure><!-- post__image -->\n\n\n\n<\/div>\n\n\n<div class=\"pinned-block__column--right\">\n    \n\n    <div class=\"headline-block has-spacing--s\">\n\n        <h2 class=\"post__headline\">Margins of Excess: Text und Bild im zeitgen\u00f6ssischen dokumentarischen Fotobuch.<\/h2>\n\n        \n    <\/div>\n\n    \n\n\n\n\n<p class=\"post__paragraph is-style-typo--soehne has-spacing--m\"><strong>Max Pinckers pr\u00e4sentiert sein neuestes Buch<\/strong>&nbsp;<em>Margins of Excess<\/em>&nbsp;(Selbstverlag, 2018) und nimmt dabei besonders in den Blick, wie die Beziehung zwischen Bild und Text die dokumentarische Erz\u00e4hlung formt. In Ablehnung einer absoluten Wahrheit oder eines ultimativen Primats des Wissens vereinen seine Arbeiten unterschiedliche<br>Perspektiven. Dabei treffen Textausschnitte aus vorliegenden Quellen auf Fotografien und stellen gemeinsam einen narrativen Zusammenhang her. In Pinckers Fotob\u00fcchern vermischen sich Wirklichkeit und Fiktion \u2013 nicht, um uns hinters Licht zu f\u00fchren, sondern um uns einen komplexeren Blick auf die Welt zu erm\u00f6glichen, und zwar unter Einbeziehung des subjektiven und fiktionalen Charakters der Kategorien, mit denen wir diese wahrnehmen und definieren.<\/p>\n\n\n\n    <div class=\"btn-wrapper has-spacing--none\">\n        <a class=\"btn\" href=\"https:\/\/visualjournalism.de\/imagematters\/\" target=\"_self\">[IMAGE MATTERS] Home<\/a>\n    <\/div>\n\n\n<\/div>\n<\/div>\n\n\n<div class=\"devider has-spacing--none\">\n    <hr>\n<\/div>\n\n\n    <nav id=\"section-navigation-block_8e4870557bae4704608a58ac4bed2c86\" class=\"section-navigation has-spacing--s\">\n        <ul>\n\n                \n                    <li>Weitere Beitr\u00e4ge zu diesem Thema:<\/li>\n                \n            \n            \n                        \n                        \n\n            \n\n        <\/ul>\n        \n    <\/nav>\n\n\n\n<div class=\"four-columns-teaser has-spacing--m\">\n\n    \r\n<article class=\"post-teaser post-42819 image-matters type-image-matters status-publish has-post-thumbnail hentry image-matters-kategorie-image-con-text\">\r\n\t<header class=\"entry-header\">\r\n\r\n\t\t<div class=\"entry-categories\">\n\t<a class=\"post__tag\" href=\"https:\/\/visualjournalism.de\/image-matters-kategorie\/image-con-text\/\" rel=\"category tag\">image\/con\/text<\/a><\/div>\r\n\t\t<a href=\"https:\/\/visualjournalism.de\/en\/image-matters\/image-con-text\/bending-the-screen\/\" rel=\"bookmark\">\r\n\t\t\t<h2 class=\"entry-title\">Bending the Screen.<\/h2>\r\n\t\t\t<p class=\"entry-excerpt\">Edmund Clark in Conversation with Sophia Greiff<\/p>\r\n\t\t<\/a>\r\n\r\n\t<\/header><!-- .entry-header -->\r\n\r\n\t<figure class=\"post__image\">\r\n\t\t<a href=\"https:\/\/visualjournalism.de\/en\/image-matters\/image-con-text\/bending-the-screen\/\" rel=\"bookmark\">\r\n\t\t\t<img loading=\"lazy\" decoding=\"async\" width=\"350\" height=\"260\" src=\"https:\/\/visualjournalism.de\/wp-content\/uploads\/01_t05_greiff_interview_clark_bz01a_guantanamo_plate01-1-350x260.jpg\" class=\"attachment-post-image--two-column--small size-post-image--two-column--small\" alt=\"\" srcset=\"https:\/\/visualjournalism.de\/wp-content\/uploads\/01_t05_greiff_interview_clark_bz01a_guantanamo_plate01-1-350x260.jpg 350w, https:\/\/visualjournalism.de\/wp-content\/uploads\/01_t05_greiff_interview_clark_bz01a_guantanamo_plate01-1-300x223.jpg 300w, https:\/\/visualjournalism.de\/wp-content\/uploads\/01_t05_greiff_interview_clark_bz01a_guantanamo_plate01-1-1024x761.jpg 1024w, https:\/\/visualjournalism.de\/wp-content\/uploads\/01_t05_greiff_interview_clark_bz01a_guantanamo_plate01-1-768x571.jpg 768w, https:\/\/visualjournalism.de\/wp-content\/uploads\/01_t05_greiff_interview_clark_bz01a_guantanamo_plate01-1-1536x1141.jpg 1536w, https:\/\/visualjournalism.de\/wp-content\/uploads\/01_t05_greiff_interview_clark_bz01a_guantanamo_plate01-1-1400x1040.jpg 1400w, https:\/\/visualjournalism.de\/wp-content\/uploads\/01_t05_greiff_interview_clark_bz01a_guantanamo_plate01-1-1050x780.jpg 1050w, https:\/\/visualjournalism.de\/wp-content\/uploads\/01_t05_greiff_interview_clark_bz01a_guantanamo_plate01-1-670x498.jpg 670w, https:\/\/visualjournalism.de\/wp-content\/uploads\/01_t05_greiff_interview_clark_bz01a_guantanamo_plate01-1-420x312.jpg 420w, https:\/\/visualjournalism.de\/wp-content\/uploads\/01_t05_greiff_interview_clark_bz01a_guantanamo_plate01-1-150x111.jpg 150w, https:\/\/visualjournalism.de\/wp-content\/uploads\/01_t05_greiff_interview_clark_bz01a_guantanamo_plate01-1.jpg 1600w\" sizes=\"auto, (max-width: 350px) 100vw, 350px\" \/>\t\t<\/a>\r\n\t<\/figure><!-- .post__image -->\r\n\r\n<\/article>\r\n\r\n<article class=\"post-teaser post-35563 image-matters type-image-matters status-publish has-post-thumbnail hentry image-matters-kategorie-image-con-text\">\r\n\t<header class=\"entry-header\">\r\n\r\n\t\t<div class=\"entry-categories\">\n\t<a class=\"post__tag\" href=\"https:\/\/visualjournalism.de\/image-matters-kategorie\/image-con-text\/\" rel=\"category tag\">image\/con\/text<\/a><\/div>\r\n\t\t<a href=\"https:\/\/visualjournalism.de\/en\/image-matters\/image-con-text\/complementary-testimonies\/\" rel=\"bookmark\">\r\n\t\t\t<h2 class=\"entry-title\">Komplement\u00e4re Zeugnisse.<\/h2>\r\n\t\t\t<p class=\"entry-excerpt\">Dokumentarischer Diskurs zwischen Journalismus, Kunst und Aktivismus<\/p>\r\n\t\t<\/a>\r\n\r\n\t<\/header><!-- .entry-header -->\r\n\r\n\t<figure class=\"post__image\">\r\n\t\t<a href=\"https:\/\/visualjournalism.de\/en\/image-matters\/image-con-text\/complementary-testimonies\/\" rel=\"bookmark\">\r\n\t\t\t<img loading=\"lazy\" decoding=\"async\" width=\"350\" height=\"280\" src=\"https:\/\/visualjournalism.de\/wp-content\/uploads\/Buch-image-con-text-350x280.jpg\" class=\"attachment-post-image--two-column--small size-post-image--two-column--small\" alt=\"\" srcset=\"https:\/\/visualjournalism.de\/wp-content\/uploads\/Buch-image-con-text-350x280.jpg 350w, https:\/\/visualjournalism.de\/wp-content\/uploads\/Buch-image-con-text-300x240.jpg 300w, https:\/\/visualjournalism.de\/wp-content\/uploads\/Buch-image-con-text-768x614.jpg 768w, https:\/\/visualjournalism.de\/wp-content\/uploads\/Buch-image-con-text-670x536.jpg 670w, https:\/\/visualjournalism.de\/wp-content\/uploads\/Buch-image-con-text-420x336.jpg 420w, https:\/\/visualjournalism.de\/wp-content\/uploads\/Buch-image-con-text.jpg 1000w\" sizes=\"auto, (max-width: 350px) 100vw, 350px\" \/>\t\t<\/a>\r\n\t<\/figure><!-- .post__image -->\r\n\r\n<\/article>\r\n\r\n<article class=\"post-teaser post-42812 image-matters type-image-matters status-publish has-post-thumbnail hentry image-matters-kategorie-images-in-conflict\">\r\n\t<header class=\"entry-header\">\r\n\r\n\t\t<div class=\"entry-categories\">\n\t<a class=\"post__tag\" href=\"https:\/\/visualjournalism.de\/image-matters-kategorie\/images-in-conflict\/\" rel=\"category tag\">IMAGES IN CONFLICT<\/a><\/div>\r\n\t\t<a href=\"https:\/\/visualjournalism.de\/en\/image-matters\/images-in-conflict\/dont-start\/\" rel=\"bookmark\">\r\n\t\t\t<h2 class=\"entry-title\">Don\u2019t Start with the Good Old Things but the Bad New Ones.<\/h2>\r\n\t\t\t<p class=\"entry-excerpt\">Ann-Christin Bertrand\u00a0in conversation with\u00a0Adam Broomberg.<\/p>\r\n\t\t<\/a>\r\n\r\n\t<\/header><!-- .entry-header -->\r\n\r\n\t<figure class=\"post__image\">\r\n\t\t<a href=\"https:\/\/visualjournalism.de\/en\/image-matters\/images-in-conflict\/dont-start\/\" rel=\"bookmark\">\r\n\t\t\t<img loading=\"lazy\" decoding=\"async\" width=\"350\" height=\"197\" src=\"https:\/\/visualjournalism.de\/wp-content\/uploads\/im_iic_broomberg-350x197.jpg\" class=\"attachment-post-image--two-column--small size-post-image--two-column--small\" alt=\"\" srcset=\"https:\/\/visualjournalism.de\/wp-content\/uploads\/im_iic_broomberg-350x197.jpg 350w, https:\/\/visualjournalism.de\/wp-content\/uploads\/im_iic_broomberg-300x169.jpg 300w, https:\/\/visualjournalism.de\/wp-content\/uploads\/im_iic_broomberg-1024x577.jpg 1024w, https:\/\/visualjournalism.de\/wp-content\/uploads\/im_iic_broomberg-768x433.jpg 768w, https:\/\/visualjournalism.de\/wp-content\/uploads\/im_iic_broomberg-1400x789.jpg 1400w, https:\/\/visualjournalism.de\/wp-content\/uploads\/im_iic_broomberg-1050x592.jpg 1050w, https:\/\/visualjournalism.de\/wp-content\/uploads\/im_iic_broomberg-670x377.jpg 670w, https:\/\/visualjournalism.de\/wp-content\/uploads\/im_iic_broomberg-420x237.jpg 420w, https:\/\/visualjournalism.de\/wp-content\/uploads\/im_iic_broomberg-150x85.jpg 150w, https:\/\/visualjournalism.de\/wp-content\/uploads\/im_iic_broomberg.jpg 1500w\" sizes=\"auto, (max-width: 350px) 100vw, 350px\" \/>\t\t<\/a>\r\n\t<\/figure><!-- .post__image -->\r\n\r\n<\/article>\r\n\r\n<article class=\"post-teaser post-38627 image-matters type-image-matters status-publish has-post-thumbnail hentry image-matters-kategorie-images-in-conflict\">\r\n\t<header class=\"entry-header\">\r\n\r\n\t\t<div class=\"entry-categories\">\n\t<a class=\"post__tag\" href=\"https:\/\/visualjournalism.de\/image-matters-kategorie\/images-in-conflict\/\" rel=\"category tag\">IMAGES IN CONFLICT<\/a><\/div>\r\n\t\t<a href=\"https:\/\/visualjournalism.de\/en\/image-matters\/images-in-conflict\/flipvideo-bilder-im-konflikt\/\" rel=\"bookmark\">\r\n\t\t\t<h2 class=\"entry-title\">Flipvideo Bilder im Konflikt.<\/h2>\r\n\t\t\t<p class=\"entry-excerpt\">Aufw\u00e4ndig gestaltet mit zahlreichen farbigen Abbildungen bringt das Buch Bilder im Konflikt Praxis und Theorie in einen produktiven Austausch.<\/p>\r\n\t\t<\/a>\r\n\r\n\t<\/header><!-- .entry-header -->\r\n\r\n\t<figure class=\"post__image\">\r\n\t\t<a href=\"https:\/\/visualjournalism.de\/en\/image-matters\/images-in-conflict\/flipvideo-bilder-im-konflikt\/\" rel=\"bookmark\">\r\n\t\t\t<img loading=\"lazy\" decoding=\"async\" width=\"350\" height=\"374\" src=\"https:\/\/visualjournalism.de\/wp-content\/uploads\/images-in-conflict-350x374.jpeg\" class=\"attachment-post-image--two-column--small size-post-image--two-column--small\" alt=\"\" srcset=\"https:\/\/visualjournalism.de\/wp-content\/uploads\/images-in-conflict-350x374.jpeg 350w, https:\/\/visualjournalism.de\/wp-content\/uploads\/images-in-conflict-281x300.jpeg 281w, https:\/\/visualjournalism.de\/wp-content\/uploads\/images-in-conflict-768x821.jpeg 768w, https:\/\/visualjournalism.de\/wp-content\/uploads\/images-in-conflict-670x716.jpeg 670w, https:\/\/visualjournalism.de\/wp-content\/uploads\/images-in-conflict-420x449.jpeg 420w, https:\/\/visualjournalism.de\/wp-content\/uploads\/images-in-conflict-300x321.jpeg 300w, https:\/\/visualjournalism.de\/wp-content\/uploads\/images-in-conflict.jpeg 871w\" sizes=\"auto, (max-width: 350px) 100vw, 350px\" \/>\t\t<\/a>\r\n\t<\/figure><!-- .post__image -->\r\n\r\n<\/article>\r\n\n<\/div><!-- .2-columns-teaser-->\n\n    <\/div>\n","protected":false},"excerpt":{"rendered":"","protected":false},"author":6,"featured_media":35256,"parent":0,"menu_order":0,"comment_status":"closed","ping_status":"closed","template":"","meta":{"_acf_changed":false,"footnotes":""},"class_list":["post-35396","page","type-page","status-publish","has-post-thumbnail","hentry"],"acf":[],"yoast_head":"<!-- This site is optimized with the Yoast SEO Premium plugin v27.2 (Yoast SEO v27.2) - https:\/\/yoast.com\/product\/yoast-seo-premium-wordpress\/ -->\n<title>Max Pinckers &#8211; Visual Journalism and Documentary Photography<\/title>\n<meta name=\"robots\" content=\"index, follow, max-snippet:-1, max-image-preview:large, max-video-preview:-1\" \/>\n<link rel=\"canonical\" href=\"https:\/\/visualjournalism.de\/en\/max-pinckers\/\" \/>\n<meta property=\"og:locale\" content=\"en_US\" \/>\n<meta property=\"og:type\" content=\"article\" \/>\n<meta property=\"og:title\" content=\"Max Pinckers\" \/>\n<meta property=\"og:url\" content=\"https:\/\/visualjournalism.de\/en\/max-pinckers\/\" \/>\n<meta property=\"og:site_name\" content=\"Visual Journalism and Documentary Photography\" \/>\n<meta property=\"article:publisher\" content=\"https:\/\/www.facebook.com\/people\/wwwfotostudentende\/100065173703897\/\" \/>\n<meta property=\"article:modified_time\" content=\"2024-10-06T10:59:17+00:00\" \/>\n<meta property=\"og:image\" content=\"https:\/\/visualjournalism.de\/wp-content\/uploads\/max-pinckers-1zu1.jpg\" \/>\n\t<meta property=\"og:image:width\" content=\"500\" \/>\n\t<meta property=\"og:image:height\" content=\"500\" \/>\n\t<meta property=\"og:image:type\" content=\"image\/jpeg\" \/>\n<meta name=\"twitter:card\" content=\"summary_large_image\" \/>\n<meta name=\"twitter:site\" content=\"@HsHannover\" \/>\n<meta name=\"twitter:label1\" content=\"Est. reading time\" \/>\n\t<meta name=\"twitter:data1\" content=\"2 minutes\" \/>\n<script type=\"application\/ld+json\" class=\"yoast-schema-graph\">{\"@context\":\"https:\/\/schema.org\",\"@graph\":[{\"@type\":\"WebPage\",\"@id\":\"https:\/\/visualjournalism.de\/en\/max-pinckers\/\",\"url\":\"https:\/\/visualjournalism.de\/en\/max-pinckers\/\",\"name\":\"Max Pinckers &#8211; Visual Journalism and Documentary Photography\",\"isPartOf\":{\"@id\":\"https:\/\/visualjournalism.de\/en\/#website\"},\"primaryImageOfPage\":{\"@id\":\"https:\/\/visualjournalism.de\/en\/max-pinckers\/#primaryimage\"},\"image\":{\"@id\":\"https:\/\/visualjournalism.de\/en\/max-pinckers\/#primaryimage\"},\"thumbnailUrl\":\"https:\/\/visualjournalism.de\/wp-content\/uploads\/max-pinckers-1zu1.jpg\",\"datePublished\":\"2024-01-12T11:49:21+00:00\",\"dateModified\":\"2024-10-06T10:59:17+00:00\",\"breadcrumb\":{\"@id\":\"https:\/\/visualjournalism.de\/en\/max-pinckers\/#breadcrumb\"},\"inLanguage\":\"en-US\",\"potentialAction\":[{\"@type\":\"ReadAction\",\"target\":[\"https:\/\/visualjournalism.de\/en\/max-pinckers\/\"]}]},{\"@type\":\"ImageObject\",\"inLanguage\":\"en-US\",\"@id\":\"https:\/\/visualjournalism.de\/en\/max-pinckers\/#primaryimage\",\"url\":\"https:\/\/visualjournalism.de\/wp-content\/uploads\/max-pinckers-1zu1.jpg\",\"contentUrl\":\"https:\/\/visualjournalism.de\/wp-content\/uploads\/max-pinckers-1zu1.jpg\",\"width\":500,\"height\":500},{\"@type\":\"BreadcrumbList\",\"@id\":\"https:\/\/visualjournalism.de\/en\/max-pinckers\/#breadcrumb\",\"itemListElement\":[{\"@type\":\"ListItem\",\"position\":1,\"name\":\"Home\",\"item\":\"https:\/\/visualjournalism.de\/en\/\"},{\"@type\":\"ListItem\",\"position\":2,\"name\":\"Max Pinckers\"}]},{\"@type\":\"WebSite\",\"@id\":\"https:\/\/visualjournalism.de\/en\/#website\",\"url\":\"https:\/\/visualjournalism.de\/en\/\",\"name\":\"Visual Journalism and Documentary Photography\",\"description\":\"All about the bilingual bachelor&#039;s program at Hannover University of Applied Sciences and Arts.\",\"publisher\":{\"@id\":\"https:\/\/visualjournalism.de\/en\/#organization\"},\"alternateName\":\"visualjournalism.de\",\"potentialAction\":[{\"@type\":\"SearchAction\",\"target\":{\"@type\":\"EntryPoint\",\"urlTemplate\":\"https:\/\/visualjournalism.de\/en\/?s={search_term_string}\"},\"query-input\":{\"@type\":\"PropertyValueSpecification\",\"valueRequired\":true,\"valueName\":\"search_term_string\"}}],\"inLanguage\":\"en-US\"},{\"@type\":\"Organization\",\"@id\":\"https:\/\/visualjournalism.de\/en\/#organization\",\"name\":\"Hochschule Hannover \u2013 University of Applied Sciences and Arts\",\"alternateName\":\"HsH\",\"url\":\"https:\/\/visualjournalism.de\/en\/\",\"logo\":{\"@type\":\"ImageObject\",\"inLanguage\":\"en-US\",\"@id\":\"https:\/\/visualjournalism.de\/en\/#\/schema\/logo\/image\/\",\"url\":\"https:\/\/visualjournalism.de\/wp-content\/uploads\/logo-hochschule-hannover.png\",\"contentUrl\":\"https:\/\/visualjournalism.de\/wp-content\/uploads\/logo-hochschule-hannover.png\",\"width\":363,\"height\":270,\"caption\":\"Hochschule Hannover \u2013 University of Applied Sciences and Arts\"},\"image\":{\"@id\":\"https:\/\/visualjournalism.de\/en\/#\/schema\/logo\/image\/\"},\"sameAs\":[\"https:\/\/www.facebook.com\/people\/wwwfotostudentende\/100065173703897\/\",\"https:\/\/x.com\/HsHannover\",\"https:\/\/www.instagram.com\/visualjournalism.de\/\"]}]}<\/script>\n<!-- \/ Yoast SEO Premium plugin. -->","yoast_head_json":{"title":"Max Pinckers &#8211; Visual Journalism and Documentary Photography","robots":{"index":"index","follow":"follow","max-snippet":"max-snippet:-1","max-image-preview":"max-image-preview:large","max-video-preview":"max-video-preview:-1"},"canonical":"https:\/\/visualjournalism.de\/en\/max-pinckers\/","og_locale":"en_US","og_type":"article","og_title":"Max Pinckers","og_url":"https:\/\/visualjournalism.de\/en\/max-pinckers\/","og_site_name":"Visual Journalism and Documentary Photography","article_publisher":"https:\/\/www.facebook.com\/people\/wwwfotostudentende\/100065173703897\/","article_modified_time":"2024-10-06T10:59:17+00:00","og_image":[{"width":500,"height":500,"url":"https:\/\/visualjournalism.de\/wp-content\/uploads\/max-pinckers-1zu1.jpg","type":"image\/jpeg"}],"twitter_card":"summary_large_image","twitter_site":"@HsHannover","twitter_misc":{"Est. reading time":"2 minutes"},"schema":{"@context":"https:\/\/schema.org","@graph":[{"@type":"WebPage","@id":"https:\/\/visualjournalism.de\/en\/max-pinckers\/","url":"https:\/\/visualjournalism.de\/en\/max-pinckers\/","name":"Max Pinckers &#8211; Visual Journalism and Documentary Photography","isPartOf":{"@id":"https:\/\/visualjournalism.de\/en\/#website"},"primaryImageOfPage":{"@id":"https:\/\/visualjournalism.de\/en\/max-pinckers\/#primaryimage"},"image":{"@id":"https:\/\/visualjournalism.de\/en\/max-pinckers\/#primaryimage"},"thumbnailUrl":"https:\/\/visualjournalism.de\/wp-content\/uploads\/max-pinckers-1zu1.jpg","datePublished":"2024-01-12T11:49:21+00:00","dateModified":"2024-10-06T10:59:17+00:00","breadcrumb":{"@id":"https:\/\/visualjournalism.de\/en\/max-pinckers\/#breadcrumb"},"inLanguage":"en-US","potentialAction":[{"@type":"ReadAction","target":["https:\/\/visualjournalism.de\/en\/max-pinckers\/"]}]},{"@type":"ImageObject","inLanguage":"en-US","@id":"https:\/\/visualjournalism.de\/en\/max-pinckers\/#primaryimage","url":"https:\/\/visualjournalism.de\/wp-content\/uploads\/max-pinckers-1zu1.jpg","contentUrl":"https:\/\/visualjournalism.de\/wp-content\/uploads\/max-pinckers-1zu1.jpg","width":500,"height":500},{"@type":"BreadcrumbList","@id":"https:\/\/visualjournalism.de\/en\/max-pinckers\/#breadcrumb","itemListElement":[{"@type":"ListItem","position":1,"name":"Home","item":"https:\/\/visualjournalism.de\/en\/"},{"@type":"ListItem","position":2,"name":"Max Pinckers"}]},{"@type":"WebSite","@id":"https:\/\/visualjournalism.de\/en\/#website","url":"https:\/\/visualjournalism.de\/en\/","name":"Visual Journalism and Documentary Photography","description":"All about the bilingual bachelor&#039;s program at Hannover University of Applied Sciences and Arts.","publisher":{"@id":"https:\/\/visualjournalism.de\/en\/#organization"},"alternateName":"visualjournalism.de","potentialAction":[{"@type":"SearchAction","target":{"@type":"EntryPoint","urlTemplate":"https:\/\/visualjournalism.de\/en\/?s={search_term_string}"},"query-input":{"@type":"PropertyValueSpecification","valueRequired":true,"valueName":"search_term_string"}}],"inLanguage":"en-US"},{"@type":"Organization","@id":"https:\/\/visualjournalism.de\/en\/#organization","name":"Hochschule Hannover \u2013 University of Applied Sciences and Arts","alternateName":"HsH","url":"https:\/\/visualjournalism.de\/en\/","logo":{"@type":"ImageObject","inLanguage":"en-US","@id":"https:\/\/visualjournalism.de\/en\/#\/schema\/logo\/image\/","url":"https:\/\/visualjournalism.de\/wp-content\/uploads\/logo-hochschule-hannover.png","contentUrl":"https:\/\/visualjournalism.de\/wp-content\/uploads\/logo-hochschule-hannover.png","width":363,"height":270,"caption":"Hochschule Hannover \u2013 University of Applied Sciences and Arts"},"image":{"@id":"https:\/\/visualjournalism.de\/en\/#\/schema\/logo\/image\/"},"sameAs":["https:\/\/www.facebook.com\/people\/wwwfotostudentende\/100065173703897\/","https:\/\/x.com\/HsHannover","https:\/\/www.instagram.com\/visualjournalism.de\/"]}]}},"_links":{"self":[{"href":"https:\/\/visualjournalism.de\/en\/wp-json\/wp\/v2\/pages\/35396","targetHints":{"allow":["GET"]}}],"collection":[{"href":"https:\/\/visualjournalism.de\/en\/wp-json\/wp\/v2\/pages"}],"about":[{"href":"https:\/\/visualjournalism.de\/en\/wp-json\/wp\/v2\/types\/page"}],"author":[{"embeddable":true,"href":"https:\/\/visualjournalism.de\/en\/wp-json\/wp\/v2\/users\/6"}],"replies":[{"embeddable":true,"href":"https:\/\/visualjournalism.de\/en\/wp-json\/wp\/v2\/comments?post=35396"}],"version-history":[{"count":0,"href":"https:\/\/visualjournalism.de\/en\/wp-json\/wp\/v2\/pages\/35396\/revisions"}],"wp:featuredmedia":[{"embeddable":true,"href":"https:\/\/visualjournalism.de\/en\/wp-json\/wp\/v2\/media\/35256"}],"wp:attachment":[{"href":"https:\/\/visualjournalism.de\/en\/wp-json\/wp\/v2\/media?parent=35396"}],"curies":[{"name":"wp","href":"https:\/\/api.w.org\/{rel}","templated":true}]}}