{"id":35432,"date":"2024-01-12T12:02:10","date_gmt":"2024-01-12T12:02:10","guid":{"rendered":"https:\/\/visualjournalism.de\/?page_id=35432"},"modified":"2024-10-06T11:14:53","modified_gmt":"2024-10-06T11:14:53","slug":"prof-eva-leitolf","status":"publish","type":"page","link":"https:\/\/visualjournalism.de\/en\/prof-eva-leitolf\/","title":{"rendered":"Prof. Eva Leitolf"},"content":{"rendered":"\n \n\n    <div id=\"lead-in-block_823dac1a7c0536c848a3e146a363ba25\" class=\"block-lead-in typo--default font-size--xl has-spacing--s width--full\">\n        <h1>Prof. Eva Leitolf<\/h1>\n    <\/div>\n\n\n\n\n<div class=\"pinned-block has-spacing--m\">\n\t\n\n<div class=\"pinned-block__column--left\">\n    \n    <figure class=\"block-photo post__image--full has-spacing--m with-title\">\n\n        <div class=\"post__image__container\">\n            <img loading=\"lazy\" decoding=\"async\" \n                src=\"https:\/\/visualjournalism.de\/wp-content\/uploads\/Eva-Leitolf.jpg\"\n                srcset=\"https:\/\/visualjournalism.de\/wp-content\/uploads\/Eva-Leitolf.jpg 1203w, https:\/\/visualjournalism.de\/wp-content\/uploads\/Eva-Leitolf-226x300.jpg 226w, https:\/\/visualjournalism.de\/wp-content\/uploads\/Eva-Leitolf-770x1024.jpg 770w, https:\/\/visualjournalism.de\/wp-content\/uploads\/Eva-Leitolf-768x1021.jpg 768w, https:\/\/visualjournalism.de\/wp-content\/uploads\/Eva-Leitolf-1155x1536.jpg 1155w, https:\/\/visualjournalism.de\/wp-content\/uploads\/Eva-Leitolf-1050x1397.jpg 1050w, https:\/\/visualjournalism.de\/wp-content\/uploads\/Eva-Leitolf-670x891.jpg 670w, https:\/\/visualjournalism.de\/wp-content\/uploads\/Eva-Leitolf-420x559.jpg 420w, https:\/\/visualjournalism.de\/wp-content\/uploads\/Eva-Leitolf-350x466.jpg 350w, https:\/\/visualjournalism.de\/wp-content\/uploads\/Eva-Leitolf-300x399.jpg 300w, https:\/\/visualjournalism.de\/wp-content\/uploads\/Eva-Leitolf-150x200.jpg 150w\"\n                width=\"1203\" \n                height=\"1600\"\n                alt=\"\" \n            \/>\n            \n                            <span class=\"post__image__title\">Foto: Marek Kruszewski<\/span>\n                    <\/div><!-- post__image__container -->\n\n        \n    <\/figure><!-- post__image -->\n\n\n\n<\/div>\n\n\n<div class=\"pinned-block__column--right\">\n    \n\n<p class=\"post__paragraph is-style-typo--soehne has-spacing--default\">Die kritische Auseinandersetzung mit Praktiken der Bildproduktion und Kontextualisierung liegt <strong>Eva Leitolfs<\/strong> Arbeiten zugrunde, in denen sie umstrittene gesellschaftliche Ph\u00e4nomene wie Kolonialismus, Rassismus und Migration auslotet.<br>Ihre Werke wurden in internationalen Institutionen gezeigt, darunter der Pinakothek der Moderne in M\u00fcnchen, dem Kunstverein in Frankfurt, dem Sprengel Museum in Hannover, dem Rijksmuseum in Amsterdam, dem Kunst Haus in Wien und der Wallach Art Gallery in New York. Zu ihren Ver\u00f6ffentlichungen geh\u00f6ren&nbsp;<em>Postcards from Europe 03\/13<\/em>&nbsp;(2013),&nbsp;<em>Deutsche Bilder \u0336 eine Spurensuche<\/em>&nbsp;(2008) und&nbsp;<em>Rostock Ritz<\/em>&nbsp;(2004).<br>Seit 2019 ist Eva Leitolf Professorin an der Freien Universit\u00e4t Bozen-Bolzano.<\/p>\n\n\n\n<p class=\"post__paragraph is-style-typo--soehne has-spacing--default\"><strong>Info<\/strong><br>K\u00fcnstlerin und Professorin f\u00fcr Fotografie<\/p>\n\n\n\n<p class=\"post__paragraph is-style-typo--soehne has-spacing--default\"><a href=\"https:\/\/visualjournalism.de\/imagematters\/\"><strong>[IMAGE MATTERS]<br><\/strong><\/a>Vortragende<\/p>\n\n\n<\/div>\n<\/div>\n\n\n<div id=\"abstract\" class=\"wp-block-group has-color-5-background-color has-background has-spacing--default\">\n<div class=\"pinned-block has-spacing--m\">\n\t\n\n<div class=\"pinned-block__column--left\">\n    \n\n \n\n    <div id=\"lead-in-block_80e45a13b966f92f692ce3720383ddc5\" class=\"block-lead-in typo--default font-size--default has-spacing--s width--default\">\n        <h1>ABSTRACT<\/h1>\n    <\/div>\n\n\n\n\n<p class=\"post__paragraph is-style-typo--soehne has-spacing--default\"><strong>Aus dem Symposium<\/strong>, Vortrag<br><a href=\"http:\/\/visualjournalism.de\/image-matters\/image-con-text\/image-con-text\/\">image\/con\/text<\/a><\/p>\n\n\n    <figure class=\"block-photo post__image--full has-spacing--m with-title\">\n\n        <div class=\"post__image__container\">\n            <img loading=\"lazy\" decoding=\"async\" \n                src=\"https:\/\/visualjournalism.de\/wp-content\/uploads\/bt_leitolf_pressebild_leitolf-pfe0482-it-270110-plantage-i-2010-1.jpg\"\n                srcset=\"https:\/\/visualjournalism.de\/wp-content\/uploads\/bt_leitolf_pressebild_leitolf-pfe0482-it-270110-plantage-i-2010-1.jpg 1254w, https:\/\/visualjournalism.de\/wp-content\/uploads\/bt_leitolf_pressebild_leitolf-pfe0482-it-270110-plantage-i-2010-1-235x300.jpg 235w, https:\/\/visualjournalism.de\/wp-content\/uploads\/bt_leitolf_pressebild_leitolf-pfe0482-it-270110-plantage-i-2010-1-803x1024.jpg 803w, https:\/\/visualjournalism.de\/wp-content\/uploads\/bt_leitolf_pressebild_leitolf-pfe0482-it-270110-plantage-i-2010-1-768x980.jpg 768w, https:\/\/visualjournalism.de\/wp-content\/uploads\/bt_leitolf_pressebild_leitolf-pfe0482-it-270110-plantage-i-2010-1-1204x1536.jpg 1204w, https:\/\/visualjournalism.de\/wp-content\/uploads\/bt_leitolf_pressebild_leitolf-pfe0482-it-270110-plantage-i-2010-1-1050x1340.jpg 1050w, https:\/\/visualjournalism.de\/wp-content\/uploads\/bt_leitolf_pressebild_leitolf-pfe0482-it-270110-plantage-i-2010-1-670x855.jpg 670w, https:\/\/visualjournalism.de\/wp-content\/uploads\/bt_leitolf_pressebild_leitolf-pfe0482-it-270110-plantage-i-2010-1-420x536.jpg 420w, https:\/\/visualjournalism.de\/wp-content\/uploads\/bt_leitolf_pressebild_leitolf-pfe0482-it-270110-plantage-i-2010-1-350x447.jpg 350w, https:\/\/visualjournalism.de\/wp-content\/uploads\/bt_leitolf_pressebild_leitolf-pfe0482-it-270110-plantage-i-2010-1-300x383.jpg 300w, https:\/\/visualjournalism.de\/wp-content\/uploads\/bt_leitolf_pressebild_leitolf-pfe0482-it-270110-plantage-i-2010-1-150x191.jpg 150w\"\n                width=\"1254\" \n                height=\"1600\"\n                alt=\"\" \n            \/>\n            \n                            <span class=\"post__image__title\">Eva Leitolf, Plantage, Rosarno, Italien, 2010, aus der Arbeit\nPostcards from Europe, seit 2006.<\/span>\n                    <\/div><!-- post__image__container -->\n\n        \n    <\/figure><!-- post__image -->\n\n\n\n<\/div>\n\n\n<div class=\"pinned-block__column--right\">\n    \n\n    <div class=\"headline-block has-spacing--s\">\n\n        <h2 class=\"post__headline\">Counter Narratives: Bild und Text in\u00a0Deutsche Bilder \u2013 eine Spurensuche\u00a0und\u00a0Postcards from Europe.<\/h2>\n\n        \n    <\/div>\n\n    \n\n\n\n\n<p class=\"post__paragraph is-style-typo--soehne has-spacing--m\">Eva Leitolf besch\u00e4ftigt sich in&nbsp;<em><strong>Deutsche Bilder \u2013 eine Spurensuche<\/strong><\/em><strong> <\/strong>mit rassistischen und fremdenfeindlichen Straftaten in Deutschland und hinterfragt dabei den gesellschaftlichen Umgang mit Gewalt. In&nbsp;<em>Postcards from Europe<\/em>&nbsp;untersucht die K\u00fcnstlerin, wie die Europ\u00e4ische Union mit ihren Au\u00dfengrenzen und damit verbundenen internen Konflikten umgeht. Ihre Arbeiten f\u00fchren Bilder von Orten mit sorgf\u00e4ltig recherchierten Texten \u00fcber vergangene Ereignisse an diesen Schaupl\u00e4tzen zusammen. Das Wechselspiel von Bild und Text untersucht neben den Ph\u00e4nomenen Fremdenfeindlichkeit und Migration auch Aspekte der Wahrnehmung, Prozesse der Bedeutungsbildung sowie Grenzen und M\u00f6glichkeiten von Repr\u00e4sentation.<\/p>\n\n\n\n    <div class=\"btn-wrapper has-spacing--m\">\n        <a class=\"btn\" href=\"https:\/\/visualjournalism.de\/imagematters\/\" target=\"_self\">[IMAGE MATTERS] Home<\/a>\n    <\/div>\n\n\n<\/div>\n<\/div>\n\n\n<div class=\"devider has-spacing--none\">\n    <hr>\n<\/div>\n\n\n    <nav id=\"section-navigation-block_851003cfc3c328589d616489872fbd89\" class=\"section-navigation has-spacing--s\">\n        <ul>\n\n                \n                    <li>Weitere Beitr\u00e4ge zu diesem Thema:<\/li>\n                \n            \n            \n                        \n                        \n\n            \n\n        <\/ul>\n        \n    <\/nav>\n\n\n\n<div class=\"four-columns-teaser has-spacing--m\">\n\n    \r\n<article class=\"post-teaser post-42819 image-matters type-image-matters status-publish has-post-thumbnail hentry image-matters-kategorie-image-con-text\">\r\n\t<header class=\"entry-header\">\r\n\r\n\t\t<div class=\"entry-categories\">\n\t<a class=\"post__tag\" href=\"https:\/\/visualjournalism.de\/image-matters-kategorie\/image-con-text\/\" rel=\"category tag\">image\/con\/text<\/a><\/div>\r\n\t\t<a href=\"https:\/\/visualjournalism.de\/en\/image-matters\/image-con-text\/bending-the-screen\/\" rel=\"bookmark\">\r\n\t\t\t<h2 class=\"entry-title\">Bending the Screen.<\/h2>\r\n\t\t\t<p class=\"entry-excerpt\">Edmund Clark in Conversation with Sophia Greiff<\/p>\r\n\t\t<\/a>\r\n\r\n\t<\/header><!-- .entry-header -->\r\n\r\n\t<figure class=\"post__image\">\r\n\t\t<a href=\"https:\/\/visualjournalism.de\/en\/image-matters\/image-con-text\/bending-the-screen\/\" rel=\"bookmark\">\r\n\t\t\t<img loading=\"lazy\" decoding=\"async\" width=\"350\" height=\"260\" src=\"https:\/\/visualjournalism.de\/wp-content\/uploads\/01_t05_greiff_interview_clark_bz01a_guantanamo_plate01-1-350x260.jpg\" class=\"attachment-post-image--two-column--small size-post-image--two-column--small\" alt=\"\" srcset=\"https:\/\/visualjournalism.de\/wp-content\/uploads\/01_t05_greiff_interview_clark_bz01a_guantanamo_plate01-1-350x260.jpg 350w, https:\/\/visualjournalism.de\/wp-content\/uploads\/01_t05_greiff_interview_clark_bz01a_guantanamo_plate01-1-300x223.jpg 300w, https:\/\/visualjournalism.de\/wp-content\/uploads\/01_t05_greiff_interview_clark_bz01a_guantanamo_plate01-1-1024x761.jpg 1024w, https:\/\/visualjournalism.de\/wp-content\/uploads\/01_t05_greiff_interview_clark_bz01a_guantanamo_plate01-1-768x571.jpg 768w, https:\/\/visualjournalism.de\/wp-content\/uploads\/01_t05_greiff_interview_clark_bz01a_guantanamo_plate01-1-1536x1141.jpg 1536w, https:\/\/visualjournalism.de\/wp-content\/uploads\/01_t05_greiff_interview_clark_bz01a_guantanamo_plate01-1-1400x1040.jpg 1400w, https:\/\/visualjournalism.de\/wp-content\/uploads\/01_t05_greiff_interview_clark_bz01a_guantanamo_plate01-1-1050x780.jpg 1050w, https:\/\/visualjournalism.de\/wp-content\/uploads\/01_t05_greiff_interview_clark_bz01a_guantanamo_plate01-1-670x498.jpg 670w, https:\/\/visualjournalism.de\/wp-content\/uploads\/01_t05_greiff_interview_clark_bz01a_guantanamo_plate01-1-420x312.jpg 420w, https:\/\/visualjournalism.de\/wp-content\/uploads\/01_t05_greiff_interview_clark_bz01a_guantanamo_plate01-1-150x111.jpg 150w, https:\/\/visualjournalism.de\/wp-content\/uploads\/01_t05_greiff_interview_clark_bz01a_guantanamo_plate01-1.jpg 1600w\" sizes=\"auto, (max-width: 350px) 100vw, 350px\" \/>\t\t<\/a>\r\n\t<\/figure><!-- .post__image -->\r\n\r\n<\/article>\r\n\r\n<article class=\"post-teaser post-35563 image-matters type-image-matters status-publish has-post-thumbnail hentry image-matters-kategorie-image-con-text\">\r\n\t<header class=\"entry-header\">\r\n\r\n\t\t<div class=\"entry-categories\">\n\t<a class=\"post__tag\" href=\"https:\/\/visualjournalism.de\/image-matters-kategorie\/image-con-text\/\" rel=\"category tag\">image\/con\/text<\/a><\/div>\r\n\t\t<a href=\"https:\/\/visualjournalism.de\/en\/image-matters\/image-con-text\/complementary-testimonies\/\" rel=\"bookmark\">\r\n\t\t\t<h2 class=\"entry-title\">Komplement\u00e4re Zeugnisse.<\/h2>\r\n\t\t\t<p class=\"entry-excerpt\">Dokumentarischer Diskurs zwischen Journalismus, Kunst und Aktivismus<\/p>\r\n\t\t<\/a>\r\n\r\n\t<\/header><!-- .entry-header -->\r\n\r\n\t<figure class=\"post__image\">\r\n\t\t<a href=\"https:\/\/visualjournalism.de\/en\/image-matters\/image-con-text\/complementary-testimonies\/\" rel=\"bookmark\">\r\n\t\t\t<img loading=\"lazy\" decoding=\"async\" width=\"350\" height=\"280\" src=\"https:\/\/visualjournalism.de\/wp-content\/uploads\/Buch-image-con-text-350x280.jpg\" class=\"attachment-post-image--two-column--small size-post-image--two-column--small\" alt=\"\" srcset=\"https:\/\/visualjournalism.de\/wp-content\/uploads\/Buch-image-con-text-350x280.jpg 350w, https:\/\/visualjournalism.de\/wp-content\/uploads\/Buch-image-con-text-300x240.jpg 300w, https:\/\/visualjournalism.de\/wp-content\/uploads\/Buch-image-con-text-768x614.jpg 768w, https:\/\/visualjournalism.de\/wp-content\/uploads\/Buch-image-con-text-670x536.jpg 670w, https:\/\/visualjournalism.de\/wp-content\/uploads\/Buch-image-con-text-420x336.jpg 420w, https:\/\/visualjournalism.de\/wp-content\/uploads\/Buch-image-con-text.jpg 1000w\" sizes=\"auto, (max-width: 350px) 100vw, 350px\" \/>\t\t<\/a>\r\n\t<\/figure><!-- .post__image -->\r\n\r\n<\/article>\r\n\r\n<article class=\"post-teaser post-42812 image-matters type-image-matters status-publish has-post-thumbnail hentry image-matters-kategorie-images-in-conflict\">\r\n\t<header class=\"entry-header\">\r\n\r\n\t\t<div class=\"entry-categories\">\n\t<a class=\"post__tag\" href=\"https:\/\/visualjournalism.de\/image-matters-kategorie\/images-in-conflict\/\" rel=\"category tag\">IMAGES IN CONFLICT<\/a><\/div>\r\n\t\t<a href=\"https:\/\/visualjournalism.de\/en\/image-matters\/images-in-conflict\/dont-start\/\" rel=\"bookmark\">\r\n\t\t\t<h2 class=\"entry-title\">Don\u2019t Start with the Good Old Things but the Bad New Ones.<\/h2>\r\n\t\t\t<p class=\"entry-excerpt\">Ann-Christin Bertrand\u00a0in conversation with\u00a0Adam Broomberg.<\/p>\r\n\t\t<\/a>\r\n\r\n\t<\/header><!-- .entry-header -->\r\n\r\n\t<figure class=\"post__image\">\r\n\t\t<a href=\"https:\/\/visualjournalism.de\/en\/image-matters\/images-in-conflict\/dont-start\/\" rel=\"bookmark\">\r\n\t\t\t<img loading=\"lazy\" decoding=\"async\" width=\"350\" height=\"197\" src=\"https:\/\/visualjournalism.de\/wp-content\/uploads\/im_iic_broomberg-350x197.jpg\" class=\"attachment-post-image--two-column--small size-post-image--two-column--small\" alt=\"\" srcset=\"https:\/\/visualjournalism.de\/wp-content\/uploads\/im_iic_broomberg-350x197.jpg 350w, https:\/\/visualjournalism.de\/wp-content\/uploads\/im_iic_broomberg-300x169.jpg 300w, https:\/\/visualjournalism.de\/wp-content\/uploads\/im_iic_broomberg-1024x577.jpg 1024w, https:\/\/visualjournalism.de\/wp-content\/uploads\/im_iic_broomberg-768x433.jpg 768w, https:\/\/visualjournalism.de\/wp-content\/uploads\/im_iic_broomberg-1400x789.jpg 1400w, https:\/\/visualjournalism.de\/wp-content\/uploads\/im_iic_broomberg-1050x592.jpg 1050w, https:\/\/visualjournalism.de\/wp-content\/uploads\/im_iic_broomberg-670x377.jpg 670w, https:\/\/visualjournalism.de\/wp-content\/uploads\/im_iic_broomberg-420x237.jpg 420w, https:\/\/visualjournalism.de\/wp-content\/uploads\/im_iic_broomberg-150x85.jpg 150w, https:\/\/visualjournalism.de\/wp-content\/uploads\/im_iic_broomberg.jpg 1500w\" sizes=\"auto, (max-width: 350px) 100vw, 350px\" \/>\t\t<\/a>\r\n\t<\/figure><!-- .post__image -->\r\n\r\n<\/article>\r\n\r\n<article class=\"post-teaser post-38627 image-matters type-image-matters status-publish has-post-thumbnail hentry image-matters-kategorie-images-in-conflict\">\r\n\t<header class=\"entry-header\">\r\n\r\n\t\t<div class=\"entry-categories\">\n\t<a class=\"post__tag\" href=\"https:\/\/visualjournalism.de\/image-matters-kategorie\/images-in-conflict\/\" rel=\"category tag\">IMAGES IN CONFLICT<\/a><\/div>\r\n\t\t<a href=\"https:\/\/visualjournalism.de\/en\/image-matters\/images-in-conflict\/flipvideo-bilder-im-konflikt\/\" rel=\"bookmark\">\r\n\t\t\t<h2 class=\"entry-title\">Flipvideo Bilder im Konflikt.<\/h2>\r\n\t\t\t<p class=\"entry-excerpt\">Aufw\u00e4ndig gestaltet mit zahlreichen farbigen Abbildungen bringt das Buch Bilder im Konflikt Praxis und Theorie in einen produktiven Austausch.<\/p>\r\n\t\t<\/a>\r\n\r\n\t<\/header><!-- .entry-header -->\r\n\r\n\t<figure class=\"post__image\">\r\n\t\t<a href=\"https:\/\/visualjournalism.de\/en\/image-matters\/images-in-conflict\/flipvideo-bilder-im-konflikt\/\" rel=\"bookmark\">\r\n\t\t\t<img loading=\"lazy\" decoding=\"async\" width=\"350\" height=\"374\" src=\"https:\/\/visualjournalism.de\/wp-content\/uploads\/images-in-conflict-350x374.jpeg\" class=\"attachment-post-image--two-column--small size-post-image--two-column--small\" alt=\"\" srcset=\"https:\/\/visualjournalism.de\/wp-content\/uploads\/images-in-conflict-350x374.jpeg 350w, https:\/\/visualjournalism.de\/wp-content\/uploads\/images-in-conflict-281x300.jpeg 281w, https:\/\/visualjournalism.de\/wp-content\/uploads\/images-in-conflict-768x821.jpeg 768w, https:\/\/visualjournalism.de\/wp-content\/uploads\/images-in-conflict-670x716.jpeg 670w, https:\/\/visualjournalism.de\/wp-content\/uploads\/images-in-conflict-420x449.jpeg 420w, https:\/\/visualjournalism.de\/wp-content\/uploads\/images-in-conflict-300x321.jpeg 300w, https:\/\/visualjournalism.de\/wp-content\/uploads\/images-in-conflict.jpeg 871w\" sizes=\"auto, (max-width: 350px) 100vw, 350px\" \/>\t\t<\/a>\r\n\t<\/figure><!-- .post__image -->\r\n\r\n<\/article>\r\n\n<\/div><!-- .2-columns-teaser-->\n\n    <\/div>\n","protected":false},"excerpt":{"rendered":"","protected":false},"author":6,"featured_media":35210,"parent":0,"menu_order":0,"comment_status":"closed","ping_status":"closed","template":"","meta":{"_acf_changed":false,"footnotes":""},"class_list":["post-35432","page","type-page","status-publish","has-post-thumbnail","hentry"],"acf":[],"yoast_head":"<!-- This site is optimized with the Yoast SEO Premium plugin v27.3 (Yoast SEO v27.3) - https:\/\/yoast.com\/product\/yoast-seo-premium-wordpress\/ -->\n<title>Prof. Eva Leitolf &#8211; Visual Journalism and Documentary Photography<\/title>\n<meta name=\"robots\" content=\"index, follow, max-snippet:-1, max-image-preview:large, max-video-preview:-1\" \/>\n<link rel=\"canonical\" href=\"https:\/\/visualjournalism.de\/en\/prof-eva-leitolf\/\" \/>\n<meta property=\"og:locale\" content=\"en_US\" \/>\n<meta property=\"og:type\" content=\"article\" \/>\n<meta property=\"og:title\" content=\"Prof. Eva Leitolf\" \/>\n<meta property=\"og:url\" content=\"https:\/\/visualjournalism.de\/en\/prof-eva-leitolf\/\" \/>\n<meta property=\"og:site_name\" content=\"Visual Journalism and Documentary Photography\" \/>\n<meta property=\"article:publisher\" content=\"https:\/\/www.facebook.com\/people\/wwwfotostudentende\/100065173703897\/\" \/>\n<meta property=\"article:modified_time\" content=\"2024-10-06T11:14:53+00:00\" \/>\n<meta property=\"og:image\" content=\"https:\/\/visualjournalism.de\/wp-content\/uploads\/Eva-Leitolf.jpg\" \/>\n\t<meta property=\"og:image:width\" content=\"1203\" \/>\n\t<meta property=\"og:image:height\" content=\"1600\" \/>\n\t<meta property=\"og:image:type\" content=\"image\/jpeg\" \/>\n<meta name=\"twitter:card\" content=\"summary_large_image\" \/>\n<meta name=\"twitter:site\" content=\"@HsHannover\" \/>\n<meta name=\"twitter:label1\" content=\"Est. reading time\" \/>\n\t<meta name=\"twitter:data1\" content=\"2 minutes\" \/>\n<script type=\"application\/ld+json\" class=\"yoast-schema-graph\">{\"@context\":\"https:\\\/\\\/schema.org\",\"@graph\":[{\"@type\":\"WebPage\",\"@id\":\"https:\\\/\\\/visualjournalism.de\\\/en\\\/prof-eva-leitolf\\\/\",\"url\":\"https:\\\/\\\/visualjournalism.de\\\/en\\\/prof-eva-leitolf\\\/\",\"name\":\"Prof. Eva Leitolf &#8211; Visual Journalism and Documentary Photography\",\"isPartOf\":{\"@id\":\"https:\\\/\\\/visualjournalism.de\\\/en\\\/#website\"},\"primaryImageOfPage\":{\"@id\":\"https:\\\/\\\/visualjournalism.de\\\/en\\\/prof-eva-leitolf\\\/#primaryimage\"},\"image\":{\"@id\":\"https:\\\/\\\/visualjournalism.de\\\/en\\\/prof-eva-leitolf\\\/#primaryimage\"},\"thumbnailUrl\":\"https:\\\/\\\/visualjournalism.de\\\/wp-content\\\/uploads\\\/Eva-Leitolf.jpg\",\"datePublished\":\"2024-01-12T12:02:10+00:00\",\"dateModified\":\"2024-10-06T11:14:53+00:00\",\"breadcrumb\":{\"@id\":\"https:\\\/\\\/visualjournalism.de\\\/en\\\/prof-eva-leitolf\\\/#breadcrumb\"},\"inLanguage\":\"en-US\",\"potentialAction\":[{\"@type\":\"ReadAction\",\"target\":[\"https:\\\/\\\/visualjournalism.de\\\/en\\\/prof-eva-leitolf\\\/\"]}]},{\"@type\":\"ImageObject\",\"inLanguage\":\"en-US\",\"@id\":\"https:\\\/\\\/visualjournalism.de\\\/en\\\/prof-eva-leitolf\\\/#primaryimage\",\"url\":\"https:\\\/\\\/visualjournalism.de\\\/wp-content\\\/uploads\\\/Eva-Leitolf.jpg\",\"contentUrl\":\"https:\\\/\\\/visualjournalism.de\\\/wp-content\\\/uploads\\\/Eva-Leitolf.jpg\",\"width\":1203,\"height\":1600,\"caption\":\"Foto: Marek Kruszewski\"},{\"@type\":\"BreadcrumbList\",\"@id\":\"https:\\\/\\\/visualjournalism.de\\\/en\\\/prof-eva-leitolf\\\/#breadcrumb\",\"itemListElement\":[{\"@type\":\"ListItem\",\"position\":1,\"name\":\"Home\",\"item\":\"https:\\\/\\\/visualjournalism.de\\\/en\\\/\"},{\"@type\":\"ListItem\",\"position\":2,\"name\":\"Prof. Eva Leitolf\"}]},{\"@type\":\"WebSite\",\"@id\":\"https:\\\/\\\/visualjournalism.de\\\/en\\\/#website\",\"url\":\"https:\\\/\\\/visualjournalism.de\\\/en\\\/\",\"name\":\"Visual Journalism and Documentary Photography\",\"description\":\"All about the bilingual bachelor&#039;s program at Hannover University of Applied Sciences and Arts.\",\"publisher\":{\"@id\":\"https:\\\/\\\/visualjournalism.de\\\/en\\\/#organization\"},\"alternateName\":\"visualjournalism.de\",\"potentialAction\":[{\"@type\":\"SearchAction\",\"target\":{\"@type\":\"EntryPoint\",\"urlTemplate\":\"https:\\\/\\\/visualjournalism.de\\\/en\\\/?s={search_term_string}\"},\"query-input\":{\"@type\":\"PropertyValueSpecification\",\"valueRequired\":true,\"valueName\":\"search_term_string\"}}],\"inLanguage\":\"en-US\"},{\"@type\":\"Organization\",\"@id\":\"https:\\\/\\\/visualjournalism.de\\\/en\\\/#organization\",\"name\":\"Hochschule Hannover \u2013 University of Applied Sciences and Arts\",\"alternateName\":\"HsH\",\"url\":\"https:\\\/\\\/visualjournalism.de\\\/en\\\/\",\"logo\":{\"@type\":\"ImageObject\",\"inLanguage\":\"en-US\",\"@id\":\"https:\\\/\\\/visualjournalism.de\\\/en\\\/#\\\/schema\\\/logo\\\/image\\\/\",\"url\":\"https:\\\/\\\/visualjournalism.de\\\/wp-content\\\/uploads\\\/logo-hochschule-hannover.png\",\"contentUrl\":\"https:\\\/\\\/visualjournalism.de\\\/wp-content\\\/uploads\\\/logo-hochschule-hannover.png\",\"width\":363,\"height\":270,\"caption\":\"Hochschule Hannover \u2013 University of Applied Sciences and Arts\"},\"image\":{\"@id\":\"https:\\\/\\\/visualjournalism.de\\\/en\\\/#\\\/schema\\\/logo\\\/image\\\/\"},\"sameAs\":[\"https:\\\/\\\/www.facebook.com\\\/people\\\/wwwfotostudentende\\\/100065173703897\\\/\",\"https:\\\/\\\/x.com\\\/HsHannover\",\"https:\\\/\\\/www.instagram.com\\\/visualjournalism.de\\\/\"]}]}<\/script>\n<!-- \/ Yoast SEO Premium plugin. -->","yoast_head_json":{"title":"Prof. Eva Leitolf &#8211; Visual Journalism and Documentary Photography","robots":{"index":"index","follow":"follow","max-snippet":"max-snippet:-1","max-image-preview":"max-image-preview:large","max-video-preview":"max-video-preview:-1"},"canonical":"https:\/\/visualjournalism.de\/en\/prof-eva-leitolf\/","og_locale":"en_US","og_type":"article","og_title":"Prof. Eva Leitolf","og_url":"https:\/\/visualjournalism.de\/en\/prof-eva-leitolf\/","og_site_name":"Visual Journalism and Documentary Photography","article_publisher":"https:\/\/www.facebook.com\/people\/wwwfotostudentende\/100065173703897\/","article_modified_time":"2024-10-06T11:14:53+00:00","og_image":[{"width":1203,"height":1600,"url":"https:\/\/visualjournalism.de\/wp-content\/uploads\/Eva-Leitolf.jpg","type":"image\/jpeg"}],"twitter_card":"summary_large_image","twitter_site":"@HsHannover","twitter_misc":{"Est. reading time":"2 minutes"},"schema":{"@context":"https:\/\/schema.org","@graph":[{"@type":"WebPage","@id":"https:\/\/visualjournalism.de\/en\/prof-eva-leitolf\/","url":"https:\/\/visualjournalism.de\/en\/prof-eva-leitolf\/","name":"Prof. Eva Leitolf &#8211; Visual Journalism and Documentary Photography","isPartOf":{"@id":"https:\/\/visualjournalism.de\/en\/#website"},"primaryImageOfPage":{"@id":"https:\/\/visualjournalism.de\/en\/prof-eva-leitolf\/#primaryimage"},"image":{"@id":"https:\/\/visualjournalism.de\/en\/prof-eva-leitolf\/#primaryimage"},"thumbnailUrl":"https:\/\/visualjournalism.de\/wp-content\/uploads\/Eva-Leitolf.jpg","datePublished":"2024-01-12T12:02:10+00:00","dateModified":"2024-10-06T11:14:53+00:00","breadcrumb":{"@id":"https:\/\/visualjournalism.de\/en\/prof-eva-leitolf\/#breadcrumb"},"inLanguage":"en-US","potentialAction":[{"@type":"ReadAction","target":["https:\/\/visualjournalism.de\/en\/prof-eva-leitolf\/"]}]},{"@type":"ImageObject","inLanguage":"en-US","@id":"https:\/\/visualjournalism.de\/en\/prof-eva-leitolf\/#primaryimage","url":"https:\/\/visualjournalism.de\/wp-content\/uploads\/Eva-Leitolf.jpg","contentUrl":"https:\/\/visualjournalism.de\/wp-content\/uploads\/Eva-Leitolf.jpg","width":1203,"height":1600,"caption":"Foto: Marek Kruszewski"},{"@type":"BreadcrumbList","@id":"https:\/\/visualjournalism.de\/en\/prof-eva-leitolf\/#breadcrumb","itemListElement":[{"@type":"ListItem","position":1,"name":"Home","item":"https:\/\/visualjournalism.de\/en\/"},{"@type":"ListItem","position":2,"name":"Prof. Eva Leitolf"}]},{"@type":"WebSite","@id":"https:\/\/visualjournalism.de\/en\/#website","url":"https:\/\/visualjournalism.de\/en\/","name":"Visual Journalism and Documentary Photography","description":"All about the bilingual bachelor&#039;s program at Hannover University of Applied Sciences and Arts.","publisher":{"@id":"https:\/\/visualjournalism.de\/en\/#organization"},"alternateName":"visualjournalism.de","potentialAction":[{"@type":"SearchAction","target":{"@type":"EntryPoint","urlTemplate":"https:\/\/visualjournalism.de\/en\/?s={search_term_string}"},"query-input":{"@type":"PropertyValueSpecification","valueRequired":true,"valueName":"search_term_string"}}],"inLanguage":"en-US"},{"@type":"Organization","@id":"https:\/\/visualjournalism.de\/en\/#organization","name":"Hochschule Hannover \u2013 University of Applied Sciences and Arts","alternateName":"HsH","url":"https:\/\/visualjournalism.de\/en\/","logo":{"@type":"ImageObject","inLanguage":"en-US","@id":"https:\/\/visualjournalism.de\/en\/#\/schema\/logo\/image\/","url":"https:\/\/visualjournalism.de\/wp-content\/uploads\/logo-hochschule-hannover.png","contentUrl":"https:\/\/visualjournalism.de\/wp-content\/uploads\/logo-hochschule-hannover.png","width":363,"height":270,"caption":"Hochschule Hannover \u2013 University of Applied Sciences and Arts"},"image":{"@id":"https:\/\/visualjournalism.de\/en\/#\/schema\/logo\/image\/"},"sameAs":["https:\/\/www.facebook.com\/people\/wwwfotostudentende\/100065173703897\/","https:\/\/x.com\/HsHannover","https:\/\/www.instagram.com\/visualjournalism.de\/"]}]}},"_links":{"self":[{"href":"https:\/\/visualjournalism.de\/en\/wp-json\/wp\/v2\/pages\/35432","targetHints":{"allow":["GET"]}}],"collection":[{"href":"https:\/\/visualjournalism.de\/en\/wp-json\/wp\/v2\/pages"}],"about":[{"href":"https:\/\/visualjournalism.de\/en\/wp-json\/wp\/v2\/types\/page"}],"author":[{"embeddable":true,"href":"https:\/\/visualjournalism.de\/en\/wp-json\/wp\/v2\/users\/6"}],"replies":[{"embeddable":true,"href":"https:\/\/visualjournalism.de\/en\/wp-json\/wp\/v2\/comments?post=35432"}],"version-history":[{"count":0,"href":"https:\/\/visualjournalism.de\/en\/wp-json\/wp\/v2\/pages\/35432\/revisions"}],"wp:featuredmedia":[{"embeddable":true,"href":"https:\/\/visualjournalism.de\/en\/wp-json\/wp\/v2\/media\/35210"}],"wp:attachment":[{"href":"https:\/\/visualjournalism.de\/en\/wp-json\/wp\/v2\/media?parent=35432"}],"curies":[{"name":"wp","href":"https:\/\/api.w.org\/{rel}","templated":true}]}}