{"id":35435,"date":"2024-01-12T12:03:06","date_gmt":"2024-01-12T12:03:06","guid":{"rendered":"https:\/\/visualjournalism.de\/?page_id=35435"},"modified":"2024-10-06T11:17:20","modified_gmt":"2024-10-06T11:17:20","slug":"sophia-greiff","status":"publish","type":"page","link":"https:\/\/visualjournalism.de\/en\/sophia-greiff\/","title":{"rendered":"Sophia Greiff"},"content":{"rendered":"\n \n\n    <div id=\"lead-in-block_f6a168f52e4a742e8e9d328f8aae1cc4\" class=\"block-lead-in typo--default font-size--xl has-spacing--s width--full\">\n        <h1>Sophia Greiff<\/h1>\n    <\/div>\n\n\n\n\n<div class=\"pinned-block has-spacing--m\">\n\t\n\n<div class=\"pinned-block__column--left\">\n    \n    <figure class=\"block-photo post__image--full has-spacing--m with-title\">\n\n        <div class=\"post__image__container\">\n            <img loading=\"lazy\" decoding=\"async\" \n                src=\"https:\/\/visualjournalism.de\/wp-content\/uploads\/sophia-greiff-1400x1000.jpg\"\n                srcset=\"https:\/\/visualjournalism.de\/wp-content\/uploads\/sophia-greiff-1400x1000.jpg 1400w, https:\/\/visualjournalism.de\/wp-content\/uploads\/sophia-greiff-300x214.jpg 300w, https:\/\/visualjournalism.de\/wp-content\/uploads\/sophia-greiff-1024x732.jpg 1024w, https:\/\/visualjournalism.de\/wp-content\/uploads\/sophia-greiff-768x549.jpg 768w, https:\/\/visualjournalism.de\/wp-content\/uploads\/sophia-greiff-1536x1097.jpg 1536w, https:\/\/visualjournalism.de\/wp-content\/uploads\/sophia-greiff-1050x750.jpg 1050w, https:\/\/visualjournalism.de\/wp-content\/uploads\/sophia-greiff-670x479.jpg 670w, https:\/\/visualjournalism.de\/wp-content\/uploads\/sophia-greiff-420x300.jpg 420w, https:\/\/visualjournalism.de\/wp-content\/uploads\/sophia-greiff-350x250.jpg 350w, https:\/\/visualjournalism.de\/wp-content\/uploads\/sophia-greiff-150x107.jpg 150w, https:\/\/visualjournalism.de\/wp-content\/uploads\/sophia-greiff.jpg 1600w\"\n                width=\"1400\" \n                height=\"1000\"\n                alt=\"\" \n            \/>\n            \n                            <span class=\"post__image__title\">Foto: Armin Smailovic<\/span>\n                    <\/div><!-- post__image__container -->\n\n        \n    <\/figure><!-- post__image -->\n\n\n\n<\/div>\n\n\n<div class=\"pinned-block__column--right\">\n    \n\n<p class=\"post__paragraph is-style-typo--soehne has-spacing--default\"><strong>Sophia Greiff<\/strong>&nbsp;studierte Kulturwissenschaften an der Europa-Universit\u00e4t Viadrina in Frankfurt\/Oder sowie Kunst- und Kulturvermittlung an der Universit\u00e4t Bremen. Sie war von 2016 bis 2021 als Wissenschaftliche Mitarbeiterin im Studiengang&nbsp;<em>Visual Journalism and Documentary Photography<\/em>an der Hochschule Hannover t\u00e4tig. Zuvor war sie langj\u00e4hrige Co-Kuratorin des&nbsp;<em>Fotodoks Festivals f\u00fcr aktuelle Dokumentarfotografie<\/em>&nbsp;sowie Stipendiatin der Alfried Krupp von Bohlen und Halbach-Stiftung im Programm&nbsp;<em>Museumskurator:innen f\u00fcr Fotografie<\/em>. Sie ist Co-Programmleiterin und Kuratorin bei C\/O Berlin und forscht aktuell als Doktorandin an der Folkwang Universit\u00e4t der K\u00fcnste zum recherchebasierten Fotobuch.<\/p>\n\n\n\n<p class=\"post__paragraph is-style-typo--soehne has-spacing--default\"><strong>Info<\/strong><br>Kuratorin und Wissenschaftlerin<br><strong>Homepage<\/strong><br><a href=\"https:\/\/www.sophiagreiff.de\/\">https:\/\/www.sophiagreiff.de\/<\/a><\/p>\n\n\n\n<p class=\"post__paragraph is-style-typo--soehne has-spacing--default\"><a href=\"https:\/\/visualjournalism.de\/imagematters\/\"><strong>[IMAGE MATTERS]<br><\/strong><\/a>Autorin, Initiatorin<\/p>\n\n\n<\/div>\n<\/div>\n\n\n<div class=\"wp-block-group has-color-12-background-color has-background has-spacing--default\">\n<div class=\"pinned-block has-spacing--m\">\n\t\n\n<div class=\"pinned-block__column--left\">\n    \n\n \n\n    <div id=\"lead-in-block_d083432527eb54b846caaf07c318fd51\" class=\"block-lead-in typo--default font-size--default has-spacing--s width--default\">\n        <h1>ABSTRACT<\/h1>\n    <\/div>\n\n\n\n\n<p class=\"post__paragraph is-style-typo--soehne has-spacing--default\"><strong>Aus dem Buch<br><\/strong><a href=\"http:\/\/visualjournalism.de\/image-matters\/images-in-conflict\/images-in-conflict\/\">Images in Conflict<\/a> \u2013 Akteure und Perspektiven<\/p>\n\n\n\n<p class=\"post__paragraph is-style-typo--soehne has-spacing--default\"><strong>Text<br><\/strong>War Photography is Personal. Konflikt als geteilte Erfahrung in Zeiten sozialer Medien und Smartphones<\/p>\n\n\n\n<p class=\"post__paragraph is-style-typo--soehne has-spacing--default\"><br><\/p>\n\n\n<\/div>\n\n\n<div class=\"pinned-block__column--right\">\n    \n\n    <div class=\"headline-block has-spacing--s\">\n\n        <h2 class=\"post__headline\">War Photography is Personal. Konflikt als geteilte Erfahrung in Zeiten sozialer Medien und Smartphones.<\/h2>\n\n        \n    <\/div>\n\n    \n\n\n\n\n<p class=\"post__paragraph is-style-typo--soehne has-spacing--default\"><strong>Vor dem Hintergrund einer zunehmenden Kritik<\/strong> an den Funktions- und Wirkungsweisen der professionellen journalistischen Berichterstattung und einer sich ver\u00e4ndernden Beziehung zu Bildern durch die Allgegenwart von Handykameras und die globale Vernetzung \u00fcber soziale Medien geht dieser Beitrag der Frage nach, inwiefern sich der aktuelle Fotojournalismus mit den neuen sozialen Gebrauchsweisen des fotografischen Mediums auseinandersetzen muss, um auch zuk\u00fcnftig relevant und wirksam bleiben zu k\u00f6nnen. Dabei wird die These aufgestellt, dass das Prinzip der geteilten Erfahrung, der Fokus auf Subjektivit\u00e4t und der Dialog- und Netzwerkgedanke, welche die sozialen Medien auszeichnen, vielversprechende Anregungen f\u00fcr eine Erweiterung des Spektrums fotojournalistischen Erz\u00e4hlens bieten.<\/p>\n\n\n\n<p class=\"post__paragraph is-style-typo--soehne has-spacing--m\">Ausgehend von einer Analyse des spezifischen Authentizit\u00e4tsversprechens privater Handyfotografien in Geert van Kesterens Buch&nbsp;<em>Baghdad Calling<\/em>&nbsp;wird anhand Dona Abbouds Arbeit&nbsp;<em>Out of Syria, Inside Facebook<\/em>&nbsp;auf die Vorteile und Problematiken der Personalisierung in sozialen Netzwerken eingegangen. Die dort sichtbar werdende Notwendigkeit der Verifizierung und Interpretation von Amateurmaterial zeigt sich auch in den gegenw\u00e4rtigen Praktiken, die bei der Einbeziehung von Handyfotos in den Nachrichtenkontext zum Einsatz kommen, und verdeutlicht die Relevanz erfahrener (Bild-)Autor*innen, die komplexe Realit\u00e4ten aus verschiedenen Perspektiven beleuchten und die Vermittlung individueller Botschaften in den Fokus r\u00fccken.<\/p>\n\n\n\n    <div class=\"btn-wrapper has-spacing--m\">\n        <a class=\"btn\" href=\"https:\/\/visualjournalism.de\/imagematters\/\" target=\"_self\">[IMAGE MATTERS] Home<\/a>\n    <\/div>\n\n\n<\/div>\n<\/div>\n\n\n<div class=\"devider has-spacing--none\">\n    <hr>\n<\/div>\n\n\n    <nav id=\"section-navigation-block_4411ba9a3d97f4c3fbaab0a4fe9eec16\" class=\"section-navigation has-spacing--s\">\n        <ul>\n\n                \n                    <li>Weitere Beitr\u00e4ge zu diesem Thema:<\/li>\n                \n            \n            \n                        \n                        \n\n            \n\n        <\/ul>\n        \n    <\/nav>\n\n\n\n<div class=\"four-columns-teaser has-spacing--m\">\n\n    \r\n<article class=\"post-teaser post-35560 image-matters type-image-matters status-publish has-post-thumbnail hentry image-matters-kategorie-images-in-conflict\">\r\n\t<header class=\"entry-header\">\r\n\r\n\t\t<div class=\"entry-categories\">\n\t<a class=\"post__tag\" href=\"https:\/\/visualjournalism.de\/image-matters-kategorie\/images-in-conflict\/\" rel=\"category tag\">IMAGES IN CONFLICT<\/a><\/div>\r\n\t\t<a href=\"https:\/\/visualjournalism.de\/en\/image-matters\/images-in-conflict\/conflicts-mediatisation\/\" rel=\"bookmark\">\r\n\t\t\t<h2 class=\"entry-title\">Images In Conflict.<\/h2>\r\n\t\t\t<p class=\"entry-excerpt\">Zur Ver\u00e4nderung der \u00c4sthetik und Gebrauchsweisen fotografischer und filmischer Bilder von Krisen- und Konfliktsituationen.<\/p>\r\n\t\t<\/a>\r\n\r\n\t<\/header><!-- .entry-header -->\r\n\r\n\t<figure class=\"post__image\">\r\n\t\t<a href=\"https:\/\/visualjournalism.de\/en\/image-matters\/images-in-conflict\/conflicts-mediatisation\/\" rel=\"bookmark\">\r\n\t\t\t<img loading=\"lazy\" decoding=\"async\" width=\"350\" height=\"233\" src=\"https:\/\/visualjournalism.de\/wp-content\/uploads\/02_t06bz_manhartsberger_austellungsansicht-gaf-2-350x233.jpg\" class=\"attachment-post-image--two-column--small size-post-image--two-column--small\" alt=\"\" srcset=\"https:\/\/visualjournalism.de\/wp-content\/uploads\/02_t06bz_manhartsberger_austellungsansicht-gaf-2-350x233.jpg 350w, https:\/\/visualjournalism.de\/wp-content\/uploads\/02_t06bz_manhartsberger_austellungsansicht-gaf-2-300x200.jpg 300w, https:\/\/visualjournalism.de\/wp-content\/uploads\/02_t06bz_manhartsberger_austellungsansicht-gaf-2-1024x682.jpg 1024w, https:\/\/visualjournalism.de\/wp-content\/uploads\/02_t06bz_manhartsberger_austellungsansicht-gaf-2-768x512.jpg 768w, https:\/\/visualjournalism.de\/wp-content\/uploads\/02_t06bz_manhartsberger_austellungsansicht-gaf-2-1536x1024.jpg 1536w, https:\/\/visualjournalism.de\/wp-content\/uploads\/02_t06bz_manhartsberger_austellungsansicht-gaf-2-1920x1280.jpg 1920w, https:\/\/visualjournalism.de\/wp-content\/uploads\/02_t06bz_manhartsberger_austellungsansicht-gaf-2-1400x933.jpg 1400w, https:\/\/visualjournalism.de\/wp-content\/uploads\/02_t06bz_manhartsberger_austellungsansicht-gaf-2-1050x700.jpg 1050w, https:\/\/visualjournalism.de\/wp-content\/uploads\/02_t06bz_manhartsberger_austellungsansicht-gaf-2-670x447.jpg 670w, https:\/\/visualjournalism.de\/wp-content\/uploads\/02_t06bz_manhartsberger_austellungsansicht-gaf-2-420x280.jpg 420w, https:\/\/visualjournalism.de\/wp-content\/uploads\/02_t06bz_manhartsberger_austellungsansicht-gaf-2-150x100.jpg 150w, https:\/\/visualjournalism.de\/wp-content\/uploads\/02_t06bz_manhartsberger_austellungsansicht-gaf-2.jpg 2000w\" sizes=\"auto, (max-width: 350px) 100vw, 350px\" \/>\t\t<\/a>\r\n\t<\/figure><!-- .post__image -->\r\n\r\n<\/article>\r\n\r\n<article class=\"post-teaser post-42819 image-matters type-image-matters status-publish has-post-thumbnail hentry image-matters-kategorie-image-con-text\">\r\n\t<header class=\"entry-header\">\r\n\r\n\t\t<div class=\"entry-categories\">\n\t<a class=\"post__tag\" href=\"https:\/\/visualjournalism.de\/image-matters-kategorie\/image-con-text\/\" rel=\"category tag\">image\/con\/text<\/a><\/div>\r\n\t\t<a href=\"https:\/\/visualjournalism.de\/en\/image-matters\/image-con-text\/bending-the-screen\/\" rel=\"bookmark\">\r\n\t\t\t<h2 class=\"entry-title\">Bending the Screen.<\/h2>\r\n\t\t\t<p class=\"entry-excerpt\">Edmund Clark in Conversation with Sophia Greiff<\/p>\r\n\t\t<\/a>\r\n\r\n\t<\/header><!-- .entry-header -->\r\n\r\n\t<figure class=\"post__image\">\r\n\t\t<a href=\"https:\/\/visualjournalism.de\/en\/image-matters\/image-con-text\/bending-the-screen\/\" rel=\"bookmark\">\r\n\t\t\t<img loading=\"lazy\" decoding=\"async\" width=\"350\" height=\"260\" src=\"https:\/\/visualjournalism.de\/wp-content\/uploads\/01_t05_greiff_interview_clark_bz01a_guantanamo_plate01-1-350x260.jpg\" class=\"attachment-post-image--two-column--small size-post-image--two-column--small\" alt=\"\" srcset=\"https:\/\/visualjournalism.de\/wp-content\/uploads\/01_t05_greiff_interview_clark_bz01a_guantanamo_plate01-1-350x260.jpg 350w, https:\/\/visualjournalism.de\/wp-content\/uploads\/01_t05_greiff_interview_clark_bz01a_guantanamo_plate01-1-300x223.jpg 300w, https:\/\/visualjournalism.de\/wp-content\/uploads\/01_t05_greiff_interview_clark_bz01a_guantanamo_plate01-1-1024x761.jpg 1024w, https:\/\/visualjournalism.de\/wp-content\/uploads\/01_t05_greiff_interview_clark_bz01a_guantanamo_plate01-1-768x571.jpg 768w, https:\/\/visualjournalism.de\/wp-content\/uploads\/01_t05_greiff_interview_clark_bz01a_guantanamo_plate01-1-1536x1141.jpg 1536w, https:\/\/visualjournalism.de\/wp-content\/uploads\/01_t05_greiff_interview_clark_bz01a_guantanamo_plate01-1-1400x1040.jpg 1400w, https:\/\/visualjournalism.de\/wp-content\/uploads\/01_t05_greiff_interview_clark_bz01a_guantanamo_plate01-1-1050x780.jpg 1050w, https:\/\/visualjournalism.de\/wp-content\/uploads\/01_t05_greiff_interview_clark_bz01a_guantanamo_plate01-1-670x498.jpg 670w, https:\/\/visualjournalism.de\/wp-content\/uploads\/01_t05_greiff_interview_clark_bz01a_guantanamo_plate01-1-420x312.jpg 420w, https:\/\/visualjournalism.de\/wp-content\/uploads\/01_t05_greiff_interview_clark_bz01a_guantanamo_plate01-1-150x111.jpg 150w, https:\/\/visualjournalism.de\/wp-content\/uploads\/01_t05_greiff_interview_clark_bz01a_guantanamo_plate01-1.jpg 1600w\" sizes=\"auto, (max-width: 350px) 100vw, 350px\" \/>\t\t<\/a>\r\n\t<\/figure><!-- .post__image -->\r\n\r\n<\/article>\r\n\r\n<article class=\"post-teaser post-42595 image-matters type-image-matters status-publish has-post-thumbnail hentry image-matters-kategorie-image-con-text\">\r\n\t<header class=\"entry-header\">\r\n\r\n\t\t<div class=\"entry-categories\">\n\t<a class=\"post__tag\" href=\"https:\/\/visualjournalism.de\/image-matters-kategorie\/image-con-text\/\" rel=\"category tag\">image\/con\/text<\/a><\/div>\r\n\t\t<a href=\"https:\/\/visualjournalism.de\/en\/image-matters\/image-con-text\/beneath-the-surface\/\" rel=\"bookmark\">\r\n\t\t\t<h2 class=\"entry-title\">Beneath the Surface.<\/h2>\r\n\t\t\t<p class=\"entry-excerpt\">Laia Abril in conversation with Sophia Greiff. <\/p>\r\n\t\t<\/a>\r\n\r\n\t<\/header><!-- .entry-header -->\r\n\r\n\t<figure class=\"post__image\">\r\n\t\t<a href=\"https:\/\/visualjournalism.de\/en\/image-matters\/image-con-text\/beneath-the-surface\/\" rel=\"bookmark\">\r\n\t\t\t<img loading=\"lazy\" decoding=\"async\" width=\"350\" height=\"197\" src=\"https:\/\/visualjournalism.de\/wp-content\/uploads\/01_t07_be04_abril_on-abortion_001-1000x563-2-350x197.jpg\" class=\"attachment-post-image--two-column--small size-post-image--two-column--small\" alt=\"\" srcset=\"https:\/\/visualjournalism.de\/wp-content\/uploads\/01_t07_be04_abril_on-abortion_001-1000x563-2-350x197.jpg 350w, https:\/\/visualjournalism.de\/wp-content\/uploads\/01_t07_be04_abril_on-abortion_001-1000x563-2-300x169.jpg 300w, https:\/\/visualjournalism.de\/wp-content\/uploads\/01_t07_be04_abril_on-abortion_001-1000x563-2-768x432.jpg 768w, https:\/\/visualjournalism.de\/wp-content\/uploads\/01_t07_be04_abril_on-abortion_001-1000x563-2-670x377.jpg 670w, https:\/\/visualjournalism.de\/wp-content\/uploads\/01_t07_be04_abril_on-abortion_001-1000x563-2-420x236.jpg 420w, https:\/\/visualjournalism.de\/wp-content\/uploads\/01_t07_be04_abril_on-abortion_001-1000x563-2-150x84.jpg 150w, https:\/\/visualjournalism.de\/wp-content\/uploads\/01_t07_be04_abril_on-abortion_001-1000x563-2.jpg 1000w\" sizes=\"auto, (max-width: 350px) 100vw, 350px\" \/>\t\t<\/a>\r\n\t<\/figure><!-- .post__image -->\r\n\r\n<\/article>\r\n\n<\/div><!-- .2-columns-teaser-->\n\n    <\/div>\n","protected":false},"excerpt":{"rendered":"","protected":false},"author":6,"featured_media":35278,"parent":0,"menu_order":0,"comment_status":"closed","ping_status":"closed","template":"","meta":{"_acf_changed":false,"footnotes":""},"class_list":["post-35435","page","type-page","status-publish","has-post-thumbnail","hentry"],"acf":[],"yoast_head":"<!-- This site is optimized with the Yoast SEO Premium plugin v27.3 (Yoast SEO v27.3) - https:\/\/yoast.com\/product\/yoast-seo-premium-wordpress\/ -->\n<title>Sophia Greiff &#8211; Visual Journalism and Documentary Photography<\/title>\n<meta name=\"robots\" content=\"index, follow, max-snippet:-1, max-image-preview:large, max-video-preview:-1\" \/>\n<link rel=\"canonical\" href=\"https:\/\/visualjournalism.de\/en\/sophia-greiff\/\" \/>\n<meta property=\"og:locale\" content=\"en_US\" \/>\n<meta property=\"og:type\" content=\"article\" \/>\n<meta property=\"og:title\" content=\"Sophia Greiff\" \/>\n<meta property=\"og:url\" content=\"https:\/\/visualjournalism.de\/en\/sophia-greiff\/\" \/>\n<meta property=\"og:site_name\" content=\"Visual Journalism and Documentary Photography\" \/>\n<meta property=\"article:publisher\" content=\"https:\/\/www.facebook.com\/people\/wwwfotostudentende\/100065173703897\/\" \/>\n<meta property=\"article:modified_time\" content=\"2024-10-06T11:17:20+00:00\" \/>\n<meta property=\"og:image\" content=\"https:\/\/visualjournalism.de\/wp-content\/uploads\/sophia-greiff.jpg\" \/>\n\t<meta property=\"og:image:width\" content=\"1600\" \/>\n\t<meta property=\"og:image:height\" content=\"1143\" \/>\n\t<meta property=\"og:image:type\" content=\"image\/jpeg\" \/>\n<meta name=\"twitter:card\" content=\"summary_large_image\" \/>\n<meta name=\"twitter:site\" content=\"@HsHannover\" \/>\n<meta name=\"twitter:label1\" content=\"Est. reading time\" \/>\n\t<meta name=\"twitter:data1\" content=\"2 minutes\" \/>\n<script type=\"application\/ld+json\" class=\"yoast-schema-graph\">{\"@context\":\"https:\\\/\\\/schema.org\",\"@graph\":[{\"@type\":\"WebPage\",\"@id\":\"https:\\\/\\\/visualjournalism.de\\\/en\\\/sophia-greiff\\\/\",\"url\":\"https:\\\/\\\/visualjournalism.de\\\/en\\\/sophia-greiff\\\/\",\"name\":\"Sophia Greiff &#8211; Visual Journalism and Documentary Photography\",\"isPartOf\":{\"@id\":\"https:\\\/\\\/visualjournalism.de\\\/en\\\/#website\"},\"primaryImageOfPage\":{\"@id\":\"https:\\\/\\\/visualjournalism.de\\\/en\\\/sophia-greiff\\\/#primaryimage\"},\"image\":{\"@id\":\"https:\\\/\\\/visualjournalism.de\\\/en\\\/sophia-greiff\\\/#primaryimage\"},\"thumbnailUrl\":\"https:\\\/\\\/visualjournalism.de\\\/wp-content\\\/uploads\\\/sophia-greiff.jpg\",\"datePublished\":\"2024-01-12T12:03:06+00:00\",\"dateModified\":\"2024-10-06T11:17:20+00:00\",\"breadcrumb\":{\"@id\":\"https:\\\/\\\/visualjournalism.de\\\/en\\\/sophia-greiff\\\/#breadcrumb\"},\"inLanguage\":\"en-US\",\"potentialAction\":[{\"@type\":\"ReadAction\",\"target\":[\"https:\\\/\\\/visualjournalism.de\\\/en\\\/sophia-greiff\\\/\"]}]},{\"@type\":\"ImageObject\",\"inLanguage\":\"en-US\",\"@id\":\"https:\\\/\\\/visualjournalism.de\\\/en\\\/sophia-greiff\\\/#primaryimage\",\"url\":\"https:\\\/\\\/visualjournalism.de\\\/wp-content\\\/uploads\\\/sophia-greiff.jpg\",\"contentUrl\":\"https:\\\/\\\/visualjournalism.de\\\/wp-content\\\/uploads\\\/sophia-greiff.jpg\",\"width\":1600,\"height\":1143,\"caption\":\"Foto: Armin Smailovic\"},{\"@type\":\"BreadcrumbList\",\"@id\":\"https:\\\/\\\/visualjournalism.de\\\/en\\\/sophia-greiff\\\/#breadcrumb\",\"itemListElement\":[{\"@type\":\"ListItem\",\"position\":1,\"name\":\"Home\",\"item\":\"https:\\\/\\\/visualjournalism.de\\\/en\\\/\"},{\"@type\":\"ListItem\",\"position\":2,\"name\":\"Sophia Greiff\"}]},{\"@type\":\"WebSite\",\"@id\":\"https:\\\/\\\/visualjournalism.de\\\/en\\\/#website\",\"url\":\"https:\\\/\\\/visualjournalism.de\\\/en\\\/\",\"name\":\"Visual Journalism and Documentary Photography\",\"description\":\"All about the bilingual bachelor&#039;s program at Hannover University of Applied Sciences and Arts.\",\"publisher\":{\"@id\":\"https:\\\/\\\/visualjournalism.de\\\/en\\\/#organization\"},\"alternateName\":\"visualjournalism.de\",\"potentialAction\":[{\"@type\":\"SearchAction\",\"target\":{\"@type\":\"EntryPoint\",\"urlTemplate\":\"https:\\\/\\\/visualjournalism.de\\\/en\\\/?s={search_term_string}\"},\"query-input\":{\"@type\":\"PropertyValueSpecification\",\"valueRequired\":true,\"valueName\":\"search_term_string\"}}],\"inLanguage\":\"en-US\"},{\"@type\":\"Organization\",\"@id\":\"https:\\\/\\\/visualjournalism.de\\\/en\\\/#organization\",\"name\":\"Hochschule Hannover \u2013 University of Applied Sciences and Arts\",\"alternateName\":\"HsH\",\"url\":\"https:\\\/\\\/visualjournalism.de\\\/en\\\/\",\"logo\":{\"@type\":\"ImageObject\",\"inLanguage\":\"en-US\",\"@id\":\"https:\\\/\\\/visualjournalism.de\\\/en\\\/#\\\/schema\\\/logo\\\/image\\\/\",\"url\":\"https:\\\/\\\/visualjournalism.de\\\/wp-content\\\/uploads\\\/logo-hochschule-hannover.png\",\"contentUrl\":\"https:\\\/\\\/visualjournalism.de\\\/wp-content\\\/uploads\\\/logo-hochschule-hannover.png\",\"width\":363,\"height\":270,\"caption\":\"Hochschule Hannover \u2013 University of Applied Sciences and Arts\"},\"image\":{\"@id\":\"https:\\\/\\\/visualjournalism.de\\\/en\\\/#\\\/schema\\\/logo\\\/image\\\/\"},\"sameAs\":[\"https:\\\/\\\/www.facebook.com\\\/people\\\/wwwfotostudentende\\\/100065173703897\\\/\",\"https:\\\/\\\/x.com\\\/HsHannover\",\"https:\\\/\\\/www.instagram.com\\\/visualjournalism.de\\\/\"]}]}<\/script>\n<!-- \/ Yoast SEO Premium plugin. -->","yoast_head_json":{"title":"Sophia Greiff &#8211; Visual Journalism and Documentary Photography","robots":{"index":"index","follow":"follow","max-snippet":"max-snippet:-1","max-image-preview":"max-image-preview:large","max-video-preview":"max-video-preview:-1"},"canonical":"https:\/\/visualjournalism.de\/en\/sophia-greiff\/","og_locale":"en_US","og_type":"article","og_title":"Sophia Greiff","og_url":"https:\/\/visualjournalism.de\/en\/sophia-greiff\/","og_site_name":"Visual Journalism and Documentary Photography","article_publisher":"https:\/\/www.facebook.com\/people\/wwwfotostudentende\/100065173703897\/","article_modified_time":"2024-10-06T11:17:20+00:00","og_image":[{"width":1600,"height":1143,"url":"https:\/\/visualjournalism.de\/wp-content\/uploads\/sophia-greiff.jpg","type":"image\/jpeg"}],"twitter_card":"summary_large_image","twitter_site":"@HsHannover","twitter_misc":{"Est. reading time":"2 minutes"},"schema":{"@context":"https:\/\/schema.org","@graph":[{"@type":"WebPage","@id":"https:\/\/visualjournalism.de\/en\/sophia-greiff\/","url":"https:\/\/visualjournalism.de\/en\/sophia-greiff\/","name":"Sophia Greiff &#8211; Visual Journalism and Documentary Photography","isPartOf":{"@id":"https:\/\/visualjournalism.de\/en\/#website"},"primaryImageOfPage":{"@id":"https:\/\/visualjournalism.de\/en\/sophia-greiff\/#primaryimage"},"image":{"@id":"https:\/\/visualjournalism.de\/en\/sophia-greiff\/#primaryimage"},"thumbnailUrl":"https:\/\/visualjournalism.de\/wp-content\/uploads\/sophia-greiff.jpg","datePublished":"2024-01-12T12:03:06+00:00","dateModified":"2024-10-06T11:17:20+00:00","breadcrumb":{"@id":"https:\/\/visualjournalism.de\/en\/sophia-greiff\/#breadcrumb"},"inLanguage":"en-US","potentialAction":[{"@type":"ReadAction","target":["https:\/\/visualjournalism.de\/en\/sophia-greiff\/"]}]},{"@type":"ImageObject","inLanguage":"en-US","@id":"https:\/\/visualjournalism.de\/en\/sophia-greiff\/#primaryimage","url":"https:\/\/visualjournalism.de\/wp-content\/uploads\/sophia-greiff.jpg","contentUrl":"https:\/\/visualjournalism.de\/wp-content\/uploads\/sophia-greiff.jpg","width":1600,"height":1143,"caption":"Foto: Armin Smailovic"},{"@type":"BreadcrumbList","@id":"https:\/\/visualjournalism.de\/en\/sophia-greiff\/#breadcrumb","itemListElement":[{"@type":"ListItem","position":1,"name":"Home","item":"https:\/\/visualjournalism.de\/en\/"},{"@type":"ListItem","position":2,"name":"Sophia Greiff"}]},{"@type":"WebSite","@id":"https:\/\/visualjournalism.de\/en\/#website","url":"https:\/\/visualjournalism.de\/en\/","name":"Visual Journalism and Documentary Photography","description":"All about the bilingual bachelor&#039;s program at Hannover University of Applied Sciences and Arts.","publisher":{"@id":"https:\/\/visualjournalism.de\/en\/#organization"},"alternateName":"visualjournalism.de","potentialAction":[{"@type":"SearchAction","target":{"@type":"EntryPoint","urlTemplate":"https:\/\/visualjournalism.de\/en\/?s={search_term_string}"},"query-input":{"@type":"PropertyValueSpecification","valueRequired":true,"valueName":"search_term_string"}}],"inLanguage":"en-US"},{"@type":"Organization","@id":"https:\/\/visualjournalism.de\/en\/#organization","name":"Hochschule Hannover \u2013 University of Applied Sciences and Arts","alternateName":"HsH","url":"https:\/\/visualjournalism.de\/en\/","logo":{"@type":"ImageObject","inLanguage":"en-US","@id":"https:\/\/visualjournalism.de\/en\/#\/schema\/logo\/image\/","url":"https:\/\/visualjournalism.de\/wp-content\/uploads\/logo-hochschule-hannover.png","contentUrl":"https:\/\/visualjournalism.de\/wp-content\/uploads\/logo-hochschule-hannover.png","width":363,"height":270,"caption":"Hochschule Hannover \u2013 University of Applied Sciences and Arts"},"image":{"@id":"https:\/\/visualjournalism.de\/en\/#\/schema\/logo\/image\/"},"sameAs":["https:\/\/www.facebook.com\/people\/wwwfotostudentende\/100065173703897\/","https:\/\/x.com\/HsHannover","https:\/\/www.instagram.com\/visualjournalism.de\/"]}]}},"_links":{"self":[{"href":"https:\/\/visualjournalism.de\/en\/wp-json\/wp\/v2\/pages\/35435","targetHints":{"allow":["GET"]}}],"collection":[{"href":"https:\/\/visualjournalism.de\/en\/wp-json\/wp\/v2\/pages"}],"about":[{"href":"https:\/\/visualjournalism.de\/en\/wp-json\/wp\/v2\/types\/page"}],"author":[{"embeddable":true,"href":"https:\/\/visualjournalism.de\/en\/wp-json\/wp\/v2\/users\/6"}],"replies":[{"embeddable":true,"href":"https:\/\/visualjournalism.de\/en\/wp-json\/wp\/v2\/comments?post=35435"}],"version-history":[{"count":0,"href":"https:\/\/visualjournalism.de\/en\/wp-json\/wp\/v2\/pages\/35435\/revisions"}],"wp:featuredmedia":[{"embeddable":true,"href":"https:\/\/visualjournalism.de\/en\/wp-json\/wp\/v2\/media\/35278"}],"wp:attachment":[{"href":"https:\/\/visualjournalism.de\/en\/wp-json\/wp\/v2\/media?parent=35435"}],"curies":[{"name":"wp","href":"https:\/\/api.w.org\/{rel}","templated":true}]}}