{"id":35456,"date":"2024-01-12T12:08:49","date_gmt":"2024-01-12T12:08:49","guid":{"rendered":"https:\/\/visualjournalism.de\/?page_id=35456"},"modified":"2024-10-06T11:21:20","modified_gmt":"2024-10-06T11:21:20","slug":"tony-hicks","status":"publish","type":"page","link":"https:\/\/visualjournalism.de\/en\/tony-hicks\/","title":{"rendered":"Tony Hicks"},"content":{"rendered":"\n \n\n    <div id=\"lead-in-block_3dc9c232e125f053d02807af488b3850\" class=\"block-lead-in typo--soehne font-size--xl has-spacing--s width--full\">\n        <h1><b>Tony Hicks<\/b><\/h1>\n    <\/div>\n\n\n\n\n<div class=\"pinned-block has-spacing--m\">\n\t\n\n<div class=\"pinned-block__column--left\">\n    \n    <figure class=\"block-photo post__image--full has-spacing--m with-title\">\n\n        <div class=\"post__image__container\">\n            <img loading=\"lazy\" decoding=\"async\" \n                src=\"https:\/\/visualjournalism.de\/wp-content\/uploads\/tony_hicks.jpg\"\n                srcset=\"https:\/\/visualjournalism.de\/wp-content\/uploads\/tony_hicks.jpg 1226w, https:\/\/visualjournalism.de\/wp-content\/uploads\/tony_hicks-230x300.jpg 230w, https:\/\/visualjournalism.de\/wp-content\/uploads\/tony_hicks-785x1024.jpg 785w, https:\/\/visualjournalism.de\/wp-content\/uploads\/tony_hicks-768x1002.jpg 768w, https:\/\/visualjournalism.de\/wp-content\/uploads\/tony_hicks-1177x1536.jpg 1177w, https:\/\/visualjournalism.de\/wp-content\/uploads\/tony_hicks-1050x1370.jpg 1050w, https:\/\/visualjournalism.de\/wp-content\/uploads\/tony_hicks-670x874.jpg 670w, https:\/\/visualjournalism.de\/wp-content\/uploads\/tony_hicks-420x548.jpg 420w, https:\/\/visualjournalism.de\/wp-content\/uploads\/tony_hicks-350x457.jpg 350w, https:\/\/visualjournalism.de\/wp-content\/uploads\/tony_hicks-300x392.jpg 300w, https:\/\/visualjournalism.de\/wp-content\/uploads\/tony_hicks-150x196.jpg 150w\"\n                width=\"1226\" \n                height=\"1600\"\n                alt=\"\" \n            \/>\n            \n                            <span class=\"post__image__title\">at the FINA Swimming World Championships in Barcelona, Spain,  Thursday, Aug. 1, 2013.  (AP Photo\/Daniel Ochoa de Olza)<\/span>\n                    <\/div><!-- post__image__container -->\n\n        \n    <\/figure><!-- post__image -->\n\n\n\n<\/div>\n\n\n<div class=\"pinned-block__column--right\">\n    \n\n<p class=\"post__paragraph is-style-typo--soehne has-spacing--default\"><strong>Tony Hicks<\/strong>&nbsp;arbeitet als Bildredakteur bei Associated Press (AP) f\u00fcr die Regionen Europa und Afrika. F\u00fcr die US-amerikanische Nachrichtenagentur organisierte er die Berichterstattung wichtiger Ereignisse wie den Anschl\u00e4gen von Paris und Br\u00fcssel, dem Begr\u00e4bnis von Nelson Mandela, der Hochzeit von Prinz William und Kate Middleton und anderen Themen wie Migration oder die europ\u00e4ische Finanzkrise. Er koordiniert die Arbeit von mehr als 100 Fotografen und Bildredakteuren weltweit auf zwei Kontinenten. In seinem Aufgabenbereich entstand auch die Bildikone des Fotografen Burhan Ozbilici von der Ermordung des russischen Botschafters in der T\u00fcrkei, die dieses Jahr den World Press Preis gewonnen hat. Davor war er bei AP im Bereich Sport als Bildredakteur t\u00e4tig und hat 13 Olympische Spiele und f\u00fcnf Weltmeisterschaften begleitet. Seine Karriere begann bei der AllSport Fotoagentur nachdem er sein Studium an der Universit\u00e4t von Greenwich abgeschlossen hatte.<\/p>\n\n\n\n<p class=\"post__paragraph is-style-typo--soehne has-spacing--default\"><strong>Info<\/strong><br>Bildredakteur<\/p>\n\n\n\n<p class=\"post__paragraph is-style-typo--soehne has-spacing--default\"><a href=\"https:\/\/visualjournalism.de\/imagematters\/\"><strong>[IMAGE MATTERS]<br><\/strong><\/a>Vortragender, Autor<\/p>\n\n\n<\/div>\n<\/div>","protected":false},"excerpt":{"rendered":"","protected":false},"author":6,"featured_media":35302,"parent":0,"menu_order":0,"comment_status":"closed","ping_status":"closed","template":"","meta":{"_acf_changed":false,"footnotes":""},"class_list":["post-35456","page","type-page","status-publish","has-post-thumbnail","hentry"],"acf":[],"yoast_head":"<!-- This site is optimized with the Yoast SEO Premium plugin v27.2 (Yoast SEO v27.2) - https:\/\/yoast.com\/product\/yoast-seo-premium-wordpress\/ -->\n<title>Tony Hicks &#8211; Visual Journalism and Documentary Photography<\/title>\n<meta name=\"robots\" content=\"index, follow, max-snippet:-1, max-image-preview:large, max-video-preview:-1\" \/>\n<link rel=\"canonical\" href=\"https:\/\/visualjournalism.de\/en\/tony-hicks\/\" \/>\n<meta property=\"og:locale\" content=\"en_US\" \/>\n<meta property=\"og:type\" content=\"article\" \/>\n<meta property=\"og:title\" content=\"Tony Hicks\" \/>\n<meta property=\"og:url\" content=\"https:\/\/visualjournalism.de\/en\/tony-hicks\/\" \/>\n<meta property=\"og:site_name\" content=\"Visual Journalism and Documentary Photography\" \/>\n<meta property=\"article:publisher\" content=\"https:\/\/www.facebook.com\/people\/wwwfotostudentende\/100065173703897\/\" \/>\n<meta property=\"article:modified_time\" content=\"2024-10-06T11:21:20+00:00\" \/>\n<meta property=\"og:image\" content=\"https:\/\/visualjournalism.de\/wp-content\/uploads\/tony_hicks.jpg\" \/>\n\t<meta property=\"og:image:width\" content=\"1226\" \/>\n\t<meta property=\"og:image:height\" content=\"1600\" \/>\n\t<meta property=\"og:image:type\" content=\"image\/jpeg\" \/>\n<meta name=\"twitter:card\" content=\"summary_large_image\" \/>\n<meta name=\"twitter:site\" content=\"@HsHannover\" \/>\n<meta name=\"twitter:label1\" content=\"Est. reading time\" \/>\n\t<meta name=\"twitter:data1\" content=\"1 minute\" \/>\n<script type=\"application\/ld+json\" class=\"yoast-schema-graph\">{\"@context\":\"https:\/\/schema.org\",\"@graph\":[{\"@type\":\"WebPage\",\"@id\":\"https:\/\/visualjournalism.de\/en\/tony-hicks\/\",\"url\":\"https:\/\/visualjournalism.de\/en\/tony-hicks\/\",\"name\":\"Tony Hicks &#8211; Visual Journalism and Documentary Photography\",\"isPartOf\":{\"@id\":\"https:\/\/visualjournalism.de\/en\/#website\"},\"primaryImageOfPage\":{\"@id\":\"https:\/\/visualjournalism.de\/en\/tony-hicks\/#primaryimage\"},\"image\":{\"@id\":\"https:\/\/visualjournalism.de\/en\/tony-hicks\/#primaryimage\"},\"thumbnailUrl\":\"https:\/\/visualjournalism.de\/wp-content\/uploads\/tony_hicks.jpg\",\"datePublished\":\"2024-01-12T12:08:49+00:00\",\"dateModified\":\"2024-10-06T11:21:20+00:00\",\"breadcrumb\":{\"@id\":\"https:\/\/visualjournalism.de\/en\/tony-hicks\/#breadcrumb\"},\"inLanguage\":\"en-US\",\"potentialAction\":[{\"@type\":\"ReadAction\",\"target\":[\"https:\/\/visualjournalism.de\/en\/tony-hicks\/\"]}]},{\"@type\":\"ImageObject\",\"inLanguage\":\"en-US\",\"@id\":\"https:\/\/visualjournalism.de\/en\/tony-hicks\/#primaryimage\",\"url\":\"https:\/\/visualjournalism.de\/wp-content\/uploads\/tony_hicks.jpg\",\"contentUrl\":\"https:\/\/visualjournalism.de\/wp-content\/uploads\/tony_hicks.jpg\",\"width\":1226,\"height\":1600,\"caption\":\"at the FINA Swimming World Championships in Barcelona, Spain, Thursday, Aug. 1, 2013. (AP Photo\/Daniel Ochoa de Olza)\"},{\"@type\":\"BreadcrumbList\",\"@id\":\"https:\/\/visualjournalism.de\/en\/tony-hicks\/#breadcrumb\",\"itemListElement\":[{\"@type\":\"ListItem\",\"position\":1,\"name\":\"Home\",\"item\":\"https:\/\/visualjournalism.de\/en\/\"},{\"@type\":\"ListItem\",\"position\":2,\"name\":\"Tony Hicks\"}]},{\"@type\":\"WebSite\",\"@id\":\"https:\/\/visualjournalism.de\/en\/#website\",\"url\":\"https:\/\/visualjournalism.de\/en\/\",\"name\":\"Visual Journalism and Documentary Photography\",\"description\":\"All about the bilingual bachelor&#039;s program at Hannover University of Applied Sciences and Arts.\",\"publisher\":{\"@id\":\"https:\/\/visualjournalism.de\/en\/#organization\"},\"alternateName\":\"visualjournalism.de\",\"potentialAction\":[{\"@type\":\"SearchAction\",\"target\":{\"@type\":\"EntryPoint\",\"urlTemplate\":\"https:\/\/visualjournalism.de\/en\/?s={search_term_string}\"},\"query-input\":{\"@type\":\"PropertyValueSpecification\",\"valueRequired\":true,\"valueName\":\"search_term_string\"}}],\"inLanguage\":\"en-US\"},{\"@type\":\"Organization\",\"@id\":\"https:\/\/visualjournalism.de\/en\/#organization\",\"name\":\"Hochschule Hannover \u2013 University of Applied Sciences and Arts\",\"alternateName\":\"HsH\",\"url\":\"https:\/\/visualjournalism.de\/en\/\",\"logo\":{\"@type\":\"ImageObject\",\"inLanguage\":\"en-US\",\"@id\":\"https:\/\/visualjournalism.de\/en\/#\/schema\/logo\/image\/\",\"url\":\"https:\/\/visualjournalism.de\/wp-content\/uploads\/logo-hochschule-hannover.png\",\"contentUrl\":\"https:\/\/visualjournalism.de\/wp-content\/uploads\/logo-hochschule-hannover.png\",\"width\":363,\"height\":270,\"caption\":\"Hochschule Hannover \u2013 University of Applied Sciences and Arts\"},\"image\":{\"@id\":\"https:\/\/visualjournalism.de\/en\/#\/schema\/logo\/image\/\"},\"sameAs\":[\"https:\/\/www.facebook.com\/people\/wwwfotostudentende\/100065173703897\/\",\"https:\/\/x.com\/HsHannover\",\"https:\/\/www.instagram.com\/visualjournalism.de\/\"]}]}<\/script>\n<!-- \/ Yoast SEO Premium plugin. -->","yoast_head_json":{"title":"Tony Hicks &#8211; Visual Journalism and Documentary Photography","robots":{"index":"index","follow":"follow","max-snippet":"max-snippet:-1","max-image-preview":"max-image-preview:large","max-video-preview":"max-video-preview:-1"},"canonical":"https:\/\/visualjournalism.de\/en\/tony-hicks\/","og_locale":"en_US","og_type":"article","og_title":"Tony Hicks","og_url":"https:\/\/visualjournalism.de\/en\/tony-hicks\/","og_site_name":"Visual Journalism and Documentary Photography","article_publisher":"https:\/\/www.facebook.com\/people\/wwwfotostudentende\/100065173703897\/","article_modified_time":"2024-10-06T11:21:20+00:00","og_image":[{"width":1226,"height":1600,"url":"https:\/\/visualjournalism.de\/wp-content\/uploads\/tony_hicks.jpg","type":"image\/jpeg"}],"twitter_card":"summary_large_image","twitter_site":"@HsHannover","twitter_misc":{"Est. reading time":"1 minute"},"schema":{"@context":"https:\/\/schema.org","@graph":[{"@type":"WebPage","@id":"https:\/\/visualjournalism.de\/en\/tony-hicks\/","url":"https:\/\/visualjournalism.de\/en\/tony-hicks\/","name":"Tony Hicks &#8211; Visual Journalism and Documentary Photography","isPartOf":{"@id":"https:\/\/visualjournalism.de\/en\/#website"},"primaryImageOfPage":{"@id":"https:\/\/visualjournalism.de\/en\/tony-hicks\/#primaryimage"},"image":{"@id":"https:\/\/visualjournalism.de\/en\/tony-hicks\/#primaryimage"},"thumbnailUrl":"https:\/\/visualjournalism.de\/wp-content\/uploads\/tony_hicks.jpg","datePublished":"2024-01-12T12:08:49+00:00","dateModified":"2024-10-06T11:21:20+00:00","breadcrumb":{"@id":"https:\/\/visualjournalism.de\/en\/tony-hicks\/#breadcrumb"},"inLanguage":"en-US","potentialAction":[{"@type":"ReadAction","target":["https:\/\/visualjournalism.de\/en\/tony-hicks\/"]}]},{"@type":"ImageObject","inLanguage":"en-US","@id":"https:\/\/visualjournalism.de\/en\/tony-hicks\/#primaryimage","url":"https:\/\/visualjournalism.de\/wp-content\/uploads\/tony_hicks.jpg","contentUrl":"https:\/\/visualjournalism.de\/wp-content\/uploads\/tony_hicks.jpg","width":1226,"height":1600,"caption":"at the FINA Swimming World Championships in Barcelona, Spain, Thursday, Aug. 1, 2013. (AP Photo\/Daniel Ochoa de Olza)"},{"@type":"BreadcrumbList","@id":"https:\/\/visualjournalism.de\/en\/tony-hicks\/#breadcrumb","itemListElement":[{"@type":"ListItem","position":1,"name":"Home","item":"https:\/\/visualjournalism.de\/en\/"},{"@type":"ListItem","position":2,"name":"Tony Hicks"}]},{"@type":"WebSite","@id":"https:\/\/visualjournalism.de\/en\/#website","url":"https:\/\/visualjournalism.de\/en\/","name":"Visual Journalism and Documentary Photography","description":"All about the bilingual bachelor&#039;s program at Hannover University of Applied Sciences and Arts.","publisher":{"@id":"https:\/\/visualjournalism.de\/en\/#organization"},"alternateName":"visualjournalism.de","potentialAction":[{"@type":"SearchAction","target":{"@type":"EntryPoint","urlTemplate":"https:\/\/visualjournalism.de\/en\/?s={search_term_string}"},"query-input":{"@type":"PropertyValueSpecification","valueRequired":true,"valueName":"search_term_string"}}],"inLanguage":"en-US"},{"@type":"Organization","@id":"https:\/\/visualjournalism.de\/en\/#organization","name":"Hochschule Hannover \u2013 University of Applied Sciences and Arts","alternateName":"HsH","url":"https:\/\/visualjournalism.de\/en\/","logo":{"@type":"ImageObject","inLanguage":"en-US","@id":"https:\/\/visualjournalism.de\/en\/#\/schema\/logo\/image\/","url":"https:\/\/visualjournalism.de\/wp-content\/uploads\/logo-hochschule-hannover.png","contentUrl":"https:\/\/visualjournalism.de\/wp-content\/uploads\/logo-hochschule-hannover.png","width":363,"height":270,"caption":"Hochschule Hannover \u2013 University of Applied Sciences and Arts"},"image":{"@id":"https:\/\/visualjournalism.de\/en\/#\/schema\/logo\/image\/"},"sameAs":["https:\/\/www.facebook.com\/people\/wwwfotostudentende\/100065173703897\/","https:\/\/x.com\/HsHannover","https:\/\/www.instagram.com\/visualjournalism.de\/"]}]}},"_links":{"self":[{"href":"https:\/\/visualjournalism.de\/en\/wp-json\/wp\/v2\/pages\/35456","targetHints":{"allow":["GET"]}}],"collection":[{"href":"https:\/\/visualjournalism.de\/en\/wp-json\/wp\/v2\/pages"}],"about":[{"href":"https:\/\/visualjournalism.de\/en\/wp-json\/wp\/v2\/types\/page"}],"author":[{"embeddable":true,"href":"https:\/\/visualjournalism.de\/en\/wp-json\/wp\/v2\/users\/6"}],"replies":[{"embeddable":true,"href":"https:\/\/visualjournalism.de\/en\/wp-json\/wp\/v2\/comments?post=35456"}],"version-history":[{"count":0,"href":"https:\/\/visualjournalism.de\/en\/wp-json\/wp\/v2\/pages\/35456\/revisions"}],"wp:featuredmedia":[{"embeddable":true,"href":"https:\/\/visualjournalism.de\/en\/wp-json\/wp\/v2\/media\/35302"}],"wp:attachment":[{"href":"https:\/\/visualjournalism.de\/en\/wp-json\/wp\/v2\/media?parent=35456"}],"curies":[{"name":"wp","href":"https:\/\/api.w.org\/{rel}","templated":true}]}}