{"id":41323,"date":"2025-01-21T21:09:43","date_gmt":"2025-01-21T21:09:43","guid":{"rendered":"https:\/\/visualjournalism.de\/?page_id=41323"},"modified":"2025-01-21T21:11:23","modified_gmt":"2025-01-21T21:11:23","slug":"eyad-abou-kasem","status":"publish","type":"page","link":"https:\/\/visualjournalism.de\/en\/eyad-abou-kasem\/","title":{"rendered":"Eyad Abou Kasem"},"content":{"rendered":"\n \n\n    <div id=\"lead-in-block_aa36f0ac1b4c4b21f395aa26b29a228d\" class=\"block-lead-in typo--default font-size--xl has-spacing--m width--default\">\n        <h1>Eyad Abou Kasem<\/h1>\n    <\/div>\n\n\n\n\n<div class=\"pinned-block has-spacing--xs\">\n\t\n\n<div class=\"pinned-block__column--left\">\n    \n    <figure class=\"block-photo post__image--full has-spacing--m no-title\">\n\n        <div class=\"post__image__container\">\n            <img loading=\"lazy\" decoding=\"async\" \n                src=\"https:\/\/visualjournalism.de\/wp-content\/uploads\/Eyad-Abou-Kasem-1400x1400.jpeg\"\n                srcset=\"https:\/\/visualjournalism.de\/wp-content\/uploads\/Eyad-Abou-Kasem-1400x1400.jpeg 1400w, https:\/\/visualjournalism.de\/wp-content\/uploads\/Eyad-Abou-Kasem-300x300.jpeg 300w, https:\/\/visualjournalism.de\/wp-content\/uploads\/Eyad-Abou-Kasem-1024x1024.jpeg 1024w, https:\/\/visualjournalism.de\/wp-content\/uploads\/Eyad-Abou-Kasem-150x150.jpeg 150w, https:\/\/visualjournalism.de\/wp-content\/uploads\/Eyad-Abou-Kasem-768x768.jpeg 768w, https:\/\/visualjournalism.de\/wp-content\/uploads\/Eyad-Abou-Kasem-1536x1536.jpeg 1536w, https:\/\/visualjournalism.de\/wp-content\/uploads\/Eyad-Abou-Kasem-1920x1920.jpeg 1920w, https:\/\/visualjournalism.de\/wp-content\/uploads\/Eyad-Abou-Kasem-1050x1050.jpeg 1050w, https:\/\/visualjournalism.de\/wp-content\/uploads\/Eyad-Abou-Kasem-670x670.jpeg 670w, https:\/\/visualjournalism.de\/wp-content\/uploads\/Eyad-Abou-Kasem-420x420.jpeg 420w, https:\/\/visualjournalism.de\/wp-content\/uploads\/Eyad-Abou-Kasem-350x350.jpeg 350w, https:\/\/visualjournalism.de\/wp-content\/uploads\/Eyad-Abou-Kasem-52x52.jpeg 52w, https:\/\/visualjournalism.de\/wp-content\/uploads\/Eyad-Abou-Kasem-68x68.jpeg 68w, https:\/\/visualjournalism.de\/wp-content\/uploads\/Eyad-Abou-Kasem-96x96.jpeg 96w, https:\/\/visualjournalism.de\/wp-content\/uploads\/Eyad-Abou-Kasem.jpeg 2048w\"\n                width=\"1400\" \n                height=\"1400\"\n                alt=\"\" \n            \/>\n            \n                    <\/div><!-- post__image__container -->\n\n        \n    <\/figure><!-- post__image -->\n\n\n\n<\/div>\n\n\n<div class=\"pinned-block__column--right\">\n    \n\n<p class=\"post__paragraph is-style-typo--soehne has-spacing--default\"><strong>Eyad<\/strong> <strong>Abou Kasem<\/strong>, 1986 im syrischen Damaskus geborenen, ist Dokumentarfotograf und bildender K\u00fcnstler. In seinen Arbeiten besch\u00e4ftigt er sich mit Themen wie Migration, Identit\u00e4t und den Auswirkungen von Konflikten auf Individuen und Gemeinschaften. Eyad ist Absolvent der Fakult\u00e4t f\u00fcr Literatur in Damaskus und studiert derzeit Visual Journalism and Documentary Photography an der Hochschule Hannover.<\/p>\n\n\n\n<p class=\"post__paragraph is-style-typo--soehne has-spacing--default\">Insta: @eyad.aboukasem<br>E-Mail: sayheyeyad@gmail.com<\/p>\n\n\n\n<p class=\"post__paragraph has-spacing--default\"><\/p>\n\n\n<\/div>\n<\/div>\n\n\n<div class=\"devider has-spacing--none\">\n    <hr>\n<\/div>\n\n\n \n\n    <div id=\"lead-in-block_e9f36067922afd82697c8df65bdc63fe\" class=\"block-lead-in typo--default font-size--xl has-spacing--xs width--default\">\n        <h2>Eyads Beitr\u00e4ge<\/h2>\n    <\/div>\n\n\n\n\r\n<article class=\"post-teaser teaser-single--full has-spacing--xs post-39862 magazin type-magazin status-publish has-post-thumbnail hentry magazinkategorie-auf-den-spuren-von\">\r\n\t<header class=\"entry-header\">\r\n\r\n\t\t<div class=\"entry-categories\">\n\t<a class=\"post__tag\" href=\"https:\/\/visualjournalism.de\/magazin-kategorie\/auf-den-spuren-von\/\" rel=\"category tag\">Auf den Spuren von&#8230;<\/a><\/div>\r\n\t\t<a href=\"https:\/\/visualjournalism.de\/en\/magazine\/auf-den-spuren-von\/erwachsenwerden-ohne-gebrauchsanweisung\/\" rel=\"bookmark\">\r\n\t\t\t<h2 class=\"entry-title\">Erwachsenwerden ohne Gebrauchsanweisung.<\/h2>\r\n\t\t\t<p class=\"entry-excerpt\">Als Kind dachte Burcu, mit 1,70 Metern sei man erwachsen. Heute, mit 26, fragt sie sich: Was bedeutet es wirklich, das Leben selbst in die Hand zu nehmen?<\/p>\r\n\t\t<\/a>\r\n\r\n\t<\/header><!-- .entry-header -->\r\n\r\n\t<figure class=\"post__image\">\r\n\t\t<a href=\"https:\/\/visualjournalism.de\/en\/magazine\/auf-den-spuren-von\/erwachsenwerden-ohne-gebrauchsanweisung\/\" rel=\"bookmark\">\r\n\t\t\t<video class=\"post__video\" autoplay loop muted playsinline>\n\t<source src=\"https:\/\/visualjournalism.de\/wp-content\/uploads\/Burcu_Erwachsenwerden-loop.mp4\" type=\"video\/mp4\">\n\tYour browser does not support the video tag.\n<\/video>\t\t<\/a>\r\n\t<\/figure><!-- .post__image -->\r\n\r\n<\/article>\r\n\n\n\n<div class=\"wp-block-group has-spacing--default has-spacing--default\">\n<div class=\"devider has-spacing--none\">\n    <hr>\n<\/div>\n\n\n \n\n    <div id=\"lead-in-block_4a2a074cb2d2be6f1b8271e2297c000a\" class=\"block-lead-in typo--default font-size--xl has-spacing--s width--default\">\n        <p><strong>Empfehlungen der Redaktion:<\/strong><\/p>\n    <\/div>\n\n\n\n\r\n\r\n\r\n\n\n\r\n\r\n\r\n\r\n        <div class=\"teaser-grid grid-layout--3col has-spacing--s width--inline\">\r\n\r\n            \r\n                <article class=\"post-teaser\">\r\n\r\n                    <a href=\"https:\/\/visualjournalism.de\/en\/magazine\/sammeln\/stress-im-alltag-atmen-trotz-allem\/\" rel=\"permalink\">\r\n\r\n                        <div class=\"post-teaser__content\">\r\n\r\n                            <span class=\"entry-categories\">Sammeln<\/span>\r\n                            <h3 class=\"post-teaser__headline\">\r\n                                Atmen trotz allem                            <\/h3>\r\n\r\n                            <div class=\"post-teaser__excerpt\">\r\n                                <p>Die Welt wird lauter, die Jugend ersch\u00f6pfter \u2013 und Selbstf\u00fcrsorge zum Privileg. Wo junge Menschen heute noch Kraft finden.<\/p>\r\n                            <\/div>\r\n\r\n                        <\/div><!-- .post-teaser__content -->\r\n\r\n\r\n                        \r\n                            <figure class=\"post-teaser__image\">\r\n                                <img loading=\"lazy\" decoding=\"async\"  \r\n                                    src=\"https:\/\/visualjournalism.de\/wp-content\/uploads\/Yael-Wagner00002-768x512.jpg\" \r\n                                    srcset=\"https:\/\/visualjournalism.de\/wp-content\/uploads\/Yael-Wagner00002-768x512.jpg 768w, https:\/\/visualjournalism.de\/wp-content\/uploads\/Yael-Wagner00002-300x200.jpg 300w, https:\/\/visualjournalism.de\/wp-content\/uploads\/Yael-Wagner00002-1024x683.jpg 1024w, https:\/\/visualjournalism.de\/wp-content\/uploads\/Yael-Wagner00002-1536x1024.jpg 1536w, https:\/\/visualjournalism.de\/wp-content\/uploads\/Yael-Wagner00002-2048x1365.jpg 2048w, https:\/\/visualjournalism.de\/wp-content\/uploads\/Yael-Wagner00002-1920x1280.jpg 1920w, https:\/\/visualjournalism.de\/wp-content\/uploads\/Yael-Wagner00002-1400x933.jpg 1400w, https:\/\/visualjournalism.de\/wp-content\/uploads\/Yael-Wagner00002-1050x700.jpg 1050w, https:\/\/visualjournalism.de\/wp-content\/uploads\/Yael-Wagner00002-670x447.jpg 670w, https:\/\/visualjournalism.de\/wp-content\/uploads\/Yael-Wagner00002-420x280.jpg 420w, https:\/\/visualjournalism.de\/wp-content\/uploads\/Yael-Wagner00002-350x233.jpg 350w, https:\/\/visualjournalism.de\/wp-content\/uploads\/Yael-Wagner00002-150x100.jpg 150w\" \r\n                                    width=\"768\"  \r\n                                    height=\"512\" \r\n                                    alt=\"\"\r\n                                \/>\r\n                            <\/figure>\r\n\r\n                        \r\n                    \r\n                    <\/a>\r\n\r\n                <\/article><!--- .post-teaser-->\r\n\r\n            \r\n                <article class=\"post-teaser\">\r\n\r\n                    <a href=\"https:\/\/visualjournalism.de\/en\/magazine\/ratgeber\/wie-du-deine-portraets-neu-denken-kannst\/\" rel=\"permalink\">\r\n\r\n                        <div class=\"post-teaser__content\">\r\n\r\n                            <span class=\"entry-categories\">Ratgeber<\/span>\r\n                            <h3 class=\"post-teaser__headline\">\r\n                                Wie du deine Portr\u00e4ts neu denken kannst.                            <\/h3>\r\n\r\n                            <div class=\"post-teaser__excerpt\">\r\n                                <p>Wenn uns Portr\u00e4ts tief ber\u00fchren, aufr\u00fctteln oder in den Bann ziehen, ist das ein sicheres Anzeichen f\u00fcr ein starkes Bild. Doch wie gelingt das? Hier findest du konkrete Ans\u00e4tze und Tipps von Expert*innen aus der Praxis.<\/p>\r\n                            <\/div>\r\n\r\n                        <\/div><!-- .post-teaser__content -->\r\n\r\n\r\n                        \r\n                            <figure class=\"post-teaser__image\">\r\n                                <img loading=\"lazy\" decoding=\"async\"  \r\n                                    src=\"https:\/\/visualjournalism.de\/wp-content\/uploads\/Portraits-China-Hopsen-768x674.jpg\" \r\n                                    srcset=\"https:\/\/visualjournalism.de\/wp-content\/uploads\/Portraits-China-Hopsen-768x674.jpg 768w, https:\/\/visualjournalism.de\/wp-content\/uploads\/Portraits-China-Hopsen-300x263.jpg 300w, https:\/\/visualjournalism.de\/wp-content\/uploads\/Portraits-China-Hopsen-1024x899.jpg 1024w, https:\/\/visualjournalism.de\/wp-content\/uploads\/Portraits-China-Hopsen-1536x1348.jpg 1536w, https:\/\/visualjournalism.de\/wp-content\/uploads\/Portraits-China-Hopsen-2048x1797.jpg 2048w, https:\/\/visualjournalism.de\/wp-content\/uploads\/Portraits-China-Hopsen-1920x1685.jpg 1920w, https:\/\/visualjournalism.de\/wp-content\/uploads\/Portraits-China-Hopsen-1400x1229.jpg 1400w, https:\/\/visualjournalism.de\/wp-content\/uploads\/Portraits-China-Hopsen-1050x922.jpg 1050w, https:\/\/visualjournalism.de\/wp-content\/uploads\/Portraits-China-Hopsen-670x588.jpg 670w, https:\/\/visualjournalism.de\/wp-content\/uploads\/Portraits-China-Hopsen-420x369.jpg 420w, https:\/\/visualjournalism.de\/wp-content\/uploads\/Portraits-China-Hopsen-350x307.jpg 350w, https:\/\/visualjournalism.de\/wp-content\/uploads\/Portraits-China-Hopsen-150x132.jpg 150w\" \r\n                                    width=\"768\"  \r\n                                    height=\"674\" \r\n                                    alt=\"Auswahl von 6 verschieden Porraits Abwechslung von nah und distanizert\"\r\n                                \/>\r\n                            <\/figure>\r\n\r\n                        \r\n                    \r\n                    <\/a>\r\n\r\n                <\/article><!--- .post-teaser-->\r\n\r\n            \r\n                <article class=\"post-teaser\">\r\n\r\n                    <a href=\"https:\/\/visualjournalism.de\/en\/magazine\/ratgeber\/die-sache-mit-der-motivation\/\" rel=\"permalink\">\r\n\r\n                        <div class=\"post-teaser__content\">\r\n\r\n                            <span class=\"entry-categories\">Ratgeber<\/span>\r\n                            <h3 class=\"post-teaser__headline\">\r\n                                Die Sache mit der Motivation.                            <\/h3>\r\n\r\n                            <div class=\"post-teaser__excerpt\">\r\n                                <p>Auch wenn man seine Leidenschaft zum Beruf macht, wird einem die Motivation ab und an den R\u00fccken kehren. Wenn die Freude zur Qual wird und wie wir uns die Lust an der Arbeit zur\u00fcck erobern!<\/p>\r\n                            <\/div>\r\n\r\n                        <\/div><!-- .post-teaser__content -->\r\n\r\n\r\n                        \r\n                            <figure class=\"post-teaser__image\">\r\n                                <img loading=\"lazy\" decoding=\"async\"  \r\n                                    src=\"https:\/\/visualjournalism.de\/wp-content\/uploads\/2025\/12\/Max-Schlag_Carlotta-Steinkamp-768x512.jpeg\" \r\n                                    srcset=\"https:\/\/visualjournalism.de\/wp-content\/uploads\/2025\/12\/Max-Schlag_Carlotta-Steinkamp-768x512.jpeg 768w, https:\/\/visualjournalism.de\/wp-content\/uploads\/2025\/12\/Max-Schlag_Carlotta-Steinkamp-300x200.jpeg 300w, https:\/\/visualjournalism.de\/wp-content\/uploads\/2025\/12\/Max-Schlag_Carlotta-Steinkamp-1024x683.jpeg 1024w, https:\/\/visualjournalism.de\/wp-content\/uploads\/2025\/12\/Max-Schlag_Carlotta-Steinkamp-1536x1024.jpeg 1536w, https:\/\/visualjournalism.de\/wp-content\/uploads\/2025\/12\/Max-Schlag_Carlotta-Steinkamp-1920x1280.jpeg 1920w, https:\/\/visualjournalism.de\/wp-content\/uploads\/2025\/12\/Max-Schlag_Carlotta-Steinkamp-1400x933.jpeg 1400w, https:\/\/visualjournalism.de\/wp-content\/uploads\/2025\/12\/Max-Schlag_Carlotta-Steinkamp-1050x700.jpeg 1050w, https:\/\/visualjournalism.de\/wp-content\/uploads\/2025\/12\/Max-Schlag_Carlotta-Steinkamp-670x447.jpeg 670w, https:\/\/visualjournalism.de\/wp-content\/uploads\/2025\/12\/Max-Schlag_Carlotta-Steinkamp-420x280.jpeg 420w, https:\/\/visualjournalism.de\/wp-content\/uploads\/2025\/12\/Max-Schlag_Carlotta-Steinkamp-350x233.jpeg 350w, https:\/\/visualjournalism.de\/wp-content\/uploads\/2025\/12\/Max-Schlag_Carlotta-Steinkamp-150x100.jpeg 150w, https:\/\/visualjournalism.de\/wp-content\/uploads\/2025\/12\/Max-Schlag_Carlotta-Steinkamp.jpeg 2048w\" \r\n                                    width=\"768\"  \r\n                                    height=\"512\" \r\n                                    alt=\"\"\r\n                                \/>\r\n                            <\/figure>\r\n\r\n                        \r\n                    \r\n                    <\/a>\r\n\r\n                <\/article><!--- .post-teaser-->\r\n\r\n            \r\n        <\/div><!-- .teaser-grid -->\r\n\r\n\n\n\r\n\r\n\r\n\n\n\n    <div class=\"btn-wrapper has-spacing--m\">\n        <a class=\"btn\" href=\"https:\/\/visualjournalism.de\/magazin\/\" target=\"_blank\">ZUR MAGAZIN-STARTSEITE<\/a>\n    <\/div>\n<\/div>\n","protected":false},"excerpt":{"rendered":"","protected":false},"author":76,"featured_media":0,"parent":0,"menu_order":0,"comment_status":"closed","ping_status":"closed","template":"","meta":{"_acf_changed":false,"footnotes":""},"class_list":["post-41323","page","type-page","status-publish","hentry"],"acf":[],"yoast_head":"<!-- This site is optimized with the Yoast SEO Premium plugin v27.3 (Yoast SEO v27.3) - https:\/\/yoast.com\/product\/yoast-seo-premium-wordpress\/ -->\n<title>Eyad Abou Kasem &#8211; Visual Journalism and Documentary Photography<\/title>\n<meta name=\"robots\" content=\"index, follow, max-snippet:-1, max-image-preview:large, max-video-preview:-1\" \/>\n<link rel=\"canonical\" href=\"https:\/\/visualjournalism.de\/en\/eyad-abou-kasem\/\" \/>\n<meta property=\"og:locale\" content=\"en_US\" \/>\n<meta property=\"og:type\" content=\"article\" \/>\n<meta property=\"og:title\" content=\"Eyad Abou Kasem\" \/>\n<meta property=\"og:url\" content=\"https:\/\/visualjournalism.de\/en\/eyad-abou-kasem\/\" \/>\n<meta property=\"og:site_name\" content=\"Visual Journalism and Documentary Photography\" \/>\n<meta property=\"article:publisher\" content=\"https:\/\/www.facebook.com\/people\/wwwfotostudentende\/100065173703897\/\" \/>\n<meta property=\"article:modified_time\" content=\"2025-01-21T21:11:23+00:00\" \/>\n<meta name=\"twitter:card\" content=\"summary_large_image\" \/>\n<meta name=\"twitter:site\" content=\"@HsHannover\" \/>\n<meta name=\"twitter:label1\" content=\"Est. reading time\" \/>\n\t<meta name=\"twitter:data1\" content=\"1 minute\" \/>\n<script type=\"application\/ld+json\" class=\"yoast-schema-graph\">{\"@context\":\"https:\\\/\\\/schema.org\",\"@graph\":[{\"@type\":\"WebPage\",\"@id\":\"https:\\\/\\\/visualjournalism.de\\\/en\\\/eyad-abou-kasem\\\/\",\"url\":\"https:\\\/\\\/visualjournalism.de\\\/en\\\/eyad-abou-kasem\\\/\",\"name\":\"Eyad Abou Kasem &#8211; Visual Journalism and Documentary Photography\",\"isPartOf\":{\"@id\":\"https:\\\/\\\/visualjournalism.de\\\/en\\\/#website\"},\"datePublished\":\"2025-01-21T21:09:43+00:00\",\"dateModified\":\"2025-01-21T21:11:23+00:00\",\"breadcrumb\":{\"@id\":\"https:\\\/\\\/visualjournalism.de\\\/en\\\/eyad-abou-kasem\\\/#breadcrumb\"},\"inLanguage\":\"en-US\",\"potentialAction\":[{\"@type\":\"ReadAction\",\"target\":[\"https:\\\/\\\/visualjournalism.de\\\/en\\\/eyad-abou-kasem\\\/\"]}]},{\"@type\":\"BreadcrumbList\",\"@id\":\"https:\\\/\\\/visualjournalism.de\\\/en\\\/eyad-abou-kasem\\\/#breadcrumb\",\"itemListElement\":[{\"@type\":\"ListItem\",\"position\":1,\"name\":\"Home\",\"item\":\"https:\\\/\\\/visualjournalism.de\\\/en\\\/\"},{\"@type\":\"ListItem\",\"position\":2,\"name\":\"Eyad Abou Kasem\"}]},{\"@type\":\"WebSite\",\"@id\":\"https:\\\/\\\/visualjournalism.de\\\/en\\\/#website\",\"url\":\"https:\\\/\\\/visualjournalism.de\\\/en\\\/\",\"name\":\"Visual Journalism and Documentary Photography\",\"description\":\"All about the bilingual bachelor&#039;s program at Hannover University of Applied Sciences and Arts.\",\"publisher\":{\"@id\":\"https:\\\/\\\/visualjournalism.de\\\/en\\\/#organization\"},\"alternateName\":\"visualjournalism.de\",\"potentialAction\":[{\"@type\":\"SearchAction\",\"target\":{\"@type\":\"EntryPoint\",\"urlTemplate\":\"https:\\\/\\\/visualjournalism.de\\\/en\\\/?s={search_term_string}\"},\"query-input\":{\"@type\":\"PropertyValueSpecification\",\"valueRequired\":true,\"valueName\":\"search_term_string\"}}],\"inLanguage\":\"en-US\"},{\"@type\":\"Organization\",\"@id\":\"https:\\\/\\\/visualjournalism.de\\\/en\\\/#organization\",\"name\":\"Hochschule Hannover \u2013 University of Applied Sciences and Arts\",\"alternateName\":\"HsH\",\"url\":\"https:\\\/\\\/visualjournalism.de\\\/en\\\/\",\"logo\":{\"@type\":\"ImageObject\",\"inLanguage\":\"en-US\",\"@id\":\"https:\\\/\\\/visualjournalism.de\\\/en\\\/#\\\/schema\\\/logo\\\/image\\\/\",\"url\":\"https:\\\/\\\/visualjournalism.de\\\/wp-content\\\/uploads\\\/logo-hochschule-hannover.png\",\"contentUrl\":\"https:\\\/\\\/visualjournalism.de\\\/wp-content\\\/uploads\\\/logo-hochschule-hannover.png\",\"width\":363,\"height\":270,\"caption\":\"Hochschule Hannover \u2013 University of Applied Sciences and Arts\"},\"image\":{\"@id\":\"https:\\\/\\\/visualjournalism.de\\\/en\\\/#\\\/schema\\\/logo\\\/image\\\/\"},\"sameAs\":[\"https:\\\/\\\/www.facebook.com\\\/people\\\/wwwfotostudentende\\\/100065173703897\\\/\",\"https:\\\/\\\/x.com\\\/HsHannover\",\"https:\\\/\\\/www.instagram.com\\\/visualjournalism.de\\\/\"]}]}<\/script>\n<!-- \/ Yoast SEO Premium plugin. -->","yoast_head_json":{"title":"Eyad Abou Kasem &#8211; Visual Journalism and Documentary Photography","robots":{"index":"index","follow":"follow","max-snippet":"max-snippet:-1","max-image-preview":"max-image-preview:large","max-video-preview":"max-video-preview:-1"},"canonical":"https:\/\/visualjournalism.de\/en\/eyad-abou-kasem\/","og_locale":"en_US","og_type":"article","og_title":"Eyad Abou Kasem","og_url":"https:\/\/visualjournalism.de\/en\/eyad-abou-kasem\/","og_site_name":"Visual Journalism and Documentary Photography","article_publisher":"https:\/\/www.facebook.com\/people\/wwwfotostudentende\/100065173703897\/","article_modified_time":"2025-01-21T21:11:23+00:00","twitter_card":"summary_large_image","twitter_site":"@HsHannover","twitter_misc":{"Est. reading time":"1 minute"},"schema":{"@context":"https:\/\/schema.org","@graph":[{"@type":"WebPage","@id":"https:\/\/visualjournalism.de\/en\/eyad-abou-kasem\/","url":"https:\/\/visualjournalism.de\/en\/eyad-abou-kasem\/","name":"Eyad Abou Kasem &#8211; Visual Journalism and Documentary Photography","isPartOf":{"@id":"https:\/\/visualjournalism.de\/en\/#website"},"datePublished":"2025-01-21T21:09:43+00:00","dateModified":"2025-01-21T21:11:23+00:00","breadcrumb":{"@id":"https:\/\/visualjournalism.de\/en\/eyad-abou-kasem\/#breadcrumb"},"inLanguage":"en-US","potentialAction":[{"@type":"ReadAction","target":["https:\/\/visualjournalism.de\/en\/eyad-abou-kasem\/"]}]},{"@type":"BreadcrumbList","@id":"https:\/\/visualjournalism.de\/en\/eyad-abou-kasem\/#breadcrumb","itemListElement":[{"@type":"ListItem","position":1,"name":"Home","item":"https:\/\/visualjournalism.de\/en\/"},{"@type":"ListItem","position":2,"name":"Eyad Abou Kasem"}]},{"@type":"WebSite","@id":"https:\/\/visualjournalism.de\/en\/#website","url":"https:\/\/visualjournalism.de\/en\/","name":"Visual Journalism and Documentary Photography","description":"All about the bilingual bachelor&#039;s program at Hannover University of Applied Sciences and Arts.","publisher":{"@id":"https:\/\/visualjournalism.de\/en\/#organization"},"alternateName":"visualjournalism.de","potentialAction":[{"@type":"SearchAction","target":{"@type":"EntryPoint","urlTemplate":"https:\/\/visualjournalism.de\/en\/?s={search_term_string}"},"query-input":{"@type":"PropertyValueSpecification","valueRequired":true,"valueName":"search_term_string"}}],"inLanguage":"en-US"},{"@type":"Organization","@id":"https:\/\/visualjournalism.de\/en\/#organization","name":"Hochschule Hannover \u2013 University of Applied Sciences and Arts","alternateName":"HsH","url":"https:\/\/visualjournalism.de\/en\/","logo":{"@type":"ImageObject","inLanguage":"en-US","@id":"https:\/\/visualjournalism.de\/en\/#\/schema\/logo\/image\/","url":"https:\/\/visualjournalism.de\/wp-content\/uploads\/logo-hochschule-hannover.png","contentUrl":"https:\/\/visualjournalism.de\/wp-content\/uploads\/logo-hochschule-hannover.png","width":363,"height":270,"caption":"Hochschule Hannover \u2013 University of Applied Sciences and Arts"},"image":{"@id":"https:\/\/visualjournalism.de\/en\/#\/schema\/logo\/image\/"},"sameAs":["https:\/\/www.facebook.com\/people\/wwwfotostudentende\/100065173703897\/","https:\/\/x.com\/HsHannover","https:\/\/www.instagram.com\/visualjournalism.de\/"]}]}},"_links":{"self":[{"href":"https:\/\/visualjournalism.de\/en\/wp-json\/wp\/v2\/pages\/41323","targetHints":{"allow":["GET"]}}],"collection":[{"href":"https:\/\/visualjournalism.de\/en\/wp-json\/wp\/v2\/pages"}],"about":[{"href":"https:\/\/visualjournalism.de\/en\/wp-json\/wp\/v2\/types\/page"}],"author":[{"embeddable":true,"href":"https:\/\/visualjournalism.de\/en\/wp-json\/wp\/v2\/users\/76"}],"replies":[{"embeddable":true,"href":"https:\/\/visualjournalism.de\/en\/wp-json\/wp\/v2\/comments?post=41323"}],"version-history":[{"count":0,"href":"https:\/\/visualjournalism.de\/en\/wp-json\/wp\/v2\/pages\/41323\/revisions"}],"wp:attachment":[{"href":"https:\/\/visualjournalism.de\/en\/wp-json\/wp\/v2\/media?parent=41323"}],"curies":[{"name":"wp","href":"https:\/\/api.w.org\/{rel}","templated":true}]}}