{"id":45316,"date":"2024-07-19T18:59:58","date_gmt":"2024-07-19T18:59:58","guid":{"rendered":"https:\/\/visualjournalism.de\/?page_id=45316"},"modified":"2026-02-20T17:00:00","modified_gmt":"2026-02-20T15:00:00","slug":"carlotta-steinkamp","status":"publish","type":"page","link":"https:\/\/visualjournalism.de\/en\/carlotta-steinkamp\/","title":{"rendered":"Carlotta Steinkamp"},"content":{"rendered":"\n \n\n    <div id=\"lead-in-block_521d6c81df127760cd12135d9b493502\" class=\"block-lead-in typo--default font-size--xl has-spacing--m width--default\">\n        <h1><strong>Carlotta Steinkamp<br \/>\n<\/strong><\/h1>\n    <\/div>\n\n\n\n\n<div class=\"pinned-block has-spacing--xs\">\n\t\n\n<div class=\"pinned-block__column--left\">\n    \n    <figure class=\"block-photo post__image--full has-spacing--m with-title\">\n\n        <div class=\"post__image__container\">\n            <img loading=\"lazy\" decoding=\"async\" \n                src=\"https:\/\/visualjournalism.de\/wp-content\/uploads\/Carlotta_Steinkamp_SW-1.jpg\"\n                srcset=\"https:\/\/visualjournalism.de\/wp-content\/uploads\/Carlotta_Steinkamp_SW-1.jpg 386w, https:\/\/visualjournalism.de\/wp-content\/uploads\/Carlotta_Steinkamp_SW-1-300x300.jpg 300w, https:\/\/visualjournalism.de\/wp-content\/uploads\/Carlotta_Steinkamp_SW-1-150x150.jpg 150w, https:\/\/visualjournalism.de\/wp-content\/uploads\/Carlotta_Steinkamp_SW-1-350x350.jpg 350w, https:\/\/visualjournalism.de\/wp-content\/uploads\/Carlotta_Steinkamp_SW-1-52x52.jpg 52w, https:\/\/visualjournalism.de\/wp-content\/uploads\/Carlotta_Steinkamp_SW-1-68x68.jpg 68w, https:\/\/visualjournalism.de\/wp-content\/uploads\/Carlotta_Steinkamp_SW-1-96x96.jpg 96w\"\n                width=\"386\" \n                height=\"386\"\n                alt=\"\" \n            \/>\n            \n                            <span class=\"post__image__title\">Carlotta Steinkamp<\/span>\n                    <\/div><!-- post__image__container -->\n\n        \n    <\/figure><!-- post__image -->\n\n\n\n<\/div>\n\n\n<div class=\"pinned-block__column--right\">\n    \n\n<p class=\"post__paragraph is-style-typo--soehne has-spacing--default\"><strong>Carlotta Steinkamp<\/strong> (*1998) ist freiberufliche Fotojournalistin und lebt und arbeitet in Hannover. 2018 begann sie ihr Studium Fotografie und Medien an der FH Bielefeld, bevor sie 2023 an die Hochschule Hannover zum Studiengang Visual Journalism and Documentary Photography wechselte. In ihren Arbeiten besch\u00e4ftigt sie sich haupts\u00e4chlich mit sozialen und politischen Bewegungen, Aktivismus und subkulturellem Leben.<\/p>\n\n\n<\/div>\n<\/div>\n\n\n<div class=\"devider has-spacing--none\">\n    <hr>\n<\/div>\n\n\n \n\n    <div id=\"lead-in-block_f3d1a4d437d8c65419c1f3efc4dd893c\" class=\"block-lead-in typo--default font-size--default has-spacing--s width--default\">\n        <h2>Carlottas Beitr\u00e4ge<\/h2>\n    <\/div>\n\n\n\n\n<div class=\"two-columns-teaser has-spacing--m\">\n\n    \r\n<article class=\"post-teaser post-59878 magazin type-magazin status-publish has-post-thumbnail hentry magazinkategorie-sammeln\">\r\n\t<header class=\"entry-header\">\r\n\r\n\t\t<div class=\"entry-categories\">\n\t<a class=\"post__tag\" href=\"https:\/\/visualjournalism.de\/magazin-kategorie\/sammeln\/\" rel=\"category tag\">Sammeln<\/a><\/div>\r\n\t\t<a href=\"https:\/\/visualjournalism.de\/en\/magazine\/sammeln\/kippenkult-und-krebsromantik\/\" rel=\"bookmark\">\r\n\t\t\t<h2 class=\"entry-title\">Kippenkult und Krebsromantik.<\/h2>\r\n\t\t\t<p class=\"entry-excerpt\">Ein Fotobuch \u00fcber Zigaretten, Sucht und Rauchbiografien: \u00abPleasure to Burn\u00bb verherrlicht das Rauchen \u2013 und meint es dabei nur halb so ernst.<\/p>\r\n\t\t<\/a>\r\n\r\n\t<\/header><!-- .entry-header -->\r\n\r\n\t<figure class=\"post__image\">\r\n\t\t<a href=\"https:\/\/visualjournalism.de\/en\/magazine\/sammeln\/kippenkult-und-krebsromantik\/\" rel=\"bookmark\">\r\n\t\t\t<img loading=\"lazy\" decoding=\"async\" width=\"670\" height=\"506\" src=\"https:\/\/visualjournalism.de\/wp-content\/uploads\/Max_Schlag_Kippenkult__Krebsromantik-670x506.png\" class=\"attachment-post-image--two-column size-post-image--two-column\" alt=\"Zwei H\u00e4nde teilen sich in antik anmutender \u00c4sthetik eine Zigarette, Blitz, Editorial, Fotografie, Rauchen, Sucht\" srcset=\"https:\/\/visualjournalism.de\/wp-content\/uploads\/Max_Schlag_Kippenkult__Krebsromantik-670x506.png 670w, https:\/\/visualjournalism.de\/wp-content\/uploads\/Max_Schlag_Kippenkult__Krebsromantik-300x226.png 300w, https:\/\/visualjournalism.de\/wp-content\/uploads\/Max_Schlag_Kippenkult__Krebsromantik-1024x773.png 1024w, https:\/\/visualjournalism.de\/wp-content\/uploads\/Max_Schlag_Kippenkult__Krebsromantik-768x580.png 768w, https:\/\/visualjournalism.de\/wp-content\/uploads\/Max_Schlag_Kippenkult__Krebsromantik-1050x792.png 1050w, https:\/\/visualjournalism.de\/wp-content\/uploads\/Max_Schlag_Kippenkult__Krebsromantik-420x317.png 420w, https:\/\/visualjournalism.de\/wp-content\/uploads\/Max_Schlag_Kippenkult__Krebsromantik-350x264.png 350w, https:\/\/visualjournalism.de\/wp-content\/uploads\/Max_Schlag_Kippenkult__Krebsromantik-150x113.png 150w, https:\/\/visualjournalism.de\/wp-content\/uploads\/Max_Schlag_Kippenkult__Krebsromantik.png 1304w\" sizes=\"auto, (max-width: 670px) 100vw, 670px\" \/>\t\t<\/a>\r\n\t<\/figure><!-- .post__image -->\r\n\r\n<\/article>\r\n\r\n<article class=\"post-teaser post-40791 magazin type-magazin status-publish has-post-thumbnail hentry magazinkategorie-wasser\">\r\n\t<header class=\"entry-header\">\r\n\r\n\t\t<div class=\"entry-categories\">\n\t<a class=\"post__tag\" href=\"https:\/\/visualjournalism.de\/magazin-kategorie\/wasser\/\" rel=\"category tag\">Wasser<\/a><\/div>\r\n\t\t<a href=\"https:\/\/visualjournalism.de\/en\/magazine\/wasser\/neue-ufer\/\" rel=\"bookmark\">\r\n\t\t\t<h2 class=\"entry-title\">Neue Ufer.<\/h2>\r\n\t\t\t<p class=\"entry-excerpt\">Floating Islands wie die \u00abZukunst\u00bb in Hannover verbinden Kunst und \u00d6kologie, schaffen nachhaltige L\u00f6sungen und Freir\u00e4ume. Das Konzept erregt weltweit immer mehr Aufmerksamkeit.<\/p>\r\n\t\t<\/a>\r\n\r\n\t<\/header><!-- .entry-header -->\r\n\r\n\t<figure class=\"post__image\">\r\n\t\t<a href=\"https:\/\/visualjournalism.de\/en\/magazine\/wasser\/neue-ufer\/\" rel=\"bookmark\">\r\n\t\t\t<img loading=\"lazy\" decoding=\"async\" width=\"670\" height=\"447\" src=\"https:\/\/visualjournalism.de\/wp-content\/uploads\/Kirchhof_Tim_02-670x447.jpg\" class=\"attachment-post-image--two-column size-post-image--two-column\" alt=\"Auf einem ruhigen Fluss, ums\u00e4umt von gr\u00fcnen B\u00e4umen ist ein Hausboot zu sehen, das in Richtung des Betrachtenden schwimmt. Im Hintergrund ragt das hannoveraner Hochhaus Ihmezentrum empor.\" srcset=\"https:\/\/visualjournalism.de\/wp-content\/uploads\/Kirchhof_Tim_02-670x447.jpg 670w, https:\/\/visualjournalism.de\/wp-content\/uploads\/Kirchhof_Tim_02-300x200.jpg 300w, https:\/\/visualjournalism.de\/wp-content\/uploads\/Kirchhof_Tim_02-1024x683.jpg 1024w, https:\/\/visualjournalism.de\/wp-content\/uploads\/Kirchhof_Tim_02-768x512.jpg 768w, https:\/\/visualjournalism.de\/wp-content\/uploads\/Kirchhof_Tim_02-1536x1024.jpg 1536w, https:\/\/visualjournalism.de\/wp-content\/uploads\/Kirchhof_Tim_02-2048x1365.jpg 2048w, https:\/\/visualjournalism.de\/wp-content\/uploads\/Kirchhof_Tim_02-1920x1280.jpg 1920w, https:\/\/visualjournalism.de\/wp-content\/uploads\/Kirchhof_Tim_02-1400x933.jpg 1400w, https:\/\/visualjournalism.de\/wp-content\/uploads\/Kirchhof_Tim_02-1050x700.jpg 1050w, https:\/\/visualjournalism.de\/wp-content\/uploads\/Kirchhof_Tim_02-420x280.jpg 420w, https:\/\/visualjournalism.de\/wp-content\/uploads\/Kirchhof_Tim_02-350x233.jpg 350w, https:\/\/visualjournalism.de\/wp-content\/uploads\/Kirchhof_Tim_02-150x100.jpg 150w\" sizes=\"auto, (max-width: 670px) 100vw, 670px\" \/>\t\t<\/a>\r\n\t<\/figure><!-- .post__image -->\r\n\r\n<\/article>\r\n\n<\/div><!-- .2-columns-teaser-->\n\n    \n\n\n<div class=\"wp-block-group has-spacing--default has-spacing--default\">\n<div class=\"devider has-spacing--none\">\n    <hr>\n<\/div>\n\n\n \n\n    <div id=\"lead-in-block_23ce22f408ec76cf3227d39a3f292fdd\" class=\"block-lead-in typo--default font-size--xl has-spacing--s width--default\">\n        <p><strong>Empfehlungen der Redaktion:<\/strong><\/p>\n    <\/div>\n\n\n\n\r\n\r\n\r\n\n\n\r\n\r\n\r\n\r\n        <div class=\"teaser-grid grid-layout--3col has-spacing--s width--inline\">\r\n\r\n            \r\n                <article class=\"post-teaser\">\r\n\r\n                    <a href=\"https:\/\/visualjournalism.de\/en\/magazine\/guide\/study-photography-how-to-find-the-right-university\/\" rel=\"permalink\">\r\n\r\n                        <div class=\"post-teaser__content\">\r\n\r\n                            <span class=\"entry-categories\">Guide<\/span>\r\n                            <h3 class=\"post-teaser__headline\">\r\n                                Studying photography: How to find the right university.                            <\/h3>\r\n\r\n                            <div class=\"post-teaser__excerpt\">\r\n                                <p>An overview of the best-known programmes. <\/p>\r\n                            <\/div>\r\n\r\n                        <\/div><!-- .post-teaser__content -->\r\n\r\n\r\n                        \r\n                            <figure class=\"post-teaser__image\">\r\n                                <img loading=\"lazy\" decoding=\"async\"  \r\n                                    src=\"https:\/\/visualjournalism.de\/wp-content\/uploads\/2024-DM-Werkschau_Short-Edit_Kristina-Kaysen-10-768x511.jpg\" \r\n                                    srcset=\"https:\/\/visualjournalism.de\/wp-content\/uploads\/2024-DM-Werkschau_Short-Edit_Kristina-Kaysen-10-768x511.jpg 768w, https:\/\/visualjournalism.de\/wp-content\/uploads\/2024-DM-Werkschau_Short-Edit_Kristina-Kaysen-10-300x200.jpg 300w, https:\/\/visualjournalism.de\/wp-content\/uploads\/2024-DM-Werkschau_Short-Edit_Kristina-Kaysen-10-1024x681.jpg 1024w, https:\/\/visualjournalism.de\/wp-content\/uploads\/2024-DM-Werkschau_Short-Edit_Kristina-Kaysen-10-1536x1021.jpg 1536w, https:\/\/visualjournalism.de\/wp-content\/uploads\/2024-DM-Werkschau_Short-Edit_Kristina-Kaysen-10-1400x931.jpg 1400w, https:\/\/visualjournalism.de\/wp-content\/uploads\/2024-DM-Werkschau_Short-Edit_Kristina-Kaysen-10-1050x698.jpg 1050w, https:\/\/visualjournalism.de\/wp-content\/uploads\/2024-DM-Werkschau_Short-Edit_Kristina-Kaysen-10-670x446.jpg 670w, https:\/\/visualjournalism.de\/wp-content\/uploads\/2024-DM-Werkschau_Short-Edit_Kristina-Kaysen-10-420x279.jpg 420w, https:\/\/visualjournalism.de\/wp-content\/uploads\/2024-DM-Werkschau_Short-Edit_Kristina-Kaysen-10-350x233.jpg 350w, https:\/\/visualjournalism.de\/wp-content\/uploads\/2024-DM-Werkschau_Short-Edit_Kristina-Kaysen-10-150x100.jpg 150w, https:\/\/visualjournalism.de\/wp-content\/uploads\/2024-DM-Werkschau_Short-Edit_Kristina-Kaysen-10.jpg 1600w\" \r\n                                    width=\"768\"  \r\n                                    height=\"511\" \r\n                                    alt=\"Fotografie-Studierende w\u00e4hrend einer Fotosession in einem Studio mit Beleuchtungsausr\u00fcstung und Hintergrund. Ein Schild auf dem Boden zeigt \u201aFOTOSHOOTING\u2018 und weist auf den Eingang zum Studio hin. Von hinten sind die Umrisse eines jungen Mannes zu sehen, der Fotografie studiert. \"\r\n                                \/>\r\n                            <\/figure>\r\n\r\n                        \r\n                    \r\n                    <\/a>\r\n\r\n                <\/article><!--- .post-teaser-->\r\n\r\n            \r\n                <article class=\"post-teaser\">\r\n\r\n                    <a href=\"https:\/\/visualjournalism.de\/en\/magazine\/ratgeber\/politikerinnen-souveraen-interviewen\/\" rel=\"permalink\">\r\n\r\n                        <div class=\"post-teaser__content\">\r\n\r\n                            <span class=\"entry-categories\">Ratgeber<\/span>\r\n                            <h3 class=\"post-teaser__headline\">\r\n                                Politiker*innen souver\u00e4n interviewen \u2013 Die besten Tipps f\u00fcr ein sicheres Auftreten                            <\/h3>\r\n\r\n                            <div class=\"post-teaser__excerpt\">\r\n                                <p>Ein Gespr\u00e4ch mit Politiker*innen kann schnell zum Machtkampf werden. Wie du selbst gegen Profis die Oberhand beh\u00e4ltst und typische Interviewfallen umgehst.<\/p>\r\n                            <\/div>\r\n\r\n                        <\/div><!-- .post-teaser__content -->\r\n\r\n\r\n                        \r\n                            <figure class=\"post-teaser__image\">\r\n                                <img loading=\"lazy\" decoding=\"async\"  \r\n                                    src=\"https:\/\/visualjournalism.de\/wp-content\/uploads\/DSC4729-merz-politikerinterviews-768x1024.jpg\" \r\n                                    srcset=\"https:\/\/visualjournalism.de\/wp-content\/uploads\/DSC4729-merz-politikerinterviews-768x1024.jpg 768w, https:\/\/visualjournalism.de\/wp-content\/uploads\/DSC4729-merz-politikerinterviews-225x300.jpg 225w, https:\/\/visualjournalism.de\/wp-content\/uploads\/DSC4729-merz-politikerinterviews-1152x1536.jpg 1152w, https:\/\/visualjournalism.de\/wp-content\/uploads\/DSC4729-merz-politikerinterviews-1536x2048.jpg 1536w, https:\/\/visualjournalism.de\/wp-content\/uploads\/DSC4729-merz-politikerinterviews-scaled.jpg 1920w, https:\/\/visualjournalism.de\/wp-content\/uploads\/DSC4729-merz-politikerinterviews-1400x1867.jpg 1400w, https:\/\/visualjournalism.de\/wp-content\/uploads\/DSC4729-merz-politikerinterviews-1050x1400.jpg 1050w, https:\/\/visualjournalism.de\/wp-content\/uploads\/DSC4729-merz-politikerinterviews-670x893.jpg 670w, https:\/\/visualjournalism.de\/wp-content\/uploads\/DSC4729-merz-politikerinterviews-420x560.jpg 420w, https:\/\/visualjournalism.de\/wp-content\/uploads\/DSC4729-merz-politikerinterviews-350x467.jpg 350w, https:\/\/visualjournalism.de\/wp-content\/uploads\/DSC4729-merz-politikerinterviews-300x400.jpg 300w, https:\/\/visualjournalism.de\/wp-content\/uploads\/DSC4729-merz-politikerinterviews-640x853.jpg 640w, https:\/\/visualjournalism.de\/wp-content\/uploads\/DSC4729-merz-politikerinterviews-150x200.jpg 150w\" \r\n                                    width=\"768\"  \r\n                                    height=\"1024\" \r\n                                    alt=\"CDU-Vorsitzender Friedrich Merz mit Mikrofon in der Hand, im Gespr\u00e4ch mit dem ehemaligen ZDF-Moderator Klaus Kleber auf einer B\u00fchne. Im Vordergrund sind zwei M\u00e4nner angeblitzt von hinten zu sehen.\"\r\n                                \/>\r\n                            <\/figure>\r\n\r\n                        \r\n                    \r\n                    <\/a>\r\n\r\n                <\/article><!--- .post-teaser-->\r\n\r\n            \r\n                <article class=\"post-teaser\">\r\n\r\n                    <a href=\"https:\/\/visualjournalism.de\/en\/magazine\/ratgeber\/was-eine-gute-fotoreportage-auszeichnet\/\" rel=\"permalink\">\r\n\r\n                        <div class=\"post-teaser__content\">\r\n\r\n                            <span class=\"entry-categories\">Ratgeber<\/span>\r\n                            <h3 class=\"post-teaser__headline\">\r\n                                Was eine gute Fotoreportage auszeichnet.                            <\/h3>\r\n\r\n                            <div class=\"post-teaser__excerpt\">\r\n                                <p>Ein klarer Fokus auf deine Protagonistinnen, ausdrucksstarke Bilder und starkes Storytelling. So machst du eine Fotoreportage, die fesselt und in Erinnerung bleibt.<\/p>\r\n                            <\/div>\r\n\r\n                        <\/div><!-- .post-teaser__content -->\r\n\r\n\r\n                        \r\n                            <figure class=\"post-teaser__image\">\r\n                                <img loading=\"lazy\" decoding=\"async\"  \r\n                                    src=\"https:\/\/visualjournalism.de\/wp-content\/uploads\/Ratgeber-Fotoreportage-1-Fabian-Niebauer-_DSC5629-lowRes-768x512.jpg\" \r\n                                    srcset=\"https:\/\/visualjournalism.de\/wp-content\/uploads\/Ratgeber-Fotoreportage-1-Fabian-Niebauer-_DSC5629-lowRes-768x512.jpg 768w, https:\/\/visualjournalism.de\/wp-content\/uploads\/Ratgeber-Fotoreportage-1-Fabian-Niebauer-_DSC5629-lowRes-300x200.jpg 300w, https:\/\/visualjournalism.de\/wp-content\/uploads\/Ratgeber-Fotoreportage-1-Fabian-Niebauer-_DSC5629-lowRes-1024x683.jpg 1024w, https:\/\/visualjournalism.de\/wp-content\/uploads\/Ratgeber-Fotoreportage-1-Fabian-Niebauer-_DSC5629-lowRes-1536x1024.jpg 1536w, https:\/\/visualjournalism.de\/wp-content\/uploads\/Ratgeber-Fotoreportage-1-Fabian-Niebauer-_DSC5629-lowRes-2048x1365.jpg 2048w, https:\/\/visualjournalism.de\/wp-content\/uploads\/Ratgeber-Fotoreportage-1-Fabian-Niebauer-_DSC5629-lowRes-1920x1280.jpg 1920w, https:\/\/visualjournalism.de\/wp-content\/uploads\/Ratgeber-Fotoreportage-1-Fabian-Niebauer-_DSC5629-lowRes-1400x933.jpg 1400w, https:\/\/visualjournalism.de\/wp-content\/uploads\/Ratgeber-Fotoreportage-1-Fabian-Niebauer-_DSC5629-lowRes-1050x700.jpg 1050w, https:\/\/visualjournalism.de\/wp-content\/uploads\/Ratgeber-Fotoreportage-1-Fabian-Niebauer-_DSC5629-lowRes-670x447.jpg 670w, https:\/\/visualjournalism.de\/wp-content\/uploads\/Ratgeber-Fotoreportage-1-Fabian-Niebauer-_DSC5629-lowRes-420x280.jpg 420w, https:\/\/visualjournalism.de\/wp-content\/uploads\/Ratgeber-Fotoreportage-1-Fabian-Niebauer-_DSC5629-lowRes-350x233.jpg 350w, https:\/\/visualjournalism.de\/wp-content\/uploads\/Ratgeber-Fotoreportage-1-Fabian-Niebauer-_DSC5629-lowRes-150x100.jpg 150w\" \r\n                                    width=\"768\"  \r\n                                    height=\"512\" \r\n                                    alt=\"Eine Frau h\u00e4lt sich zwei Kameras vor die Augen.\"\r\n                                \/>\r\n                            <\/figure>\r\n\r\n                        \r\n                    \r\n                    <\/a>\r\n\r\n                <\/article><!--- .post-teaser-->\r\n\r\n            \r\n        <\/div><!-- .teaser-grid -->\r\n\r\n\n\n\r\n\r\n\r\n\n\n\n    <div class=\"btn-wrapper has-spacing--m\">\n        <a class=\"btn\" href=\"https:\/\/visualjournalism.de\/magazin\/\" target=\"_blank\">ZUR MAGAZIN-STARTSEITE<\/a>\n    <\/div>\n<\/div>\n","protected":false},"excerpt":{"rendered":"","protected":false},"author":69,"featured_media":0,"parent":0,"menu_order":0,"comment_status":"closed","ping_status":"closed","template":"","meta":{"_acf_changed":false,"footnotes":""},"class_list":["post-45316","page","type-page","status-publish","hentry"],"acf":[],"yoast_head":"<!-- This site is optimized with the Yoast SEO Premium plugin v27.3 (Yoast SEO v27.3) - https:\/\/yoast.com\/product\/yoast-seo-premium-wordpress\/ -->\n<title>Carlotta Steinkamp &#8211; Visual Journalism and Documentary Photography<\/title>\n<meta name=\"robots\" content=\"index, follow, max-snippet:-1, max-image-preview:large, max-video-preview:-1\" \/>\n<link rel=\"canonical\" href=\"https:\/\/visualjournalism.de\/en\/carlotta-steinkamp\/\" \/>\n<meta property=\"og:locale\" content=\"en_US\" \/>\n<meta property=\"og:type\" content=\"article\" \/>\n<meta property=\"og:title\" content=\"Carlotta Steinkamp\" \/>\n<meta property=\"og:url\" content=\"https:\/\/visualjournalism.de\/en\/carlotta-steinkamp\/\" \/>\n<meta property=\"og:site_name\" content=\"Visual Journalism and Documentary Photography\" \/>\n<meta property=\"article:publisher\" content=\"https:\/\/www.facebook.com\/people\/wwwfotostudentende\/100065173703897\/\" \/>\n<meta property=\"article:modified_time\" content=\"2026-02-20T15:00:00+00:00\" \/>\n<meta name=\"twitter:card\" content=\"summary_large_image\" \/>\n<meta name=\"twitter:site\" content=\"@HsHannover\" \/>\n<meta name=\"twitter:label1\" content=\"Est. reading time\" \/>\n\t<meta name=\"twitter:data1\" content=\"1 minute\" \/>\n<script type=\"application\/ld+json\" class=\"yoast-schema-graph\">{\"@context\":\"https:\\\/\\\/schema.org\",\"@graph\":[{\"@type\":\"WebPage\",\"@id\":\"https:\\\/\\\/visualjournalism.de\\\/en\\\/carlotta-steinkamp\\\/\",\"url\":\"https:\\\/\\\/visualjournalism.de\\\/en\\\/carlotta-steinkamp\\\/\",\"name\":\"Carlotta Steinkamp &#8211; Visual Journalism and Documentary Photography\",\"isPartOf\":{\"@id\":\"https:\\\/\\\/visualjournalism.de\\\/en\\\/#website\"},\"datePublished\":\"2024-07-19T18:59:58+00:00\",\"dateModified\":\"2026-02-20T15:00:00+00:00\",\"breadcrumb\":{\"@id\":\"https:\\\/\\\/visualjournalism.de\\\/en\\\/carlotta-steinkamp\\\/#breadcrumb\"},\"inLanguage\":\"en-US\",\"potentialAction\":[{\"@type\":\"ReadAction\",\"target\":[\"https:\\\/\\\/visualjournalism.de\\\/en\\\/carlotta-steinkamp\\\/\"]}]},{\"@type\":\"BreadcrumbList\",\"@id\":\"https:\\\/\\\/visualjournalism.de\\\/en\\\/carlotta-steinkamp\\\/#breadcrumb\",\"itemListElement\":[{\"@type\":\"ListItem\",\"position\":1,\"name\":\"Home\",\"item\":\"https:\\\/\\\/visualjournalism.de\\\/en\\\/\"},{\"@type\":\"ListItem\",\"position\":2,\"name\":\"Carlotta Steinkamp\"}]},{\"@type\":\"WebSite\",\"@id\":\"https:\\\/\\\/visualjournalism.de\\\/en\\\/#website\",\"url\":\"https:\\\/\\\/visualjournalism.de\\\/en\\\/\",\"name\":\"Visual Journalism and Documentary Photography\",\"description\":\"All about the bilingual bachelor&#039;s program at Hannover University of Applied Sciences and Arts.\",\"publisher\":{\"@id\":\"https:\\\/\\\/visualjournalism.de\\\/en\\\/#organization\"},\"alternateName\":\"visualjournalism.de\",\"potentialAction\":[{\"@type\":\"SearchAction\",\"target\":{\"@type\":\"EntryPoint\",\"urlTemplate\":\"https:\\\/\\\/visualjournalism.de\\\/en\\\/?s={search_term_string}\"},\"query-input\":{\"@type\":\"PropertyValueSpecification\",\"valueRequired\":true,\"valueName\":\"search_term_string\"}}],\"inLanguage\":\"en-US\"},{\"@type\":\"Organization\",\"@id\":\"https:\\\/\\\/visualjournalism.de\\\/en\\\/#organization\",\"name\":\"Hochschule Hannover \u2013 University of Applied Sciences and Arts\",\"alternateName\":\"HsH\",\"url\":\"https:\\\/\\\/visualjournalism.de\\\/en\\\/\",\"logo\":{\"@type\":\"ImageObject\",\"inLanguage\":\"en-US\",\"@id\":\"https:\\\/\\\/visualjournalism.de\\\/en\\\/#\\\/schema\\\/logo\\\/image\\\/\",\"url\":\"https:\\\/\\\/visualjournalism.de\\\/wp-content\\\/uploads\\\/logo-hochschule-hannover.png\",\"contentUrl\":\"https:\\\/\\\/visualjournalism.de\\\/wp-content\\\/uploads\\\/logo-hochschule-hannover.png\",\"width\":363,\"height\":270,\"caption\":\"Hochschule Hannover \u2013 University of Applied Sciences and Arts\"},\"image\":{\"@id\":\"https:\\\/\\\/visualjournalism.de\\\/en\\\/#\\\/schema\\\/logo\\\/image\\\/\"},\"sameAs\":[\"https:\\\/\\\/www.facebook.com\\\/people\\\/wwwfotostudentende\\\/100065173703897\\\/\",\"https:\\\/\\\/x.com\\\/HsHannover\",\"https:\\\/\\\/www.instagram.com\\\/visualjournalism.de\\\/\"]}]}<\/script>\n<!-- \/ Yoast SEO Premium plugin. -->","yoast_head_json":{"title":"Carlotta Steinkamp &#8211; Visual Journalism and Documentary Photography","robots":{"index":"index","follow":"follow","max-snippet":"max-snippet:-1","max-image-preview":"max-image-preview:large","max-video-preview":"max-video-preview:-1"},"canonical":"https:\/\/visualjournalism.de\/en\/carlotta-steinkamp\/","og_locale":"en_US","og_type":"article","og_title":"Carlotta Steinkamp","og_url":"https:\/\/visualjournalism.de\/en\/carlotta-steinkamp\/","og_site_name":"Visual Journalism and Documentary Photography","article_publisher":"https:\/\/www.facebook.com\/people\/wwwfotostudentende\/100065173703897\/","article_modified_time":"2026-02-20T15:00:00+00:00","twitter_card":"summary_large_image","twitter_site":"@HsHannover","twitter_misc":{"Est. reading time":"1 minute"},"schema":{"@context":"https:\/\/schema.org","@graph":[{"@type":"WebPage","@id":"https:\/\/visualjournalism.de\/en\/carlotta-steinkamp\/","url":"https:\/\/visualjournalism.de\/en\/carlotta-steinkamp\/","name":"Carlotta Steinkamp &#8211; Visual Journalism and Documentary Photography","isPartOf":{"@id":"https:\/\/visualjournalism.de\/en\/#website"},"datePublished":"2024-07-19T18:59:58+00:00","dateModified":"2026-02-20T15:00:00+00:00","breadcrumb":{"@id":"https:\/\/visualjournalism.de\/en\/carlotta-steinkamp\/#breadcrumb"},"inLanguage":"en-US","potentialAction":[{"@type":"ReadAction","target":["https:\/\/visualjournalism.de\/en\/carlotta-steinkamp\/"]}]},{"@type":"BreadcrumbList","@id":"https:\/\/visualjournalism.de\/en\/carlotta-steinkamp\/#breadcrumb","itemListElement":[{"@type":"ListItem","position":1,"name":"Home","item":"https:\/\/visualjournalism.de\/en\/"},{"@type":"ListItem","position":2,"name":"Carlotta Steinkamp"}]},{"@type":"WebSite","@id":"https:\/\/visualjournalism.de\/en\/#website","url":"https:\/\/visualjournalism.de\/en\/","name":"Visual Journalism and Documentary Photography","description":"All about the bilingual bachelor&#039;s program at Hannover University of Applied Sciences and Arts.","publisher":{"@id":"https:\/\/visualjournalism.de\/en\/#organization"},"alternateName":"visualjournalism.de","potentialAction":[{"@type":"SearchAction","target":{"@type":"EntryPoint","urlTemplate":"https:\/\/visualjournalism.de\/en\/?s={search_term_string}"},"query-input":{"@type":"PropertyValueSpecification","valueRequired":true,"valueName":"search_term_string"}}],"inLanguage":"en-US"},{"@type":"Organization","@id":"https:\/\/visualjournalism.de\/en\/#organization","name":"Hochschule Hannover \u2013 University of Applied Sciences and Arts","alternateName":"HsH","url":"https:\/\/visualjournalism.de\/en\/","logo":{"@type":"ImageObject","inLanguage":"en-US","@id":"https:\/\/visualjournalism.de\/en\/#\/schema\/logo\/image\/","url":"https:\/\/visualjournalism.de\/wp-content\/uploads\/logo-hochschule-hannover.png","contentUrl":"https:\/\/visualjournalism.de\/wp-content\/uploads\/logo-hochschule-hannover.png","width":363,"height":270,"caption":"Hochschule Hannover \u2013 University of Applied Sciences and Arts"},"image":{"@id":"https:\/\/visualjournalism.de\/en\/#\/schema\/logo\/image\/"},"sameAs":["https:\/\/www.facebook.com\/people\/wwwfotostudentende\/100065173703897\/","https:\/\/x.com\/HsHannover","https:\/\/www.instagram.com\/visualjournalism.de\/"]}]}},"_links":{"self":[{"href":"https:\/\/visualjournalism.de\/en\/wp-json\/wp\/v2\/pages\/45316","targetHints":{"allow":["GET"]}}],"collection":[{"href":"https:\/\/visualjournalism.de\/en\/wp-json\/wp\/v2\/pages"}],"about":[{"href":"https:\/\/visualjournalism.de\/en\/wp-json\/wp\/v2\/types\/page"}],"author":[{"embeddable":true,"href":"https:\/\/visualjournalism.de\/en\/wp-json\/wp\/v2\/users\/69"}],"replies":[{"embeddable":true,"href":"https:\/\/visualjournalism.de\/en\/wp-json\/wp\/v2\/comments?post=45316"}],"version-history":[{"count":1,"href":"https:\/\/visualjournalism.de\/en\/wp-json\/wp\/v2\/pages\/45316\/revisions"}],"predecessor-version":[{"id":69185,"href":"https:\/\/visualjournalism.de\/en\/wp-json\/wp\/v2\/pages\/45316\/revisions\/69185"}],"wp:attachment":[{"href":"https:\/\/visualjournalism.de\/en\/wp-json\/wp\/v2\/media?parent=45316"}],"curies":[{"name":"wp","href":"https:\/\/api.w.org\/{rel}","templated":true}]}}