{"id":48533,"date":"2024-11-27T17:29:27","date_gmt":"2024-11-27T17:29:27","guid":{"rendered":"https:\/\/visualjournalism.de\/?page_id=48533"},"modified":"2025-11-05T14:43:24","modified_gmt":"2025-11-05T12:43:24","slug":"jonathan-bar-am","status":"publish","type":"page","link":"https:\/\/visualjournalism.de\/en\/jonathan-bar-am\/","title":{"rendered":"Jonathan Bar-Am"},"content":{"rendered":"\n \n\n    <div id=\"lead-in-block_0be7b60b1ee5350e8f301f50fdf6a594\" class=\"block-lead-in typo--default font-size--xl has-spacing--m width--default\">\n        <h1>Jonathan Bar-Am<\/h1>\n    <\/div>\n\n\n\n\n<div class=\"pinned-block has-spacing--m\">\n\t\n\n<div class=\"pinned-block__column--left\">\n    \n    <figure class=\"block-photo post__image--full has-spacing--m with-title\">\n\n        <div class=\"post__image__container\">\n            <img loading=\"lazy\" decoding=\"async\" \n                src=\"https:\/\/visualjournalism.de\/wp-content\/uploads\/Jonathan-Bar-Am_Portrait-1400x1050.jpg\"\n                srcset=\"https:\/\/visualjournalism.de\/wp-content\/uploads\/Jonathan-Bar-Am_Portrait-1400x1050.jpg 1400w, https:\/\/visualjournalism.de\/wp-content\/uploads\/Jonathan-Bar-Am_Portrait-300x225.jpg 300w, https:\/\/visualjournalism.de\/wp-content\/uploads\/Jonathan-Bar-Am_Portrait-1024x768.jpg 1024w, https:\/\/visualjournalism.de\/wp-content\/uploads\/Jonathan-Bar-Am_Portrait-768x576.jpg 768w, https:\/\/visualjournalism.de\/wp-content\/uploads\/Jonathan-Bar-Am_Portrait-1536x1152.jpg 1536w, https:\/\/visualjournalism.de\/wp-content\/uploads\/Jonathan-Bar-Am_Portrait-2048x1536.jpg 2048w, https:\/\/visualjournalism.de\/wp-content\/uploads\/Jonathan-Bar-Am_Portrait-1920x1440.jpg 1920w, https:\/\/visualjournalism.de\/wp-content\/uploads\/Jonathan-Bar-Am_Portrait-1050x787.jpg 1050w, https:\/\/visualjournalism.de\/wp-content\/uploads\/Jonathan-Bar-Am_Portrait-670x502.jpg 670w, https:\/\/visualjournalism.de\/wp-content\/uploads\/Jonathan-Bar-Am_Portrait-420x315.jpg 420w, https:\/\/visualjournalism.de\/wp-content\/uploads\/Jonathan-Bar-Am_Portrait-350x262.jpg 350w\"\n                width=\"1400\" \n                height=\"1050\"\n                alt=\"\" \n            \/>\n            \n                            <span class=\"post__image__title\">Foto: Simon Deppe<\/span>\n                    <\/div><!-- post__image__container -->\n\n        \n    <\/figure><!-- post__image -->\n\n\n\n<\/div>\n\n\n<div class=\"pinned-block__column--right\">\n    \n\n<p class=\"post__paragraph is-style-typo--soehne has-spacing--default\"><strong>Jonathan Bar-Am<\/strong> wurde 2001 in Tel Aviv geboren. Nach dem Abitur reiste er zwei Jahre mit dem Fahrrad durch Europa und Asien. Seit 2023 studiert er Visual Journalism and Documentary Photography in Hannover. <br>In seinen Foto- und Videoarbeiten besch\u00e4ftigt er sich vor allem mit gesellschaftlichen Themen. Gepr\u00e4gt durch die Ambivalenzen seiner deutsch-israelischen Identit\u00e4t ist es ihm dabei wichtig, Komplexit\u00e4t und Vielschichtigkeit auszuhalten. So fotografierte er zum Beispiel die AfD in Sachsen, u.a. f\u00fcr das SPIEGEL Magazin.<strong><br><\/strong><br><strong>Kontakt:<\/strong><br>Mail: jonathan.baram@posteo.de<br>Instagram: @jonathanbar_am<\/p>\n\n\n<\/div>\n<\/div>\n\n\n<div class=\"devider has-spacing--none\">\n    <hr>\n<\/div>\n\n\n \n\n    <div id=\"lead-in-block_cf165eca676f2fad56653c464e28658c\" class=\"block-lead-in typo--default font-size--xl has-spacing--s width--default\">\n        <h2>Jonathans Beitr\u00e4ge<\/h2>\n    <\/div>\n\n\n\n\n<div class=\"two-columns-teaser has-spacing--m\">\n\n    \r\n<article class=\"post-teaser post-49447 magazin type-magazin status-publish has-post-thumbnail hentry magazinkategorie-nachts\">\r\n\t<header class=\"entry-header\">\r\n\r\n\t\t<div class=\"entry-categories\">\n\t<a class=\"post__tag\" href=\"https:\/\/visualjournalism.de\/magazin-kategorie\/nachts\/\" rel=\"category tag\">Nachts<\/a><\/div>\r\n\t\t<a href=\"https:\/\/visualjournalism.de\/en\/magazine\/nachts\/nachts-im-dorf\/\" rel=\"bookmark\">\r\n\t\t\t<h2 class=\"entry-title\">Nachts im Dorf.<\/h2>\r\n\t\t\t<p class=\"entry-excerpt\">Shisha in der Scheune, Bier in der Laube, eine Spritztour durchs Nirgendwo: Wie junge Menschen die Nacht auf dem Land gestalten. Eine Reportage aus M\u00fcnchehagen, Niedersachsen.<\/p>\r\n\t\t<\/a>\r\n\r\n\t<\/header><!-- .entry-header -->\r\n\r\n\t<figure class=\"post__image\">\r\n\t\t<a href=\"https:\/\/visualjournalism.de\/en\/magazine\/nachts\/nachts-im-dorf\/\" rel=\"bookmark\">\r\n\t\t\t<img loading=\"lazy\" decoding=\"async\" width=\"670\" height=\"838\" src=\"https:\/\/visualjournalism.de\/wp-content\/uploads\/DSC_6903-1-670x838.jpg\" class=\"attachment-post-image--two-column size-post-image--two-column\" alt=\"Auf dem Foto sind ein junger Mann und eine junge Frau zu sehen. Sie schauen in die Kamera. Sie stehen vor einer Scheune. Es ist Nacht.\" srcset=\"https:\/\/visualjournalism.de\/wp-content\/uploads\/DSC_6903-1-670x838.jpg 670w, https:\/\/visualjournalism.de\/wp-content\/uploads\/DSC_6903-1-240x300.jpg 240w, https:\/\/visualjournalism.de\/wp-content\/uploads\/DSC_6903-1-819x1024.jpg 819w, https:\/\/visualjournalism.de\/wp-content\/uploads\/DSC_6903-1-768x960.jpg 768w, https:\/\/visualjournalism.de\/wp-content\/uploads\/DSC_6903-1-1229x1536.jpg 1229w, https:\/\/visualjournalism.de\/wp-content\/uploads\/DSC_6903-1-1400x1750.jpg 1400w, https:\/\/visualjournalism.de\/wp-content\/uploads\/DSC_6903-1-1050x1313.jpg 1050w, https:\/\/visualjournalism.de\/wp-content\/uploads\/DSC_6903-1-420x525.jpg 420w, https:\/\/visualjournalism.de\/wp-content\/uploads\/DSC_6903-1-350x438.jpg 350w, https:\/\/visualjournalism.de\/wp-content\/uploads\/DSC_6903-1-300x375.jpg 300w, https:\/\/visualjournalism.de\/wp-content\/uploads\/DSC_6903-1-150x188.jpg 150w, https:\/\/visualjournalism.de\/wp-content\/uploads\/DSC_6903-1.jpg 1600w\" sizes=\"auto, (max-width: 670px) 100vw, 670px\" \/>\t\t<\/a>\r\n\t<\/figure><!-- .post__image -->\r\n\r\n<\/article>\r\n\r\n<article class=\"post-teaser post-64488 magazin type-magazin status-publish has-post-thumbnail hentry magazinkategorie-was-uns-haelt\">\r\n\t<header class=\"entry-header\">\r\n\r\n\t\t<div class=\"entry-categories\">\n\t<a class=\"post__tag\" href=\"https:\/\/visualjournalism.de\/magazin-kategorie\/was-uns-haelt\/\" rel=\"category tag\">Was uns h\u00e4lt<\/a><\/div>\r\n\t\t<a href=\"https:\/\/visualjournalism.de\/en\/magazine\/was-uns-haelt\/links-im-land-der-rechten\/\" rel=\"bookmark\">\r\n\t\t\t<h2 class=\"entry-title\">Friede, Freude, Erzgebirge.<\/h2>\r\n\t\t\t<p class=\"entry-excerpt\">Zwischen H\u00fcgeln und W\u00e4ldern k\u00e4mpft Pit f\u00fcr eine andere Zukunft. Sein Dorf im Erzgebirge wirkt friedlich \u2013 bis man genauer hinsieht. Ein filmisches Portr\u00e4t \u00fcber das Bleiben, wo das Gehen leichter w\u00e4re.<\/p>\r\n\t\t<\/a>\r\n\r\n\t<\/header><!-- .entry-header -->\r\n\r\n\t<figure class=\"post__image\">\r\n\t\t<a href=\"https:\/\/visualjournalism.de\/en\/magazine\/was-uns-haelt\/links-im-land-der-rechten\/\" rel=\"bookmark\">\r\n\t\t\t<video class=\"post__video\" autoplay loop muted playsinline>\n\t<source src=\"https:\/\/visualjournalism.de\/wp-content\/uploads\/2025\/11\/friedefreudeerzgebirge_THUMB-2.mp4\" type=\"video\/mp4\">\n\tYour browser does not support the video tag.\n<\/video>\t\t<\/a>\r\n\t<\/figure><!-- .post__image -->\r\n\r\n<\/article>\r\n\n<\/div><!-- .2-columns-teaser-->\n\n    \n\n\n<div class=\"wp-block-group has-spacing--default has-spacing--default\">\n<div class=\"devider has-spacing--none\">\n    <hr>\n<\/div>\n\n\n \n\n    <div id=\"lead-in-block_b23dfc38c785bac9801919f5a25f15d0\" class=\"block-lead-in typo--default font-size--xl has-spacing--s width--default\">\n        <p><strong>Empfehlungen der Redaktion:<\/strong><\/p>\n    <\/div>\n\n\n\n\r\n\r\n\r\n\n\n\r\n\r\n\r\n\r\n        <div class=\"teaser-grid grid-layout--3col has-spacing--s width--inline\">\r\n\r\n            \r\n                <article class=\"post-teaser\">\r\n\r\n                    <a href=\"https:\/\/visualjournalism.de\/en\/magazine\/sammeln\/von-ausbeutung-und-musikalischem-erbe\/\" rel=\"permalink\">\r\n\r\n                        <div class=\"post-teaser__content\">\r\n\r\n                            <span class=\"entry-categories\">Sammeln<\/span>\r\n                            <h3 class=\"post-teaser__headline\">\r\n                                Von Ausbeutung und musikalischem Erbe                            <\/h3>\r\n\r\n                            <div class=\"post-teaser__excerpt\">\r\n                                <p>Was bedeutet kulturelle Verantwortung im Musikgesch\u00e4ft? Das Berliner Label Habibi Funk gibt vergessener Musik eine B\u00fchne und zeigt, warum zu gutem Sound auch Haltung geh\u00f6rt. <\/p>\r\n                            <\/div>\r\n\r\n                        <\/div><!-- .post-teaser__content -->\r\n\r\n\r\n                        \r\n                            <figure class=\"post-teaser__image\">\r\n                                <img loading=\"lazy\" decoding=\"async\"  \r\n                                    src=\"https:\/\/visualjournalism.de\/wp-content\/uploads\/DSC04407-768x512.jpg\" \r\n                                    srcset=\"https:\/\/visualjournalism.de\/wp-content\/uploads\/DSC04407-768x512.jpg 768w, https:\/\/visualjournalism.de\/wp-content\/uploads\/DSC04407-300x200.jpg 300w, https:\/\/visualjournalism.de\/wp-content\/uploads\/DSC04407-1024x683.jpg 1024w, https:\/\/visualjournalism.de\/wp-content\/uploads\/DSC04407-1536x1024.jpg 1536w, https:\/\/visualjournalism.de\/wp-content\/uploads\/DSC04407-2048x1365.jpg 2048w, https:\/\/visualjournalism.de\/wp-content\/uploads\/DSC04407-1920x1280.jpg 1920w, https:\/\/visualjournalism.de\/wp-content\/uploads\/DSC04407-1400x933.jpg 1400w, https:\/\/visualjournalism.de\/wp-content\/uploads\/DSC04407-1050x700.jpg 1050w, https:\/\/visualjournalism.de\/wp-content\/uploads\/DSC04407-670x447.jpg 670w, https:\/\/visualjournalism.de\/wp-content\/uploads\/DSC04407-420x280.jpg 420w, https:\/\/visualjournalism.de\/wp-content\/uploads\/DSC04407-350x233.jpg 350w, https:\/\/visualjournalism.de\/wp-content\/uploads\/DSC04407-150x100.jpg 150w\" \r\n                                    width=\"768\"  \r\n                                    height=\"512\" \r\n                                    alt=\"\"\r\n                                \/>\r\n                            <\/figure>\r\n\r\n                        \r\n                    \r\n                    <\/a>\r\n\r\n                <\/article><!--- .post-teaser-->\r\n\r\n            \r\n                <article class=\"post-teaser\">\r\n\r\n                    <a href=\"https:\/\/visualjournalism.de\/en\/magazine\/sammeln\/die-architektur-des-datenhandels\/\" rel=\"permalink\">\r\n\r\n                        <div class=\"post-teaser__content\">\r\n\r\n                            <span class=\"entry-categories\">Sammeln<\/span>\r\n                            <h3 class=\"post-teaser__headline\">\r\n                                Die Architektur des Datenhandels                            <\/h3>\r\n\r\n                            <div class=\"post-teaser__excerpt\">\r\n                                <p>Kaum ein System bleibt so unsichtbar und wirkt zugleich so weitreichend wie der Handel mit Nutzerdaten. Was wir anklicken, suchen oder besuchen, wird zu Signalen in einem globalen Markt, der Menschen in Kategorien einordnet und Informationen gezielt verteilt.<\/p>\r\n                            <\/div>\r\n\r\n                        <\/div><!-- .post-teaser__content -->\r\n\r\n\r\n                        \r\n                            <figure class=\"post-teaser__image\">\r\n                                <img loading=\"lazy\" decoding=\"async\"  \r\n                                    src=\"https:\/\/visualjournalism.de\/wp-content\/uploads\/24_Geiersbach-Paul_Accept-All-768x512.jpg\" \r\n                                    srcset=\"https:\/\/visualjournalism.de\/wp-content\/uploads\/24_Geiersbach-Paul_Accept-All-768x512.jpg 768w, https:\/\/visualjournalism.de\/wp-content\/uploads\/24_Geiersbach-Paul_Accept-All-300x200.jpg 300w, https:\/\/visualjournalism.de\/wp-content\/uploads\/24_Geiersbach-Paul_Accept-All-1024x682.jpg 1024w, https:\/\/visualjournalism.de\/wp-content\/uploads\/24_Geiersbach-Paul_Accept-All-1536x1024.jpg 1536w, https:\/\/visualjournalism.de\/wp-content\/uploads\/24_Geiersbach-Paul_Accept-All-1920x1280.jpg 1920w, https:\/\/visualjournalism.de\/wp-content\/uploads\/24_Geiersbach-Paul_Accept-All-1400x933.jpg 1400w, https:\/\/visualjournalism.de\/wp-content\/uploads\/24_Geiersbach-Paul_Accept-All-1050x700.jpg 1050w, https:\/\/visualjournalism.de\/wp-content\/uploads\/24_Geiersbach-Paul_Accept-All-670x447.jpg 670w, https:\/\/visualjournalism.de\/wp-content\/uploads\/24_Geiersbach-Paul_Accept-All-420x280.jpg 420w, https:\/\/visualjournalism.de\/wp-content\/uploads\/24_Geiersbach-Paul_Accept-All-350x233.jpg 350w, https:\/\/visualjournalism.de\/wp-content\/uploads\/24_Geiersbach-Paul_Accept-All-150x100.jpg 150w, https:\/\/visualjournalism.de\/wp-content\/uploads\/24_Geiersbach-Paul_Accept-All.jpg 2000w\" \r\n                                    width=\"768\"  \r\n                                    height=\"512\" \r\n                                    alt=\"eine querformatige farbige Fotografie. Eine W\u00fcstenlandschaft ist von oben fotografiert, mit einem leichten Sanh\u00fcgel. Der Sandh\u00fcgel ist in der Mitte des Bildes eingebrochen.\"\r\n                                \/>\r\n                            <\/figure>\r\n\r\n                        \r\n                    \r\n                    <\/a>\r\n\r\n                <\/article><!--- .post-teaser-->\r\n\r\n            \r\n                <article class=\"post-teaser\">\r\n\r\n                    <a href=\"https:\/\/visualjournalism.de\/en\/magazine\/sammeln\/sammeln-statt-jagen-eine-neue-geschichte-der-menschheit\/\" rel=\"permalink\">\r\n\r\n                        <div class=\"post-teaser__content\">\r\n\r\n                            <span class=\"entry-categories\">Sammeln<\/span>\r\n                            <h3 class=\"post-teaser__headline\">\r\n                                Sammeln statt Jagen: Eine neue Geschichte der Menschheit                            <\/h3>\r\n\r\n                            <div class=\"post-teaser__excerpt\">\r\n                                <p>Was, wenn der Ursprung der Menschheit nicht der Speer, sondern der Beutel war? Ursula K. Le Guin stellt die Geschichte auf den Kopf und macht aus dem Beutel ein Symbol f\u00fcr Menschlichkeit.<\/p>\r\n                            <\/div>\r\n\r\n                        <\/div><!-- .post-teaser__content -->\r\n\r\n\r\n                        \r\n                            <figure class=\"post-teaser__image\">\r\n                                <img loading=\"lazy\" decoding=\"async\"  \r\n                                    src=\"https:\/\/visualjournalism.de\/wp-content\/uploads\/Deppe_Simon_19-768x513.jpg\" \r\n                                    srcset=\"https:\/\/visualjournalism.de\/wp-content\/uploads\/Deppe_Simon_19-768x513.jpg 768w, https:\/\/visualjournalism.de\/wp-content\/uploads\/Deppe_Simon_19-300x200.jpg 300w, https:\/\/visualjournalism.de\/wp-content\/uploads\/Deppe_Simon_19-1024x684.jpg 1024w, https:\/\/visualjournalism.de\/wp-content\/uploads\/Deppe_Simon_19-1050x701.jpg 1050w, https:\/\/visualjournalism.de\/wp-content\/uploads\/Deppe_Simon_19-670x447.jpg 670w, https:\/\/visualjournalism.de\/wp-content\/uploads\/Deppe_Simon_19-420x280.jpg 420w, https:\/\/visualjournalism.de\/wp-content\/uploads\/Deppe_Simon_19-350x234.jpg 350w, https:\/\/visualjournalism.de\/wp-content\/uploads\/Deppe_Simon_19-150x100.jpg 150w, https:\/\/visualjournalism.de\/wp-content\/uploads\/Deppe_Simon_19.jpg 1200w\" \r\n                                    width=\"768\"  \r\n                                    height=\"513\" \r\n                                    alt=\"\"\r\n                                \/>\r\n                            <\/figure>\r\n\r\n                        \r\n                    \r\n                    <\/a>\r\n\r\n                <\/article><!--- .post-teaser-->\r\n\r\n            \r\n        <\/div><!-- .teaser-grid -->\r\n\r\n\n\n\r\n\r\n\r\n\n\n\n    <div class=\"btn-wrapper has-spacing--m\">\n        <a class=\"btn\" href=\"https:\/\/visualjournalism.de\/magazin\/\" target=\"_blank\">ZUR MAGAZIN-STARTSEITE<\/a>\n    <\/div>\n<\/div>\n","protected":false},"excerpt":{"rendered":"","protected":false},"author":92,"featured_media":0,"parent":0,"menu_order":0,"comment_status":"closed","ping_status":"closed","template":"","meta":{"_acf_changed":false,"footnotes":""},"class_list":["post-48533","page","type-page","status-publish","hentry"],"acf":[],"yoast_head":"<!-- This site is optimized with the Yoast SEO Premium plugin v27.6 (Yoast SEO v27.6) - https:\/\/yoast.com\/product\/yoast-seo-premium-wordpress\/ -->\n<title>Jonathan Bar-Am \u2013 Fotojournalist<\/title>\n<meta name=\"robots\" content=\"index, follow, max-snippet:-1, max-image-preview:large, max-video-preview:-1\" \/>\n<link rel=\"canonical\" href=\"https:\/\/visualjournalism.de\/en\/jonathan-bar-am\/\" \/>\n<meta property=\"og:locale\" content=\"en_US\" \/>\n<meta property=\"og:type\" content=\"article\" \/>\n<meta property=\"og:title\" content=\"Jonathan Bar-Am\" \/>\n<meta property=\"og:url\" content=\"https:\/\/visualjournalism.de\/en\/jonathan-bar-am\/\" \/>\n<meta property=\"og:site_name\" content=\"Visual Journalism and Documentary Photography\" \/>\n<meta property=\"article:publisher\" content=\"https:\/\/www.facebook.com\/people\/wwwfotostudentende\/100065173703897\/\" \/>\n<meta property=\"article:modified_time\" content=\"2025-11-05T12:43:24+00:00\" \/>\n<meta name=\"twitter:card\" content=\"summary_large_image\" \/>\n<meta name=\"twitter:site\" content=\"@HsHannover\" \/>\n<meta name=\"twitter:label1\" content=\"Est. reading time\" \/>\n\t<meta name=\"twitter:data1\" content=\"1 minute\" \/>\n<script type=\"application\/ld+json\" class=\"yoast-schema-graph\">{\"@context\":\"https:\\\/\\\/schema.org\",\"@graph\":[{\"@type\":\"WebPage\",\"@id\":\"https:\\\/\\\/visualjournalism.de\\\/en\\\/jonathan-bar-am\\\/\",\"url\":\"https:\\\/\\\/visualjournalism.de\\\/en\\\/jonathan-bar-am\\\/\",\"name\":\"Jonathan Bar-Am \u2013 Fotojournalist\",\"isPartOf\":{\"@id\":\"https:\\\/\\\/visualjournalism.de\\\/en\\\/#website\"},\"datePublished\":\"2024-11-27T17:29:27+00:00\",\"dateModified\":\"2025-11-05T12:43:24+00:00\",\"breadcrumb\":{\"@id\":\"https:\\\/\\\/visualjournalism.de\\\/en\\\/jonathan-bar-am\\\/#breadcrumb\"},\"inLanguage\":\"en-US\",\"potentialAction\":[{\"@type\":\"ReadAction\",\"target\":[\"https:\\\/\\\/visualjournalism.de\\\/en\\\/jonathan-bar-am\\\/\"]}]},{\"@type\":\"BreadcrumbList\",\"@id\":\"https:\\\/\\\/visualjournalism.de\\\/en\\\/jonathan-bar-am\\\/#breadcrumb\",\"itemListElement\":[{\"@type\":\"ListItem\",\"position\":1,\"name\":\"Home\",\"item\":\"https:\\\/\\\/visualjournalism.de\\\/en\\\/\"},{\"@type\":\"ListItem\",\"position\":2,\"name\":\"Jonathan Bar-Am\"}]},{\"@type\":\"WebSite\",\"@id\":\"https:\\\/\\\/visualjournalism.de\\\/en\\\/#website\",\"url\":\"https:\\\/\\\/visualjournalism.de\\\/en\\\/\",\"name\":\"Visual Journalism and Documentary Photography\",\"description\":\"All about the bilingual bachelor&#039;s program at Hannover University of Applied Sciences and Arts.\",\"publisher\":{\"@id\":\"https:\\\/\\\/visualjournalism.de\\\/en\\\/#organization\"},\"alternateName\":\"visualjournalism.de\",\"potentialAction\":[{\"@type\":\"SearchAction\",\"target\":{\"@type\":\"EntryPoint\",\"urlTemplate\":\"https:\\\/\\\/visualjournalism.de\\\/en\\\/?s={search_term_string}\"},\"query-input\":{\"@type\":\"PropertyValueSpecification\",\"valueRequired\":true,\"valueName\":\"search_term_string\"}}],\"inLanguage\":\"en-US\"},{\"@type\":\"Organization\",\"@id\":\"https:\\\/\\\/visualjournalism.de\\\/en\\\/#organization\",\"name\":\"Hochschule Hannover \u2013 University of Applied Sciences and Arts\",\"alternateName\":\"HsH\",\"url\":\"https:\\\/\\\/visualjournalism.de\\\/en\\\/\",\"logo\":{\"@type\":\"ImageObject\",\"inLanguage\":\"en-US\",\"@id\":\"https:\\\/\\\/visualjournalism.de\\\/en\\\/#\\\/schema\\\/logo\\\/image\\\/\",\"url\":\"https:\\\/\\\/visualjournalism.de\\\/wp-content\\\/uploads\\\/logo-hochschule-hannover.png\",\"contentUrl\":\"https:\\\/\\\/visualjournalism.de\\\/wp-content\\\/uploads\\\/logo-hochschule-hannover.png\",\"width\":363,\"height\":270,\"caption\":\"Hochschule Hannover \u2013 University of Applied Sciences and Arts\"},\"image\":{\"@id\":\"https:\\\/\\\/visualjournalism.de\\\/en\\\/#\\\/schema\\\/logo\\\/image\\\/\"},\"sameAs\":[\"https:\\\/\\\/www.facebook.com\\\/people\\\/wwwfotostudentende\\\/100065173703897\\\/\",\"https:\\\/\\\/x.com\\\/HsHannover\",\"https:\\\/\\\/www.instagram.com\\\/visualjournalism.de\\\/\"]}]}<\/script>\n<!-- \/ Yoast SEO Premium plugin. -->","yoast_head_json":{"title":"Jonathan Bar-Am \u2013 Fotojournalist","robots":{"index":"index","follow":"follow","max-snippet":"max-snippet:-1","max-image-preview":"max-image-preview:large","max-video-preview":"max-video-preview:-1"},"canonical":"https:\/\/visualjournalism.de\/en\/jonathan-bar-am\/","og_locale":"en_US","og_type":"article","og_title":"Jonathan Bar-Am","og_url":"https:\/\/visualjournalism.de\/en\/jonathan-bar-am\/","og_site_name":"Visual Journalism and Documentary Photography","article_publisher":"https:\/\/www.facebook.com\/people\/wwwfotostudentende\/100065173703897\/","article_modified_time":"2025-11-05T12:43:24+00:00","twitter_card":"summary_large_image","twitter_site":"@HsHannover","twitter_misc":{"Est. reading time":"1 minute"},"schema":{"@context":"https:\/\/schema.org","@graph":[{"@type":"WebPage","@id":"https:\/\/visualjournalism.de\/en\/jonathan-bar-am\/","url":"https:\/\/visualjournalism.de\/en\/jonathan-bar-am\/","name":"Jonathan Bar-Am \u2013 Fotojournalist","isPartOf":{"@id":"https:\/\/visualjournalism.de\/en\/#website"},"datePublished":"2024-11-27T17:29:27+00:00","dateModified":"2025-11-05T12:43:24+00:00","breadcrumb":{"@id":"https:\/\/visualjournalism.de\/en\/jonathan-bar-am\/#breadcrumb"},"inLanguage":"en-US","potentialAction":[{"@type":"ReadAction","target":["https:\/\/visualjournalism.de\/en\/jonathan-bar-am\/"]}]},{"@type":"BreadcrumbList","@id":"https:\/\/visualjournalism.de\/en\/jonathan-bar-am\/#breadcrumb","itemListElement":[{"@type":"ListItem","position":1,"name":"Home","item":"https:\/\/visualjournalism.de\/en\/"},{"@type":"ListItem","position":2,"name":"Jonathan Bar-Am"}]},{"@type":"WebSite","@id":"https:\/\/visualjournalism.de\/en\/#website","url":"https:\/\/visualjournalism.de\/en\/","name":"Visual Journalism and Documentary Photography","description":"All about the bilingual bachelor&#039;s program at Hannover University of Applied Sciences and Arts.","publisher":{"@id":"https:\/\/visualjournalism.de\/en\/#organization"},"alternateName":"visualjournalism.de","potentialAction":[{"@type":"SearchAction","target":{"@type":"EntryPoint","urlTemplate":"https:\/\/visualjournalism.de\/en\/?s={search_term_string}"},"query-input":{"@type":"PropertyValueSpecification","valueRequired":true,"valueName":"search_term_string"}}],"inLanguage":"en-US"},{"@type":"Organization","@id":"https:\/\/visualjournalism.de\/en\/#organization","name":"Hochschule Hannover \u2013 University of Applied Sciences and Arts","alternateName":"HsH","url":"https:\/\/visualjournalism.de\/en\/","logo":{"@type":"ImageObject","inLanguage":"en-US","@id":"https:\/\/visualjournalism.de\/en\/#\/schema\/logo\/image\/","url":"https:\/\/visualjournalism.de\/wp-content\/uploads\/logo-hochschule-hannover.png","contentUrl":"https:\/\/visualjournalism.de\/wp-content\/uploads\/logo-hochschule-hannover.png","width":363,"height":270,"caption":"Hochschule Hannover \u2013 University of Applied Sciences and Arts"},"image":{"@id":"https:\/\/visualjournalism.de\/en\/#\/schema\/logo\/image\/"},"sameAs":["https:\/\/www.facebook.com\/people\/wwwfotostudentende\/100065173703897\/","https:\/\/x.com\/HsHannover","https:\/\/www.instagram.com\/visualjournalism.de\/"]}]}},"_links":{"self":[{"href":"https:\/\/visualjournalism.de\/en\/wp-json\/wp\/v2\/pages\/48533","targetHints":{"allow":["GET"]}}],"collection":[{"href":"https:\/\/visualjournalism.de\/en\/wp-json\/wp\/v2\/pages"}],"about":[{"href":"https:\/\/visualjournalism.de\/en\/wp-json\/wp\/v2\/types\/page"}],"author":[{"embeddable":true,"href":"https:\/\/visualjournalism.de\/en\/wp-json\/wp\/v2\/users\/92"}],"replies":[{"embeddable":true,"href":"https:\/\/visualjournalism.de\/en\/wp-json\/wp\/v2\/comments?post=48533"}],"version-history":[{"count":3,"href":"https:\/\/visualjournalism.de\/en\/wp-json\/wp\/v2\/pages\/48533\/revisions"}],"predecessor-version":[{"id":65115,"href":"https:\/\/visualjournalism.de\/en\/wp-json\/wp\/v2\/pages\/48533\/revisions\/65115"}],"wp:attachment":[{"href":"https:\/\/visualjournalism.de\/en\/wp-json\/wp\/v2\/media?parent=48533"}],"curies":[{"name":"wp","href":"https:\/\/api.w.org\/{rel}","templated":true}]}}