{"id":54990,"date":"2025-01-11T19:38:54","date_gmt":"2025-01-11T19:38:54","guid":{"rendered":"https:\/\/visualjournalism.de\/?page_id=54990"},"modified":"2025-01-11T20:34:06","modified_gmt":"2025-01-11T20:34:06","slug":"jakob-wolf","status":"publish","type":"page","link":"https:\/\/visualjournalism.de\/en\/jakob-wolf\/","title":{"rendered":"Jakob Wolf"},"content":{"rendered":"\n \n\n    <div id=\"lead-in-block_0b7c0e082e638a716223afe5b35de287\" class=\"block-lead-in typo--soehne font-size--xl has-spacing--m width--default\">\n        <p><strong>Jakob Wolf<\/strong><\/p>\n    <\/div>\n\n\n\n\n<div class=\"pinned-block has-spacing--m\">\n\t\n\n<div class=\"pinned-block__column--left\">\n    \n    <figure class=\"block-photo post__image--full has-spacing--m with-title\">\n\n        <div class=\"post__image__container\">\n            <img loading=\"lazy\" decoding=\"async\" \n                src=\"https:\/\/visualjournalism.de\/wp-content\/uploads\/20241212_FR87778-Playmobilbauer-\u00a9Felix-Kaspar-Rosic-1400x1867.jpg\"\n                srcset=\"https:\/\/visualjournalism.de\/wp-content\/uploads\/20241212_FR87778-Playmobilbauer-\u00a9Felix-Kaspar-Rosic-1400x1867.jpg 1400w, https:\/\/visualjournalism.de\/wp-content\/uploads\/20241212_FR87778-Playmobilbauer-\u00a9Felix-Kaspar-Rosic-225x300.jpg 225w, https:\/\/visualjournalism.de\/wp-content\/uploads\/20241212_FR87778-Playmobilbauer-\u00a9Felix-Kaspar-Rosic-768x1024.jpg 768w, https:\/\/visualjournalism.de\/wp-content\/uploads\/20241212_FR87778-Playmobilbauer-\u00a9Felix-Kaspar-Rosic-1152x1536.jpg 1152w, https:\/\/visualjournalism.de\/wp-content\/uploads\/20241212_FR87778-Playmobilbauer-\u00a9Felix-Kaspar-Rosic-1536x2048.jpg 1536w, https:\/\/visualjournalism.de\/wp-content\/uploads\/20241212_FR87778-Playmobilbauer-\u00a9Felix-Kaspar-Rosic-scaled.jpg 1920w, https:\/\/visualjournalism.de\/wp-content\/uploads\/20241212_FR87778-Playmobilbauer-\u00a9Felix-Kaspar-Rosic-1050x1400.jpg 1050w, https:\/\/visualjournalism.de\/wp-content\/uploads\/20241212_FR87778-Playmobilbauer-\u00a9Felix-Kaspar-Rosic-670x893.jpg 670w, https:\/\/visualjournalism.de\/wp-content\/uploads\/20241212_FR87778-Playmobilbauer-\u00a9Felix-Kaspar-Rosic-420x560.jpg 420w, https:\/\/visualjournalism.de\/wp-content\/uploads\/20241212_FR87778-Playmobilbauer-\u00a9Felix-Kaspar-Rosic-350x467.jpg 350w, https:\/\/visualjournalism.de\/wp-content\/uploads\/20241212_FR87778-Playmobilbauer-\u00a9Felix-Kaspar-Rosic-300x400.jpg 300w, https:\/\/visualjournalism.de\/wp-content\/uploads\/20241212_FR87778-Playmobilbauer-\u00a9Felix-Kaspar-Rosic-640x853.jpg 640w, https:\/\/visualjournalism.de\/wp-content\/uploads\/20241212_FR87778-Playmobilbauer-\u00a9Felix-Kaspar-Rosic-150x200.jpg 150w\"\n                width=\"1400\" \n                height=\"1867\"\n                alt=\"\" \n            \/>\n            \n                            <span class=\"post__image__title\">Der angehende Journalist Jakob Wolf posiert f\u00fcr ein Foto. Aufgenommen am 12.12.2024 n\u00f6rdlich von Hamburg.<\/span>\n                    <\/div><!-- post__image__container -->\n\n        \n    <\/figure><!-- post__image -->\n\n\n\n<\/div>\n\n\n<div class=\"pinned-block__column--right\">\n    \n\n<p class=\"post__paragraph is-style-typo--soehne has-spacing--default\"><strong>Jakob Wolf<\/strong> (*2003 in L\u00fcneburg) ist in Ostfriesland aufgewachsen und wohnt heute in Hameln. Nach seinem Abitur 2023 absolvierte er zun\u00e4chst ein Freiwilliges Soziales Jahr (FSJ) beim lokalen B\u00fcrgerradiosender \u201eradio aktiv\u201c.&nbsp;Bereits w\u00e4hrend eines fr\u00fcheren Praktikums portr\u00e4tierte er regelm\u00e4\u00dfig Menschen aus Arbeit und Kultur, aber auch Sport- und Politikthemen pr\u00e4gen seine Arbeit.<\/p>\n\n\n\n<p class=\"post__paragraph is-style-typo--soehne has-spacing--default\">Seit September 2024 studiert Jakob \u201eJournalistik\u201c an der Hochschule Hannover, um das journalistische Handwerk noch weiter zu vertiefen.&nbsp;<\/p>\n\n\n\n<p class=\"post__paragraph has-spacing--default\"><\/p>\n\n\n\n<p class=\"post__paragraph is-style-typo--soehne has-spacing--default\"><strong>Kontakt:<\/strong><br>Mobil: +49 162 5965340<br>Email: <a href=\"mailto:jakob.wolf@stud.hs-hannover.de\">jakob.wolf@stud.hs-hannover.de<\/a><\/p>\n\n\n<\/div>\n<\/div>\n\n\n<p class=\"post__paragraph has-spacing--default\"><\/p>\n","protected":false},"excerpt":{"rendered":"","protected":false},"author":7,"featured_media":0,"parent":0,"menu_order":0,"comment_status":"closed","ping_status":"closed","template":"","meta":{"_acf_changed":false,"footnotes":""},"class_list":["post-54990","page","type-page","status-publish","hentry"],"acf":[],"yoast_head":"<!-- This site is optimized with the Yoast SEO Premium plugin v27.3 (Yoast SEO v27.3) - https:\/\/yoast.com\/product\/yoast-seo-premium-wordpress\/ -->\n<title>Jakob Wolf &#8211; Visual Journalism and Documentary Photography<\/title>\n<meta name=\"robots\" content=\"index, follow, max-snippet:-1, max-image-preview:large, max-video-preview:-1\" \/>\n<link rel=\"canonical\" href=\"https:\/\/visualjournalism.de\/en\/jakob-wolf\/\" \/>\n<meta property=\"og:locale\" content=\"en_US\" \/>\n<meta property=\"og:type\" content=\"article\" \/>\n<meta property=\"og:title\" content=\"Jakob Wolf\" \/>\n<meta property=\"og:url\" content=\"https:\/\/visualjournalism.de\/en\/jakob-wolf\/\" \/>\n<meta property=\"og:site_name\" content=\"Visual Journalism and Documentary Photography\" \/>\n<meta property=\"article:publisher\" content=\"https:\/\/www.facebook.com\/people\/wwwfotostudentende\/100065173703897\/\" \/>\n<meta property=\"article:modified_time\" content=\"2025-01-11T20:34:06+00:00\" \/>\n<meta name=\"twitter:card\" content=\"summary_large_image\" \/>\n<meta name=\"twitter:site\" content=\"@HsHannover\" \/>\n<meta name=\"twitter:label1\" content=\"Est. reading time\" \/>\n\t<meta name=\"twitter:data1\" content=\"1 minute\" \/>\n<script type=\"application\/ld+json\" class=\"yoast-schema-graph\">{\"@context\":\"https:\\\/\\\/schema.org\",\"@graph\":[{\"@type\":\"WebPage\",\"@id\":\"https:\\\/\\\/visualjournalism.de\\\/en\\\/jakob-wolf\\\/\",\"url\":\"https:\\\/\\\/visualjournalism.de\\\/en\\\/jakob-wolf\\\/\",\"name\":\"Jakob Wolf &#8211; Visual Journalism and Documentary Photography\",\"isPartOf\":{\"@id\":\"https:\\\/\\\/visualjournalism.de\\\/en\\\/#website\"},\"datePublished\":\"2025-01-11T19:38:54+00:00\",\"dateModified\":\"2025-01-11T20:34:06+00:00\",\"breadcrumb\":{\"@id\":\"https:\\\/\\\/visualjournalism.de\\\/en\\\/jakob-wolf\\\/#breadcrumb\"},\"inLanguage\":\"en-US\",\"potentialAction\":[{\"@type\":\"ReadAction\",\"target\":[\"https:\\\/\\\/visualjournalism.de\\\/en\\\/jakob-wolf\\\/\"]}]},{\"@type\":\"BreadcrumbList\",\"@id\":\"https:\\\/\\\/visualjournalism.de\\\/en\\\/jakob-wolf\\\/#breadcrumb\",\"itemListElement\":[{\"@type\":\"ListItem\",\"position\":1,\"name\":\"Home\",\"item\":\"https:\\\/\\\/visualjournalism.de\\\/en\\\/\"},{\"@type\":\"ListItem\",\"position\":2,\"name\":\"Jakob Wolf\"}]},{\"@type\":\"WebSite\",\"@id\":\"https:\\\/\\\/visualjournalism.de\\\/en\\\/#website\",\"url\":\"https:\\\/\\\/visualjournalism.de\\\/en\\\/\",\"name\":\"Visual Journalism and Documentary Photography\",\"description\":\"All about the bilingual bachelor&#039;s program at Hannover University of Applied Sciences and Arts.\",\"publisher\":{\"@id\":\"https:\\\/\\\/visualjournalism.de\\\/en\\\/#organization\"},\"alternateName\":\"visualjournalism.de\",\"potentialAction\":[{\"@type\":\"SearchAction\",\"target\":{\"@type\":\"EntryPoint\",\"urlTemplate\":\"https:\\\/\\\/visualjournalism.de\\\/en\\\/?s={search_term_string}\"},\"query-input\":{\"@type\":\"PropertyValueSpecification\",\"valueRequired\":true,\"valueName\":\"search_term_string\"}}],\"inLanguage\":\"en-US\"},{\"@type\":\"Organization\",\"@id\":\"https:\\\/\\\/visualjournalism.de\\\/en\\\/#organization\",\"name\":\"Hochschule Hannover \u2013 University of Applied Sciences and Arts\",\"alternateName\":\"HsH\",\"url\":\"https:\\\/\\\/visualjournalism.de\\\/en\\\/\",\"logo\":{\"@type\":\"ImageObject\",\"inLanguage\":\"en-US\",\"@id\":\"https:\\\/\\\/visualjournalism.de\\\/en\\\/#\\\/schema\\\/logo\\\/image\\\/\",\"url\":\"https:\\\/\\\/visualjournalism.de\\\/wp-content\\\/uploads\\\/logo-hochschule-hannover.png\",\"contentUrl\":\"https:\\\/\\\/visualjournalism.de\\\/wp-content\\\/uploads\\\/logo-hochschule-hannover.png\",\"width\":363,\"height\":270,\"caption\":\"Hochschule Hannover \u2013 University of Applied Sciences and Arts\"},\"image\":{\"@id\":\"https:\\\/\\\/visualjournalism.de\\\/en\\\/#\\\/schema\\\/logo\\\/image\\\/\"},\"sameAs\":[\"https:\\\/\\\/www.facebook.com\\\/people\\\/wwwfotostudentende\\\/100065173703897\\\/\",\"https:\\\/\\\/x.com\\\/HsHannover\",\"https:\\\/\\\/www.instagram.com\\\/visualjournalism.de\\\/\"]}]}<\/script>\n<!-- \/ Yoast SEO Premium plugin. -->","yoast_head_json":{"title":"Jakob Wolf &#8211; Visual Journalism and Documentary Photography","robots":{"index":"index","follow":"follow","max-snippet":"max-snippet:-1","max-image-preview":"max-image-preview:large","max-video-preview":"max-video-preview:-1"},"canonical":"https:\/\/visualjournalism.de\/en\/jakob-wolf\/","og_locale":"en_US","og_type":"article","og_title":"Jakob Wolf","og_url":"https:\/\/visualjournalism.de\/en\/jakob-wolf\/","og_site_name":"Visual Journalism and Documentary Photography","article_publisher":"https:\/\/www.facebook.com\/people\/wwwfotostudentende\/100065173703897\/","article_modified_time":"2025-01-11T20:34:06+00:00","twitter_card":"summary_large_image","twitter_site":"@HsHannover","twitter_misc":{"Est. reading time":"1 minute"},"schema":{"@context":"https:\/\/schema.org","@graph":[{"@type":"WebPage","@id":"https:\/\/visualjournalism.de\/en\/jakob-wolf\/","url":"https:\/\/visualjournalism.de\/en\/jakob-wolf\/","name":"Jakob Wolf &#8211; Visual Journalism and Documentary Photography","isPartOf":{"@id":"https:\/\/visualjournalism.de\/en\/#website"},"datePublished":"2025-01-11T19:38:54+00:00","dateModified":"2025-01-11T20:34:06+00:00","breadcrumb":{"@id":"https:\/\/visualjournalism.de\/en\/jakob-wolf\/#breadcrumb"},"inLanguage":"en-US","potentialAction":[{"@type":"ReadAction","target":["https:\/\/visualjournalism.de\/en\/jakob-wolf\/"]}]},{"@type":"BreadcrumbList","@id":"https:\/\/visualjournalism.de\/en\/jakob-wolf\/#breadcrumb","itemListElement":[{"@type":"ListItem","position":1,"name":"Home","item":"https:\/\/visualjournalism.de\/en\/"},{"@type":"ListItem","position":2,"name":"Jakob Wolf"}]},{"@type":"WebSite","@id":"https:\/\/visualjournalism.de\/en\/#website","url":"https:\/\/visualjournalism.de\/en\/","name":"Visual Journalism and Documentary Photography","description":"All about the bilingual bachelor&#039;s program at Hannover University of Applied Sciences and Arts.","publisher":{"@id":"https:\/\/visualjournalism.de\/en\/#organization"},"alternateName":"visualjournalism.de","potentialAction":[{"@type":"SearchAction","target":{"@type":"EntryPoint","urlTemplate":"https:\/\/visualjournalism.de\/en\/?s={search_term_string}"},"query-input":{"@type":"PropertyValueSpecification","valueRequired":true,"valueName":"search_term_string"}}],"inLanguage":"en-US"},{"@type":"Organization","@id":"https:\/\/visualjournalism.de\/en\/#organization","name":"Hochschule Hannover \u2013 University of Applied Sciences and Arts","alternateName":"HsH","url":"https:\/\/visualjournalism.de\/en\/","logo":{"@type":"ImageObject","inLanguage":"en-US","@id":"https:\/\/visualjournalism.de\/en\/#\/schema\/logo\/image\/","url":"https:\/\/visualjournalism.de\/wp-content\/uploads\/logo-hochschule-hannover.png","contentUrl":"https:\/\/visualjournalism.de\/wp-content\/uploads\/logo-hochschule-hannover.png","width":363,"height":270,"caption":"Hochschule Hannover \u2013 University of Applied Sciences and Arts"},"image":{"@id":"https:\/\/visualjournalism.de\/en\/#\/schema\/logo\/image\/"},"sameAs":["https:\/\/www.facebook.com\/people\/wwwfotostudentende\/100065173703897\/","https:\/\/x.com\/HsHannover","https:\/\/www.instagram.com\/visualjournalism.de\/"]}]}},"_links":{"self":[{"href":"https:\/\/visualjournalism.de\/en\/wp-json\/wp\/v2\/pages\/54990","targetHints":{"allow":["GET"]}}],"collection":[{"href":"https:\/\/visualjournalism.de\/en\/wp-json\/wp\/v2\/pages"}],"about":[{"href":"https:\/\/visualjournalism.de\/en\/wp-json\/wp\/v2\/types\/page"}],"author":[{"embeddable":true,"href":"https:\/\/visualjournalism.de\/en\/wp-json\/wp\/v2\/users\/7"}],"replies":[{"embeddable":true,"href":"https:\/\/visualjournalism.de\/en\/wp-json\/wp\/v2\/comments?post=54990"}],"version-history":[{"count":0,"href":"https:\/\/visualjournalism.de\/en\/wp-json\/wp\/v2\/pages\/54990\/revisions"}],"wp:attachment":[{"href":"https:\/\/visualjournalism.de\/en\/wp-json\/wp\/v2\/media?parent=54990"}],"curies":[{"name":"wp","href":"https:\/\/api.w.org\/{rel}","templated":true}]}}