{"id":58494,"date":"2025-05-13T09:33:09","date_gmt":"2025-05-13T09:33:09","guid":{"rendered":"https:\/\/visualjournalism.de\/?page_id=58494"},"modified":"2025-05-13T09:33:38","modified_gmt":"2025-05-13T09:33:38","slug":"moritz-heck","status":"publish","type":"page","link":"https:\/\/visualjournalism.de\/en\/moritz-heck\/","title":{"rendered":"Moritz Heck"},"content":{"rendered":"\n \n\n    <div id=\"lead-in-block_8de41cb149510f2d857de39ae420cd9e\" class=\"block-lead-in typo--default font-size--xl has-spacing--m width--default\">\n        <h1><strong>Moritz Heck<\/strong><\/h1>\n    <\/div>\n\n\n\n\n<div class=\"pinned-block has-spacing--xs\">\n\t\n\n<div class=\"pinned-block__column--left\">\n    \n    <figure class=\"block-photo post__image--full has-spacing--m with-title\">\n\n        <div class=\"post__image__container\">\n            <img loading=\"lazy\" decoding=\"async\" \n                src=\"https:\/\/visualjournalism.de\/wp-content\/uploads\/Moritz_Heck-Portraet.jpg\"\n                srcset=\"https:\/\/visualjournalism.de\/wp-content\/uploads\/Moritz_Heck-Portraet.jpg 1000w, https:\/\/visualjournalism.de\/wp-content\/uploads\/Moritz_Heck-Portraet-300x300.jpg 300w, https:\/\/visualjournalism.de\/wp-content\/uploads\/Moritz_Heck-Portraet-150x150.jpg 150w, https:\/\/visualjournalism.de\/wp-content\/uploads\/Moritz_Heck-Portraet-768x768.jpg 768w, https:\/\/visualjournalism.de\/wp-content\/uploads\/Moritz_Heck-Portraet-670x670.jpg 670w, https:\/\/visualjournalism.de\/wp-content\/uploads\/Moritz_Heck-Portraet-420x420.jpg 420w, https:\/\/visualjournalism.de\/wp-content\/uploads\/Moritz_Heck-Portraet-350x350.jpg 350w, https:\/\/visualjournalism.de\/wp-content\/uploads\/Moritz_Heck-Portraet-52x52.jpg 52w, https:\/\/visualjournalism.de\/wp-content\/uploads\/Moritz_Heck-Portraet-68x68.jpg 68w, https:\/\/visualjournalism.de\/wp-content\/uploads\/Moritz_Heck-Portraet-96x96.jpg 96w\"\n                width=\"1000\" \n                height=\"1000\"\n                alt=\"Schwarzwei\u00dfportr\u00e4t von Moritz Heck, der mit einem Stativ und einer analogen Mittelformatkamera in einer schneebedeckten Waldlandschaft steht.\" \n            \/>\n            \n                            <span class=\"post__image__title\">Foto: Max Schlag<\/span>\n                    <\/div><!-- post__image__container -->\n\n        \n    <\/figure><!-- post__image -->\n\n\n\n<\/div>\n\n\n<div class=\"pinned-block__column--right\">\n    \n\n<p class=\"post__paragraph is-style-typo--soehne has-spacing--default\"><strong>Moritz Heck<\/strong>, geboren 2002 in NRW, lebt und arbeitet in Hannover. Nach einem Freiwilligendienst in Hamburg begann er ein Studium der Medien- und Kommunikationswissenschaften, das ihn schlie\u00dflich zur Fotografie und zum Fotojournalismus f\u00fchrte.<\/p>\n\n\n\n<p class=\"post__paragraph is-style-typo--soehne has-spacing--default\"><strong>Themen:<\/strong> In seinen Arbeiten besch\u00e4ftigt er sich mit sozialen Bewegungen, insbesondere der deutschen Klimagerechtigkeitsbewegung, sowie mit den unterschiedlichen Lebens- und Arbeitsrealit\u00e4ten in unserer Gesellschaft.<\/p>\n\n\n\n<p class=\"post__paragraph is-style-typo--soehne has-spacing--default\"><strong>Kontakt:<\/strong><br>Mail: info@moritzheck.de<br>Webseite: <a href=\"https:\/\/moritzheck.de\/\">www.moritzheck.de<\/a><br>Instagram: <a href=\"https:\/\/www.instagram.com\/heck.moritz\/\">@heck.moritz<\/a><\/p>\n\n\n<\/div>\n<\/div>\n\n\n<div class=\"devider has-spacing--none\">\n    <hr>\n<\/div>\n\n\n \n\n    <div id=\"lead-in-block_57167316e807e4636bfe3056274db71a\" class=\"block-lead-in typo--default font-size--default has-spacing--m width--default\">\n        <div id=\"block-660d6479-3992-458d-ab6e-13f565fdfd74\" class=\"block-editor-block-list__block wp-block wp-block-acf-lead-in\" role=\"document\" aria-label=\"Block: Lead In\" data-block=\"660d6479-3992-458d-ab6e-13f565fdfd74\" data-type=\"acf\/lead-in\" data-title=\"Lead In\">\n<div class=\"acf-block-component acf-block-body\">\n<div>\n<div class=\"acf-block-preview\">\n<div id=\"lead-in-block_660d6479-3992-458d-ab6e-13f565fdfd74\" class=\"block-lead-in typo--default font-size--xl has-spacing--m width--default\">\n<h2><strong>Moritz Heck<\/strong>\u2019<strong>s Beitr\u00e4ge<\/strong><\/h2>\n<\/div>\n<\/div>\n<\/div>\n<\/div>\n<\/div>\n    <\/div>\n\n\n\n\n<div class=\"two-columns-teaser has-spacing--m\">\n\n    \r\n<article class=\"post-teaser post-65184 post type-post status-publish format-standard has-post-thumbnail hentry category-events category-news-en\">\r\n\t<header class=\"entry-header\">\r\n\r\n\t\t<div class=\"entry-categories\">\n\t<a class=\"post__tag\" href=\"https:\/\/visualjournalism.de\/en\/news-en\/events\/\" rel=\"category tag\">Events<\/a><\/div>\r\n\t\t<a href=\"https:\/\/visualjournalism.de\/en\/news-en\/events\/experience-visual-journalism-live-discover-which-media-study-program-suits-you-best\/\" rel=\"bookmark\">\r\n\t\t\t<h2 class=\"entry-title\">Experience visual journalism live: Discover which media degree program is right for you.<\/h2>\r\n\t\t\t<p class=\"entry-excerpt\">The Media_Special on November 11, 2025 will showcase the media degree programs at the University of Applied Sciences and Arts Hannover. Workshops, talks and lectures provide insights and help with the choice of course. <\/p>\r\n\t\t<\/a>\r\n\r\n\t<\/header><!-- .entry-header -->\r\n\r\n\t<figure class=\"post__image\">\r\n\t\t<a href=\"https:\/\/visualjournalism.de\/en\/news-en\/events\/experience-visual-journalism-live-discover-which-media-study-program-suits-you-best\/\" rel=\"bookmark\">\r\n\t\t\t<img loading=\"lazy\" decoding=\"async\" width=\"670\" height=\"447\" src=\"https:\/\/visualjournalism.de\/wp-content\/uploads\/rosty_foto-12-670x447.jpg\" class=\"attachment-post-image--two-column size-post-image--two-column\" alt=\"\" srcset=\"https:\/\/visualjournalism.de\/wp-content\/uploads\/rosty_foto-12-670x447.jpg 670w, https:\/\/visualjournalism.de\/wp-content\/uploads\/rosty_foto-12-300x200.jpg 300w, https:\/\/visualjournalism.de\/wp-content\/uploads\/rosty_foto-12-1024x683.jpg 1024w, https:\/\/visualjournalism.de\/wp-content\/uploads\/rosty_foto-12-768x512.jpg 768w, https:\/\/visualjournalism.de\/wp-content\/uploads\/rosty_foto-12-1536x1024.jpg 1536w, https:\/\/visualjournalism.de\/wp-content\/uploads\/rosty_foto-12-1400x933.jpg 1400w, https:\/\/visualjournalism.de\/wp-content\/uploads\/rosty_foto-12-1050x700.jpg 1050w, https:\/\/visualjournalism.de\/wp-content\/uploads\/rosty_foto-12-420x280.jpg 420w, https:\/\/visualjournalism.de\/wp-content\/uploads\/rosty_foto-12-350x233.jpg 350w, https:\/\/visualjournalism.de\/wp-content\/uploads\/rosty_foto-12.jpg 1920w\" sizes=\"auto, (max-width: 670px) 100vw, 670px\" \/>\t\t<\/a>\r\n\t<\/figure><!-- .post__image -->\r\n\r\n<\/article>\r\n\n<\/div><!-- .2-columns-teaser-->\n\n    \n\n\n<div class=\"wp-block-group has-spacing--default has-spacing--default\">\n<div class=\"devider has-spacing--none\">\n    <hr>\n<\/div>\n\n\n \n\n    <div id=\"lead-in-block_42ff7e91c30ee6c7061fbd8f5df940d9\" class=\"block-lead-in typo--default font-size--xl has-spacing--s width--default\">\n        <p><strong>Empfehlungen der Redaktion:<\/strong><\/p>\n    <\/div>\n\n\n\n\r\n\r\n\r\n\n\n\r\n\r\n\r\n\r\n        <div class=\"teaser-grid grid-layout--3col has-spacing--s width--inline\">\r\n\r\n            \r\n                <article class=\"post-teaser\">\r\n\r\n                    <a href=\"https:\/\/visualjournalism.de\/en\/magazine\/sammeln\/playmobil-sammler-das-imperium-der-klick-figuren\/\" rel=\"permalink\">\r\n\r\n                        <div class=\"post-teaser__content\">\r\n\r\n                            <span class=\"entry-categories\">Sammeln<\/span>\r\n                            <h3 class=\"post-teaser__headline\">\r\n                                Das Imperium der Klick-Figuren                            <\/h3>\r\n\r\n                            <div class=\"post-teaser__excerpt\">\r\n                                <p>Alles begann im Kinderzimmer \u2013 heute besitzt Oliver Schaffer mit \u00fcber 400.000 Figuren die gr\u00f6\u00dfte Playmobil-Sammlung der Welt. Ein Besuch in seinem riesigen Hochregallager zeigt, warum er das Leben am liebsten aus der Miniatur-Perspektive sieht.<\/p>\r\n                            <\/div>\r\n\r\n                        <\/div><!-- .post-teaser__content -->\r\n\r\n\r\n                        \r\n                            <figure class=\"post-teaser__image\">\r\n                                <img loading=\"lazy\" decoding=\"async\"  \r\n                                    src=\"https:\/\/visualjournalism.de\/wp-content\/uploads\/20241212_FR87726-Playmobilbauer-\u00a9Felix-Kaspar-Rosic_4000px-768x614.jpg\" \r\n                                    srcset=\"https:\/\/visualjournalism.de\/wp-content\/uploads\/20241212_FR87726-Playmobilbauer-\u00a9Felix-Kaspar-Rosic_4000px-768x614.jpg 768w, https:\/\/visualjournalism.de\/wp-content\/uploads\/20241212_FR87726-Playmobilbauer-\u00a9Felix-Kaspar-Rosic_4000px-300x240.jpg 300w, https:\/\/visualjournalism.de\/wp-content\/uploads\/20241212_FR87726-Playmobilbauer-\u00a9Felix-Kaspar-Rosic_4000px-1024x819.jpg 1024w, https:\/\/visualjournalism.de\/wp-content\/uploads\/20241212_FR87726-Playmobilbauer-\u00a9Felix-Kaspar-Rosic_4000px-1536x1229.jpg 1536w, https:\/\/visualjournalism.de\/wp-content\/uploads\/20241212_FR87726-Playmobilbauer-\u00a9Felix-Kaspar-Rosic_4000px-1920x1536.jpg 1920w, https:\/\/visualjournalism.de\/wp-content\/uploads\/20241212_FR87726-Playmobilbauer-\u00a9Felix-Kaspar-Rosic_4000px-1400x1120.jpg 1400w, https:\/\/visualjournalism.de\/wp-content\/uploads\/20241212_FR87726-Playmobilbauer-\u00a9Felix-Kaspar-Rosic_4000px-1050x840.jpg 1050w, https:\/\/visualjournalism.de\/wp-content\/uploads\/20241212_FR87726-Playmobilbauer-\u00a9Felix-Kaspar-Rosic_4000px-670x536.jpg 670w, https:\/\/visualjournalism.de\/wp-content\/uploads\/20241212_FR87726-Playmobilbauer-\u00a9Felix-Kaspar-Rosic_4000px-420x336.jpg 420w, https:\/\/visualjournalism.de\/wp-content\/uploads\/20241212_FR87726-Playmobilbauer-\u00a9Felix-Kaspar-Rosic_4000px-350x280.jpg 350w, https:\/\/visualjournalism.de\/wp-content\/uploads\/20241212_FR87726-Playmobilbauer-\u00a9Felix-Kaspar-Rosic_4000px-150x120.jpg 150w, https:\/\/visualjournalism.de\/wp-content\/uploads\/20241212_FR87726-Playmobilbauer-\u00a9Felix-Kaspar-Rosic_4000px.jpg 2000w\" \r\n                                    width=\"768\"  \r\n                                    height=\"614\" \r\n                                    alt=\"\"\r\n                                \/>\r\n                            <\/figure>\r\n\r\n                        \r\n                    \r\n                    <\/a>\r\n\r\n                <\/article><!--- .post-teaser-->\r\n\r\n            \r\n                <article class=\"post-teaser\">\r\n\r\n                    <a href=\"https:\/\/visualjournalism.de\/en\/magazine\/ratgeber\/so-schaffst-du-es-gute-portraets-zu-machen\/\" rel=\"permalink\">\r\n\r\n                        <div class=\"post-teaser__content\">\r\n\r\n                            <span class=\"entry-categories\">Ratgeber<\/span>\r\n                            <h3 class=\"post-teaser__headline\">\r\n                                So schaffst du es, gute Portr\u00e4ts zu machen.                             <\/h3>\r\n\r\n                            <div class=\"post-teaser__excerpt\">\r\n                                <p>Renommierte Fotograf*innen erz\u00e4hlen, wie sie in der Praxis mit Schwierigkeiten bei Portr\u00e4tshootings umgehen und wieso Posen manchmal ehrlicher sind, als man denkt.\u00a0<\/p>\r\n                            <\/div>\r\n\r\n                        <\/div><!-- .post-teaser__content -->\r\n\r\n\r\n                        \r\n                            <figure class=\"post-teaser__image\">\r\n                                <img loading=\"lazy\" decoding=\"async\"  \r\n                                    src=\"https:\/\/visualjournalism.de\/wp-content\/uploads\/2026\/01\/image-5-768x432.jpg\" \r\n                                    srcset=\"https:\/\/visualjournalism.de\/wp-content\/uploads\/2026\/01\/image-5-768x432.jpg 768w, https:\/\/visualjournalism.de\/wp-content\/uploads\/2026\/01\/image-5-300x169.jpg 300w, https:\/\/visualjournalism.de\/wp-content\/uploads\/2026\/01\/image-5-1024x576.jpg 1024w, https:\/\/visualjournalism.de\/wp-content\/uploads\/2026\/01\/image-5-1536x864.jpg 1536w, https:\/\/visualjournalism.de\/wp-content\/uploads\/2026\/01\/image-5-1400x788.jpg 1400w, https:\/\/visualjournalism.de\/wp-content\/uploads\/2026\/01\/image-5-1050x591.jpg 1050w, https:\/\/visualjournalism.de\/wp-content\/uploads\/2026\/01\/image-5-670x377.jpg 670w, https:\/\/visualjournalism.de\/wp-content\/uploads\/2026\/01\/image-5-420x236.jpg 420w, https:\/\/visualjournalism.de\/wp-content\/uploads\/2026\/01\/image-5-350x197.jpg 350w, https:\/\/visualjournalism.de\/wp-content\/uploads\/2026\/01\/image-5-150x84.jpg 150w, https:\/\/visualjournalism.de\/wp-content\/uploads\/2026\/01\/image-5.jpg 1600w\" \r\n                                    width=\"768\"  \r\n                                    height=\"432\" \r\n                                    alt=\"\"\r\n                                \/>\r\n                            <\/figure>\r\n\r\n                        \r\n                    \r\n                    <\/a>\r\n\r\n                <\/article><!--- .post-teaser-->\r\n\r\n            \r\n                <article class=\"post-teaser\">\r\n\r\n                    <a href=\"https:\/\/visualjournalism.de\/en\/magazine\/ratgeber\/hannover-deshalb-lohnt-sich-ein-studium-hier\/\" rel=\"permalink\">\r\n\r\n                        <div class=\"post-teaser__content\">\r\n\r\n                            <span class=\"entry-categories\">Ratgeber<\/span>\r\n                            <h3 class=\"post-teaser__headline\">\r\n                                Hannover aufregend unaufgeregt.                            <\/h3>\r\n\r\n                            <div class=\"post-teaser__excerpt\">\r\n                                <p>In diesem Kommentar erf\u00e4hrst du, warum sich ein Studium in Hannover f\u00fcr dich lohnt und wie der beste Start in Niedersachsens Landeshauptstadt gelingen kann.<\/p>\r\n                            <\/div>\r\n\r\n                        <\/div><!-- .post-teaser__content -->\r\n\r\n\r\n                        \r\n                            <figure class=\"post-teaser__image\">\r\n                                <img loading=\"lazy\" decoding=\"async\"  \r\n                                    src=\"https:\/\/visualjournalism.de\/wp-content\/uploads\/2025\/02\/hannover_unaufgeregt_aufgeregt-2-768x491.jpg\" \r\n                                    srcset=\"https:\/\/visualjournalism.de\/wp-content\/uploads\/2025\/02\/hannover_unaufgeregt_aufgeregt-2-768x491.jpg 768w, https:\/\/visualjournalism.de\/wp-content\/uploads\/2025\/02\/hannover_unaufgeregt_aufgeregt-2-300x192.jpg 300w, https:\/\/visualjournalism.de\/wp-content\/uploads\/2025\/02\/hannover_unaufgeregt_aufgeregt-2-1024x655.jpg 1024w, https:\/\/visualjournalism.de\/wp-content\/uploads\/2025\/02\/hannover_unaufgeregt_aufgeregt-2-1536x982.jpg 1536w, https:\/\/visualjournalism.de\/wp-content\/uploads\/2025\/02\/hannover_unaufgeregt_aufgeregt-2-2048x1310.jpg 2048w, https:\/\/visualjournalism.de\/wp-content\/uploads\/2025\/02\/hannover_unaufgeregt_aufgeregt-2-1920x1228.jpg 1920w, https:\/\/visualjournalism.de\/wp-content\/uploads\/2025\/02\/hannover_unaufgeregt_aufgeregt-2-1400x895.jpg 1400w, https:\/\/visualjournalism.de\/wp-content\/uploads\/2025\/02\/hannover_unaufgeregt_aufgeregt-2-1050x671.jpg 1050w, https:\/\/visualjournalism.de\/wp-content\/uploads\/2025\/02\/hannover_unaufgeregt_aufgeregt-2-670x428.jpg 670w, https:\/\/visualjournalism.de\/wp-content\/uploads\/2025\/02\/hannover_unaufgeregt_aufgeregt-2-420x269.jpg 420w, https:\/\/visualjournalism.de\/wp-content\/uploads\/2025\/02\/hannover_unaufgeregt_aufgeregt-2-350x224.jpg 350w, https:\/\/visualjournalism.de\/wp-content\/uploads\/2025\/02\/hannover_unaufgeregt_aufgeregt-2-150x96.jpg 150w\" \r\n                                    width=\"768\"  \r\n                                    height=\"491\" \r\n                                    alt=\"\"\r\n                                \/>\r\n                            <\/figure>\r\n\r\n                        \r\n                    \r\n                    <\/a>\r\n\r\n                <\/article><!--- .post-teaser-->\r\n\r\n            \r\n        <\/div><!-- .teaser-grid -->\r\n\r\n\n\n\r\n\r\n\r\n\n\n\n    <div class=\"btn-wrapper has-spacing--m\">\n        <a class=\"btn\" href=\"https:\/\/visualjournalism.de\/magazin\/\" target=\"_blank\">ZUR MAGAZIN-STARTSEITE<\/a>\n    <\/div>\n<\/div>\n","protected":false},"excerpt":{"rendered":"","protected":false},"author":114,"featured_media":0,"parent":0,"menu_order":0,"comment_status":"closed","ping_status":"closed","template":"","meta":{"_acf_changed":false,"footnotes":""},"class_list":["post-58494","page","type-page","status-publish","hentry"],"acf":[],"yoast_head":"<!-- This site is optimized with the Yoast SEO Premium plugin v27.3 (Yoast SEO v27.3) - https:\/\/yoast.com\/product\/yoast-seo-premium-wordpress\/ -->\n<title>Moritz Heck<\/title>\n<meta name=\"description\" content=\"Moritz Heck, geboren 2002 in NRW, lebt und arbeitet als Fotograf in Hannover. In seinen Arbeiten widme er sich sozialen Perspektiven.\" \/>\n<meta name=\"robots\" content=\"index, follow, max-snippet:-1, max-image-preview:large, max-video-preview:-1\" \/>\n<link rel=\"canonical\" href=\"https:\/\/visualjournalism.de\/en\/moritz-heck\/\" \/>\n<meta property=\"og:locale\" content=\"en_US\" \/>\n<meta property=\"og:type\" content=\"article\" \/>\n<meta property=\"og:title\" content=\"Moritz Heck\" \/>\n<meta property=\"og:description\" content=\"Moritz Heck, geboren 2002 in NRW, lebt und arbeitet als Fotograf in Hannover. In seinen Arbeiten widme er sich sozialen Perspektiven.\" \/>\n<meta property=\"og:url\" content=\"https:\/\/visualjournalism.de\/en\/moritz-heck\/\" \/>\n<meta property=\"og:site_name\" content=\"Visual Journalism and Documentary Photography\" \/>\n<meta property=\"article:publisher\" content=\"https:\/\/www.facebook.com\/people\/wwwfotostudentende\/100065173703897\/\" \/>\n<meta property=\"article:modified_time\" content=\"2025-05-13T09:33:38+00:00\" \/>\n<meta name=\"twitter:card\" content=\"summary_large_image\" \/>\n<meta name=\"twitter:site\" content=\"@HsHannover\" \/>\n<meta name=\"twitter:label1\" content=\"Est. reading time\" \/>\n\t<meta name=\"twitter:data1\" content=\"1 minute\" \/>\n<script type=\"application\/ld+json\" class=\"yoast-schema-graph\">{\"@context\":\"https:\\\/\\\/schema.org\",\"@graph\":[{\"@type\":\"WebPage\",\"@id\":\"https:\\\/\\\/visualjournalism.de\\\/en\\\/moritz-heck\\\/\",\"url\":\"https:\\\/\\\/visualjournalism.de\\\/en\\\/moritz-heck\\\/\",\"name\":\"Moritz Heck\",\"isPartOf\":{\"@id\":\"https:\\\/\\\/visualjournalism.de\\\/en\\\/#website\"},\"datePublished\":\"2025-05-13T09:33:09+00:00\",\"dateModified\":\"2025-05-13T09:33:38+00:00\",\"description\":\"Moritz Heck, geboren 2002 in NRW, lebt und arbeitet als Fotograf in Hannover. In seinen Arbeiten widme er sich sozialen Perspektiven.\",\"breadcrumb\":{\"@id\":\"https:\\\/\\\/visualjournalism.de\\\/en\\\/moritz-heck\\\/#breadcrumb\"},\"inLanguage\":\"en-US\",\"potentialAction\":[{\"@type\":\"ReadAction\",\"target\":[\"https:\\\/\\\/visualjournalism.de\\\/en\\\/moritz-heck\\\/\"]}]},{\"@type\":\"BreadcrumbList\",\"@id\":\"https:\\\/\\\/visualjournalism.de\\\/en\\\/moritz-heck\\\/#breadcrumb\",\"itemListElement\":[{\"@type\":\"ListItem\",\"position\":1,\"name\":\"Home\",\"item\":\"https:\\\/\\\/visualjournalism.de\\\/en\\\/\"},{\"@type\":\"ListItem\",\"position\":2,\"name\":\"Moritz Heck\"}]},{\"@type\":\"WebSite\",\"@id\":\"https:\\\/\\\/visualjournalism.de\\\/en\\\/#website\",\"url\":\"https:\\\/\\\/visualjournalism.de\\\/en\\\/\",\"name\":\"Visual Journalism and Documentary Photography\",\"description\":\"All about the bilingual bachelor&#039;s program at Hannover University of Applied Sciences and Arts.\",\"publisher\":{\"@id\":\"https:\\\/\\\/visualjournalism.de\\\/en\\\/#organization\"},\"alternateName\":\"visualjournalism.de\",\"potentialAction\":[{\"@type\":\"SearchAction\",\"target\":{\"@type\":\"EntryPoint\",\"urlTemplate\":\"https:\\\/\\\/visualjournalism.de\\\/en\\\/?s={search_term_string}\"},\"query-input\":{\"@type\":\"PropertyValueSpecification\",\"valueRequired\":true,\"valueName\":\"search_term_string\"}}],\"inLanguage\":\"en-US\"},{\"@type\":\"Organization\",\"@id\":\"https:\\\/\\\/visualjournalism.de\\\/en\\\/#organization\",\"name\":\"Hochschule Hannover \u2013 University of Applied Sciences and Arts\",\"alternateName\":\"HsH\",\"url\":\"https:\\\/\\\/visualjournalism.de\\\/en\\\/\",\"logo\":{\"@type\":\"ImageObject\",\"inLanguage\":\"en-US\",\"@id\":\"https:\\\/\\\/visualjournalism.de\\\/en\\\/#\\\/schema\\\/logo\\\/image\\\/\",\"url\":\"https:\\\/\\\/visualjournalism.de\\\/wp-content\\\/uploads\\\/logo-hochschule-hannover.png\",\"contentUrl\":\"https:\\\/\\\/visualjournalism.de\\\/wp-content\\\/uploads\\\/logo-hochschule-hannover.png\",\"width\":363,\"height\":270,\"caption\":\"Hochschule Hannover \u2013 University of Applied Sciences and Arts\"},\"image\":{\"@id\":\"https:\\\/\\\/visualjournalism.de\\\/en\\\/#\\\/schema\\\/logo\\\/image\\\/\"},\"sameAs\":[\"https:\\\/\\\/www.facebook.com\\\/people\\\/wwwfotostudentende\\\/100065173703897\\\/\",\"https:\\\/\\\/x.com\\\/HsHannover\",\"https:\\\/\\\/www.instagram.com\\\/visualjournalism.de\\\/\"]}]}<\/script>\n<!-- \/ Yoast SEO Premium plugin. -->","yoast_head_json":{"title":"Moritz Heck","description":"Moritz Heck, geboren 2002 in NRW, lebt und arbeitet als Fotograf in Hannover. In seinen Arbeiten widme er sich sozialen Perspektiven.","robots":{"index":"index","follow":"follow","max-snippet":"max-snippet:-1","max-image-preview":"max-image-preview:large","max-video-preview":"max-video-preview:-1"},"canonical":"https:\/\/visualjournalism.de\/en\/moritz-heck\/","og_locale":"en_US","og_type":"article","og_title":"Moritz Heck","og_description":"Moritz Heck, geboren 2002 in NRW, lebt und arbeitet als Fotograf in Hannover. In seinen Arbeiten widme er sich sozialen Perspektiven.","og_url":"https:\/\/visualjournalism.de\/en\/moritz-heck\/","og_site_name":"Visual Journalism and Documentary Photography","article_publisher":"https:\/\/www.facebook.com\/people\/wwwfotostudentende\/100065173703897\/","article_modified_time":"2025-05-13T09:33:38+00:00","twitter_card":"summary_large_image","twitter_site":"@HsHannover","twitter_misc":{"Est. reading time":"1 minute"},"schema":{"@context":"https:\/\/schema.org","@graph":[{"@type":"WebPage","@id":"https:\/\/visualjournalism.de\/en\/moritz-heck\/","url":"https:\/\/visualjournalism.de\/en\/moritz-heck\/","name":"Moritz Heck","isPartOf":{"@id":"https:\/\/visualjournalism.de\/en\/#website"},"datePublished":"2025-05-13T09:33:09+00:00","dateModified":"2025-05-13T09:33:38+00:00","description":"Moritz Heck, geboren 2002 in NRW, lebt und arbeitet als Fotograf in Hannover. In seinen Arbeiten widme er sich sozialen Perspektiven.","breadcrumb":{"@id":"https:\/\/visualjournalism.de\/en\/moritz-heck\/#breadcrumb"},"inLanguage":"en-US","potentialAction":[{"@type":"ReadAction","target":["https:\/\/visualjournalism.de\/en\/moritz-heck\/"]}]},{"@type":"BreadcrumbList","@id":"https:\/\/visualjournalism.de\/en\/moritz-heck\/#breadcrumb","itemListElement":[{"@type":"ListItem","position":1,"name":"Home","item":"https:\/\/visualjournalism.de\/en\/"},{"@type":"ListItem","position":2,"name":"Moritz Heck"}]},{"@type":"WebSite","@id":"https:\/\/visualjournalism.de\/en\/#website","url":"https:\/\/visualjournalism.de\/en\/","name":"Visual Journalism and Documentary Photography","description":"All about the bilingual bachelor&#039;s program at Hannover University of Applied Sciences and Arts.","publisher":{"@id":"https:\/\/visualjournalism.de\/en\/#organization"},"alternateName":"visualjournalism.de","potentialAction":[{"@type":"SearchAction","target":{"@type":"EntryPoint","urlTemplate":"https:\/\/visualjournalism.de\/en\/?s={search_term_string}"},"query-input":{"@type":"PropertyValueSpecification","valueRequired":true,"valueName":"search_term_string"}}],"inLanguage":"en-US"},{"@type":"Organization","@id":"https:\/\/visualjournalism.de\/en\/#organization","name":"Hochschule Hannover \u2013 University of Applied Sciences and Arts","alternateName":"HsH","url":"https:\/\/visualjournalism.de\/en\/","logo":{"@type":"ImageObject","inLanguage":"en-US","@id":"https:\/\/visualjournalism.de\/en\/#\/schema\/logo\/image\/","url":"https:\/\/visualjournalism.de\/wp-content\/uploads\/logo-hochschule-hannover.png","contentUrl":"https:\/\/visualjournalism.de\/wp-content\/uploads\/logo-hochschule-hannover.png","width":363,"height":270,"caption":"Hochschule Hannover \u2013 University of Applied Sciences and Arts"},"image":{"@id":"https:\/\/visualjournalism.de\/en\/#\/schema\/logo\/image\/"},"sameAs":["https:\/\/www.facebook.com\/people\/wwwfotostudentende\/100065173703897\/","https:\/\/x.com\/HsHannover","https:\/\/www.instagram.com\/visualjournalism.de\/"]}]}},"_links":{"self":[{"href":"https:\/\/visualjournalism.de\/en\/wp-json\/wp\/v2\/pages\/58494","targetHints":{"allow":["GET"]}}],"collection":[{"href":"https:\/\/visualjournalism.de\/en\/wp-json\/wp\/v2\/pages"}],"about":[{"href":"https:\/\/visualjournalism.de\/en\/wp-json\/wp\/v2\/types\/page"}],"author":[{"embeddable":true,"href":"https:\/\/visualjournalism.de\/en\/wp-json\/wp\/v2\/users\/114"}],"replies":[{"embeddable":true,"href":"https:\/\/visualjournalism.de\/en\/wp-json\/wp\/v2\/comments?post=58494"}],"version-history":[{"count":0,"href":"https:\/\/visualjournalism.de\/en\/wp-json\/wp\/v2\/pages\/58494\/revisions"}],"wp:attachment":[{"href":"https:\/\/visualjournalism.de\/en\/wp-json\/wp\/v2\/media?parent=58494"}],"curies":[{"name":"wp","href":"https:\/\/api.w.org\/{rel}","templated":true}]}}