{"id":61964,"date":"2025-06-25T08:07:37","date_gmt":"2025-06-25T08:07:37","guid":{"rendered":"https:\/\/visualjournalism.de\/?page_id=61964"},"modified":"2026-03-05T08:50:07","modified_gmt":"2026-03-05T06:50:07","slug":"walter-lehmann","status":"publish","type":"page","link":"https:\/\/visualjournalism.de\/en\/walter-lehmann\/","title":{"rendered":"Walter Lehmann"},"content":{"rendered":"\n \n\n    <div id=\"lead-in-block_ec78a1bf0b80fb53a6d28230ee68d8d8\" class=\"block-lead-in typo--default font-size--xl has-spacing--m width--default\">\n        <h1><strong>Walter Lehmann<\/strong><\/h1>\n    <\/div>\n\n\n\n\n<div class=\"pinned-block has-spacing--xs\">\n\t\n\n<div class=\"pinned-block__column--left\">\n    \n    <figure class=\"block-photo post__image--full has-spacing--m no-title\">\n\n        <div class=\"post__image__container\">\n            <img loading=\"lazy\" decoding=\"async\" \n                src=\"https:\/\/visualjournalism.de\/wp-content\/uploads\/WalterLehmann_Portrait-1-1400x1750.jpg\"\n                srcset=\"https:\/\/visualjournalism.de\/wp-content\/uploads\/WalterLehmann_Portrait-1-1400x1750.jpg 1400w, https:\/\/visualjournalism.de\/wp-content\/uploads\/WalterLehmann_Portrait-1-240x300.jpg 240w, https:\/\/visualjournalism.de\/wp-content\/uploads\/WalterLehmann_Portrait-1-819x1024.jpg 819w, https:\/\/visualjournalism.de\/wp-content\/uploads\/WalterLehmann_Portrait-1-768x960.jpg 768w, https:\/\/visualjournalism.de\/wp-content\/uploads\/WalterLehmann_Portrait-1-1229x1536.jpg 1229w, https:\/\/visualjournalism.de\/wp-content\/uploads\/WalterLehmann_Portrait-1-1638x2048.jpg 1638w, https:\/\/visualjournalism.de\/wp-content\/uploads\/WalterLehmann_Portrait-1-1920x2400.jpg 1920w, https:\/\/visualjournalism.de\/wp-content\/uploads\/WalterLehmann_Portrait-1-1050x1313.jpg 1050w, https:\/\/visualjournalism.de\/wp-content\/uploads\/WalterLehmann_Portrait-1-670x838.jpg 670w, https:\/\/visualjournalism.de\/wp-content\/uploads\/WalterLehmann_Portrait-1-420x525.jpg 420w, https:\/\/visualjournalism.de\/wp-content\/uploads\/WalterLehmann_Portrait-1-350x438.jpg 350w, https:\/\/visualjournalism.de\/wp-content\/uploads\/WalterLehmann_Portrait-1-300x375.jpg 300w, https:\/\/visualjournalism.de\/wp-content\/uploads\/WalterLehmann_Portrait-1-150x188.jpg 150w, https:\/\/visualjournalism.de\/wp-content\/uploads\/WalterLehmann_Portrait-1-scaled.jpg 2048w\"\n                width=\"1400\" \n                height=\"1750\"\n                alt=\"\" \n            \/>\n            \n                    <\/div><!-- post__image__container -->\n\n        \n    <\/figure><!-- post__image -->\n\n\n\n<\/div>\n\n\n<div class=\"pinned-block__column--right\">\n    \n\n<p class=\"post__paragraph is-style-typo--soehne has-spacing--default\"><strong>Walter Lehmann<\/strong>, geboren 1990 in Spaichingen (Baden-W\u00fcrttemberg), studiert seit 2023&nbsp;Visual Journalism and Documentary Photography&nbsp;an der Hochschule Hannover.<\/p>\n\n\n\n<p class=\"post__paragraph is-style-typo--soehne has-spacing--default\">Zuvor arbeitete er als Industriemeister im Maschinenbau und war dabei h\u00e4ufig international t\u00e4tig. Die Erfahrungen aus dieser Zeit flie\u00dfen in seine fotografischen Arbeiten ein, in denen er sich mit den Auswirkungen von Infrastrukturprojekten auseinandersetzt.<\/p>\n\n\n\n<p class=\"post__paragraph is-style-typo--soehne has-spacing--default\">Dar\u00fcber hinaus besch\u00e4ftigt er sich mit sozialdokumentarischen Themen und arbeitet an langfristigen Projekten, die gesellschaftliche Entwicklungen und Lebensrealit\u00e4ten sichtbar machen.<\/p>\n\n\n\n<p class=\"post__paragraph is-style-typo--soehne has-spacing--none\"><strong>Kontakt:<\/strong><\/p>\n\n\n\n<p class=\"post__paragraph is-style-typo--soehne has-spacing--none\">E-Mail: info@walterlehmann.com<br>Instagram:&nbsp;<a href=\"https:\/\/www.instagram.com\/walter_lehmann\/\">@walter_lehmann<\/a><\/p>\n\n\n<\/div>\n<\/div>\n\n\n<div class=\"devider has-spacing--none\">\n    <hr>\n<\/div>\n\n\n \n\n    <div id=\"lead-in-block_6cc650f5c1cd07f8c5523ade3109085a\" class=\"block-lead-in typo--default font-size--xl has-spacing--xs width--default\">\n        <h2>Walters Beitr\u00e4ge:<\/h2>\n    <\/div>\n\n\n\n\r\n<article class=\"post-teaser teaser-single--full has-spacing--m post-69448 magazin type-magazin status-publish has-post-thumbnail hentry magazinkategorie-sammeln\">\r\n\t<header class=\"entry-header\">\r\n\r\n\t\t<div class=\"entry-categories\">\n\t<a class=\"post__tag\" href=\"https:\/\/visualjournalism.de\/magazin-kategorie\/sammeln\/\" rel=\"category tag\">Sammeln<\/a><\/div>\r\n\t\t<a href=\"https:\/\/visualjournalism.de\/en\/magazine\/sammeln\/was-bleibt-atommuell-in-der-asse-ii\/\" rel=\"bookmark\">\r\n\t\t\t<h2 class=\"entry-title\">Was bleibt.<\/h2>\r\n\t\t\t<p class=\"entry-excerpt\">In der Asse II lagert Atomm\u00fcll \u2013 achtlos versenkt, kaum gesichert. Nun dringt Wasser ein. Die Region wartet seit Jahrzehnten auf Antworten. Und das Land auf ein Endlager.<\/p>\r\n\t\t<\/a>\r\n\r\n\t<\/header><!-- .entry-header -->\r\n\r\n\t<figure class=\"post__image\">\r\n\t\t<a href=\"https:\/\/visualjournalism.de\/en\/magazine\/sammeln\/was-bleibt-atommuell-in-der-asse-ii\/\" rel=\"bookmark\">\r\n\t\t\t<img loading=\"lazy\" decoding=\"async\" width=\"1400\" height=\"579\" src=\"https:\/\/visualjournalism.de\/wp-content\/uploads\/2026\/02\/Walter-Lehmann_The-Danger-Within_10-1400x579.jpg\" class=\"attachment-photo-block--full size-photo-block--full\" alt=\"\" srcset=\"https:\/\/visualjournalism.de\/wp-content\/uploads\/2026\/02\/Walter-Lehmann_The-Danger-Within_10-1400x579.jpg 1400w, https:\/\/visualjournalism.de\/wp-content\/uploads\/2026\/02\/Walter-Lehmann_The-Danger-Within_10-300x124.jpg 300w, https:\/\/visualjournalism.de\/wp-content\/uploads\/2026\/02\/Walter-Lehmann_The-Danger-Within_10-1024x424.jpg 1024w, https:\/\/visualjournalism.de\/wp-content\/uploads\/2026\/02\/Walter-Lehmann_The-Danger-Within_10-768x318.jpg 768w, https:\/\/visualjournalism.de\/wp-content\/uploads\/2026\/02\/Walter-Lehmann_The-Danger-Within_10-1536x636.jpg 1536w, https:\/\/visualjournalism.de\/wp-content\/uploads\/2026\/02\/Walter-Lehmann_The-Danger-Within_10-2048x847.jpg 2048w, https:\/\/visualjournalism.de\/wp-content\/uploads\/2026\/02\/Walter-Lehmann_The-Danger-Within_10-1920x794.jpg 1920w, https:\/\/visualjournalism.de\/wp-content\/uploads\/2026\/02\/Walter-Lehmann_The-Danger-Within_10-1050x434.jpg 1050w, https:\/\/visualjournalism.de\/wp-content\/uploads\/2026\/02\/Walter-Lehmann_The-Danger-Within_10-670x277.jpg 670w, https:\/\/visualjournalism.de\/wp-content\/uploads\/2026\/02\/Walter-Lehmann_The-Danger-Within_10-420x174.jpg 420w, https:\/\/visualjournalism.de\/wp-content\/uploads\/2026\/02\/Walter-Lehmann_The-Danger-Within_10-350x145.jpg 350w, https:\/\/visualjournalism.de\/wp-content\/uploads\/2026\/02\/Walter-Lehmann_The-Danger-Within_10-150x62.jpg 150w\" sizes=\"auto, (max-width: 1400px) 100vw, 1400px\" \/>\t\t<\/a>\r\n\t<\/figure><!-- .post__image -->\r\n\r\n<\/article>\r\n\n\n\n<div class=\"wp-block-group has-spacing--default has-spacing--default\">\n<div class=\"devider has-spacing--none\">\n    <hr>\n<\/div>\n\n\n \n\n    <div id=\"lead-in-block_5e84a618b9d518517508711551c9b4e5\" class=\"block-lead-in typo--default font-size--xl has-spacing--s width--default\">\n        <p><strong>Empfehlungen der Redaktion:<\/strong><\/p>\n    <\/div>\n\n\n\n\r\n\r\n\r\n\n\n\r\n\r\n\r\n\r\n        <div class=\"teaser-grid grid-layout--3col has-spacing--s width--inline\">\r\n\r\n            \r\n                <article class=\"post-teaser\">\r\n\r\n                    <a href=\"https:\/\/visualjournalism.de\/en\/magazine\/sammeln\/sammeln-statt-jagen-eine-neue-geschichte-der-menschheit\/\" rel=\"permalink\">\r\n\r\n                        <div class=\"post-teaser__content\">\r\n\r\n                            <span class=\"entry-categories\">Sammeln<\/span>\r\n                            <h3 class=\"post-teaser__headline\">\r\n                                Sammeln statt Jagen: Eine neue Geschichte der Menschheit                            <\/h3>\r\n\r\n                            <div class=\"post-teaser__excerpt\">\r\n                                <p>Was, wenn der Ursprung der Menschheit nicht der Speer, sondern der Beutel war? Ursula K. Le Guin stellt die Geschichte auf den Kopf und macht aus dem Beutel ein Symbol f\u00fcr Menschlichkeit.<\/p>\r\n                            <\/div>\r\n\r\n                        <\/div><!-- .post-teaser__content -->\r\n\r\n\r\n                        \r\n                            <figure class=\"post-teaser__image\">\r\n                                <img loading=\"lazy\" decoding=\"async\"  \r\n                                    src=\"https:\/\/visualjournalism.de\/wp-content\/uploads\/Deppe_Simon_19-768x513.jpg\" \r\n                                    srcset=\"https:\/\/visualjournalism.de\/wp-content\/uploads\/Deppe_Simon_19-768x513.jpg 768w, https:\/\/visualjournalism.de\/wp-content\/uploads\/Deppe_Simon_19-300x200.jpg 300w, https:\/\/visualjournalism.de\/wp-content\/uploads\/Deppe_Simon_19-1024x684.jpg 1024w, https:\/\/visualjournalism.de\/wp-content\/uploads\/Deppe_Simon_19-1050x701.jpg 1050w, https:\/\/visualjournalism.de\/wp-content\/uploads\/Deppe_Simon_19-670x447.jpg 670w, https:\/\/visualjournalism.de\/wp-content\/uploads\/Deppe_Simon_19-420x280.jpg 420w, https:\/\/visualjournalism.de\/wp-content\/uploads\/Deppe_Simon_19-350x234.jpg 350w, https:\/\/visualjournalism.de\/wp-content\/uploads\/Deppe_Simon_19-150x100.jpg 150w, https:\/\/visualjournalism.de\/wp-content\/uploads\/Deppe_Simon_19.jpg 1200w\" \r\n                                    width=\"768\"  \r\n                                    height=\"513\" \r\n                                    alt=\"\"\r\n                                \/>\r\n                            <\/figure>\r\n\r\n                        \r\n                    \r\n                    <\/a>\r\n\r\n                <\/article><!--- .post-teaser-->\r\n\r\n            \r\n                <article class=\"post-teaser\">\r\n\r\n                    <a href=\"https:\/\/visualjournalism.de\/en\/magazine\/ratgeber\/wie-du-eine-unterwegs-blitzt\/\" rel=\"permalink\">\r\n\r\n                        <div class=\"post-teaser__content\">\r\n\r\n                            <span class=\"entry-categories\">Ratgeber<\/span>\r\n                            <h3 class=\"post-teaser__headline\">\r\n                                Kunstlicht to-go: wie du unterwegs blitzt.                            <\/h3>\r\n\r\n                            <div class=\"post-teaser__excerpt\">\r\n                                <p>K\u00fcnstliches Licht er\u00f6ffnet viele neue Gestaltungsm\u00f6glichkeiten, stellt Anf\u00e4nger aber auch vor technische und gestalterische Herausforderungen. Hier erf\u00e4hrst du wie es geht!<\/p>\r\n                            <\/div>\r\n\r\n                        <\/div><!-- .post-teaser__content -->\r\n\r\n\r\n                        \r\n                            <figure class=\"post-teaser__image\">\r\n                                <img loading=\"lazy\" decoding=\"async\"  \r\n                                    src=\"https:\/\/visualjournalism.de\/wp-content\/uploads\/Simon-Deppe_1945-2025-768x513.jpg\" \r\n                                    srcset=\"https:\/\/visualjournalism.de\/wp-content\/uploads\/Simon-Deppe_1945-2025-768x513.jpg 768w, https:\/\/visualjournalism.de\/wp-content\/uploads\/Simon-Deppe_1945-2025-300x200.jpg 300w, https:\/\/visualjournalism.de\/wp-content\/uploads\/Simon-Deppe_1945-2025-1024x683.jpg 1024w, https:\/\/visualjournalism.de\/wp-content\/uploads\/Simon-Deppe_1945-2025-1536x1025.jpg 1536w, https:\/\/visualjournalism.de\/wp-content\/uploads\/Simon-Deppe_1945-2025-2048x1367.jpg 2048w, https:\/\/visualjournalism.de\/wp-content\/uploads\/Simon-Deppe_1945-2025-1920x1281.jpg 1920w, https:\/\/visualjournalism.de\/wp-content\/uploads\/Simon-Deppe_1945-2025-1400x934.jpg 1400w, https:\/\/visualjournalism.de\/wp-content\/uploads\/Simon-Deppe_1945-2025-1050x701.jpg 1050w, https:\/\/visualjournalism.de\/wp-content\/uploads\/Simon-Deppe_1945-2025-670x447.jpg 670w, https:\/\/visualjournalism.de\/wp-content\/uploads\/Simon-Deppe_1945-2025-420x280.jpg 420w, https:\/\/visualjournalism.de\/wp-content\/uploads\/Simon-Deppe_1945-2025-350x234.jpg 350w, https:\/\/visualjournalism.de\/wp-content\/uploads\/Simon-Deppe_1945-2025-150x100.jpg 150w\" \r\n                                    width=\"768\"  \r\n                                    height=\"513\" \r\n                                    alt=\"\"\r\n                                \/>\r\n                            <\/figure>\r\n\r\n                        \r\n                    \r\n                    <\/a>\r\n\r\n                <\/article><!--- .post-teaser-->\r\n\r\n            \r\n                <article class=\"post-teaser\">\r\n\r\n                    <a href=\"https:\/\/visualjournalism.de\/en\/magazine\/sammeln\/was-bleibt-atommuell-in-der-asse-ii\/\" rel=\"permalink\">\r\n\r\n                        <div class=\"post-teaser__content\">\r\n\r\n                            <span class=\"entry-categories\">Sammeln<\/span>\r\n                            <h3 class=\"post-teaser__headline\">\r\n                                Was bleibt                            <\/h3>\r\n\r\n                            <div class=\"post-teaser__excerpt\">\r\n                                <p>In der Asse II lagert Atomm\u00fcll \u2013 achtlos versenkt, kaum gesichert. Nun dringt Wasser ein. Die Region wartet seit Jahrzehnten auf Antworten. Und das Land auf ein Endlager.<\/p>\r\n                            <\/div>\r\n\r\n                        <\/div><!-- .post-teaser__content -->\r\n\r\n\r\n                        \r\n                            <figure class=\"post-teaser__image\">\r\n                                <img loading=\"lazy\" decoding=\"async\"  \r\n                                    src=\"https:\/\/visualjournalism.de\/wp-content\/uploads\/2026\/02\/Walter-Lehmann_The-Danger-Within_10-768x318.jpg\" \r\n                                    srcset=\"https:\/\/visualjournalism.de\/wp-content\/uploads\/2026\/02\/Walter-Lehmann_The-Danger-Within_10-768x318.jpg 768w, https:\/\/visualjournalism.de\/wp-content\/uploads\/2026\/02\/Walter-Lehmann_The-Danger-Within_10-300x124.jpg 300w, https:\/\/visualjournalism.de\/wp-content\/uploads\/2026\/02\/Walter-Lehmann_The-Danger-Within_10-1024x424.jpg 1024w, https:\/\/visualjournalism.de\/wp-content\/uploads\/2026\/02\/Walter-Lehmann_The-Danger-Within_10-1536x636.jpg 1536w, https:\/\/visualjournalism.de\/wp-content\/uploads\/2026\/02\/Walter-Lehmann_The-Danger-Within_10-2048x847.jpg 2048w, https:\/\/visualjournalism.de\/wp-content\/uploads\/2026\/02\/Walter-Lehmann_The-Danger-Within_10-1920x794.jpg 1920w, https:\/\/visualjournalism.de\/wp-content\/uploads\/2026\/02\/Walter-Lehmann_The-Danger-Within_10-1400x579.jpg 1400w, https:\/\/visualjournalism.de\/wp-content\/uploads\/2026\/02\/Walter-Lehmann_The-Danger-Within_10-1050x434.jpg 1050w, https:\/\/visualjournalism.de\/wp-content\/uploads\/2026\/02\/Walter-Lehmann_The-Danger-Within_10-670x277.jpg 670w, https:\/\/visualjournalism.de\/wp-content\/uploads\/2026\/02\/Walter-Lehmann_The-Danger-Within_10-420x174.jpg 420w, https:\/\/visualjournalism.de\/wp-content\/uploads\/2026\/02\/Walter-Lehmann_The-Danger-Within_10-350x145.jpg 350w, https:\/\/visualjournalism.de\/wp-content\/uploads\/2026\/02\/Walter-Lehmann_The-Danger-Within_10-150x62.jpg 150w\" \r\n                                    width=\"768\"  \r\n                                    height=\"318\" \r\n                                    alt=\"\"\r\n                                \/>\r\n                            <\/figure>\r\n\r\n                        \r\n                    \r\n                    <\/a>\r\n\r\n                <\/article><!--- .post-teaser-->\r\n\r\n            \r\n        <\/div><!-- .teaser-grid -->\r\n\r\n\n\n\r\n\r\n\r\n\n\n\n    <div class=\"btn-wrapper has-spacing--m\">\n        <a class=\"btn\" href=\"https:\/\/visualjournalism.de\/magazin\/\" target=\"_blank\">ZUR MAGAZIN-STARTSEITE<\/a>\n    <\/div>\n<\/div>\n","protected":false},"excerpt":{"rendered":"","protected":false},"author":11,"featured_media":0,"parent":0,"menu_order":0,"comment_status":"closed","ping_status":"closed","template":"","meta":{"_acf_changed":false,"footnotes":""},"class_list":["post-61964","page","type-page","status-publish","hentry"],"acf":[],"yoast_head":"<!-- This site is optimized with the Yoast SEO Premium plugin v27.6 (Yoast SEO v27.6) - https:\/\/yoast.com\/product\/yoast-seo-premium-wordpress\/ -->\n<title>Walter Lehmann &#8211; Visual Journalism and Documentary Photography<\/title>\n<meta name=\"robots\" content=\"index, follow, max-snippet:-1, max-image-preview:large, max-video-preview:-1\" \/>\n<link rel=\"canonical\" href=\"https:\/\/visualjournalism.de\/en\/walter-lehmann\/\" \/>\n<meta property=\"og:locale\" content=\"en_US\" \/>\n<meta property=\"og:type\" content=\"article\" \/>\n<meta property=\"og:title\" content=\"Walter Lehmann\" \/>\n<meta property=\"og:url\" content=\"https:\/\/visualjournalism.de\/en\/walter-lehmann\/\" \/>\n<meta property=\"og:site_name\" content=\"Visual Journalism and Documentary Photography\" \/>\n<meta property=\"article:publisher\" content=\"https:\/\/www.facebook.com\/people\/wwwfotostudentende\/100065173703897\/\" \/>\n<meta property=\"article:modified_time\" content=\"2026-03-05T06:50:07+00:00\" \/>\n<meta name=\"twitter:card\" content=\"summary_large_image\" \/>\n<meta name=\"twitter:site\" content=\"@HsHannover\" \/>\n<meta name=\"twitter:label1\" content=\"Est. reading time\" \/>\n\t<meta name=\"twitter:data1\" content=\"1 minute\" \/>\n<script type=\"application\/ld+json\" class=\"yoast-schema-graph\">{\"@context\":\"https:\\\/\\\/schema.org\",\"@graph\":[{\"@type\":\"WebPage\",\"@id\":\"https:\\\/\\\/visualjournalism.de\\\/en\\\/walter-lehmann\\\/\",\"url\":\"https:\\\/\\\/visualjournalism.de\\\/en\\\/walter-lehmann\\\/\",\"name\":\"Walter Lehmann &#8211; Visual Journalism and Documentary Photography\",\"isPartOf\":{\"@id\":\"https:\\\/\\\/visualjournalism.de\\\/en\\\/#website\"},\"datePublished\":\"2025-06-25T08:07:37+00:00\",\"dateModified\":\"2026-03-05T06:50:07+00:00\",\"breadcrumb\":{\"@id\":\"https:\\\/\\\/visualjournalism.de\\\/en\\\/walter-lehmann\\\/#breadcrumb\"},\"inLanguage\":\"en-US\",\"potentialAction\":[{\"@type\":\"ReadAction\",\"target\":[\"https:\\\/\\\/visualjournalism.de\\\/en\\\/walter-lehmann\\\/\"]}]},{\"@type\":\"BreadcrumbList\",\"@id\":\"https:\\\/\\\/visualjournalism.de\\\/en\\\/walter-lehmann\\\/#breadcrumb\",\"itemListElement\":[{\"@type\":\"ListItem\",\"position\":1,\"name\":\"Home\",\"item\":\"https:\\\/\\\/visualjournalism.de\\\/en\\\/\"},{\"@type\":\"ListItem\",\"position\":2,\"name\":\"Walter Lehmann\"}]},{\"@type\":\"WebSite\",\"@id\":\"https:\\\/\\\/visualjournalism.de\\\/en\\\/#website\",\"url\":\"https:\\\/\\\/visualjournalism.de\\\/en\\\/\",\"name\":\"Visual Journalism and Documentary Photography\",\"description\":\"All about the bilingual bachelor&#039;s program at Hannover University of Applied Sciences and Arts.\",\"publisher\":{\"@id\":\"https:\\\/\\\/visualjournalism.de\\\/en\\\/#organization\"},\"alternateName\":\"visualjournalism.de\",\"potentialAction\":[{\"@type\":\"SearchAction\",\"target\":{\"@type\":\"EntryPoint\",\"urlTemplate\":\"https:\\\/\\\/visualjournalism.de\\\/en\\\/?s={search_term_string}\"},\"query-input\":{\"@type\":\"PropertyValueSpecification\",\"valueRequired\":true,\"valueName\":\"search_term_string\"}}],\"inLanguage\":\"en-US\"},{\"@type\":\"Organization\",\"@id\":\"https:\\\/\\\/visualjournalism.de\\\/en\\\/#organization\",\"name\":\"Hochschule Hannover \u2013 University of Applied Sciences and Arts\",\"alternateName\":\"HsH\",\"url\":\"https:\\\/\\\/visualjournalism.de\\\/en\\\/\",\"logo\":{\"@type\":\"ImageObject\",\"inLanguage\":\"en-US\",\"@id\":\"https:\\\/\\\/visualjournalism.de\\\/en\\\/#\\\/schema\\\/logo\\\/image\\\/\",\"url\":\"https:\\\/\\\/visualjournalism.de\\\/wp-content\\\/uploads\\\/logo-hochschule-hannover.png\",\"contentUrl\":\"https:\\\/\\\/visualjournalism.de\\\/wp-content\\\/uploads\\\/logo-hochschule-hannover.png\",\"width\":363,\"height\":270,\"caption\":\"Hochschule Hannover \u2013 University of Applied Sciences and Arts\"},\"image\":{\"@id\":\"https:\\\/\\\/visualjournalism.de\\\/en\\\/#\\\/schema\\\/logo\\\/image\\\/\"},\"sameAs\":[\"https:\\\/\\\/www.facebook.com\\\/people\\\/wwwfotostudentende\\\/100065173703897\\\/\",\"https:\\\/\\\/x.com\\\/HsHannover\",\"https:\\\/\\\/www.instagram.com\\\/visualjournalism.de\\\/\"]}]}<\/script>\n<!-- \/ Yoast SEO Premium plugin. -->","yoast_head_json":{"title":"Walter Lehmann &#8211; Visual Journalism and Documentary Photography","robots":{"index":"index","follow":"follow","max-snippet":"max-snippet:-1","max-image-preview":"max-image-preview:large","max-video-preview":"max-video-preview:-1"},"canonical":"https:\/\/visualjournalism.de\/en\/walter-lehmann\/","og_locale":"en_US","og_type":"article","og_title":"Walter Lehmann","og_url":"https:\/\/visualjournalism.de\/en\/walter-lehmann\/","og_site_name":"Visual Journalism and Documentary Photography","article_publisher":"https:\/\/www.facebook.com\/people\/wwwfotostudentende\/100065173703897\/","article_modified_time":"2026-03-05T06:50:07+00:00","twitter_card":"summary_large_image","twitter_site":"@HsHannover","twitter_misc":{"Est. reading time":"1 minute"},"schema":{"@context":"https:\/\/schema.org","@graph":[{"@type":"WebPage","@id":"https:\/\/visualjournalism.de\/en\/walter-lehmann\/","url":"https:\/\/visualjournalism.de\/en\/walter-lehmann\/","name":"Walter Lehmann &#8211; Visual Journalism and Documentary Photography","isPartOf":{"@id":"https:\/\/visualjournalism.de\/en\/#website"},"datePublished":"2025-06-25T08:07:37+00:00","dateModified":"2026-03-05T06:50:07+00:00","breadcrumb":{"@id":"https:\/\/visualjournalism.de\/en\/walter-lehmann\/#breadcrumb"},"inLanguage":"en-US","potentialAction":[{"@type":"ReadAction","target":["https:\/\/visualjournalism.de\/en\/walter-lehmann\/"]}]},{"@type":"BreadcrumbList","@id":"https:\/\/visualjournalism.de\/en\/walter-lehmann\/#breadcrumb","itemListElement":[{"@type":"ListItem","position":1,"name":"Home","item":"https:\/\/visualjournalism.de\/en\/"},{"@type":"ListItem","position":2,"name":"Walter Lehmann"}]},{"@type":"WebSite","@id":"https:\/\/visualjournalism.de\/en\/#website","url":"https:\/\/visualjournalism.de\/en\/","name":"Visual Journalism and Documentary Photography","description":"All about the bilingual bachelor&#039;s program at Hannover University of Applied Sciences and Arts.","publisher":{"@id":"https:\/\/visualjournalism.de\/en\/#organization"},"alternateName":"visualjournalism.de","potentialAction":[{"@type":"SearchAction","target":{"@type":"EntryPoint","urlTemplate":"https:\/\/visualjournalism.de\/en\/?s={search_term_string}"},"query-input":{"@type":"PropertyValueSpecification","valueRequired":true,"valueName":"search_term_string"}}],"inLanguage":"en-US"},{"@type":"Organization","@id":"https:\/\/visualjournalism.de\/en\/#organization","name":"Hochschule Hannover \u2013 University of Applied Sciences and Arts","alternateName":"HsH","url":"https:\/\/visualjournalism.de\/en\/","logo":{"@type":"ImageObject","inLanguage":"en-US","@id":"https:\/\/visualjournalism.de\/en\/#\/schema\/logo\/image\/","url":"https:\/\/visualjournalism.de\/wp-content\/uploads\/logo-hochschule-hannover.png","contentUrl":"https:\/\/visualjournalism.de\/wp-content\/uploads\/logo-hochschule-hannover.png","width":363,"height":270,"caption":"Hochschule Hannover \u2013 University of Applied Sciences and Arts"},"image":{"@id":"https:\/\/visualjournalism.de\/en\/#\/schema\/logo\/image\/"},"sameAs":["https:\/\/www.facebook.com\/people\/wwwfotostudentende\/100065173703897\/","https:\/\/x.com\/HsHannover","https:\/\/www.instagram.com\/visualjournalism.de\/"]}]}},"_links":{"self":[{"href":"https:\/\/visualjournalism.de\/en\/wp-json\/wp\/v2\/pages\/61964","targetHints":{"allow":["GET"]}}],"collection":[{"href":"https:\/\/visualjournalism.de\/en\/wp-json\/wp\/v2\/pages"}],"about":[{"href":"https:\/\/visualjournalism.de\/en\/wp-json\/wp\/v2\/types\/page"}],"author":[{"embeddable":true,"href":"https:\/\/visualjournalism.de\/en\/wp-json\/wp\/v2\/users\/11"}],"replies":[{"embeddable":true,"href":"https:\/\/visualjournalism.de\/en\/wp-json\/wp\/v2\/comments?post=61964"}],"version-history":[{"count":3,"href":"https:\/\/visualjournalism.de\/en\/wp-json\/wp\/v2\/pages\/61964\/revisions"}],"predecessor-version":[{"id":69600,"href":"https:\/\/visualjournalism.de\/en\/wp-json\/wp\/v2\/pages\/61964\/revisions\/69600"}],"wp:attachment":[{"href":"https:\/\/visualjournalism.de\/en\/wp-json\/wp\/v2\/media?parent=61964"}],"curies":[{"name":"wp","href":"https:\/\/api.w.org\/{rel}","templated":true}]}}